{"id":12061,"date":"2018-12-16T22:54:29","date_gmt":"2018-12-16T21:54:29","guid":{"rendered":"http:\/\/www.kloster-metten.de\/?page_id=12061"},"modified":"2020-07-26T09:32:41","modified_gmt":"2020-07-26T07:32:41","slug":"alle-jahre-wieder-weihnachstbasar","status":"publish","type":"page","link":"https:\/\/www.kloster-metten.com\/?page_id=12061","title":{"rendered":"Alle Jahre wieder \u2013 Weihnachstbasar"},"content":{"rendered":"<a href=\"https:\/\/www.kloster-metten.com\/wp-content\/uploads\/2018\/12\/herbst-winter-18-162_.jpg\"><img loading=\"lazy\" decoding=\"async\" class=\"size-medium wp-image-12064 alignnone\" title=\"herbst winter 18 162_\" src=\"https:\/\/www.kloster-metten.com\/wp-content\/uploads\/2018\/12\/herbst-winter-18-162_-500x375.jpg\" alt=\"\" width=\"500\" height=\"375\" srcset=\"https:\/\/www.kloster-metten.com\/wp-content\/uploads\/2018\/12\/herbst-winter-18-162_-500x375.jpg 500w, https:\/\/www.kloster-metten.com\/wp-content\/uploads\/2018\/12\/herbst-winter-18-162_-768x576.jpg 768w, https:\/\/www.kloster-metten.com\/wp-content\/uploads\/2018\/12\/herbst-winter-18-162_-1024x768.jpg 1024w, https:\/\/www.kloster-metten.com\/wp-content\/uploads\/2018\/12\/herbst-winter-18-162_.jpg 1600w\" sizes=\"auto, (max-width: 500px) 100vw, 500px\" \/><\/a><h2>Alle Jahre wieder \u2013 Weihnachstbasar<\/h2><p><\/p>\n<p>Wie jedes Jahr lud das St.-Michaels-Gymnasium Metten auch heuer wieder zum Weihnachtsbasar ein, an dem es verschiedenste weihnachtliche K\u00f6stlichkeiten gab. Zahlreiche Eltern und Gro\u00dfeltern folgten der Einladung und erstanden selbst gebastelten Weihnachtsschmuck oder Pl\u00e4tzchen aus eigener Herstellung. F\u00fcr den kleinen Hunger zwischendurch gab es Bratwurstsemmeln oder auch Kaffee, Kuchen und Kinderpunsch. Daneben hatten die Arbeitsgruppe Bienen, die schuleigene Seifenfirma und die Sch\u00fclerzeitung ihre St\u00e4nde aufgebaut. Auch etliche ehemalige Sch\u00fclerinnen und Sch\u00fcler nutzten den Samstagstermin, um ihrer \u201ealten\u201c Schule einen Besuch abzustatten und sich mit Klassenkameraden und Lehrkr\u00e4ften auszutauschen. Der Erl\u00f6s des Weihnachtsbasars wird wie in den Vorjahren gespendet.<\/p>\n\r\n\t\t<style type='text\/css'>\r\n\t\t\t#gallery-1 {\r\n\t\t\t\tmargin: auto;\r\n\t\t\t}\r\n\t\t\t#gallery-1 .gallery-item {\r\n\t\t\t\tfloat: left;\r\n\t\t\t\tmargin-top: 10px;\r\n\t\t\t\ttext-align: center;\r\n\t\t\t\twidth: 33%;\r\n\t\t\t}\r\n\t\t\t#gallery-1 hr {\r\n\t\t\t\theight: 1px;\r\n\t\t\t}\r\n\t\t\t#gallery-1 .gallery-caption {\r\n\t\t\t\tmargin-left: 0;\r\n\t\t\t}\r\n\t\t\t\/* see gallery_shortcode() in wp-includes\/media.php *\/\r\n\t\t<\/style>\n\t\t<div id='gallery-1' class='gallery galleryid-12061 gallery-columns-3 gallery-size-thumbnail'><hr class='null'><dl class='gallery-item'>\r\n\t\t\t<dt class='gallery-icon landscape'>\r\n\t\t\t\t<a title=\"herbst winter 18 170_\"  href='https:\/\/www.kloster-metten.com\/?attachment_id=12066'><img loading=\"lazy\" decoding=\"async\" width=\"170\" height=\"115\" src=\"https:\/\/www.kloster-metten.com\/wp-content\/uploads\/2018\/12\/herbst-winter-18-170_-170x115.jpg\" class=\"attachment-thumbnail size-thumbnail\" alt=\"\" \/><\/a>\r\n\t\t\t<\/dt><\/dl><dl class='gallery-item'>\r\n\t\t\t<dt class='gallery-icon portrait'>\r\n\t\t\t\t<a title=\"herbst winter 18 164_\"  href='https:\/\/www.kloster-metten.com\/?attachment_id=12065'><img loading=\"lazy\" decoding=\"async\" width=\"170\" height=\"115\" src=\"https:\/\/www.kloster-metten.com\/wp-content\/uploads\/2018\/12\/herbst-winter-18-164_-170x115.jpg\" class=\"attachment-thumbnail size-thumbnail\" alt=\"\" \/><\/a>\r\n\t\t\t<\/dt><\/dl><dl class='gallery-item'>\r\n\t\t\t<dt class='gallery-icon portrait'>\r\n\t\t\t\t<a title=\"herbst winter 18 160_\"  href='https:\/\/www.kloster-metten.com\/?attachment_id=12063'><img loading=\"lazy\" decoding=\"async\" width=\"170\" height=\"115\" src=\"https:\/\/www.kloster-metten.com\/wp-content\/uploads\/2018\/12\/herbst-winter-18-160_-e1544997382773-170x115.jpg\" class=\"attachment-thumbnail size-thumbnail\" alt=\"\" \/><\/a>\r\n\t\t\t<\/dt><\/dl><br style=\"clear: both\" \/><dl class='gallery-item'>\r\n\t\t\t<dt class='gallery-icon landscape'>\r\n\t\t\t\t<a title=\"herbst winter 18 154_\"  href='https:\/\/www.kloster-metten.com\/?attachment_id=12062'><img loading=\"lazy\" decoding=\"async\" width=\"170\" height=\"115\" src=\"https:\/\/www.kloster-metten.com\/wp-content\/uploads\/2018\/12\/herbst-winter-18-154_-170x115.jpg\" class=\"attachment-thumbnail size-thumbnail\" alt=\"\" \/><\/a>\r\n\t\t\t<\/dt><\/dl>\r\n\t\t\t<br style='clear: both' \/>\r\n\t\t<\/div>\n\n","protected":false},"excerpt":{"rendered":"<p>Alle Jahre wieder \u2013 Weihnachstbasar Wie jedes Jahr lud das St.-Michaels-Gymnasium Metten auch heuer wieder zum Weihnachtsbasar ein, an dem es verschiedenste weihnachtliche K\u00f6stlichkeiten gab. Zahlreiche Eltern und Gro\u00dfeltern folgten der Einladung und erstanden selbst gebastelten Weihnachtsschmuck oder Pl\u00e4tzchen aus eigener Herstellung. F\u00fcr den kleinen Hunger zwischendurch gab es Bratwurstsemmeln oder auch Kaffee, Kuchen und [&hellip;]<\/p>\n","protected":false},"author":5,"featured_media":0,"parent":12589,"menu_order":36,"comment_status":"closed","ping_status":"closed","template":"","meta":{"footnotes":""},"class_list":["post-12061","page","type-page","status-publish","hentry"],"_links":{"self":[{"href":"https:\/\/www.kloster-metten.com\/index.php?rest_route=\/wp\/v2\/pages\/12061","targetHints":{"allow":["GET"]}}],"collection":[{"href":"https:\/\/www.kloster-metten.com\/index.php?rest_route=\/wp\/v2\/pages"}],"about":[{"href":"https:\/\/www.kloster-metten.com\/index.php?rest_route=\/wp\/v2\/types\/page"}],"author":[{"embeddable":true,"href":"https:\/\/www.kloster-metten.com\/index.php?rest_route=\/wp\/v2\/users\/5"}],"replies":[{"embeddable":true,"href":"https:\/\/www.kloster-metten.com\/index.php?rest_route=%2Fwp%2Fv2%2Fcomments&post=12061"}],"version-history":[{"count":2,"href":"https:\/\/www.kloster-metten.com\/index.php?rest_route=\/wp\/v2\/pages\/12061\/revisions"}],"predecessor-version":[{"id":13024,"href":"https:\/\/www.kloster-metten.com\/index.php?rest_route=\/wp\/v2\/pages\/12061\/revisions\/13024"}],"up":[{"embeddable":true,"href":"https:\/\/www.kloster-metten.com\/index.php?rest_route=\/wp\/v2\/pages\/12589"}],"wp:attachment":[{"href":"https:\/\/www.kloster-metten.com\/index.php?rest_route=%2Fwp%2Fv2%2Fmedia&parent=12061"}],"curies":[{"name":"wp","href":"https:\/\/api.w.org\/{rel}","templated":true}]}}