{"id":12095,"date":"2019-01-08T20:20:02","date_gmt":"2019-01-08T19:20:02","guid":{"rendered":"http:\/\/www.kloster-metten.de\/?page_id=12095"},"modified":"2020-07-26T09:33:04","modified_gmt":"2020-07-26T07:33:04","slug":"unterrichtsausfall-am-mittwoch-9-1-2019","status":"publish","type":"page","link":"https:\/\/www.kloster-metten.com\/?page_id=12095","title":{"rendered":"Unterrichtsausfall am Montag, 14. 1. 2019"},"content":{"rendered":"<h2>Unterrichtsausfall am Montag, 14. 1. 2019<\/h2><p><span style=\"line-height: 115%; font-family: 'Garamond','serif'; font-size: 18pt;\"><span style=\"color: #000000;\">Die Meldung, dass an allen Schulen im n\u00f6rdlichen Landkreis Deggendorf am Montag, 14. Januar 2019 die Schule entf\u00e4llt, gilt auch f\u00fcr das St.-Michaels-Gymnasium!<\/span><\/span><\/p>\n<p><span style=\"line-height: 115%; font-family: 'Garamond','serif'; font-size: 18pt;\"><span style=\"color: #000000;\">Wir w\u00fcnschen allen Sch\u00fclerinnen und Sch\u00fclern einen sch\u00f6nen unterrichtsfreien Montag!<\/span><\/span><\/p>\n<p>&nbsp;<\/p>\n","protected":false},"excerpt":{"rendered":"<p>Unterrichtsausfall am Montag, 14. 1. 2019Die Meldung, dass an allen Schulen im n\u00f6rdlichen Landkreis Deggendorf am Montag, 14. Januar 2019 die Schule entf\u00e4llt, gilt auch f\u00fcr das St.-Michaels-Gymnasium! Wir w\u00fcnschen allen Sch\u00fclerinnen und Sch\u00fclern einen sch\u00f6nen unterrichtsfreien Montag! &nbsp;<\/p>\n","protected":false},"author":5,"featured_media":0,"parent":12589,"menu_order":35,"comment_status":"closed","ping_status":"closed","template":"","meta":{"footnotes":""},"class_list":["post-12095","page","type-page","status-publish","hentry"],"_links":{"self":[{"href":"https:\/\/www.kloster-metten.com\/index.php?rest_route=\/wp\/v2\/pages\/12095","targetHints":{"allow":["GET"]}}],"collection":[{"href":"https:\/\/www.kloster-metten.com\/index.php?rest_route=\/wp\/v2\/pages"}],"about":[{"href":"https:\/\/www.kloster-metten.com\/index.php?rest_route=\/wp\/v2\/types\/page"}],"author":[{"embeddable":true,"href":"https:\/\/www.kloster-metten.com\/index.php?rest_route=\/wp\/v2\/users\/5"}],"replies":[{"embeddable":true,"href":"https:\/\/www.kloster-metten.com\/index.php?rest_route=%2Fwp%2Fv2%2Fcomments&post=12095"}],"version-history":[{"count":5,"href":"https:\/\/www.kloster-metten.com\/index.php?rest_route=\/wp\/v2\/pages\/12095\/revisions"}],"predecessor-version":[{"id":13025,"href":"https:\/\/www.kloster-metten.com\/index.php?rest_route=\/wp\/v2\/pages\/12095\/revisions\/13025"}],"up":[{"embeddable":true,"href":"https:\/\/www.kloster-metten.com\/index.php?rest_route=\/wp\/v2\/pages\/12589"}],"wp:attachment":[{"href":"https:\/\/www.kloster-metten.com\/index.php?rest_route=%2Fwp%2Fv2%2Fmedia&parent=12095"}],"curies":[{"name":"wp","href":"https:\/\/api.w.org\/{rel}","templated":true}]}}