{"id":12142,"date":"2019-01-29T22:37:05","date_gmt":"2019-01-29T21:37:05","guid":{"rendered":"http:\/\/www.kloster-metten.de\/?page_id=12142"},"modified":"2020-07-26T09:33:35","modified_gmt":"2020-07-26T07:33:35","slug":"lesen-auch-heute-noch-aktuell-vorlesewettbewerb-am-st-michaels-gymnasium","status":"publish","type":"page","link":"https:\/\/www.kloster-metten.com\/?page_id=12142","title":{"rendered":"Lesen \u2013 auch heute noch aktuell: Vorlesewettbewerb am St.-Michaels-Gymnasium"},"content":{"rendered":"<h2>Lesen \u2013 auch heute noch aktuell: Vorlesewettbewerb am St.-Michaels-Gymnasium<\/h2><p><strong><a href=\"https:\/\/www.kloster-metten.com\/wp-content\/uploads\/2019\/01\/Vorlesewettbewerb-19-024_.jpg\"><img loading=\"lazy\" decoding=\"async\" class=\"alignleft wp-image-12143 size-medium\" title=\"Vorlesewettbewerb-19 024_\" src=\"https:\/\/www.kloster-metten.com\/wp-content\/uploads\/2019\/01\/Vorlesewettbewerb-19-024_-375x500.jpg\" alt=\"\" width=\"375\" height=\"500\" srcset=\"https:\/\/www.kloster-metten.com\/wp-content\/uploads\/2019\/01\/Vorlesewettbewerb-19-024_-375x500.jpg 375w, https:\/\/www.kloster-metten.com\/wp-content\/uploads\/2019\/01\/Vorlesewettbewerb-19-024_-768x1024.jpg 768w, https:\/\/www.kloster-metten.com\/wp-content\/uploads\/2019\/01\/Vorlesewettbewerb-19-024_.jpg 900w\" sizes=\"auto, (max-width: 375px) 100vw, 375px\" \/><\/a><\/strong>Dass auch in Zeiten von Facebook und WhatsApp Lesen als Hobby bei jungen Leuten nicht abgeschrieben ist, zeigte sich wieder beim diesj\u00e4hrigen Vorlesewettbewerb am St.-Michaels-Gymnasium Metten. So war es schon eine schwierige Entscheidung, aus den Sch\u00fclern der beiden 6. Klassen je einen Klassensieger zu k\u00fcren. Gab es doch eine ganze Reihe von Sch\u00fclerinnen und Sch\u00fclern, die einerseits bekannte Texte sicher und ausdrucksstark rezitierten, andererseits aber auch unbekannte Texte fehlerfrei und \u00fcberzeugend vortrugen. Nachdem dann die beiden Klassensiegerinnen Emma Kritsch (Klasse 6a) und Carolin Heigl (Klasse 6b) feststanden, mussten sie in einer zweiten Runde gegeneinander antreten. Zuerst lasen die Sch\u00fclerinnen selbst gew\u00e4hlte Textstellen aus Jugendb\u00fcchern vor, dann ging es nochmals an einen unbekannten Text. Dabei hatten die Deutschlehrkr\u00e4fte einen Ausschnitt aus der Kurzgeschichte \u201eNichts Besseres zu tun\u201c von Lore Graf gew\u00e4hlt, der \u00fcberwiegend aus einem inneren Monolog der Hauptperson besteht. Beide Sch\u00fclerinnen zeigten \u00fcberzeugende Leistungen im Vortrag und so war es eine knappe Entscheidung, dass Emma Kritsch als Schulsiegerin aus dem Wettbewerb hervorging. Sie wird die Schule auch im Kreisentscheid vertreten und zusammen mit dem Klassensieger der St.-Notker-Schule am inklusiven Vorlesewettbewerb teilnehmen.<\/p>\n","protected":false},"excerpt":{"rendered":"<p>Lesen \u2013 auch heute noch aktuell: Vorlesewettbewerb am St.-Michaels-GymnasiumDass auch in Zeiten von Facebook und WhatsApp Lesen als Hobby bei jungen Leuten nicht abgeschrieben ist, zeigte sich wieder beim diesj\u00e4hrigen Vorlesewettbewerb am St.-Michaels-Gymnasium Metten. So war es schon eine schwierige Entscheidung, aus den Sch\u00fclern der beiden 6. Klassen je einen Klassensieger zu k\u00fcren. Gab es [&hellip;]<\/p>\n","protected":false},"author":5,"featured_media":0,"parent":12589,"menu_order":35,"comment_status":"closed","ping_status":"closed","template":"","meta":{"footnotes":""},"class_list":["post-12142","page","type-page","status-publish","hentry"],"_links":{"self":[{"href":"https:\/\/www.kloster-metten.com\/index.php?rest_route=\/wp\/v2\/pages\/12142","targetHints":{"allow":["GET"]}}],"collection":[{"href":"https:\/\/www.kloster-metten.com\/index.php?rest_route=\/wp\/v2\/pages"}],"about":[{"href":"https:\/\/www.kloster-metten.com\/index.php?rest_route=\/wp\/v2\/types\/page"}],"author":[{"embeddable":true,"href":"https:\/\/www.kloster-metten.com\/index.php?rest_route=\/wp\/v2\/users\/5"}],"replies":[{"embeddable":true,"href":"https:\/\/www.kloster-metten.com\/index.php?rest_route=%2Fwp%2Fv2%2Fcomments&post=12142"}],"version-history":[{"count":4,"href":"https:\/\/www.kloster-metten.com\/index.php?rest_route=\/wp\/v2\/pages\/12142\/revisions"}],"predecessor-version":[{"id":13026,"href":"https:\/\/www.kloster-metten.com\/index.php?rest_route=\/wp\/v2\/pages\/12142\/revisions\/13026"}],"up":[{"embeddable":true,"href":"https:\/\/www.kloster-metten.com\/index.php?rest_route=\/wp\/v2\/pages\/12589"}],"wp:attachment":[{"href":"https:\/\/www.kloster-metten.com\/index.php?rest_route=%2Fwp%2Fv2%2Fmedia&parent=12142"}],"curies":[{"name":"wp","href":"https:\/\/api.w.org\/{rel}","templated":true}]}}