{"id":12184,"date":"2019-02-27T09:04:52","date_gmt":"2019-02-27T08:04:52","guid":{"rendered":"https:\/\/www.kloster-metten.de\/?page_id=12184"},"modified":"2020-07-26T09:34:43","modified_gmt":"2020-07-26T07:34:43","slug":"st-michaels-gymnasiums-metten-auf-groesstem-mint-ec-netzwerktreffen-in-berlin-vertreten","status":"publish","type":"page","link":"https:\/\/www.kloster-metten.com\/?page_id=12184","title":{"rendered":"St.-Michaels-Gymnasiums Metten auf gr\u00f6\u00dftem MINT-EC-Netzwerktreffen in Berlin vertreten"},"content":{"rendered":"<h2>St.-Michaels-Gymnasiums Metten auf gr\u00f6\u00dftem MINT-EC-Netzwerktreffen in Berlin vertreten<\/h2><p><strong><a href=\"https:\/\/www.kloster-metten.com\/wp-content\/uploads\/2019\/02\/Bildungsmarkt_SAP-Young-Thinkers.jpg\"><img loading=\"lazy\" decoding=\"async\" class=\"size-medium wp-image-12185 alignnone\" title=\"Bildungsmarkt_SAP Young Thinkers\" src=\"https:\/\/www.kloster-metten.com\/wp-content\/uploads\/2019\/02\/Bildungsmarkt_SAP-Young-Thinkers-500x348.jpg\" alt=\"\" width=\"500\" height=\"348\" srcset=\"https:\/\/www.kloster-metten.com\/wp-content\/uploads\/2019\/02\/Bildungsmarkt_SAP-Young-Thinkers-500x348.jpg 500w, https:\/\/www.kloster-metten.com\/wp-content\/uploads\/2019\/02\/Bildungsmarkt_SAP-Young-Thinkers-768x534.jpg 768w, https:\/\/www.kloster-metten.com\/wp-content\/uploads\/2019\/02\/Bildungsmarkt_SAP-Young-Thinkers-1024x712.jpg 1024w, https:\/\/www.kloster-metten.com\/wp-content\/uploads\/2019\/02\/Bildungsmarkt_SAP-Young-Thinkers.jpg 1306w\" sizes=\"auto, (max-width: 500px) 100vw, 500px\" \/><\/a><\/strong><\/p>\n<p><strong>\u00a0<\/strong><strong><a href=\"https:\/\/www.mint-ec.de\/angebote\/angebote-fuer-schuelerinnen-und-schueler\/mint400-das-hauptstadtforum\/\">MINT400 \u2013 Das Hauptstadtforum von MINT-EC<\/a> am 21. und 22. Februar 2019 an der Universit\u00e4t der K\u00fcnste (UdK) Berlin<\/strong><\/p>\n<p><strong>\u00a0<\/strong><strong>Letzte Woche fand in Berlin die MINT400 \u2013 Das Hauptstadtforum von MINT-EC statt. Mit 400 teilnehmenden Sch\u00fclerinnen und Sch\u00fclern sowie 100 Lehrkr\u00e4ften von allen 316 MINT-EC-Schulen ist es das gr\u00f6\u00dfte Netzwerktreffen des nationalen Excellence-Schulnetzwerks MINT-EC. Mit dabei war Carmen Prinz, die MINT-Koordinatorin, des St.-Michaels-Gymnasiums Metten.<\/strong><\/p>\n<p><strong>\u00a0<\/strong>Zwei Tage lang drehte sich alles um MINT: Ein Bildungsmarkt, ganzt\u00e4gige Forschungsworkshops, Fachvortr\u00e4ge und Keynote Speeches, Wettbewerbe, die Go Digital Night by SAP Young Thinkers sowie eine Abendveranstaltung moderiert von Clarissa Corr\u00eaa da Silva (u.a. \u201eWissen macht Ah!\u201c) begeisterte die Teilnehmenden.<\/p>\n<p><em>Frau Prinz konnte als Biologie\/Chemie Lehrkraft einen exklusiven Workshop zum angewandten Programmieren f\u00fcr den naturwissenschaftlich-technologischen Unterricht besuchen. In Zukunft wird diese Schl\u00fcsselqualifikation auch f\u00fcr Sch\u00fclerinnen und Sch\u00fcler immer wichtiger werden, denn \u201eProgrammierkenntnisse erlauben einen eigenen Blick hinter die Kulissen der digitalen Informationsgesellschaft\u201c, so der Referent Dr. J\u00fcrgen Liedtke vom MINT-Kolleg Baden-W\u00fcrttemberg in Karlsruhe. Einfaches Programmieren wird auch am St.-Michaels-Gymnasium bereits angeboten.<\/em><\/p>\n<p><strong>\u00a0<\/strong>Die MINT400 \u2013 Das Hauptstadtforum von MINT-EC bot den Jugendlichen und den Lehrkr\u00e4ften die M\u00f6glichkeit, sich \u00fcber zuk\u00fcnftige Studieng\u00e4nge und Berufsoptionen sowie Ideen f\u00fcr den Unterricht zu informieren. In den rund 30 ganzt\u00e4gigen Forschungsworkshops legten sie selbst Hand an und experimentierten an Universit\u00e4ten, wissenschaftlichen Einrichtungen oder Unternehmen. Die Fachvortr\u00e4ge und Keynotes gaben vertiefende Einblicke in aktuelle Forschungsfragen.<\/p>\n<p>Am zweiten Tag der MINT400 trafen die Teilnehmenden nach den Forschungsworkshops im Konzertsaal der Universit\u00e4t der K\u00fcnste (UdK) Berlin zur Abendveranstaltung zusammen. Als Moderatorin f\u00fchrte Clarissa Corr\u00eaa da Silva, unter anderem bekannt aus \u201eWissen macht Ah!\u201c, durch den Abend. Auf dem Programm stand neben der Verleihung des \u201eAward of Excellence\u201c im Internationalen Chemiewettbewerb des Royal Australian Chemical Institute auch das Finale im MINT-EC SchoolSlam mit British Council. Einem englischsprachigen Videowettbewerb, in dem die MINT400-Teilnehmenden \u00fcber die Platzierung der drei besten Beitr\u00e4ge abstimmten.<\/p>\n<p>\u00dcber all dem steht bei der MINT400 immer der Netzwerkgedanke: Gleichgesinnte treffen, neue Perspektiven kennenlernen, neue Aspekte von MINT entdecken und w\u00e4hrenddessen n\u00fctzliche Kontakte kn\u00fcpfen, so wird ein vitales Netzwerkleben geschaffen. Mit der Teilnahme von Sch\u00fclerinnen und Sch\u00fclern sowie Lehrkr\u00e4ften der MINT-EC-Schulen Istanbul Lisesi und German International School Washington D.C. war in diesem Jahr sogar ein Austausch auf internationaler Ebene m\u00f6glich.<\/p>\n","protected":false},"excerpt":{"rendered":"<p>St.-Michaels-Gymnasiums Metten auf gr\u00f6\u00dftem MINT-EC-Netzwerktreffen in Berlin vertreten \u00a0MINT400 \u2013 Das Hauptstadtforum von MINT-EC am 21. und 22. Februar 2019 an der Universit\u00e4t der K\u00fcnste (UdK) Berlin \u00a0Letzte Woche fand in Berlin die MINT400 \u2013 Das Hauptstadtforum von MINT-EC statt. Mit 400 teilnehmenden Sch\u00fclerinnen und Sch\u00fclern sowie 100 Lehrkr\u00e4ften von allen 316 MINT-EC-Schulen ist es [&hellip;]<\/p>\n","protected":false},"author":5,"featured_media":0,"parent":12589,"menu_order":33,"comment_status":"closed","ping_status":"closed","template":"","meta":{"footnotes":""},"class_list":["post-12184","page","type-page","status-publish","hentry"],"_links":{"self":[{"href":"https:\/\/www.kloster-metten.com\/index.php?rest_route=\/wp\/v2\/pages\/12184","targetHints":{"allow":["GET"]}}],"collection":[{"href":"https:\/\/www.kloster-metten.com\/index.php?rest_route=\/wp\/v2\/pages"}],"about":[{"href":"https:\/\/www.kloster-metten.com\/index.php?rest_route=\/wp\/v2\/types\/page"}],"author":[{"embeddable":true,"href":"https:\/\/www.kloster-metten.com\/index.php?rest_route=\/wp\/v2\/users\/5"}],"replies":[{"embeddable":true,"href":"https:\/\/www.kloster-metten.com\/index.php?rest_route=%2Fwp%2Fv2%2Fcomments&post=12184"}],"version-history":[{"count":2,"href":"https:\/\/www.kloster-metten.com\/index.php?rest_route=\/wp\/v2\/pages\/12184\/revisions"}],"predecessor-version":[{"id":13028,"href":"https:\/\/www.kloster-metten.com\/index.php?rest_route=\/wp\/v2\/pages\/12184\/revisions\/13028"}],"up":[{"embeddable":true,"href":"https:\/\/www.kloster-metten.com\/index.php?rest_route=\/wp\/v2\/pages\/12589"}],"wp:attachment":[{"href":"https:\/\/www.kloster-metten.com\/index.php?rest_route=%2Fwp%2Fv2%2Fmedia&parent=12184"}],"curies":[{"name":"wp","href":"https:\/\/api.w.org\/{rel}","templated":true}]}}