{"id":12219,"date":"2019-03-19T13:47:23","date_gmt":"2019-03-19T12:47:23","guid":{"rendered":"https:\/\/www.kloster-metten.de\/?page_id=12219"},"modified":"2020-07-26T09:35:28","modified_gmt":"2020-07-26T07:35:28","slug":"jugendliche-gehoeren-zu-den-grundpfeilern-unserer-demokratie","status":"publish","type":"page","link":"https:\/\/www.kloster-metten.com\/?page_id=12219","title":{"rendered":"Jugendliche geh\u00f6ren zu den Grundpfeilern unserer Demokratie"},"content":{"rendered":"<a href=\"https:\/\/www.kloster-metten.com\/wp-content\/uploads\/2019\/03\/IMG_9399_StM_St-Michaels-Gymnasium_Metten.jpg\"><img loading=\"lazy\" decoding=\"async\" class=\"alignleft size-medium wp-image-12220\" title=\"IMG_9399_StM_St-Michaels-Gymnasium_Metten\" src=\"https:\/\/www.kloster-metten.com\/wp-content\/uploads\/2019\/03\/IMG_9399_StM_St-Michaels-Gymnasium_Metten-500x255.jpg\" alt=\"\" width=\"500\" height=\"255\" srcset=\"https:\/\/www.kloster-metten.com\/wp-content\/uploads\/2019\/03\/IMG_9399_StM_St-Michaels-Gymnasium_Metten-500x255.jpg 500w, https:\/\/www.kloster-metten.com\/wp-content\/uploads\/2019\/03\/IMG_9399_StM_St-Michaels-Gymnasium_Metten-768x392.jpg 768w, https:\/\/www.kloster-metten.com\/wp-content\/uploads\/2019\/03\/IMG_9399_StM_St-Michaels-Gymnasium_Metten-1024x523.jpg 1024w\" sizes=\"auto, (max-width: 500px) 100vw, 500px\" \/><\/a><h2>Jugendliche geh\u00f6ren zu den Grundpfeilern unserer Demokratie<\/h2><p><br \/>\nM\u00dcNCHEN. Kunst- und Wissenschaftsminister Bernd Sibler empfing gestern im Rahmen des Informationstages \u201eLernort Staatsregierung\u201c die Sch\u00fclerinnen und Sch\u00fclern der elften Jahrgangsstufe des St.-Michaels-Gymnasiums der Benediktiner Metten im Bayerischen Staatsministerium f\u00fcr Wissenschaft und Kunst.<br \/>\n\u201eEs freut mich sehr, Sch\u00fclerinnen und Sch\u00fcler aus meinem Heimatlandkreis Deggendorf hier im Ministerium begr\u00fc\u00dfen zu d\u00fcrfen. Gerade zum St.-Michaels-<br \/>\nGymnasium habe ich eine besondere Beziehung, da einer meiner S\u00f6hne dort zur Schule geht. Ich finde es gro\u00dfartig, dass sich junge Menschen f\u00fcr Politik<br \/>\ninteressieren und sich im Rahmen des Lernort Staatsregierung vertiefte Einblicke in den Politikbetrieb verschaffen k\u00f6nnen. Informierte Jugendliche geh\u00f6ren zu den Grundpfeilern unserer Demokratie\u201c, betonte Minister Sibler.<br \/>\nNach der Anreise mit dem Bus erhielt die Sch\u00fclergruppe im Ministerium zun\u00e4chst eine kleine St\u00e4rkung in Form eines Fr\u00fchst\u00fccks. Dann wurden sie in die Aufgaben<br \/>\nund Strukturen des Ministeriums eingef\u00fchrt. Anschlie\u00dfend trafen die Sch\u00fclerinnen und Sch\u00fcler Minister Sibler, der sich gerne Zeit f\u00fcr die Fragen und Anliegen der<br \/>\nSch\u00fclergruppe nahm. Bei dem 45-min\u00fctigen Austausch wurden bspw. regionale Themen wie die Renovierung des Klosters Metten, aber auch der Aufgabenbereich<br \/>\neines Ministers oder der Zugang zum Medizinstudium in Deutschland besprochen.<br \/>\nIm Anschluss an das Gespr\u00e4ch konnten sich die Sch\u00fclerinnen und Sch\u00fcler bei einem Fachvortrag \u00fcber das Thema \u201eStudieren in Bayern\u201c informieren. Nach dem<br \/>\nMittagessen in der Kantine des Ministeriums ging es schlie\u00dflich zu einer F\u00fchrung in die Staatskanzlei, wo der ereignisreiche Tag sein Ende fand. Der Informationstag \u201eLernort Staatsregierung\u201c der Bayerischen Landeszentrale f\u00fcr politische Bildungsarbeit existiert nun seit beinahe 30 Jahren und erm\u00f6glicht es<br \/>\nSch\u00fclerinnen und Sch\u00fclern aller Schularten, sich vor Ort in den Ministerien und der Staatskanzlei \u00fcber die Aufgaben der Bayerischen Staatsregierung zu informieren.<br \/>\nIn der Regel nehmen Sch\u00fclergruppen ab der 9. Jahrgangsstufe an dem Programm teil.<\/p>\n<p>Bayerisches Staatsministerium f\u00fcr Wissenschaft und Kunst, PRESSESTELLE<\/p>\n<p>Dr. Bianca Preis, Sprecherin, 089 2186 2862<\/p>\n<p>&nbsp;<\/p>\n<p>&nbsp;<\/p>\n","protected":false},"excerpt":{"rendered":"<p>Jugendliche geh\u00f6ren zu den Grundpfeilern unserer Demokratie M\u00dcNCHEN. Kunst- und Wissenschaftsminister Bernd Sibler empfing gestern im Rahmen des Informationstages \u201eLernort Staatsregierung\u201c die Sch\u00fclerinnen und Sch\u00fclern der elften Jahrgangsstufe des St.-Michaels-Gymnasiums der Benediktiner Metten im Bayerischen Staatsministerium f\u00fcr Wissenschaft und Kunst. \u201eEs freut mich sehr, Sch\u00fclerinnen und Sch\u00fcler aus meinem Heimatlandkreis Deggendorf hier im Ministerium begr\u00fc\u00dfen [&hellip;]<\/p>\n","protected":false},"author":5,"featured_media":0,"parent":12589,"menu_order":32,"comment_status":"closed","ping_status":"closed","template":"","meta":{"footnotes":""},"class_list":["post-12219","page","type-page","status-publish","hentry"],"_links":{"self":[{"href":"https:\/\/www.kloster-metten.com\/index.php?rest_route=\/wp\/v2\/pages\/12219","targetHints":{"allow":["GET"]}}],"collection":[{"href":"https:\/\/www.kloster-metten.com\/index.php?rest_route=\/wp\/v2\/pages"}],"about":[{"href":"https:\/\/www.kloster-metten.com\/index.php?rest_route=\/wp\/v2\/types\/page"}],"author":[{"embeddable":true,"href":"https:\/\/www.kloster-metten.com\/index.php?rest_route=\/wp\/v2\/users\/5"}],"replies":[{"embeddable":true,"href":"https:\/\/www.kloster-metten.com\/index.php?rest_route=%2Fwp%2Fv2%2Fcomments&post=12219"}],"version-history":[{"count":2,"href":"https:\/\/www.kloster-metten.com\/index.php?rest_route=\/wp\/v2\/pages\/12219\/revisions"}],"predecessor-version":[{"id":13030,"href":"https:\/\/www.kloster-metten.com\/index.php?rest_route=\/wp\/v2\/pages\/12219\/revisions\/13030"}],"up":[{"embeddable":true,"href":"https:\/\/www.kloster-metten.com\/index.php?rest_route=\/wp\/v2\/pages\/12589"}],"wp:attachment":[{"href":"https:\/\/www.kloster-metten.com\/index.php?rest_route=%2Fwp%2Fv2%2Fmedia&parent=12219"}],"curies":[{"name":"wp","href":"https:\/\/api.w.org\/{rel}","templated":true}]}}