{"id":12222,"date":"2019-03-19T13:51:37","date_gmt":"2019-03-19T12:51:37","guid":{"rendered":"https:\/\/www.kloster-metten.de\/?page_id=12222"},"modified":"2020-07-26T09:35:59","modified_gmt":"2020-07-26T07:35:59","slug":"jugend-forscht-2019","status":"publish","type":"page","link":"https:\/\/www.kloster-metten.com\/?page_id=12222","title":{"rendered":"Jugend forscht 2019"},"content":{"rendered":"<a href=\"https:\/\/www.kloster-metten.com\/wp-content\/uploads\/2019\/03\/SAM_4536.jpg\"><img loading=\"lazy\" decoding=\"async\" class=\"size-medium wp-image-12245 alignnone\" title=\"SAM_4536\" src=\"https:\/\/www.kloster-metten.com\/wp-content\/uploads\/2019\/03\/SAM_4536-500x349.jpg\" alt=\"\" width=\"500\" height=\"349\" srcset=\"https:\/\/www.kloster-metten.com\/wp-content\/uploads\/2019\/03\/SAM_4536-500x349.jpg 500w, https:\/\/www.kloster-metten.com\/wp-content\/uploads\/2019\/03\/SAM_4536-768x536.jpg 768w, https:\/\/www.kloster-metten.com\/wp-content\/uploads\/2019\/03\/SAM_4536-1024x715.jpg 1024w, https:\/\/www.kloster-metten.com\/wp-content\/uploads\/2019\/03\/SAM_4536.jpg 1737w\" sizes=\"auto, (max-width: 500px) 100vw, 500px\" \/><\/a><h2>Jugend forscht 2019<\/h2><p><\/p>\n<p>Am Donnerstag, den 28. Februar, startete der 34. Niederbayerische Regionalentscheid von \u201eJugend forscht\u201c in Passau. In den R\u00e4umen der Universit\u00e4t pr\u00e4sentierten \u00fcber 220 junge Nachwuchsforscher aus ganz Niederbayern ihre Erfindungen und Projekte und stellten sich den Fragen der fachkundigen Jury.<\/p>\n<p>Mit dabei waren auch drei Teams des St.-Michaels-Gymnasiums Metten. Julian Buchner und Maximilian Hube gingen mit ihrem \u201e3D-Stundenplan\u201c ins Rennen, einer elektronisch gesteuerten F\u00e4cherablage, die einem Sch\u00fcler am Vorabend anh\u00e4ngig vom Stundenplan des n\u00e4chsten Tages die ben\u00f6tigten Unterrichtsmaterialien bereitstellt. Der \u201eW\u00e4schest\u00e4nder+\u201c von Pia Bachmeier und Agnes Leitgeb f\u00e4hrt mit Hilfe eines Regensensors bei einsetzendem Niederschlag eine \u00dcberdachung aus, damit die W\u00e4sche drunter nicht nur trocken wird, sondern auch trocken bleibt. \u201eHandschuh statt Maus!\u201c hei\u00dft das Projekt von Paul K\u00f6rber und Martin Weikl. Jede Menge Elektronik in einem Handschuh sorgt daf\u00fcr, dass das Gestikulieren mit der Hand auf die Bewegung des Mauszeigers auf dem Bildschirm \u00fcbertragen wird, der somit kontaktfrei gesteuert werden kann.<\/p>\n<p>Am Nachmittag des 1. M\u00e4rz wurde die Veranstaltung dann f\u00fcr die gesamte Bev\u00f6lkerung ge\u00f6ffnet. Mit dem Andrang an den einzelnen St\u00e4nden nahm auch die Spannung bei den jungen T\u00fcftlern zu, stand doch am Abend als gro\u00dfes Finale die Siegerehrung auf dem Programm. F\u00fcr die Mettener gab\u2019s einen 3. Preis f\u00fcr den Mausersatzhandschuh. Noch wichtiger als Urkunden waren f\u00fcr die sechs Jugendlichen aber die Ideen f\u00fcr das n\u00e4chste Jahr, mit denen im Gep\u00e4ck sie die Heimreise antraten und in die wohlverdienten Faschingsferien starteten.<\/p>\n","protected":false},"excerpt":{"rendered":"<p>Jugend forscht 2019 Am Donnerstag, den 28. Februar, startete der 34. Niederbayerische Regionalentscheid von \u201eJugend forscht\u201c in Passau. In den R\u00e4umen der Universit\u00e4t pr\u00e4sentierten \u00fcber 220 junge Nachwuchsforscher aus ganz Niederbayern ihre Erfindungen und Projekte und stellten sich den Fragen der fachkundigen Jury. Mit dabei waren auch drei Teams des St.-Michaels-Gymnasiums Metten. Julian Buchner und [&hellip;]<\/p>\n","protected":false},"author":5,"featured_media":0,"parent":12589,"menu_order":32,"comment_status":"closed","ping_status":"closed","template":"","meta":{"footnotes":""},"class_list":["post-12222","page","type-page","status-publish","hentry"],"_links":{"self":[{"href":"https:\/\/www.kloster-metten.com\/index.php?rest_route=\/wp\/v2\/pages\/12222","targetHints":{"allow":["GET"]}}],"collection":[{"href":"https:\/\/www.kloster-metten.com\/index.php?rest_route=\/wp\/v2\/pages"}],"about":[{"href":"https:\/\/www.kloster-metten.com\/index.php?rest_route=\/wp\/v2\/types\/page"}],"author":[{"embeddable":true,"href":"https:\/\/www.kloster-metten.com\/index.php?rest_route=\/wp\/v2\/users\/5"}],"replies":[{"embeddable":true,"href":"https:\/\/www.kloster-metten.com\/index.php?rest_route=%2Fwp%2Fv2%2Fcomments&post=12222"}],"version-history":[{"count":3,"href":"https:\/\/www.kloster-metten.com\/index.php?rest_route=\/wp\/v2\/pages\/12222\/revisions"}],"predecessor-version":[{"id":13031,"href":"https:\/\/www.kloster-metten.com\/index.php?rest_route=\/wp\/v2\/pages\/12222\/revisions\/13031"}],"up":[{"embeddable":true,"href":"https:\/\/www.kloster-metten.com\/index.php?rest_route=\/wp\/v2\/pages\/12589"}],"wp:attachment":[{"href":"https:\/\/www.kloster-metten.com\/index.php?rest_route=%2Fwp%2Fv2%2Fmedia&parent=12222"}],"curies":[{"name":"wp","href":"https:\/\/api.w.org\/{rel}","templated":true}]}}