{"id":12230,"date":"2019-03-21T22:41:19","date_gmt":"2019-03-21T21:41:19","guid":{"rendered":"https:\/\/www.kloster-metten.de\/?page_id=12230"},"modified":"2020-07-26T09:36:50","modified_gmt":"2020-07-26T07:36:50","slug":"vortrag-muskelverletzungen","status":"publish","type":"page","link":"https:\/\/www.kloster-metten.com\/?page_id=12230","title":{"rendered":"Vortrag Muskelverletzungen"},"content":{"rendered":"<a href=\"https:\/\/www.kloster-metten.com\/wp-content\/uploads\/2019\/03\/2s_.jpg\"><img loading=\"lazy\" decoding=\"async\" class=\"size-medium wp-image-12237 alignnone\" title=\"2s_\" src=\"https:\/\/www.kloster-metten.com\/wp-content\/uploads\/2019\/03\/2s_-500x375.jpg\" alt=\"\" width=\"500\" height=\"375\" srcset=\"https:\/\/www.kloster-metten.com\/wp-content\/uploads\/2019\/03\/2s_-500x375.jpg 500w, https:\/\/www.kloster-metten.com\/wp-content\/uploads\/2019\/03\/2s_-768x576.jpg 768w, https:\/\/www.kloster-metten.com\/wp-content\/uploads\/2019\/03\/2s_-1024x768.jpg 1024w, https:\/\/www.kloster-metten.com\/wp-content\/uploads\/2019\/03\/2s_.jpg 2016w\" sizes=\"auto, (max-width: 500px) 100vw, 500px\" \/><\/a><h2>Vortrag Muskelverletzungen<\/h2><p><\/p>\n<p>Welcher Sportler kennt das nicht? Ein falscher Schritt und schon zwickt es im Oberschenkel. Neben dem Additum Sport der Jahrg\u00e4nge 11 und 12, die sich in der Sporttheorie bereits mit diesem Thema befassen, durften auch interessierte Sch\u00fclerinnen und Sch\u00fcler dem 45 min\u00fctigem Vortrag von Prof. Dr. Renkawitz vom Universit\u00e4tsklinikum Regensburg\/Asklepios Klinik Bad Abbach, der auch als Mannschaftsarzt in der Fu\u00dfball Bundesliga aktiv ist, beiwohnen. Gespannt und aufmerksam h\u00f6rten die jungen Sportler dem Experten zu, wie er nach einem kurzen \u00dcberblick \u00fcber die Muskelphysiologie verschiedene Muskelverletzungen thematisierte und auch einen Einblick \u201ehinter die Kulissen\u201c des Profifu\u00dfballs gew\u00e4hrte.<\/p>\n<p>In einer abschlie\u00dfenden Fragerunde beantwortete Prof. Renkawitz noch ausdauernd und detailliert Fragen von Sch\u00fclern sowie Lehrern, meist \u00fcber selbst erlittene Verletzungen oder m\u00f6gliche Rehabilitationsma\u00dfnahmen. Summa summarum bekam das Publikum des St.-Michaels-Gymnasiums einen tollen \u00dcberblick \u00fcber die h\u00e4ufigsten Muskelverletzungen sowie gute Strategien zur Vermeidung und Erstbehandlung, weshalb sich allein dadurch eine Teilnahme schon mehr als gelohnt haben d\u00fcrfte.<\/p>\n\r\n\t\t<style type='text\/css'>\r\n\t\t\t#gallery-1 {\r\n\t\t\t\tmargin: auto;\r\n\t\t\t}\r\n\t\t\t#gallery-1 .gallery-item {\r\n\t\t\t\tfloat: left;\r\n\t\t\t\tmargin-top: 10px;\r\n\t\t\t\ttext-align: center;\r\n\t\t\t\twidth: 33%;\r\n\t\t\t}\r\n\t\t\t#gallery-1 hr {\r\n\t\t\t\theight: 1px;\r\n\t\t\t}\r\n\t\t\t#gallery-1 .gallery-caption {\r\n\t\t\t\tmargin-left: 0;\r\n\t\t\t}\r\n\t\t\t\/* see gallery_shortcode() in wp-includes\/media.php *\/\r\n\t\t<\/style>\n\t\t<div id='gallery-1' class='gallery galleryid-12230 gallery-columns-3 gallery-size-thumbnail'><hr class='null'><dl class='gallery-item'>\r\n\t\t\t<dt class='gallery-icon landscape'>\r\n\t\t\t\t<a title=\"3s\"  href='https:\/\/www.kloster-metten.com\/?attachment_id=12238'><img loading=\"lazy\" decoding=\"async\" width=\"170\" height=\"115\" src=\"https:\/\/www.kloster-metten.com\/wp-content\/uploads\/2019\/03\/3s-170x115.jpg\" class=\"attachment-thumbnail size-thumbnail\" alt=\"\" \/><\/a>\r\n\t\t\t<\/dt><\/dl><dl class='gallery-item'>\r\n\t\t\t<dt class='gallery-icon landscape'>\r\n\t\t\t\t<a title=\"1s_\"  href='https:\/\/www.kloster-metten.com\/?attachment_id=12236'><img loading=\"lazy\" decoding=\"async\" width=\"170\" height=\"115\" src=\"https:\/\/www.kloster-metten.com\/wp-content\/uploads\/2019\/03\/1s_-170x115.jpg\" class=\"attachment-thumbnail size-thumbnail\" alt=\"\" \/><\/a>\r\n\t\t\t<\/dt><\/dl>\r\n\t\t\t<br style='clear: both' \/>\r\n\t\t<\/div>\n\n","protected":false},"excerpt":{"rendered":"<p>Vortrag Muskelverletzungen Welcher Sportler kennt das nicht? Ein falscher Schritt und schon zwickt es im Oberschenkel. Neben dem Additum Sport der Jahrg\u00e4nge 11 und 12, die sich in der Sporttheorie bereits mit diesem Thema befassen, durften auch interessierte Sch\u00fclerinnen und Sch\u00fcler dem 45 min\u00fctigem Vortrag von Prof. Dr. Renkawitz vom Universit\u00e4tsklinikum Regensburg\/Asklepios Klinik Bad Abbach, [&hellip;]<\/p>\n","protected":false},"author":5,"featured_media":0,"parent":12589,"menu_order":30,"comment_status":"closed","ping_status":"closed","template":"","meta":{"footnotes":""},"class_list":["post-12230","page","type-page","status-publish","hentry"],"_links":{"self":[{"href":"https:\/\/www.kloster-metten.com\/index.php?rest_route=\/wp\/v2\/pages\/12230","targetHints":{"allow":["GET"]}}],"collection":[{"href":"https:\/\/www.kloster-metten.com\/index.php?rest_route=\/wp\/v2\/pages"}],"about":[{"href":"https:\/\/www.kloster-metten.com\/index.php?rest_route=\/wp\/v2\/types\/page"}],"author":[{"embeddable":true,"href":"https:\/\/www.kloster-metten.com\/index.php?rest_route=\/wp\/v2\/users\/5"}],"replies":[{"embeddable":true,"href":"https:\/\/www.kloster-metten.com\/index.php?rest_route=%2Fwp%2Fv2%2Fcomments&post=12230"}],"version-history":[{"count":4,"href":"https:\/\/www.kloster-metten.com\/index.php?rest_route=\/wp\/v2\/pages\/12230\/revisions"}],"predecessor-version":[{"id":13033,"href":"https:\/\/www.kloster-metten.com\/index.php?rest_route=\/wp\/v2\/pages\/12230\/revisions\/13033"}],"up":[{"embeddable":true,"href":"https:\/\/www.kloster-metten.com\/index.php?rest_route=\/wp\/v2\/pages\/12589"}],"wp:attachment":[{"href":"https:\/\/www.kloster-metten.com\/index.php?rest_route=%2Fwp%2Fv2%2Fmedia&parent=12230"}],"curies":[{"name":"wp","href":"https:\/\/api.w.org\/{rel}","templated":true}]}}