{"id":12242,"date":"2019-03-21T22:59:10","date_gmt":"2019-03-21T21:59:10","guid":{"rendered":"https:\/\/www.kloster-metten.de\/?page_id=12242"},"modified":"2020-07-26T09:37:19","modified_gmt":"2020-07-26T07:37:19","slug":"faschingsferien-mal-anders","status":"publish","type":"page","link":"https:\/\/www.kloster-metten.com\/?page_id=12242","title":{"rendered":"Faschingsferien mal anders!"},"content":{"rendered":"<h2>Faschingsferien mal anders!<\/h2><p><strong><a href=\"https:\/\/www.kloster-metten.com\/wp-content\/uploads\/2019\/03\/SAM_4567_.jpg\"><img loading=\"lazy\" decoding=\"async\" class=\"size-medium wp-image-12243 alignnone\" title=\"SAM_4567_\" src=\"https:\/\/www.kloster-metten.com\/wp-content\/uploads\/2019\/03\/SAM_4567_-500x386.jpg\" alt=\"\" width=\"500\" height=\"386\" srcset=\"https:\/\/www.kloster-metten.com\/wp-content\/uploads\/2019\/03\/SAM_4567_-500x386.jpg 500w, https:\/\/www.kloster-metten.com\/wp-content\/uploads\/2019\/03\/SAM_4567_-768x593.jpg 768w, https:\/\/www.kloster-metten.com\/wp-content\/uploads\/2019\/03\/SAM_4567_-1024x791.jpg 1024w, https:\/\/www.kloster-metten.com\/wp-content\/uploads\/2019\/03\/SAM_4567_.jpg 1448w\" sizes=\"auto, (max-width: 500px) 100vw, 500px\" \/><\/a><\/strong><\/p>\n<p><strong>IT-Workshop mit Rohde&amp;Schwarz am St.-Michaels-Gymnasium Metten <\/strong><\/p>\n<p>Angesto\u00dfen durch eine ehemalige Sch\u00fclerin fand zum Ende der Faschingsferien am St.-Michaels-Gymnasiums Metten in Zusammenarbeit mit der Firma Rohde&amp;Schwarz zum ersten Mal ein IT-Workshop statt.<\/p>\n<p>Insgesamt 15 technikbegeisterte Jugendliche (5 Sch\u00fclerinnen u. 10 Sch\u00fcler; 9.-12. Jgst.) erweiterten in dem dreit\u00e4gigen Workshop, jeweils von 8.30 \u2013 16.00 Uhr unter Anleitung von verschiedenen Werksstudenten der Firma Rohde&amp;Schwarz, ihr Wissen rund um Robotik, App-Entwicklung und Funk- und Antennentechnik.<\/p>\n<p>Der erste Tag stand ganz im Zeichen von Algorithmen und Robotern. Nach einer kleinen Theorieeinheit zum Thema Algorithmen, wurden Beispiele zur L\u00f6sung des Rubik Cube Zauberw\u00fcrfels besprochen und angewandt. Nachmittags erfolgte die L\u00f6sung der W\u00fcrfel dann mit Hilfe von Lego-Mindstorm-Robotern. Hierbei wurden neben dem algorithmischen Denken auch grundlegende Aspekte des Maschinenbaus thematisiert und Probleme bei der Robotertechnik am eigenen Leib, bzw. technischem Ger\u00e4t erfahren.<\/p>\n<p>Der derzeitige Rekord zur L\u00f6sung eines Rubik Cubes mittels Roboter liegt bei 1,6 Sekunden was f\u00fcr einen Menschen unm\u00f6glich sein d\u00fcrfte. Im Falle dieses Workshops setzte sich der Mensch, in diesem Fall ein Sch\u00fcler, aber dennoch im Wettkampf gegen die Roboter durch.<\/p>\n<p>Der zweite Tag stand ganz im Zeichen des Handys und dessen Programmierung. Nach einer Einf\u00fchrung in die kostenlose Entwicklungsumgebung <em>AppInventor2<\/em> konnten die Teilnehmer relativ schnell einfache Apps mit Bedienfeldern und wechselnden Displayanzeigen inkl. Farbwechsel erstellen. Nachmittags zeigte sich allerdings bei der Programmierung eines Notenmanagers, dass das Programmieren eine anspruchsvolle und komplexe T\u00e4tigkeit ist, die \u00dcbung, Kreativit\u00e4t und Ausdauer verlangt, was jedoch in einem guten Team wesentlich leichter und vor allem spa\u00dfiger gelingen kann.<\/p>\n<p>Am dritten und letzten Tag ging es nochmal ans technisch Eingemachte. Zun\u00e4chst wurden mittels Holzleimes Fingerabdruckscans ausgetrickst und mit einfachen Mitteln Passw\u00f6rter gehackt, was bei den meisten der Jugendlichen zu einem \u00dcberdenken bzw. direkten Anpassen ihrer eigenen Handyeinstellungen f\u00fchrte. Anschlie\u00dfend wurde ihnen das Grundprinzip der Funk- und Antennentechnik beim Bau einer Dosenantenne veranschaulicht. Abschlie\u00dfend wurde mit Hilfe von einigen Einplatinencomputer (<em>RaspberryPi)<\/em> an WLan-Antenne gearbeitet und deren Sendereichweite getestet und so ein besseres Verst\u00e4ndnis f\u00fcr Wlan- und Handynetze geschaffen.<\/p>\n<p>Nach den drei Tagen waren sich der Projektleiter von Rohde&amp;Schwarz Herr Baueregger, der Schulleiter Pater Erhard, sowie die betreuenden Lehrer Pater Thomas, Michael Seibold und Sebastian Liebl, aber vor allem die teilnehmenden Jugendlichen einig, dass dies eine sehr sinnvolle und gewinnbringende Feriengestaltung war.<\/p>\n<p>Und wer wei\u00df, vielleicht sind ja manche dieser Sch\u00fclerinnen und Sch\u00fcler in naher Zukunft daf\u00fcr verantwortlich, dass wir alle ein besseres und stabileres Netz haben, in dem wir mit benutzerfreundlichen Apps, die Haushalts- und Industrieroboter der Zukunft steuern werden.<\/p>\n\r\n\t\t<style type='text\/css'>\r\n\t\t\t#gallery-1 {\r\n\t\t\t\tmargin: auto;\r\n\t\t\t}\r\n\t\t\t#gallery-1 .gallery-item {\r\n\t\t\t\tfloat: left;\r\n\t\t\t\tmargin-top: 10px;\r\n\t\t\t\ttext-align: center;\r\n\t\t\t\twidth: 33%;\r\n\t\t\t}\r\n\t\t\t#gallery-1 hr {\r\n\t\t\t\theight: 1px;\r\n\t\t\t}\r\n\t\t\t#gallery-1 .gallery-caption {\r\n\t\t\t\tmargin-left: 0;\r\n\t\t\t}\r\n\t\t\t\/* see gallery_shortcode() in wp-includes\/media.php *\/\r\n\t\t<\/style>\n\t\t<div id='gallery-1' class='gallery galleryid-12242 gallery-columns-3 gallery-size-thumbnail'><hr class='null'><dl class='gallery-item'>\r\n\t\t\t<dt class='gallery-icon landscape'>\r\n\t\t\t\t<a title=\"AppInventorArbeiten_\"  href='https:\/\/www.kloster-metten.com\/?attachment_id=12250'><img loading=\"lazy\" decoding=\"async\" width=\"170\" height=\"115\" src=\"https:\/\/www.kloster-metten.com\/wp-content\/uploads\/2019\/03\/AppInventorArbeiten_-170x115.jpg\" class=\"attachment-thumbnail size-thumbnail\" alt=\"\" \/><\/a>\r\n\t\t\t<\/dt><\/dl><dl class='gallery-item'>\r\n\t\t\t<dt class='gallery-icon landscape'>\r\n\t\t\t\t<a title=\"AppPCSch\u00fcler_\"  href='https:\/\/www.kloster-metten.com\/?attachment_id=12251'><img loading=\"lazy\" decoding=\"async\" width=\"170\" height=\"115\" src=\"https:\/\/www.kloster-metten.com\/wp-content\/uploads\/2019\/03\/AppPCSch\u00fcler_-170x115.jpg\" class=\"attachment-thumbnail size-thumbnail\" alt=\"\" \/><\/a>\r\n\t\t\t<\/dt><\/dl><dl class='gallery-item'>\r\n\t\t\t<dt class='gallery-icon landscape'>\r\n\t\t\t\t<a title=\"Mika vs Roboter3_\"  href='https:\/\/www.kloster-metten.com\/?attachment_id=12252'><img loading=\"lazy\" decoding=\"async\" width=\"170\" height=\"115\" src=\"https:\/\/www.kloster-metten.com\/wp-content\/uploads\/2019\/03\/Mika-vs-Roboter3_-170x115.jpg\" class=\"attachment-thumbnail size-thumbnail\" alt=\"\" \/><\/a>\r\n\t\t\t<\/dt><\/dl><br style=\"clear: both\" \/><dl class='gallery-item'>\r\n\t\t\t<dt class='gallery-icon portrait'>\r\n\t\t\t\t<a title=\"Robotik mit Betreuung_\"  href='https:\/\/www.kloster-metten.com\/?attachment_id=12253'><img loading=\"lazy\" decoding=\"async\" width=\"170\" height=\"115\" src=\"https:\/\/www.kloster-metten.com\/wp-content\/uploads\/2019\/03\/Robotik-mit-Betreuung_-170x115.jpg\" class=\"attachment-thumbnail size-thumbnail\" alt=\"\" \/><\/a>\r\n\t\t\t<\/dt><\/dl><dl class='gallery-item'>\r\n\t\t\t<dt class='gallery-icon landscape'>\r\n\t\t\t\t<a title=\"Robotikbau 1_\"  href='https:\/\/www.kloster-metten.com\/?attachment_id=12254'><img loading=\"lazy\" decoding=\"async\" width=\"170\" height=\"115\" src=\"https:\/\/www.kloster-metten.com\/wp-content\/uploads\/2019\/03\/Robotikbau-1_-170x115.jpg\" class=\"attachment-thumbnail size-thumbnail\" alt=\"\" \/><\/a>\r\n\t\t\t<\/dt><\/dl>\r\n\t\t\t<br style='clear: both' \/>\r\n\t\t<\/div>\n\n<p>&nbsp;<\/p>\n","protected":false},"excerpt":{"rendered":"<p>Faschingsferien mal anders! IT-Workshop mit Rohde&amp;Schwarz am St.-Michaels-Gymnasium Metten Angesto\u00dfen durch eine ehemalige Sch\u00fclerin fand zum Ende der Faschingsferien am St.-Michaels-Gymnasiums Metten in Zusammenarbeit mit der Firma Rohde&amp;Schwarz zum ersten Mal ein IT-Workshop statt. Insgesamt 15 technikbegeisterte Jugendliche (5 Sch\u00fclerinnen u. 10 Sch\u00fcler; 9.-12. Jgst.) erweiterten in dem dreit\u00e4gigen Workshop, jeweils von 8.30 \u2013 16.00 [&hellip;]<\/p>\n","protected":false},"author":5,"featured_media":0,"parent":12589,"menu_order":29,"comment_status":"closed","ping_status":"closed","template":"","meta":{"footnotes":""},"class_list":["post-12242","page","type-page","status-publish","hentry"],"_links":{"self":[{"href":"https:\/\/www.kloster-metten.com\/index.php?rest_route=\/wp\/v2\/pages\/12242","targetHints":{"allow":["GET"]}}],"collection":[{"href":"https:\/\/www.kloster-metten.com\/index.php?rest_route=\/wp\/v2\/pages"}],"about":[{"href":"https:\/\/www.kloster-metten.com\/index.php?rest_route=\/wp\/v2\/types\/page"}],"author":[{"embeddable":true,"href":"https:\/\/www.kloster-metten.com\/index.php?rest_route=\/wp\/v2\/users\/5"}],"replies":[{"embeddable":true,"href":"https:\/\/www.kloster-metten.com\/index.php?rest_route=%2Fwp%2Fv2%2Fcomments&post=12242"}],"version-history":[{"count":3,"href":"https:\/\/www.kloster-metten.com\/index.php?rest_route=\/wp\/v2\/pages\/12242\/revisions"}],"predecessor-version":[{"id":13034,"href":"https:\/\/www.kloster-metten.com\/index.php?rest_route=\/wp\/v2\/pages\/12242\/revisions\/13034"}],"up":[{"embeddable":true,"href":"https:\/\/www.kloster-metten.com\/index.php?rest_route=\/wp\/v2\/pages\/12589"}],"wp:attachment":[{"href":"https:\/\/www.kloster-metten.com\/index.php?rest_route=%2Fwp%2Fv2%2Fmedia&parent=12242"}],"curies":[{"name":"wp","href":"https:\/\/api.w.org\/{rel}","templated":true}]}}