{"id":12247,"date":"2019-03-24T18:24:03","date_gmt":"2019-03-24T17:24:03","guid":{"rendered":"https:\/\/www.kloster-metten.de\/?page_id=12247"},"modified":"2020-07-26T09:37:45","modified_gmt":"2020-07-26T07:37:45","slug":"schwungvoll-vielseitig-bunt-jung-und-dynamisch","status":"publish","type":"page","link":"https:\/\/www.kloster-metten.com\/?page_id=12247","title":{"rendered":"Schwungvoll  &#8211;  vielseitig  &#8211;  bunt  &#8211;  jung und dynamisch"},"content":{"rendered":"<a href=\"https:\/\/www.kloster-metten.com\/wp-content\/uploads\/2019\/03\/K800_2019-03-23-10.03.10.jpg\"><img loading=\"lazy\" decoding=\"async\" class=\"size-medium wp-image-12248 alignnone\" title=\"K800_2019-03-23 10.03.10\" src=\"https:\/\/www.kloster-metten.com\/wp-content\/uploads\/2019\/03\/K800_2019-03-23-10.03.10-500x375.jpg\" alt=\"\" width=\"500\" height=\"375\" srcset=\"https:\/\/www.kloster-metten.com\/wp-content\/uploads\/2019\/03\/K800_2019-03-23-10.03.10-500x375.jpg 500w, https:\/\/www.kloster-metten.com\/wp-content\/uploads\/2019\/03\/K800_2019-03-23-10.03.10-768x576.jpg 768w, https:\/\/www.kloster-metten.com\/wp-content\/uploads\/2019\/03\/K800_2019-03-23-10.03.10.jpg 800w\" sizes=\"auto, (max-width: 500px) 100vw, 500px\" \/><\/a><h2>Schwungvoll  &#8211;  vielseitig  &#8211;  bunt  &#8211;  jung und dynamisch<\/h2><p><\/p>\n<h3>Eindr\u00fccke vom Tag der offenen T\u00fcr am St.-Michaels-Gymnasium in Metten<\/h3>\n<p>Die Sonne strahlt durch die Fenster des Festsaals im St.-Michaels-Gymnasium Metten. Sie meint es besonders gut\u00a0 an diesem Fr\u00fchlings-Samstagmorgen. Schwungvoll spielt das Blasorchester der Kalliope auf. Mit einer Toga bekleidete F\u00fcnftkl\u00e4ssler rennen von einem Fototermin in ihrem Klassenzimmer zum Auftritt ihrer Chorklasse im Musiksaal. Nachdem als letztes Orchesterst\u00fcck der Bozner Bergsteigermarsch verklungen ist, erf\u00fcllt erwartungsvolles Raunen den Raum. Die Kalliope tritt ab und Pater Erhard Hinrainer, der Direktor der Schule, tritt auf. Er verleiht seiner gro\u00dfen Freude Ausdruck \u00fcber das zahlreiche Erscheinen der Anwesenden \u2013 der Festsaal ist gut gef\u00fcllt vom Baby \u00fcber das Kindergarten- und Grundschulkind bis zu den Eltern und Gro\u00dfeltern. Auch viele Kolleginnen und Kollegen haben ihre Kleinkinder mitgebracht.<\/p>\n<p>\u201eWas l\u00e4uft hier?\u201c fragt Pater Erhard die Anwesenden und beantwortet die Frage gleich selbst, indem er das vielseitige Angebot der Schule aufz\u00e4hlt. Mit 440 Sch\u00fclerinnen und Sch\u00fclern ist sie das kleinste der Gymnasien im Landkreis, was einen hilfreichen Einstieg an eine weiterf\u00fchrende Schule bedeutet. Trotzdem verf\u00fcgt sie \u00fcber drei Ausbildungsrichtungen.<\/p>\n\r\n\t\t<style type='text\/css'>\r\n\t\t\t#gallery-1 {\r\n\t\t\t\tmargin: auto;\r\n\t\t\t}\r\n\t\t\t#gallery-1 .gallery-item {\r\n\t\t\t\tfloat: left;\r\n\t\t\t\tmargin-top: 10px;\r\n\t\t\t\ttext-align: center;\r\n\t\t\t\twidth: 33%;\r\n\t\t\t}\r\n\t\t\t#gallery-1 hr {\r\n\t\t\t\theight: 1px;\r\n\t\t\t}\r\n\t\t\t#gallery-1 .gallery-caption {\r\n\t\t\t\tmargin-left: 0;\r\n\t\t\t}\r\n\t\t\t\/* see gallery_shortcode() in wp-includes\/media.php *\/\r\n\t\t<\/style>\n\t\t<div id='gallery-1' class='gallery galleryid-12247 gallery-columns-3 gallery-size-thumbnail'><hr class='null'><dl class='gallery-item'>\r\n\t\t\t<dt class='gallery-icon landscape'>\r\n\t\t\t\t<a title=\"UNADJUSTEDNONRAW_thumb_3a14\"  href='https:\/\/www.kloster-metten.com\/?attachment_id=12285'><img loading=\"lazy\" decoding=\"async\" width=\"170\" height=\"115\" src=\"https:\/\/www.kloster-metten.com\/wp-content\/uploads\/2019\/03\/UNADJUSTEDNONRAW_thumb_3a14-170x115.jpg\" class=\"attachment-thumbnail size-thumbnail\" alt=\"\" \/><\/a>\r\n\t\t\t<\/dt><\/dl><dl class='gallery-item'>\r\n\t\t\t<dt class='gallery-icon landscape'>\r\n\t\t\t\t<a title=\"UNADJUSTEDNONRAW_thumb_3a49\"  href='https:\/\/www.kloster-metten.com\/?attachment_id=12286'><img loading=\"lazy\" decoding=\"async\" width=\"170\" height=\"115\" src=\"https:\/\/www.kloster-metten.com\/wp-content\/uploads\/2019\/03\/UNADJUSTEDNONRAW_thumb_3a49-170x115.jpg\" class=\"attachment-thumbnail size-thumbnail\" alt=\"\" \/><\/a>\r\n\t\t\t<\/dt><\/dl><dl class='gallery-item'>\r\n\t\t\t<dt class='gallery-icon landscape'>\r\n\t\t\t\t<a title=\"UNADJUSTEDNONRAW_thumb_3a71\"  href='https:\/\/www.kloster-metten.com\/?attachment_id=12288'><img loading=\"lazy\" decoding=\"async\" width=\"170\" height=\"115\" src=\"https:\/\/www.kloster-metten.com\/wp-content\/uploads\/2019\/03\/UNADJUSTEDNONRAW_thumb_3a71-170x115.jpg\" class=\"attachment-thumbnail size-thumbnail\" alt=\"\" \/><\/a>\r\n\t\t\t<\/dt><\/dl><br style=\"clear: both\" \/><dl class='gallery-item'>\r\n\t\t\t<dt class='gallery-icon portrait'>\r\n\t\t\t\t<a title=\"UNADJUSTEDNONRAW_thumb_3a97\"  href='https:\/\/www.kloster-metten.com\/?attachment_id=12289'><img loading=\"lazy\" decoding=\"async\" width=\"170\" height=\"115\" src=\"https:\/\/www.kloster-metten.com\/wp-content\/uploads\/2019\/03\/UNADJUSTEDNONRAW_thumb_3a97-170x115.jpg\" class=\"attachment-thumbnail size-thumbnail\" alt=\"\" \/><\/a>\r\n\t\t\t<\/dt><\/dl><dl class='gallery-item'>\r\n\t\t\t<dt class='gallery-icon landscape'>\r\n\t\t\t\t<a title=\"UNADJUSTEDNONRAW_thumb_3ac6\"  href='https:\/\/www.kloster-metten.com\/?attachment_id=12290'><img loading=\"lazy\" decoding=\"async\" width=\"170\" height=\"115\" src=\"https:\/\/www.kloster-metten.com\/wp-content\/uploads\/2019\/03\/UNADJUSTEDNONRAW_thumb_3ac6-170x115.jpg\" class=\"attachment-thumbnail size-thumbnail\" alt=\"\" \/><\/a>\r\n\t\t\t<\/dt><\/dl><dl class='gallery-item'>\r\n\t\t\t<dt class='gallery-icon landscape'>\r\n\t\t\t\t<a title=\"UNADJUSTEDNONRAW_thumb_3ace\"  href='https:\/\/www.kloster-metten.com\/?attachment_id=12291'><img loading=\"lazy\" decoding=\"async\" width=\"170\" height=\"115\" src=\"https:\/\/www.kloster-metten.com\/wp-content\/uploads\/2019\/03\/UNADJUSTEDNONRAW_thumb_3ace-170x115.jpg\" class=\"attachment-thumbnail size-thumbnail\" alt=\"\" \/><\/a>\r\n\t\t\t<\/dt><\/dl><br style=\"clear: both\" \/><dl class='gallery-item'>\r\n\t\t\t<dt class='gallery-icon landscape'>\r\n\t\t\t\t<a title=\"UNADJUSTEDNONRAW_thumb_3af7\"  href='https:\/\/www.kloster-metten.com\/?attachment_id=12292'><img loading=\"lazy\" decoding=\"async\" width=\"170\" height=\"115\" src=\"https:\/\/www.kloster-metten.com\/wp-content\/uploads\/2019\/03\/UNADJUSTEDNONRAW_thumb_3af7-170x115.jpg\" class=\"attachment-thumbnail size-thumbnail\" alt=\"\" \/><\/a>\r\n\t\t\t<\/dt><\/dl><dl class='gallery-item'>\r\n\t\t\t<dt class='gallery-icon landscape'>\r\n\t\t\t\t<a title=\"UNADJUSTEDNONRAW_thumb_39c6\"  href='https:\/\/www.kloster-metten.com\/?attachment_id=12294'><img loading=\"lazy\" decoding=\"async\" width=\"170\" height=\"115\" src=\"https:\/\/www.kloster-metten.com\/wp-content\/uploads\/2019\/03\/UNADJUSTEDNONRAW_thumb_39c6-170x115.jpg\" class=\"attachment-thumbnail size-thumbnail\" alt=\"\" \/><\/a>\r\n\t\t\t<\/dt><\/dl><dl class='gallery-item'>\r\n\t\t\t<dt class='gallery-icon landscape'>\r\n\t\t\t\t<a title=\"UNADJUSTEDNONRAW_thumb_3963\"  href='https:\/\/www.kloster-metten.com\/?attachment_id=12296'><img loading=\"lazy\" decoding=\"async\" width=\"170\" height=\"115\" src=\"https:\/\/www.kloster-metten.com\/wp-content\/uploads\/2019\/03\/UNADJUSTEDNONRAW_thumb_3963-170x115.jpg\" class=\"attachment-thumbnail size-thumbnail\" alt=\"\" \/><\/a>\r\n\t\t\t<\/dt><\/dl><br style=\"clear: both\" \/>\r\n\t\t<\/div>\n\n<p>Der Unterricht im Fach Latein stellt die Basis f\u00fcr das Erlernen weiterer Fremdsprachen dar und ist die Grundlage f\u00fcr den Deutschunterricht. Dass Latein auch unseren Lebensalltag pr\u00e4gt, k\u00f6nnen die Besucherinnen und Besucher des halbst\u00fcndigen Lateinunterrichts, der im Verlauf des Vormittags angeboten worden ist, gleich selbst feststellen. Zum Lateinunterricht kommt in der achten Klasse am humanistischen Zweig der Griechischunterricht. Eine Stellwand in der Pausenhalle im zweiten Stock der Schule weist auf ber\u00fchmte Frauengestalten der Griechen hin und kn\u00fcpft damit an hundert Jahre Frauenwahlrecht an, eines der vielen historischen Daten, die in diesem Jahr gefeiert werden. F\u00fcr die neusprachliche Ausbildungsrichtung k\u00f6nnen im franz\u00f6sischen Bistro landestypische Spezialit\u00e4ten probiert werden. Es gibt in der Taberna Romana auch lateinische \u201eBrotaufstriche\u201c, Wortschatz l\u00e4sst sich auch durch Schmecken und Riechen lernen.<\/p>\n\r\n\t\t<style type='text\/css'>\r\n\t\t\t#gallery-2 {\r\n\t\t\t\tmargin: auto;\r\n\t\t\t}\r\n\t\t\t#gallery-2 .gallery-item {\r\n\t\t\t\tfloat: left;\r\n\t\t\t\tmargin-top: 10px;\r\n\t\t\t\ttext-align: center;\r\n\t\t\t\twidth: 33%;\r\n\t\t\t}\r\n\t\t\t#gallery-2 hr {\r\n\t\t\t\theight: 1px;\r\n\t\t\t}\r\n\t\t\t#gallery-2 .gallery-caption {\r\n\t\t\t\tmargin-left: 0;\r\n\t\t\t}\r\n\t\t\t\/* see gallery_shortcode() in wp-includes\/media.php *\/\r\n\t\t<\/style>\n\t\t<div id='gallery-2' class='gallery galleryid-12247 gallery-columns-3 gallery-size-thumbnail'><hr class='null'><dl class='gallery-item'>\r\n\t\t\t<dt class='gallery-icon landscape'>\r\n\t\t\t\t<a title=\"UNADJUSTEDNONRAW_thumb_3996\"  href='https:\/\/www.kloster-metten.com\/?attachment_id=12298'><img loading=\"lazy\" decoding=\"async\" width=\"170\" height=\"115\" src=\"https:\/\/www.kloster-metten.com\/wp-content\/uploads\/2019\/03\/UNADJUSTEDNONRAW_thumb_3996-170x115.jpg\" class=\"attachment-thumbnail size-thumbnail\" alt=\"\" \/><\/a>\r\n\t\t\t<\/dt><\/dl><dl class='gallery-item'>\r\n\t\t\t<dt class='gallery-icon landscape'>\r\n\t\t\t\t<a title=\"UNADJUSTEDNONRAW_thumb_3970\"  href='https:\/\/www.kloster-metten.com\/?attachment_id=12297'><img loading=\"lazy\" decoding=\"async\" width=\"170\" height=\"115\" src=\"https:\/\/www.kloster-metten.com\/wp-content\/uploads\/2019\/03\/UNADJUSTEDNONRAW_thumb_3970-170x115.jpg\" class=\"attachment-thumbnail size-thumbnail\" alt=\"\" \/><\/a>\r\n\t\t\t<\/dt><\/dl><dl class='gallery-item'>\r\n\t\t\t<dt class='gallery-icon landscape'>\r\n\t\t\t\t<a title=\"UNADJUSTEDNONRAW_thumb_39ea\"  href='https:\/\/www.kloster-metten.com\/?attachment_id=12295'><img loading=\"lazy\" decoding=\"async\" width=\"170\" height=\"115\" src=\"https:\/\/www.kloster-metten.com\/wp-content\/uploads\/2019\/03\/UNADJUSTEDNONRAW_thumb_39ea-170x115.jpg\" class=\"attachment-thumbnail size-thumbnail\" alt=\"\" \/><\/a>\r\n\t\t\t<\/dt><\/dl><br style=\"clear: both\" \/><dl class='gallery-item'>\r\n\t\t\t<dt class='gallery-icon landscape'>\r\n\t\t\t\t<a title=\"UNADJUSTEDNONRAW_thumb_39b8\"  href='https:\/\/www.kloster-metten.com\/?attachment_id=12293'><img loading=\"lazy\" decoding=\"async\" width=\"170\" height=\"115\" src=\"https:\/\/www.kloster-metten.com\/wp-content\/uploads\/2019\/03\/UNADJUSTEDNONRAW_thumb_39b8-170x115.jpg\" class=\"attachment-thumbnail size-thumbnail\" alt=\"\" \/><\/a>\r\n\t\t\t<\/dt><\/dl><dl class='gallery-item'>\r\n\t\t\t<dt class='gallery-icon landscape'>\r\n\t\t\t\t<a title=\"UNADJUSTEDNONRAW_thumb_3a54\"  href='https:\/\/www.kloster-metten.com\/?attachment_id=12287'><img loading=\"lazy\" decoding=\"async\" width=\"170\" height=\"115\" src=\"https:\/\/www.kloster-metten.com\/wp-content\/uploads\/2019\/03\/UNADJUSTEDNONRAW_thumb_3a54-170x115.jpg\" class=\"attachment-thumbnail size-thumbnail\" alt=\"\" \/><\/a>\r\n\t\t\t<\/dt><\/dl><dl class='gallery-item'>\r\n\t\t\t<dt class='gallery-icon landscape'>\r\n\t\t\t\t<a title=\"UNADJUSTEDNONRAW_thumb_3a6c\"  href='https:\/\/www.kloster-metten.com\/?attachment_id=12284'><img loading=\"lazy\" decoding=\"async\" width=\"170\" height=\"115\" src=\"https:\/\/www.kloster-metten.com\/wp-content\/uploads\/2019\/03\/UNADJUSTEDNONRAW_thumb_3a6c-170x115.jpg\" class=\"attachment-thumbnail size-thumbnail\" alt=\"\" \/><\/a>\r\n\t\t\t<\/dt><\/dl><br style=\"clear: both\" \/><dl class='gallery-item'>\r\n\t\t\t<dt class='gallery-icon landscape'>\r\n\t\t\t\t<a title=\"UNADJUSTEDNONRAW_thumb_3a5b\"  href='https:\/\/www.kloster-metten.com\/?attachment_id=12283'><img loading=\"lazy\" decoding=\"async\" width=\"170\" height=\"115\" src=\"https:\/\/www.kloster-metten.com\/wp-content\/uploads\/2019\/03\/UNADJUSTEDNONRAW_thumb_3a5b-170x115.jpg\" class=\"attachment-thumbnail size-thumbnail\" alt=\"\" \/><\/a>\r\n\t\t\t<\/dt><\/dl>\r\n\t\t\t<br style='clear: both' \/>\r\n\t\t<\/div>\n\n<p>\u201eWo r\u00fchrt sich was und sieht man was?\u201c, setzt Pater Erhard seine Ansprache fort, \u201eim MINT-Bereich unserer Schule.\u201c Das St.-Michaels-Gymnasium ist eines von drei MINT-Excellence-Centern. Beim anschlie\u00dfenden Rundgang probieren die Besucher in zahlreichen Experimenten gerne aus, was die F\u00e4cher Biologie, Chemie und Physik im Angebot haben.<\/p>\n<p>Der Referent schlie\u00dft seine Ansprache mit dem Hinweis auf die offene Ganztagsschule. Au\u00dferdem ist erst ab der achten Klasse an einem Nachmittag verpflichtender Unterricht.<\/p>\n\r\n\t\t<style type='text\/css'>\r\n\t\t\t#gallery-3 {\r\n\t\t\t\tmargin: auto;\r\n\t\t\t}\r\n\t\t\t#gallery-3 .gallery-item {\r\n\t\t\t\tfloat: left;\r\n\t\t\t\tmargin-top: 10px;\r\n\t\t\t\ttext-align: center;\r\n\t\t\t\twidth: 33%;\r\n\t\t\t}\r\n\t\t\t#gallery-3 hr {\r\n\t\t\t\theight: 1px;\r\n\t\t\t}\r\n\t\t\t#gallery-3 .gallery-caption {\r\n\t\t\t\tmargin-left: 0;\r\n\t\t\t}\r\n\t\t\t\/* see gallery_shortcode() in wp-includes\/media.php *\/\r\n\t\t<\/style>\n\t\t<div id='gallery-3' class='gallery galleryid-12247 gallery-columns-3 gallery-size-thumbnail'><hr class='null'><dl class='gallery-item'>\r\n\t\t\t<dt class='gallery-icon portrait'>\r\n\t\t\t\t<a title=\"K800_2019-03-23 10.05.11\"  href='https:\/\/www.kloster-metten.com\/?attachment_id=12264'><img loading=\"lazy\" decoding=\"async\" width=\"170\" height=\"101\" src=\"https:\/\/www.kloster-metten.com\/wp-content\/uploads\/2019\/03\/K800_2019-03-23-10.05.11-e1553455293132-170x101.jpg\" class=\"attachment-thumbnail size-thumbnail\" alt=\"\" \/><\/a>\r\n\t\t\t<\/dt><\/dl><dl class='gallery-item'>\r\n\t\t\t<dt class='gallery-icon landscape'>\r\n\t\t\t\t<a title=\"K800_2019-03-23 09.50.24\"  href='https:\/\/www.kloster-metten.com\/?attachment_id=12263'><img loading=\"lazy\" decoding=\"async\" width=\"170\" height=\"115\" src=\"https:\/\/www.kloster-metten.com\/wp-content\/uploads\/2019\/03\/K800_2019-03-23-09.50.24-170x115.jpg\" class=\"attachment-thumbnail size-thumbnail\" alt=\"\" \/><\/a>\r\n\t\t\t<\/dt><\/dl><dl class='gallery-item'>\r\n\t\t\t<dt class='gallery-icon landscape'>\r\n\t\t\t\t<a title=\"14_2019\"  href='https:\/\/www.kloster-metten.com\/?attachment_id=12262'><img loading=\"lazy\" decoding=\"async\" width=\"170\" height=\"115\" src=\"https:\/\/www.kloster-metten.com\/wp-content\/uploads\/2019\/03\/14_2019-170x115.jpg\" class=\"attachment-thumbnail size-thumbnail\" alt=\"\" \/><\/a>\r\n\t\t\t<\/dt><\/dl><br style=\"clear: both\" \/><dl class='gallery-item'>\r\n\t\t\t<dt class='gallery-icon landscape'>\r\n\t\t\t\t<a title=\"13_2019\"  href='https:\/\/www.kloster-metten.com\/?attachment_id=12261'><img loading=\"lazy\" decoding=\"async\" width=\"170\" height=\"115\" src=\"https:\/\/www.kloster-metten.com\/wp-content\/uploads\/2019\/03\/13_2019-170x115.jpg\" class=\"attachment-thumbnail size-thumbnail\" alt=\"\" \/><\/a>\r\n\t\t\t<\/dt><\/dl><dl class='gallery-item'>\r\n\t\t\t<dt class='gallery-icon landscape'>\r\n\t\t\t\t<a title=\"10_2019\"  href='https:\/\/www.kloster-metten.com\/?attachment_id=12260'><img loading=\"lazy\" decoding=\"async\" width=\"170\" height=\"115\" src=\"https:\/\/www.kloster-metten.com\/wp-content\/uploads\/2019\/03\/10_2019-170x115.jpg\" class=\"attachment-thumbnail size-thumbnail\" alt=\"\" \/><\/a>\r\n\t\t\t<\/dt><\/dl><dl class='gallery-item'>\r\n\t\t\t<dt class='gallery-icon landscape'>\r\n\t\t\t\t<a title=\"9_2019\"  href='https:\/\/www.kloster-metten.com\/?attachment_id=12259'><img loading=\"lazy\" decoding=\"async\" width=\"170\" height=\"115\" src=\"https:\/\/www.kloster-metten.com\/wp-content\/uploads\/2019\/03\/9_2019-170x115.jpg\" class=\"attachment-thumbnail size-thumbnail\" alt=\"\" \/><\/a>\r\n\t\t\t<\/dt><\/dl><br style=\"clear: both\" \/><dl class='gallery-item'>\r\n\t\t\t<dt class='gallery-icon landscape'>\r\n\t\t\t\t<a title=\"7_2019\"  href='https:\/\/www.kloster-metten.com\/?attachment_id=12258'><img loading=\"lazy\" decoding=\"async\" width=\"170\" height=\"115\" src=\"https:\/\/www.kloster-metten.com\/wp-content\/uploads\/2019\/03\/7_2019-170x115.jpg\" class=\"attachment-thumbnail size-thumbnail\" alt=\"\" \/><\/a>\r\n\t\t\t<\/dt><\/dl><dl class='gallery-item'>\r\n\t\t\t<dt class='gallery-icon landscape'>\r\n\t\t\t\t<a title=\"6_2019\"  href='https:\/\/www.kloster-metten.com\/?attachment_id=12257'><img loading=\"lazy\" decoding=\"async\" width=\"170\" height=\"115\" src=\"https:\/\/www.kloster-metten.com\/wp-content\/uploads\/2019\/03\/6_2019-170x115.jpg\" class=\"attachment-thumbnail size-thumbnail\" alt=\"\" \/><\/a>\r\n\t\t\t<\/dt><\/dl><dl class='gallery-item'>\r\n\t\t\t<dt class='gallery-icon landscape'>\r\n\t\t\t\t<a title=\"4_2019\"  href='https:\/\/www.kloster-metten.com\/?attachment_id=12256'><img loading=\"lazy\" decoding=\"async\" width=\"170\" height=\"115\" src=\"https:\/\/www.kloster-metten.com\/wp-content\/uploads\/2019\/03\/4_2019-170x115.jpg\" class=\"attachment-thumbnail size-thumbnail\" alt=\"\" \/><\/a>\r\n\t\t\t<\/dt><\/dl><br style=\"clear: both\" \/>\r\n\t\t<\/div>\n\n<p>W\u00e4hrend der letzten Worte des Direktors werden sieben F\u00fchrungsst\u00e4be mit dem Mettener M f\u00fcr die T\u00fcrme der St.-Michaels-Kirche hereingetragen in Gr\u00fcn, Violett, Rot und weiteren Farben. Ein F\u00fchrungsteam aus Elf- und Zw\u00f6lftkl\u00e4ssernInnen, je einer Lehrkraft und einem \u201ehelfenden Geist\u201c steht bereit zur Betreuung der G\u00e4ste auf den verschlungenen Pfaden des Schulhauses vom Speisesaal im Keller bis zum Zeichensaal im dritten Stock. Was manchen Besucher zum Schluss der F\u00fchrung verwirrt, haben die F\u00fcnftkl\u00e4sslerInnen am Beginn des neuen Schuljahres bereits in der ersten Woche gelernt. Bei einer Schulhausralley mit Quiz und nahrhaften Gewinnen werden sie von der Tutorengruppe des Gymnasiums mit all den Anlaufstationen vertraut gemacht, die f\u00fcr sie wichtig sind. Daher sind unter den Oberstufensch\u00fclern und -sch\u00fclerinnen auch Mitglieder der Tutorengruppe, die aus ihrem Schulalltag und ihrem Schulleben erz\u00e4hlen und die famili\u00e4re Atmosph\u00e4re der Schule hervorheben. Sie wird auch beim Gang durchs Haus an jeder Station deutlich. \u201eKommt`s `rein!\u201c hei\u00dft es zum Beispiel im Biologiesaal. \u201eGeht mit Apollo 11 auf Raumfahrt!\u201c \u201eNutzt die VR-Brillen, deren Anschaffung durch die Mitgliedschaft im MINT-EC-Netzwerk m\u00f6glich geworden ist!\u201c \u201eAuch Abt Wolfgang war schon da und ist begeistert Achterbahn gefahren.\u201c<\/p>\n<p>So schwungvoll, wie er begonnen hat, endet der Besichtigungsvormittag. Nach einer begeisternden Akkrobatikvorf\u00fchrung in der Turnhalle marschiert die Kalliope ein und spielt als Kehraus \u201eGaudeamus igitur\u201c, das Lied, das bei der j\u00e4hrlichen Abifeier zum Abschluss gesungen wird.<\/p>\n\r\n\t\t<style type='text\/css'>\r\n\t\t\t#gallery-4 {\r\n\t\t\t\tmargin: auto;\r\n\t\t\t}\r\n\t\t\t#gallery-4 .gallery-item {\r\n\t\t\t\tfloat: left;\r\n\t\t\t\tmargin-top: 10px;\r\n\t\t\t\ttext-align: center;\r\n\t\t\t\twidth: 33%;\r\n\t\t\t}\r\n\t\t\t#gallery-4 hr {\r\n\t\t\t\theight: 1px;\r\n\t\t\t}\r\n\t\t\t#gallery-4 .gallery-caption {\r\n\t\t\t\tmargin-left: 0;\r\n\t\t\t}\r\n\t\t\t\/* see gallery_shortcode() in wp-includes\/media.php *\/\r\n\t\t<\/style>\n\t\t<div id='gallery-4' class='gallery galleryid-12247 gallery-columns-3 gallery-size-thumbnail'><hr class='null'><dl class='gallery-item'>\r\n\t\t\t<dt class='gallery-icon landscape'>\r\n\t\t\t\t<a title=\"K800_2019-03-23 10.05.36\"  href='https:\/\/www.kloster-metten.com\/?attachment_id=12267'><img loading=\"lazy\" decoding=\"async\" width=\"170\" height=\"115\" src=\"https:\/\/www.kloster-metten.com\/wp-content\/uploads\/2019\/03\/K800_2019-03-23-10.05.36-170x115.jpg\" class=\"attachment-thumbnail size-thumbnail\" alt=\"\" \/><\/a>\r\n\t\t\t<\/dt><\/dl><dl class='gallery-item'>\r\n\t\t\t<dt class='gallery-icon landscape'>\r\n\t\t\t\t<a title=\"K800_2019-03-23 10.07.22\"  href='https:\/\/www.kloster-metten.com\/?attachment_id=12268'><img loading=\"lazy\" decoding=\"async\" width=\"170\" height=\"115\" src=\"https:\/\/www.kloster-metten.com\/wp-content\/uploads\/2019\/03\/K800_2019-03-23-10.07.22-170x115.jpg\" class=\"attachment-thumbnail size-thumbnail\" alt=\"\" \/><\/a>\r\n\t\t\t<\/dt><\/dl><dl class='gallery-item'>\r\n\t\t\t<dt class='gallery-icon portrait'>\r\n\t\t\t\t<a title=\"K800_2019-03-23 10.09.36-1\"  href='https:\/\/www.kloster-metten.com\/?attachment_id=12269'><img loading=\"lazy\" decoding=\"async\" width=\"170\" height=\"115\" src=\"https:\/\/www.kloster-metten.com\/wp-content\/uploads\/2019\/03\/K800_2019-03-23-10.09.36-1-e1553455580199-170x115.jpg\" class=\"attachment-thumbnail size-thumbnail\" alt=\"\" \/><\/a>\r\n\t\t\t<\/dt><\/dl><br style=\"clear: both\" \/><dl class='gallery-item'>\r\n\t\t\t<dt class='gallery-icon portrait'>\r\n\t\t\t\t<a title=\"K800_2019-03-23 10.19.11\"  href='https:\/\/www.kloster-metten.com\/?attachment_id=12270'><img loading=\"lazy\" decoding=\"async\" width=\"170\" height=\"115\" src=\"https:\/\/www.kloster-metten.com\/wp-content\/uploads\/2019\/03\/K800_2019-03-23-10.19.11-e1553455498260-170x115.jpg\" class=\"attachment-thumbnail size-thumbnail\" alt=\"\" \/><\/a>\r\n\t\t\t<\/dt><\/dl><dl class='gallery-item'>\r\n\t\t\t<dt class='gallery-icon portrait'>\r\n\t\t\t\t<a title=\"K800_2019-03-23 10.20.24\"  href='https:\/\/www.kloster-metten.com\/?attachment_id=12271'><img loading=\"lazy\" decoding=\"async\" width=\"170\" height=\"115\" src=\"https:\/\/www.kloster-metten.com\/wp-content\/uploads\/2019\/03\/K800_2019-03-23-10.20.24-e1553455490890-170x115.jpg\" class=\"attachment-thumbnail size-thumbnail\" alt=\"\" \/><\/a>\r\n\t\t\t<\/dt><\/dl><dl class='gallery-item'>\r\n\t\t\t<dt class='gallery-icon landscape'>\r\n\t\t\t\t<a title=\"K800_2019-03-23 11.28.28\"  href='https:\/\/www.kloster-metten.com\/?attachment_id=12272'><img loading=\"lazy\" decoding=\"async\" width=\"170\" height=\"115\" src=\"https:\/\/www.kloster-metten.com\/wp-content\/uploads\/2019\/03\/K800_2019-03-23-11.28.28-170x115.jpg\" class=\"attachment-thumbnail size-thumbnail\" alt=\"\" \/><\/a>\r\n\t\t\t<\/dt><\/dl><br style=\"clear: both\" \/><dl class='gallery-item'>\r\n\t\t\t<dt class='gallery-icon landscape'>\r\n\t\t\t\t<a title=\"K800_2019-03-23 11.43.45\"  href='https:\/\/www.kloster-metten.com\/?attachment_id=12273'><img loading=\"lazy\" decoding=\"async\" width=\"170\" height=\"115\" src=\"https:\/\/www.kloster-metten.com\/wp-content\/uploads\/2019\/03\/K800_2019-03-23-11.43.45-170x115.jpg\" class=\"attachment-thumbnail size-thumbnail\" alt=\"\" \/><\/a>\r\n\t\t\t<\/dt><\/dl><dl class='gallery-item'>\r\n\t\t\t<dt class='gallery-icon portrait'>\r\n\t\t\t\t<a title=\"K800_2019-03-23 11.44.04\"  href='https:\/\/www.kloster-metten.com\/?attachment_id=12274'><img loading=\"lazy\" decoding=\"async\" width=\"170\" height=\"115\" src=\"https:\/\/www.kloster-metten.com\/wp-content\/uploads\/2019\/03\/K800_2019-03-23-11.44.04-e1553455481245-170x115.jpg\" class=\"attachment-thumbnail size-thumbnail\" alt=\"\" \/><\/a>\r\n\t\t\t<\/dt><\/dl><dl class='gallery-item'>\r\n\t\t\t<dt class='gallery-icon portrait'>\r\n\t\t\t\t<a title=\"K800_2019-03-23 11.49.02\"  href='https:\/\/www.kloster-metten.com\/?attachment_id=12275'><img loading=\"lazy\" decoding=\"async\" width=\"170\" height=\"115\" src=\"https:\/\/www.kloster-metten.com\/wp-content\/uploads\/2019\/03\/K800_2019-03-23-11.49.02-e1553455470640-170x115.jpg\" class=\"attachment-thumbnail size-thumbnail\" alt=\"\" \/><\/a>\r\n\t\t\t<\/dt><\/dl><br style=\"clear: both\" \/>\r\n\t\t<\/div>\n\n","protected":false},"excerpt":{"rendered":"<p>Schwungvoll &#8211; vielseitig &#8211; bunt &#8211; jung und dynamisch Eindr\u00fccke vom Tag der offenen T\u00fcr am St.-Michaels-Gymnasium in Metten Die Sonne strahlt durch die Fenster des Festsaals im St.-Michaels-Gymnasium Metten. Sie meint es besonders gut\u00a0 an diesem Fr\u00fchlings-Samstagmorgen. Schwungvoll spielt das Blasorchester der Kalliope auf. Mit einer Toga bekleidete F\u00fcnftkl\u00e4ssler rennen von einem Fototermin in [&hellip;]<\/p>\n","protected":false},"author":5,"featured_media":0,"parent":12589,"menu_order":25,"comment_status":"closed","ping_status":"closed","template":"","meta":{"footnotes":""},"class_list":["post-12247","page","type-page","status-publish","hentry"],"_links":{"self":[{"href":"https:\/\/www.kloster-metten.com\/index.php?rest_route=\/wp\/v2\/pages\/12247","targetHints":{"allow":["GET"]}}],"collection":[{"href":"https:\/\/www.kloster-metten.com\/index.php?rest_route=\/wp\/v2\/pages"}],"about":[{"href":"https:\/\/www.kloster-metten.com\/index.php?rest_route=\/wp\/v2\/types\/page"}],"author":[{"embeddable":true,"href":"https:\/\/www.kloster-metten.com\/index.php?rest_route=\/wp\/v2\/users\/5"}],"replies":[{"embeddable":true,"href":"https:\/\/www.kloster-metten.com\/index.php?rest_route=%2Fwp%2Fv2%2Fcomments&post=12247"}],"version-history":[{"count":6,"href":"https:\/\/www.kloster-metten.com\/index.php?rest_route=\/wp\/v2\/pages\/12247\/revisions"}],"predecessor-version":[{"id":13035,"href":"https:\/\/www.kloster-metten.com\/index.php?rest_route=\/wp\/v2\/pages\/12247\/revisions\/13035"}],"up":[{"embeddable":true,"href":"https:\/\/www.kloster-metten.com\/index.php?rest_route=\/wp\/v2\/pages\/12589"}],"wp:attachment":[{"href":"https:\/\/www.kloster-metten.com\/index.php?rest_route=%2Fwp%2Fv2%2Fmedia&parent=12247"}],"curies":[{"name":"wp","href":"https:\/\/api.w.org\/{rel}","templated":true}]}}