{"id":12277,"date":"2019-03-25T19:56:41","date_gmt":"2019-03-25T18:56:41","guid":{"rendered":"https:\/\/www.kloster-metten.de\/?page_id=12277"},"modified":"2020-07-26T09:38:13","modified_gmt":"2020-07-26T07:38:13","slug":"eu-projekttag-mit-mdb-i-r-barthl-kalb","status":"publish","type":"page","link":"https:\/\/www.kloster-metten.com\/?page_id=12277","title":{"rendered":"EU-Projekttag mit MdB i. R. Barthl Kalb"},"content":{"rendered":"<h2>EU-Projekttag mit MdB i. R. Barthl Kalb<\/h2><p><strong>\u00a0<a href=\"https:\/\/www.kloster-metten.com\/wp-content\/uploads\/2019\/03\/SAM_4723_.jpg\"><img loading=\"lazy\" decoding=\"async\" class=\"size-medium wp-image-12279 alignnone\" title=\"SAM_4723_\" src=\"https:\/\/www.kloster-metten.com\/wp-content\/uploads\/2019\/03\/SAM_4723_-500x375.jpg\" alt=\"\" width=\"500\" height=\"375\" srcset=\"https:\/\/www.kloster-metten.com\/wp-content\/uploads\/2019\/03\/SAM_4723_-500x375.jpg 500w, https:\/\/www.kloster-metten.com\/wp-content\/uploads\/2019\/03\/SAM_4723_-768x576.jpg 768w, https:\/\/www.kloster-metten.com\/wp-content\/uploads\/2019\/03\/SAM_4723_-1024x768.jpg 1024w, https:\/\/www.kloster-metten.com\/wp-content\/uploads\/2019\/03\/SAM_4723_.jpg 1824w\" sizes=\"auto, (max-width: 500px) 100vw, 500px\" \/><\/a><\/strong><\/p>\n<p>&nbsp;<\/p>\n<p>Am deutschlandweiten EU-Projekttag, dem 25. M\u00e4rz 2019, berichtete der ehemalige Bundestagsabgeordnete der Landkreise Deggendorf und Freyung-Grafenau den Sch\u00fclerinnen und Sch\u00fclern der 11. Jahrgangsstufe \u00fcber seine Arbeit als Mitglied des Deutschen Bundestages.<\/p>\n<p>Schulleiter Pater Erhard benannte in seiner Begr\u00fc\u00dfung einige Stationen der langj\u00e4hrigen politischen T\u00e4tigkeit von Herrn Kalb, der von 1978 bis 1986 Mitglied des Bayerischen Landtages und vom Februar 1987 bis zum September 2017 Mitglied des Deutschen Bundestages war.<\/p>\n<p>In seinem Vortrag erinnerte Herr Kalb auch an die besonders bedeutsamen historischen Jubil\u00e4en, die im Jahr 2019 anstehen, an das Grundgesetz aus dem Jahr 1949 sowie an den Fall des Eisernen Vorhangs und der Berliner Mauer im Jahr 1989 und die Bedeutung dieser Entwicklung f\u00fcr Europa.<\/p>\n<p>Seine Antworten auf die zahlreichen Fragen der Sch\u00fclerinnen und Sch\u00fcler machten deutlich, dass Herr Kalb auch im \u201epolitischen Ruhestand\u201c die aktuellen Ereignisse mit gro\u00dfem Interesse verfolgt und es aufgrund seiner langj\u00e4hrigen Erfahrungen bestens versteht, den Sch\u00fclerinnen und Sch\u00fclern Zusammenh\u00e4nge und Entwicklungen zu erkl\u00e4ren.<\/p>\n","protected":false},"excerpt":{"rendered":"<p>EU-Projekttag mit MdB i. R. Barthl Kalb\u00a0 &nbsp; Am deutschlandweiten EU-Projekttag, dem 25. M\u00e4rz 2019, berichtete der ehemalige Bundestagsabgeordnete der Landkreise Deggendorf und Freyung-Grafenau den Sch\u00fclerinnen und Sch\u00fclern der 11. Jahrgangsstufe \u00fcber seine Arbeit als Mitglied des Deutschen Bundestages. Schulleiter Pater Erhard benannte in seiner Begr\u00fc\u00dfung einige Stationen der langj\u00e4hrigen politischen T\u00e4tigkeit von Herrn Kalb, [&hellip;]<\/p>\n","protected":false},"author":5,"featured_media":0,"parent":12589,"menu_order":24,"comment_status":"closed","ping_status":"closed","template":"","meta":{"footnotes":""},"class_list":["post-12277","page","type-page","status-publish","hentry"],"_links":{"self":[{"href":"https:\/\/www.kloster-metten.com\/index.php?rest_route=\/wp\/v2\/pages\/12277","targetHints":{"allow":["GET"]}}],"collection":[{"href":"https:\/\/www.kloster-metten.com\/index.php?rest_route=\/wp\/v2\/pages"}],"about":[{"href":"https:\/\/www.kloster-metten.com\/index.php?rest_route=\/wp\/v2\/types\/page"}],"author":[{"embeddable":true,"href":"https:\/\/www.kloster-metten.com\/index.php?rest_route=\/wp\/v2\/users\/5"}],"replies":[{"embeddable":true,"href":"https:\/\/www.kloster-metten.com\/index.php?rest_route=%2Fwp%2Fv2%2Fcomments&post=12277"}],"version-history":[{"count":3,"href":"https:\/\/www.kloster-metten.com\/index.php?rest_route=\/wp\/v2\/pages\/12277\/revisions"}],"predecessor-version":[{"id":13036,"href":"https:\/\/www.kloster-metten.com\/index.php?rest_route=\/wp\/v2\/pages\/12277\/revisions\/13036"}],"up":[{"embeddable":true,"href":"https:\/\/www.kloster-metten.com\/index.php?rest_route=\/wp\/v2\/pages\/12589"}],"wp:attachment":[{"href":"https:\/\/www.kloster-metten.com\/index.php?rest_route=%2Fwp%2Fv2%2Fmedia&parent=12277"}],"curies":[{"name":"wp","href":"https:\/\/api.w.org\/{rel}","templated":true}]}}