{"id":123,"date":"2008-08-11T16:43:00","date_gmt":"2008-08-11T14:43:00","guid":{"rendered":"http:\/\/kloster-metten.de\/?page_id=123"},"modified":"2008-08-11T16:43:00","modified_gmt":"2008-08-11T14:43:00","slug":"postulat","status":"publish","type":"page","link":"https:\/\/www.kloster-metten.com\/?page_id=123","title":{"rendered":"Postulat"},"content":{"rendered":"<h2>Postulat<\/h2><p>Ein Mann, der sich nach gr\u00fcndlicher \u00dcberlegung dazu entschlie\u00dft, ins Kloster zu gehen, muss ein Aufnahmegesuch an den Abt richten. Diesem sind unter anderem beizuf\u00fcgen: ein polizeiliches F\u00fchrungszeugnis, Gesundheitszeugnis und Geburtsurkunde. Au\u00dferdem soll der Bewerber ledig und katholisch sein sowie entweder eine handwerkliche Ausbildung mit Abschluss als Geselle oder das Abitur gemacht haben.<\/p>\n<p>Der Abt legt dann dem Seniorenkapitel (einem Kreis von M\u00f6nchen, die ihn beraten) und dem Konventkapitel das Anliegen vor. F\u00e4llt die Antwort positiv aus, beginnt f\u00fcr den Kandidaten das ein halbes Jahr dauernde Postulat. In dieser Zeit der Bew\u00e4hrung und Pr\u00fcfung (postulare, lateinisch f\u00fcr pr\u00fcfen) lernt der Postulant das Klosterleben in seiner Vielfalt kennen. Dabei zeigt sich auch, ob er mit der Gemeinschaft und diese mit ihm zurecht kommt.  Seine t\u00e4gliche Arbeit wird ihm zugeteilt.<\/p>\n","protected":false},"excerpt":{"rendered":"<p>PostulatEin Mann, der sich nach gr\u00fcndlicher \u00dcberlegung dazu entschlie\u00dft, ins Kloster zu gehen, muss ein Aufnahmegesuch an den Abt richten. Diesem sind unter anderem beizuf\u00fcgen: ein polizeiliches F\u00fchrungszeugnis, Gesundheitszeugnis und Geburtsurkunde. Au\u00dferdem soll der Bewerber ledig und katholisch sein sowie entweder eine handwerkliche Ausbildung mit Abschluss als Geselle oder das Abitur gemacht haben. Der Abt [&hellip;]<\/p>\n","protected":false},"author":5,"featured_media":0,"parent":15,"menu_order":0,"comment_status":"closed","ping_status":"closed","template":"","meta":{"footnotes":""},"class_list":["post-123","page","type-page","status-publish","hentry"],"_links":{"self":[{"href":"https:\/\/www.kloster-metten.com\/index.php?rest_route=\/wp\/v2\/pages\/123","targetHints":{"allow":["GET"]}}],"collection":[{"href":"https:\/\/www.kloster-metten.com\/index.php?rest_route=\/wp\/v2\/pages"}],"about":[{"href":"https:\/\/www.kloster-metten.com\/index.php?rest_route=\/wp\/v2\/types\/page"}],"author":[{"embeddable":true,"href":"https:\/\/www.kloster-metten.com\/index.php?rest_route=\/wp\/v2\/users\/5"}],"replies":[{"embeddable":true,"href":"https:\/\/www.kloster-metten.com\/index.php?rest_route=%2Fwp%2Fv2%2Fcomments&post=123"}],"version-history":[{"count":0,"href":"https:\/\/www.kloster-metten.com\/index.php?rest_route=\/wp\/v2\/pages\/123\/revisions"}],"up":[{"embeddable":true,"href":"https:\/\/www.kloster-metten.com\/index.php?rest_route=\/wp\/v2\/pages\/15"}],"wp:attachment":[{"href":"https:\/\/www.kloster-metten.com\/index.php?rest_route=%2Fwp%2Fv2%2Fmedia&parent=123"}],"curies":[{"name":"wp","href":"https:\/\/api.w.org\/{rel}","templated":true}]}}