{"id":12350,"date":"2019-05-22T16:57:54","date_gmt":"2019-05-22T14:57:54","guid":{"rendered":"https:\/\/www.kloster-metten.de\/?page_id=12350"},"modified":"2022-09-17T11:26:23","modified_gmt":"2022-09-17T09:26:23","slug":"schueleraustausch-verbindet","status":"publish","type":"page","link":"https:\/\/www.kloster-metten.com\/?page_id=12350","title":{"rendered":"Sch\u00fcleraustausch verbindet"},"content":{"rendered":"<a href=\"https:\/\/www.kloster-metten.com\/wp-content\/uploads\/2019\/05\/indien2019-1.jpg\"><img loading=\"lazy\" decoding=\"async\" class=\"size-medium wp-image-12354 alignnone\" title=\"indien2019-1\" src=\"https:\/\/www.kloster-metten.com\/wp-content\/uploads\/2019\/05\/indien2019-1-500x375.jpg\" alt=\"\" width=\"500\" height=\"375\" srcset=\"https:\/\/www.kloster-metten.com\/wp-content\/uploads\/2019\/05\/indien2019-1-500x375.jpg 500w, https:\/\/www.kloster-metten.com\/wp-content\/uploads\/2019\/05\/indien2019-1-768x576.jpg 768w, https:\/\/www.kloster-metten.com\/wp-content\/uploads\/2019\/05\/indien2019-1-1024x768.jpg 1024w, https:\/\/www.kloster-metten.com\/wp-content\/uploads\/2019\/05\/indien2019-1.jpg 1600w\" sizes=\"auto, (max-width: 500px) 100vw, 500px\" \/><\/a><h2>Sch\u00fcleraustausch verbindet<\/h2><p><\/p>\n<p>In der vergangenen Woche nahmen zum bereits f\u00fcnften Mal 22 indische Sch\u00fclerinnen und Sch\u00fcler des Christ Junior Colleges mehrere tausend Kilometer auf sich, um ihre Austauschpartner am St.-Michaels Gymnasium in Metten zu besuchen. In dem beschaulichen bayerischen Weiler, der f\u00fcr die n\u00e4chsten zwei Wochen ihr Zuhause sein sollte, wurden sie herzlich von ihren Gastfamilien aufgenommen. Neben Einblicken in das deutsche Schulleben genossen die indischen G\u00e4ste zusammen mit ihren Austauschpartnern Ausfl\u00fcge in die n\u00e4here und weitere Umgebung: so durfte neben der historischen Altstadt von Regensburg auch Schloss Neuschwanstein oder \u2013 zum ersten Mal im Leben der indischen Sch\u00fclerinnen und Sch\u00fcler \u2013 Schnee auf der Zugspitze bestaunt werden.<\/p>\n<p>Bei bester Stimmung, indischen T\u00e4nzen und Kl\u00e4ngen sowie einem deutschen Grillfest fand der Austausch sein Ende. Bereits jetzt k\u00f6nnen sich die deutschen Sch\u00fclerinnen und Sch\u00fcler auf den Gegenbesuch im Herbst freuen.<\/p>\n\r\n\t\t<style type='text\/css'>\r\n\t\t\t#gallery-1 {\r\n\t\t\t\tmargin: auto;\r\n\t\t\t}\r\n\t\t\t#gallery-1 .gallery-item {\r\n\t\t\t\tfloat: left;\r\n\t\t\t\tmargin-top: 10px;\r\n\t\t\t\ttext-align: center;\r\n\t\t\t\twidth: 33%;\r\n\t\t\t}\r\n\t\t\t#gallery-1 hr {\r\n\t\t\t\theight: 1px;\r\n\t\t\t}\r\n\t\t\t#gallery-1 .gallery-caption {\r\n\t\t\t\tmargin-left: 0;\r\n\t\t\t}\r\n\t\t\t\/* see gallery_shortcode() in wp-includes\/media.php *\/\r\n\t\t<\/style>\n\t\t<div id='gallery-1' class='gallery galleryid-12350 gallery-columns-3 gallery-size-thumbnail'><hr class='null'><dl class='gallery-item'>\r\n\t\t\t<dt class='gallery-icon landscape'>\r\n\t\t\t\t<a title=\"indien2019-2\"  href='https:\/\/www.kloster-metten.com\/?attachment_id=12353'><img loading=\"lazy\" decoding=\"async\" width=\"170\" height=\"115\" src=\"https:\/\/www.kloster-metten.com\/wp-content\/uploads\/2019\/05\/indien2019-2-170x115.jpg\" class=\"attachment-thumbnail size-thumbnail\" alt=\"\" \/><\/a>\r\n\t\t\t<\/dt><\/dl><dl class='gallery-item'>\r\n\t\t\t<dt class='gallery-icon landscape'>\r\n\t\t\t\t<a title=\"indien2019-3\"  href='https:\/\/www.kloster-metten.com\/?attachment_id=12352'><img loading=\"lazy\" decoding=\"async\" width=\"170\" height=\"115\" src=\"https:\/\/www.kloster-metten.com\/wp-content\/uploads\/2019\/05\/indien2019-3-170x115.jpg\" class=\"attachment-thumbnail size-thumbnail\" alt=\"\" \/><\/a>\r\n\t\t\t<\/dt><\/dl><dl class='gallery-item'>\r\n\t\t\t<dt class='gallery-icon portrait'>\r\n\t\t\t\t<a title=\"indien2019-4\"  href='https:\/\/www.kloster-metten.com\/?attachment_id=12351'><img loading=\"lazy\" decoding=\"async\" width=\"170\" height=\"115\" src=\"https:\/\/www.kloster-metten.com\/wp-content\/uploads\/2019\/05\/indien2019-4-170x115.jpg\" class=\"attachment-thumbnail size-thumbnail\" alt=\"\" \/><\/a>\r\n\t\t\t<\/dt><\/dl><br style=\"clear: both\" \/>\r\n\t\t<\/div>\n\n","protected":false},"excerpt":{"rendered":"<p>Sch\u00fcleraustausch verbindet In der vergangenen Woche nahmen zum bereits f\u00fcnften Mal 22 indische Sch\u00fclerinnen und Sch\u00fcler des Christ Junior Colleges mehrere tausend Kilometer auf sich, um ihre Austauschpartner am St.-Michaels Gymnasium in Metten zu besuchen. In dem beschaulichen bayerischen Weiler, der f\u00fcr die n\u00e4chsten zwei Wochen ihr Zuhause sein sollte, wurden sie herzlich von ihren [&hellip;]<\/p>\n","protected":false},"author":5,"featured_media":0,"parent":12589,"menu_order":20,"comment_status":"closed","ping_status":"closed","template":"","meta":{"footnotes":""},"class_list":["post-12350","page","type-page","status-publish","hentry"],"_links":{"self":[{"href":"https:\/\/www.kloster-metten.com\/index.php?rest_route=\/wp\/v2\/pages\/12350","targetHints":{"allow":["GET"]}}],"collection":[{"href":"https:\/\/www.kloster-metten.com\/index.php?rest_route=\/wp\/v2\/pages"}],"about":[{"href":"https:\/\/www.kloster-metten.com\/index.php?rest_route=\/wp\/v2\/types\/page"}],"author":[{"embeddable":true,"href":"https:\/\/www.kloster-metten.com\/index.php?rest_route=\/wp\/v2\/users\/5"}],"replies":[{"embeddable":true,"href":"https:\/\/www.kloster-metten.com\/index.php?rest_route=%2Fwp%2Fv2%2Fcomments&post=12350"}],"version-history":[{"count":2,"href":"https:\/\/www.kloster-metten.com\/index.php?rest_route=\/wp\/v2\/pages\/12350\/revisions"}],"predecessor-version":[{"id":14012,"href":"https:\/\/www.kloster-metten.com\/index.php?rest_route=\/wp\/v2\/pages\/12350\/revisions\/14012"}],"up":[{"embeddable":true,"href":"https:\/\/www.kloster-metten.com\/index.php?rest_route=\/wp\/v2\/pages\/12589"}],"wp:attachment":[{"href":"https:\/\/www.kloster-metten.com\/index.php?rest_route=%2Fwp%2Fv2%2Fmedia&parent=12350"}],"curies":[{"name":"wp","href":"https:\/\/api.w.org\/{rel}","templated":true}]}}