{"id":12356,"date":"2019-05-22T17:15:00","date_gmt":"2019-05-22T15:15:00","guid":{"rendered":"https:\/\/www.kloster-metten.de\/?page_id=12356"},"modified":"2022-09-17T11:27:28","modified_gmt":"2022-09-17T09:27:28","slug":"juniorwahl","status":"publish","type":"page","link":"https:\/\/www.kloster-metten.com\/?page_id=12356","title":{"rendered":"Juniorwahl zur Europawahl 2019: Das St-Michaels-Gymnasium Metten war mit dabei!"},"content":{"rendered":"<a href=\"https:\/\/www.kloster-metten.com\/wp-content\/uploads\/2019\/05\/SAM_4942.jpg\"><img loading=\"lazy\" decoding=\"async\" class=\"size-medium wp-image-12359 alignnone\" title=\"SAM_4942\" src=\"https:\/\/www.kloster-metten.com\/wp-content\/uploads\/2019\/05\/SAM_4942-500x375.jpg\" alt=\"\" width=\"500\" height=\"375\" srcset=\"https:\/\/www.kloster-metten.com\/wp-content\/uploads\/2019\/05\/SAM_4942-500x375.jpg 500w, https:\/\/www.kloster-metten.com\/wp-content\/uploads\/2019\/05\/SAM_4942-768x576.jpg 768w, https:\/\/www.kloster-metten.com\/wp-content\/uploads\/2019\/05\/SAM_4942-1024x768.jpg 1024w, https:\/\/www.kloster-metten.com\/wp-content\/uploads\/2019\/05\/SAM_4942.jpg 1094w\" sizes=\"auto, (max-width: 500px) 100vw, 500px\" \/><\/a><h2>Juniorwahl zur Europawahl 2019: Das St-Michaels-Gymnasium Metten war mit dabei!<\/h2><p><\/p>\n<p>In dieser Woche ging es f\u00fcr die Sch\u00fclerinnen und Sch\u00fcler der Oberstufe des St.-Michaels-Gymnasiums Metten anl\u00e4sslich der Juniorwahl an die Wahlurne.<\/p>\n<p>Bereits im Herbst haben sich die Sch\u00fclerinnen und Sch\u00fcler an der U18-Wahl zur Landtagswahl in Bayern beteiligt.<\/p>\n<p>Bei der Juniorwahl geht es um das \u00dcben und Erleben von Demokratie. In den letzten Wochen stand das Thema \u201eDemokratie und Wahlen\u201c auf dem Stundenplan und nun ging es \u2013 wie bei der \u201eechten\u201c Europawahl am 26. Mai 2019 \u2013 f\u00fcr die Sch\u00fclerinnen und Sch\u00fcler mit Wahlbenachrichtigung und Ausweis in das Wahllokal.<\/p>\n<p>Die Wahlhelferinnen und Wahlhelfer, die W\u00e4hlerverzeichnisse angelegt haben und sp\u00e4ter die Stimmen ausz\u00e4hlen, \u00fcbernahmen aktiv Verantwortung und sorgten f\u00fcr einen reibungslosen Ablauf der Wahl.<\/p>\n<p>Bundesweit sind \u00fcber 2.700 Schulen mit \u00fcber 650.000 Sch\u00fclerinnen und Sch\u00fcler am Projekt beteiligt: <a href=\"https:\/\/www.juniorwahl.de\/europawahl-2019.html\">https:\/\/www.juniorwahl.de\/europawahl-2019.html<\/a><\/p>\n<p><strong>Wahlergebnis<\/strong><\/p>\n<p>Das Gesamtergebnis der Juniorwahl wird am Wahlsonntag, den 26. Mai 2019 um 18:00 Uhr auf <a href=\"http:\/\/www.juniorwahl.de\/\">http:\/\/www.juniorwahl.de<\/a> ver\u00f6ffentlicht.<\/p>\n<p><strong>Hintergrund Juniorwahl<\/strong><\/p>\n<p>Die Juniorwahl zur Europawahl 2019 wird bundesweit gef\u00f6rdert durch das Europ\u00e4ische Parlament, das Bundesministerium f\u00fcr Familie, Senioren, Frauen und Jugend und die Bundeszentrale f\u00fcr politische Bildung. Gef\u00f6rdert wird die Juniorwahl zur Europawahl 2019 in Bayern unter anderem durch das Kultusministerium.<\/p>\n<p>Seit 1999 wird die Juniorwahl als \u201ebest-practice-Projekt\u201c zur politischen Bildung bundesweit zu Landtagswahlen, Bundestagswahlen und Europawahlen durchgef\u00fchrt. Seither haben sich schon mehr als 3 Millionen Jugendliche beteiligt, wodurch die Juniorwahl zu den gr\u00f6\u00dften Schulprojekten in Deutschland z\u00e4hlt.<\/p>\n\r\n\t\t<style type='text\/css'>\r\n\t\t\t#gallery-1 {\r\n\t\t\t\tmargin: auto;\r\n\t\t\t}\r\n\t\t\t#gallery-1 .gallery-item {\r\n\t\t\t\tfloat: left;\r\n\t\t\t\tmargin-top: 10px;\r\n\t\t\t\ttext-align: center;\r\n\t\t\t\twidth: 33%;\r\n\t\t\t}\r\n\t\t\t#gallery-1 hr {\r\n\t\t\t\theight: 1px;\r\n\t\t\t}\r\n\t\t\t#gallery-1 .gallery-caption {\r\n\t\t\t\tmargin-left: 0;\r\n\t\t\t}\r\n\t\t\t\/* see gallery_shortcode() in wp-includes\/media.php *\/\r\n\t\t<\/style>\n\t\t<div id='gallery-1' class='gallery galleryid-12356 gallery-columns-3 gallery-size-thumbnail'><hr class='null'><dl class='gallery-item'>\r\n\t\t\t<dt class='gallery-icon landscape'>\r\n\t\t\t\t<a title=\"Juniorwahl 2_\"  href='https:\/\/www.kloster-metten.com\/?attachment_id=12365'><img loading=\"lazy\" decoding=\"async\" width=\"170\" height=\"115\" src=\"https:\/\/www.kloster-metten.com\/wp-content\/uploads\/2019\/05\/Juniorwahl-2_-170x115.jpg\" class=\"attachment-thumbnail size-thumbnail\" alt=\"\" \/><\/a>\r\n\t\t\t<\/dt><\/dl><dl class='gallery-item'>\r\n\t\t\t<dt class='gallery-icon landscape'>\r\n\t\t\t\t<a title=\"Juniorwahl 3_\"  href='https:\/\/www.kloster-metten.com\/?attachment_id=12366'><img loading=\"lazy\" decoding=\"async\" width=\"170\" height=\"115\" src=\"https:\/\/www.kloster-metten.com\/wp-content\/uploads\/2019\/05\/Juniorwahl-3_-170x115.jpg\" class=\"attachment-thumbnail size-thumbnail\" alt=\"\" \/><\/a>\r\n\t\t\t<\/dt><\/dl><dl class='gallery-item'>\r\n\t\t\t<dt class='gallery-icon landscape'>\r\n\t\t\t\t<a title=\"Juniorwahl 1\"  href='https:\/\/www.kloster-metten.com\/?attachment_id=12367'><img loading=\"lazy\" decoding=\"async\" width=\"170\" height=\"115\" src=\"https:\/\/www.kloster-metten.com\/wp-content\/uploads\/2019\/05\/Juniorwahl-1-170x115.jpg\" class=\"attachment-thumbnail size-thumbnail\" alt=\"\" \/><\/a>\r\n\t\t\t<\/dt><\/dl><br style=\"clear: both\" \/>\r\n\t\t<\/div>\n\n\r\n\t\t<style type='text\/css'>\r\n\t\t\t#gallery-2 {\r\n\t\t\t\tmargin: auto;\r\n\t\t\t}\r\n\t\t\t#gallery-2 .gallery-item {\r\n\t\t\t\tfloat: left;\r\n\t\t\t\tmargin-top: 10px;\r\n\t\t\t\ttext-align: center;\r\n\t\t\t\twidth: 33%;\r\n\t\t\t}\r\n\t\t\t#gallery-2 hr {\r\n\t\t\t\theight: 1px;\r\n\t\t\t}\r\n\t\t\t#gallery-2 .gallery-caption {\r\n\t\t\t\tmargin-left: 0;\r\n\t\t\t}\r\n\t\t\t\/* see gallery_shortcode() in wp-includes\/media.php *\/\r\n\t\t<\/style>\n\t\t<div id='gallery-2' class='gallery galleryid-12356 gallery-columns-3 gallery-size-thumbnail'><hr class='null'><dl class='gallery-item'>\r\n\t\t\t<dt class='gallery-icon landscape'>\r\n\t\t\t\t<a title=\"SAM_4934\"  href='https:\/\/www.kloster-metten.com\/?attachment_id=12360'><img loading=\"lazy\" decoding=\"async\" width=\"170\" height=\"115\" src=\"https:\/\/www.kloster-metten.com\/wp-content\/uploads\/2019\/05\/SAM_4934-170x115.jpg\" class=\"attachment-thumbnail size-thumbnail\" alt=\"\" \/><\/a>\r\n\t\t\t<\/dt><\/dl><dl class='gallery-item'>\r\n\t\t\t<dt class='gallery-icon portrait'>\r\n\t\t\t\t<a title=\"SAM_4940\"  href='https:\/\/www.kloster-metten.com\/?attachment_id=12358'><img loading=\"lazy\" decoding=\"async\" width=\"170\" height=\"115\" src=\"https:\/\/www.kloster-metten.com\/wp-content\/uploads\/2019\/05\/SAM_4940-170x115.jpg\" class=\"attachment-thumbnail size-thumbnail\" alt=\"\" \/><\/a>\r\n\t\t\t<\/dt><\/dl><dl class='gallery-item'>\r\n\t\t\t<dt class='gallery-icon portrait'>\r\n\t\t\t\t<a title=\"SAM_4955\"  href='https:\/\/www.kloster-metten.com\/?attachment_id=12357'><img loading=\"lazy\" decoding=\"async\" width=\"170\" height=\"115\" src=\"https:\/\/www.kloster-metten.com\/wp-content\/uploads\/2019\/05\/SAM_4955-170x115.jpg\" class=\"attachment-thumbnail size-thumbnail\" alt=\"\" \/><\/a>\r\n\t\t\t<\/dt><\/dl><br style=\"clear: both\" \/>\r\n\t\t<\/div>\n\n","protected":false},"excerpt":{"rendered":"<p>Juniorwahl zur Europawahl 2019: Das St-Michaels-Gymnasium Metten war mit dabei! In dieser Woche ging es f\u00fcr die Sch\u00fclerinnen und Sch\u00fcler der Oberstufe des St.-Michaels-Gymnasiums Metten anl\u00e4sslich der Juniorwahl an die Wahlurne. Bereits im Herbst haben sich die Sch\u00fclerinnen und Sch\u00fcler an der U18-Wahl zur Landtagswahl in Bayern beteiligt. Bei der Juniorwahl geht es um das [&hellip;]<\/p>\n","protected":false},"author":5,"featured_media":0,"parent":12589,"menu_order":19,"comment_status":"closed","ping_status":"closed","template":"","meta":{"footnotes":""},"class_list":["post-12356","page","type-page","status-publish","hentry"],"_links":{"self":[{"href":"https:\/\/www.kloster-metten.com\/index.php?rest_route=\/wp\/v2\/pages\/12356","targetHints":{"allow":["GET"]}}],"collection":[{"href":"https:\/\/www.kloster-metten.com\/index.php?rest_route=\/wp\/v2\/pages"}],"about":[{"href":"https:\/\/www.kloster-metten.com\/index.php?rest_route=\/wp\/v2\/types\/page"}],"author":[{"embeddable":true,"href":"https:\/\/www.kloster-metten.com\/index.php?rest_route=\/wp\/v2\/users\/5"}],"replies":[{"embeddable":true,"href":"https:\/\/www.kloster-metten.com\/index.php?rest_route=%2Fwp%2Fv2%2Fcomments&post=12356"}],"version-history":[{"count":5,"href":"https:\/\/www.kloster-metten.com\/index.php?rest_route=\/wp\/v2\/pages\/12356\/revisions"}],"predecessor-version":[{"id":14013,"href":"https:\/\/www.kloster-metten.com\/index.php?rest_route=\/wp\/v2\/pages\/12356\/revisions\/14013"}],"up":[{"embeddable":true,"href":"https:\/\/www.kloster-metten.com\/index.php?rest_route=\/wp\/v2\/pages\/12589"}],"wp:attachment":[{"href":"https:\/\/www.kloster-metten.com\/index.php?rest_route=%2Fwp%2Fv2%2Fmedia&parent=12356"}],"curies":[{"name":"wp","href":"https:\/\/api.w.org\/{rel}","templated":true}]}}