{"id":12369,"date":"2019-05-23T23:44:34","date_gmt":"2019-05-23T21:44:34","guid":{"rendered":"https:\/\/www.kloster-metten.de\/?page_id=12369"},"modified":"2019-06-04T11:44:25","modified_gmt":"2019-06-04T09:44:25","slug":"die-zukunft-bayerns-in-europa-ist-ohne-den-christlichen-glauben-nicht-vorstellbar","status":"publish","type":"page","link":"https:\/\/www.kloster-metten.com\/?page_id=12369","title":{"rendered":"\u201eDie Zukunft Bayerns in Europa ist ohne den christlichen Glauben nicht vorstellbar\u201c"},"content":{"rendered":"<h2>\u201eDie Zukunft Bayerns in Europa ist ohne den christlichen Glauben nicht vorstellbar\u201c<\/h2><h3><\/h3>\n<h3><a href=\"https:\/\/www.kloster-metten.com\/wp-content\/uploads\/2019\/05\/Bild-12.jpg\"><img loading=\"lazy\" decoding=\"async\" class=\"size-medium wp-image-12372 alignnone\" title=\"Bild (12)\" src=\"https:\/\/www.kloster-metten.com\/wp-content\/uploads\/2019\/05\/Bild-12-500x333.jpg\" alt=\"\" width=\"500\" height=\"333\" srcset=\"https:\/\/www.kloster-metten.com\/wp-content\/uploads\/2019\/05\/Bild-12-500x333.jpg 500w, https:\/\/www.kloster-metten.com\/wp-content\/uploads\/2019\/05\/Bild-12-768x512.jpg 768w, https:\/\/www.kloster-metten.com\/wp-content\/uploads\/2019\/05\/Bild-12-1024x683.jpg 1024w\" sizes=\"auto, (max-width: 500px) 100vw, 500px\" \/><\/a><\/h3>\n<h3>Peter Gauweiler beim Jahresempfang von Abtei und Markt Metten<\/h3>\n<p>Wie sieht die Zukunft Bayerns in Europa aus? Diese Frage stand im Mittelpunkt des Jahresempfangs der Abtei und des Marktes Metten im barocken Festsaal der Benediktinerabtei. Ehrengast und Festredner war der fr\u00fchere Spitzenpolitiker Peter Gauweiler. In der Woche vor der Europawahl spannte er einen Bogen von der christlich gepr\u00e4gten Geschichte Bayerns hin zur demokratischen Verantwortung der B\u00fcrger Europas f\u00fcr die Zukunft der Europ\u00e4ischen Union.<\/p>\n<p>In seiner Begr\u00fc\u00dfung dankte Abt Wolfgang Hagl OSB den Ehrenamtlichen in Vereinen und Organisationen in Metten f\u00fcr ihre engagierte und aufopfernde T\u00e4tigkeit und hob als besonders wichtigen Bereich die Jugendarbeit hervor.<\/p>\n<p>\u201eWer wissen will, wie das mit Bayern anfing, muss die Kl\u00f6ster des Heiligen Benedikt besuchen.\u201c, begann anschlie\u00dfend Peter Gauweiler seine Festrede. Die christlichen Wurzeln Europas h\u00e4tten ihren Ursprung vor allem in den Kl\u00f6stern des Hl. Benedikt, dem Patron Europas. Dabei sei wiederum die Abtei Metten als von Karl dem Gro\u00dfen und Herzog Tassilo gegr\u00fcndetes Kloster und als erstes wiedererrichtetes Kloster nach der S\u00e4kularisation in Bayern besonders hervorzuheben. Die christliche Religion dr\u00fccke sich in den Benediktinerkl\u00f6stern als Glaubenszentren aus, die \u201eweniger durch das Wort, als vielmehr durch ihre blo\u00dfe Existenz\u201c daf\u00fcr sorgen, dass das Glaubensleben in Bayern auch in Zukunft bestehen k\u00f6nne.<\/p>\n<p>Die Menschen in Bayern d\u00fcrften sich nicht durch Angriffe auf Glauben und Kirche verwirren lassen und sollten weiterhin standhaft f\u00fcr ihren Glauben eintreten, so Gauweiler. In seiner mit vielen Zitaten gespickten Rede appellierte Gauweiler an die Zuh\u00f6rer, den christlichen Glauben in Bayern von Generation zu Generation weiterzutragen und sich das Heft des Handelns innerhalb der Europ\u00e4ischen Union nicht aus der Hand nehmen zu lassen.<\/p>\n<p>Er rief dazu auf, die demokratischen Rechte an der Mitgestaltung der europ\u00e4ischen Union hochzuhalten und zu nutzen. Die europ\u00e4ischen Institutionen liefen Gefahr, sich zu verselbstst\u00e4ndigen. Bayern spiele f\u00fcr eine positive Entwicklung der Europ\u00e4ischen Union nicht nur auf Grund der wirtschaftlichen Prosperit\u00e4t, sondern besonders auf Grund seiner festen Glaubens- und Werteordnung eine entscheidende Rolle.<\/p>\n<p>Die Zukunft Bayerns in Europa k\u00f6nne also nur erfolgreich sein, wenn sich die Menschen weiter auf ihre christlichen Wurzeln besinnen und sich dazu bekennen. Mit einem Zitat Papst Benedikts XVI. fand Gauweiler die Antwort auf das Thema des Jahresempfangs:<\/p>\n<p>\u201eEin Bayern, in dem nicht mehr geglaubt w\u00fcrde, h\u00e4tte seine Seele verloren.\u201c, und er erg\u00e4nzte: \u201eEin Deutschland, in dem nicht mehr geglaubt w\u00fcrde\u2026, ein Europa, in dem nicht mehr geglaubt w\u00fcrde, h\u00e4tte seine Seele verloren.\u201c<\/p>\n\r\n\t\t<style type='text\/css'>\r\n\t\t\t#gallery-1 {\r\n\t\t\t\tmargin: auto;\r\n\t\t\t}\r\n\t\t\t#gallery-1 .gallery-item {\r\n\t\t\t\tfloat: left;\r\n\t\t\t\tmargin-top: 10px;\r\n\t\t\t\ttext-align: center;\r\n\t\t\t\twidth: 33%;\r\n\t\t\t}\r\n\t\t\t#gallery-1 hr {\r\n\t\t\t\theight: 1px;\r\n\t\t\t}\r\n\t\t\t#gallery-1 .gallery-caption {\r\n\t\t\t\tmargin-left: 0;\r\n\t\t\t}\r\n\t\t\t\/* see gallery_shortcode() in wp-includes\/media.php *\/\r\n\t\t<\/style>\n\t\t<div id='gallery-1' class='gallery galleryid-12369 gallery-columns-3 gallery-size-thumbnail'><hr class='null'><dl class='gallery-item'>\r\n\t\t\t<dt class='gallery-icon landscape'>\r\n\t\t\t\t<a title=\"Bild (1)\"  href='https:\/\/www.kloster-metten.com\/?attachment_id=12377'><img loading=\"lazy\" decoding=\"async\" width=\"170\" height=\"115\" src=\"https:\/\/www.kloster-metten.com\/wp-content\/uploads\/2019\/05\/Bild-1-170x115.jpg\" class=\"attachment-thumbnail size-thumbnail\" alt=\"\" \/><\/a>\r\n\t\t\t<\/dt><\/dl><dl class='gallery-item'>\r\n\t\t\t<dt class='gallery-icon portrait'>\r\n\t\t\t\t<a title=\"Bild (4)\"  href='https:\/\/www.kloster-metten.com\/?attachment_id=12376'><img loading=\"lazy\" decoding=\"async\" width=\"170\" height=\"115\" src=\"https:\/\/www.kloster-metten.com\/wp-content\/uploads\/2019\/05\/Bild-4-e1559641347984-170x115.jpg\" class=\"attachment-thumbnail size-thumbnail\" alt=\"\" \/><\/a>\r\n\t\t\t<\/dt><\/dl><dl class='gallery-item'>\r\n\t\t\t<dt class='gallery-icon portrait'>\r\n\t\t\t\t<a title=\"Bild (5)\"  href='https:\/\/www.kloster-metten.com\/?attachment_id=12375'><img loading=\"lazy\" decoding=\"async\" width=\"163\" height=\"115\" src=\"https:\/\/www.kloster-metten.com\/wp-content\/uploads\/2019\/05\/Bild-5-e1559641385220-163x115.jpg\" class=\"attachment-thumbnail size-thumbnail\" alt=\"\" \/><\/a>\r\n\t\t\t<\/dt><\/dl><br style=\"clear: both\" \/><dl class='gallery-item'>\r\n\t\t\t<dt class='gallery-icon landscape'>\r\n\t\t\t\t<a title=\"Bild (8)\"  href='https:\/\/www.kloster-metten.com\/?attachment_id=12374'><img loading=\"lazy\" decoding=\"async\" width=\"170\" height=\"115\" src=\"https:\/\/www.kloster-metten.com\/wp-content\/uploads\/2019\/05\/Bild-8-e1559641447478-170x115.jpg\" class=\"attachment-thumbnail size-thumbnail\" alt=\"\" srcset=\"https:\/\/www.kloster-metten.com\/wp-content\/uploads\/2019\/05\/Bild-8-e1559641447478-170x115.jpg 170w, https:\/\/www.kloster-metten.com\/wp-content\/uploads\/2019\/05\/Bild-8-e1559641447478-500x338.jpg 500w, https:\/\/www.kloster-metten.com\/wp-content\/uploads\/2019\/05\/Bild-8-e1559641447478-768x520.jpg 768w, https:\/\/www.kloster-metten.com\/wp-content\/uploads\/2019\/05\/Bild-8-e1559641447478-1024x693.jpg 1024w\" sizes=\"auto, (max-width: 170px) 100vw, 170px\" \/><\/a>\r\n\t\t\t<\/dt><\/dl><dl class='gallery-item'>\r\n\t\t\t<dt class='gallery-icon landscape'>\r\n\t\t\t\t<a title=\"Bild (10)\"  href='https:\/\/www.kloster-metten.com\/?attachment_id=12373'><img loading=\"lazy\" decoding=\"async\" width=\"170\" height=\"115\" src=\"https:\/\/www.kloster-metten.com\/wp-content\/uploads\/2019\/05\/Bild-10-170x115.jpg\" class=\"attachment-thumbnail size-thumbnail\" alt=\"\" \/><\/a>\r\n\t\t\t<\/dt><\/dl><dl class='gallery-item'>\r\n\t\t\t<dt class='gallery-icon landscape'>\r\n\t\t\t\t<a title=\"Bild (3)_\"  href='https:\/\/www.kloster-metten.com\/?attachment_id=12371'><img loading=\"lazy\" decoding=\"async\" width=\"170\" height=\"115\" src=\"https:\/\/www.kloster-metten.com\/wp-content\/uploads\/2019\/05\/Bild-3_-170x115.jpg\" class=\"attachment-thumbnail size-thumbnail\" alt=\"\" \/><\/a>\r\n\t\t\t<\/dt><\/dl><br style=\"clear: both\" \/><dl class='gallery-item'>\r\n\t\t\t<dt class='gallery-icon landscape'>\r\n\t\t\t\t<a title=\"Bild (2)_\"  href='https:\/\/www.kloster-metten.com\/?attachment_id=12370'><img loading=\"lazy\" decoding=\"async\" width=\"170\" height=\"115\" src=\"https:\/\/www.kloster-metten.com\/wp-content\/uploads\/2019\/05\/Bild-2_-170x115.jpg\" class=\"attachment-thumbnail size-thumbnail\" alt=\"\" \/><\/a>\r\n\t\t\t<\/dt><\/dl>\r\n\t\t\t<br style='clear: both' \/>\r\n\t\t<\/div>\n\n","protected":false},"excerpt":{"rendered":"<p>\u201eDie Zukunft Bayerns in Europa ist ohne den christlichen Glauben nicht vorstellbar\u201c Peter Gauweiler beim Jahresempfang von Abtei und Markt Metten Wie sieht die Zukunft Bayerns in Europa aus? Diese Frage stand im Mittelpunkt des Jahresempfangs der Abtei und des Marktes Metten im barocken Festsaal der Benediktinerabtei. Ehrengast und Festredner war der fr\u00fchere Spitzenpolitiker Peter [&hellip;]<\/p>\n","protected":false},"author":5,"featured_media":0,"parent":1120,"menu_order":-60,"comment_status":"closed","ping_status":"closed","template":"","meta":{"footnotes":""},"class_list":["post-12369","page","type-page","status-publish","hentry"],"_links":{"self":[{"href":"https:\/\/www.kloster-metten.com\/index.php?rest_route=\/wp\/v2\/pages\/12369","targetHints":{"allow":["GET"]}}],"collection":[{"href":"https:\/\/www.kloster-metten.com\/index.php?rest_route=\/wp\/v2\/pages"}],"about":[{"href":"https:\/\/www.kloster-metten.com\/index.php?rest_route=\/wp\/v2\/types\/page"}],"author":[{"embeddable":true,"href":"https:\/\/www.kloster-metten.com\/index.php?rest_route=\/wp\/v2\/users\/5"}],"replies":[{"embeddable":true,"href":"https:\/\/www.kloster-metten.com\/index.php?rest_route=%2Fwp%2Fv2%2Fcomments&post=12369"}],"version-history":[{"count":1,"href":"https:\/\/www.kloster-metten.com\/index.php?rest_route=\/wp\/v2\/pages\/12369\/revisions"}],"predecessor-version":[{"id":12378,"href":"https:\/\/www.kloster-metten.com\/index.php?rest_route=\/wp\/v2\/pages\/12369\/revisions\/12378"}],"up":[{"embeddable":true,"href":"https:\/\/www.kloster-metten.com\/index.php?rest_route=\/wp\/v2\/pages\/1120"}],"wp:attachment":[{"href":"https:\/\/www.kloster-metten.com\/index.php?rest_route=%2Fwp%2Fv2%2Fmedia&parent=12369"}],"curies":[{"name":"wp","href":"https:\/\/api.w.org\/{rel}","templated":true}]}}