{"id":12380,"date":"2019-06-04T11:34:08","date_gmt":"2019-06-04T09:34:08","guid":{"rendered":"https:\/\/www.kloster-metten.de\/?page_id=12380"},"modified":"2022-09-17T11:28:13","modified_gmt":"2022-09-17T09:28:13","slug":"mettener-handballer-werden-bayerischer-vizemeister-bei-jugend-trainiert-fuer-olympia","status":"publish","type":"page","link":"https:\/\/www.kloster-metten.com\/?page_id=12380","title":{"rendered":"Mettener Handballer werden Bayerischer Vizemeister bei Jugend trainiert f\u00fcr Olympia"},"content":{"rendered":"<h2>Mettener Handballer werden Bayerischer Vizemeister bei Jugend trainiert f\u00fcr Olympia<\/h2><p><strong><a href=\"https:\/\/www.kloster-metten.com\/wp-content\/uploads\/2019\/06\/IMG_6399_.jpg\"><img loading=\"lazy\" decoding=\"async\" class=\"size-medium wp-image-12381 alignnone\" title=\"IMG_6399_\" src=\"https:\/\/www.kloster-metten.com\/wp-content\/uploads\/2019\/06\/IMG_6399_-500x428.jpg\" alt=\"\" width=\"500\" height=\"428\" srcset=\"https:\/\/www.kloster-metten.com\/wp-content\/uploads\/2019\/06\/IMG_6399_-500x428.jpg 500w, https:\/\/www.kloster-metten.com\/wp-content\/uploads\/2019\/06\/IMG_6399_-768x658.jpg 768w, https:\/\/www.kloster-metten.com\/wp-content\/uploads\/2019\/06\/IMG_6399_-1024x877.jpg 1024w, https:\/\/www.kloster-metten.com\/wp-content\/uploads\/2019\/06\/IMG_6399_.jpg 1711w\" sizes=\"auto, (max-width: 500px) 100vw, 500px\" \/><\/a><\/strong><\/p>\n<p><strong>Coburg, 17.05.2019 \u2013 Mit einer 29:23-Niederlage gegen das Gymnasium Ernestium Coburg verpasste die Handballmannschaft der Wettkampfklasse Jungen IV des St.-Michaels-Gymnasiums zwar den Landessieg im Schulsportwettbewerb \u201eJugend trainiert f\u00fcr Olympia\u201c, kann aber trotzdem stolz auf den bayerischen Vizemeistertitel sein.<\/strong><\/p>\n<p>\u201eEin unvergessliches Erlebnis f\u00fcr Spieler und Mitsch\u00fcler\u201c, so waren sich die beiden Sportlehrer Tim Schulz (Coburg) und Rudi Bartlick (Metten) einig. Die Klassenkameradinnen und \u2013kameraden der Coburger Spieler hatten von der Schulleitung die Erlaubnis bekommen, das Spiel anzusehen und ihre Schulmannschaft kr\u00e4ftig anzufeuern. Somit traten die Spieler des St.-Michaels-Gymnasiums Metten vor einer pr\u00e4chtigen Kulisse in der Pestalozzi-Turnhalle gegen den nordbayerischen Meister aus Coburg an.<\/p>\n<p>Den besseren Start erwischte der Favorit aus Coburg, der das Spiel gleich an sich riss. Mit einigen sehr sch\u00f6nen Spielz\u00fcgen auf beiden Seiten gelang es schlie\u00dflich den Ernestinern, sich einen Vorsprung zu erspielen. Die vor allem im Zentrum agilen Mettener schafften es aber immer wieder, L\u00fccken zu finden, und konnten stets verk\u00fcrzen, allerdings merkte man den Niederbayern an, dass sie nicht in ihrer gewohnten Bestbesetzung, die den Weg bis zum Finale ebnete, angetreten war. In der zweiten Halbzeit war das Spiel ausgeglichener. Doch immer, wenn das Team aus Metten den Abstand verringern konnte, peitschten die knapp 300 Zuschauer das Ernestinum wieder nach vorne, so dass der Vorsprung mit 29:23 gekonnt ins Ziel gebracht wurde. Bei den Mettenern gl\u00e4nzte Jakob R\u00fcmmelein mit zw\u00f6lf Toren. Nach dem Abpfiff war die Freude bei Fans und Spielern aus Coburg riesig.<\/p>\n<p>Das Team des St.-Michaels-Gymnasiums, das auch mit einigen Spielern der SSG Metten gespickt ist, kann trotz der Niederlage auf das Erreichte stolz sein und wird im n\u00e4chsten Jahr hoffentlich wieder f\u00fcr Furore sorgen.<\/p>\n\r\n\t\t<style type='text\/css'>\r\n\t\t\t#gallery-1 {\r\n\t\t\t\tmargin: auto;\r\n\t\t\t}\r\n\t\t\t#gallery-1 .gallery-item {\r\n\t\t\t\tfloat: left;\r\n\t\t\t\tmargin-top: 10px;\r\n\t\t\t\ttext-align: center;\r\n\t\t\t\twidth: 33%;\r\n\t\t\t}\r\n\t\t\t#gallery-1 hr {\r\n\t\t\t\theight: 1px;\r\n\t\t\t}\r\n\t\t\t#gallery-1 .gallery-caption {\r\n\t\t\t\tmargin-left: 0;\r\n\t\t\t}\r\n\t\t\t\/* see gallery_shortcode() in wp-includes\/media.php *\/\r\n\t\t<\/style>\n\t\t<div id='gallery-1' class='gallery galleryid-12380 gallery-columns-3 gallery-size-thumbnail'><hr class='null'><dl class='gallery-item'>\r\n\t\t\t<dt class='gallery-icon portrait'>\r\n\t\t\t\t<a title=\"IMG_6084_\"  href='https:\/\/www.kloster-metten.com\/?attachment_id=12390'><img loading=\"lazy\" decoding=\"async\" width=\"170\" height=\"115\" src=\"https:\/\/www.kloster-metten.com\/wp-content\/uploads\/2019\/06\/IMG_6084_-e1559641126657-170x115.jpg\" class=\"attachment-thumbnail size-thumbnail\" alt=\"\" \/><\/a>\r\n\t\t\t<\/dt><\/dl><dl class='gallery-item'>\r\n\t\t\t<dt class='gallery-icon portrait'>\r\n\t\t\t\t<a title=\"IMG_6085_\"  href='https:\/\/www.kloster-metten.com\/?attachment_id=12389'><img loading=\"lazy\" decoding=\"async\" width=\"170\" height=\"115\" src=\"https:\/\/www.kloster-metten.com\/wp-content\/uploads\/2019\/06\/IMG_6085_-e1559641056269-170x115.jpg\" class=\"attachment-thumbnail size-thumbnail\" alt=\"\" \/><\/a>\r\n\t\t\t<\/dt><\/dl><dl class='gallery-item'>\r\n\t\t\t<dt class='gallery-icon landscape'>\r\n\t\t\t\t<a title=\"IMG_6148_\"  href='https:\/\/www.kloster-metten.com\/?attachment_id=12388'><img loading=\"lazy\" decoding=\"async\" width=\"170\" height=\"115\" src=\"https:\/\/www.kloster-metten.com\/wp-content\/uploads\/2019\/06\/IMG_6148_-170x115.jpg\" class=\"attachment-thumbnail size-thumbnail\" alt=\"\" \/><\/a>\r\n\t\t\t<\/dt><\/dl><br style=\"clear: both\" \/><dl class='gallery-item'>\r\n\t\t\t<dt class='gallery-icon landscape'>\r\n\t\t\t\t<a title=\"IMG_6144_\"  href='https:\/\/www.kloster-metten.com\/?attachment_id=12387'><img loading=\"lazy\" decoding=\"async\" width=\"170\" height=\"115\" src=\"https:\/\/www.kloster-metten.com\/wp-content\/uploads\/2019\/06\/IMG_6144_-170x115.jpg\" class=\"attachment-thumbnail size-thumbnail\" alt=\"\" \/><\/a>\r\n\t\t\t<\/dt><\/dl><dl class='gallery-item'>\r\n\t\t\t<dt class='gallery-icon landscape'>\r\n\t\t\t\t<a title=\"IMG_6150_\"  href='https:\/\/www.kloster-metten.com\/?attachment_id=12386'><img loading=\"lazy\" decoding=\"async\" width=\"170\" height=\"115\" src=\"https:\/\/www.kloster-metten.com\/wp-content\/uploads\/2019\/06\/IMG_6150_-170x115.jpg\" class=\"attachment-thumbnail size-thumbnail\" alt=\"\" \/><\/a>\r\n\t\t\t<\/dt><\/dl><dl class='gallery-item'>\r\n\t\t\t<dt class='gallery-icon landscape'>\r\n\t\t\t\t<a title=\"IMG_6184_\"  href='https:\/\/www.kloster-metten.com\/?attachment_id=12385'><img loading=\"lazy\" decoding=\"async\" width=\"170\" height=\"115\" src=\"https:\/\/www.kloster-metten.com\/wp-content\/uploads\/2019\/06\/IMG_6184_-170x115.jpg\" class=\"attachment-thumbnail size-thumbnail\" alt=\"\" \/><\/a>\r\n\t\t\t<\/dt><\/dl><br style=\"clear: both\" \/><dl class='gallery-item'>\r\n\t\t\t<dt class='gallery-icon landscape'>\r\n\t\t\t\t<a title=\"IMG_6184__\"  href='https:\/\/www.kloster-metten.com\/?attachment_id=12384'><img loading=\"lazy\" decoding=\"async\" width=\"170\" height=\"115\" src=\"https:\/\/www.kloster-metten.com\/wp-content\/uploads\/2019\/06\/IMG_6184__-170x115.jpg\" class=\"attachment-thumbnail size-thumbnail\" alt=\"\" \/><\/a>\r\n\t\t\t<\/dt><\/dl><dl class='gallery-item'>\r\n\t\t\t<dt class='gallery-icon landscape'>\r\n\t\t\t\t<a title=\"IMG_6269_\"  href='https:\/\/www.kloster-metten.com\/?attachment_id=12383'><img loading=\"lazy\" decoding=\"async\" width=\"170\" height=\"115\" src=\"https:\/\/www.kloster-metten.com\/wp-content\/uploads\/2019\/06\/IMG_6269_-170x115.jpg\" class=\"attachment-thumbnail size-thumbnail\" alt=\"\" \/><\/a>\r\n\t\t\t<\/dt><\/dl><dl class='gallery-item'>\r\n\t\t\t<dt class='gallery-icon landscape'>\r\n\t\t\t\t<a title=\"IMG_6361_\"  href='https:\/\/www.kloster-metten.com\/?attachment_id=12382'><img loading=\"lazy\" decoding=\"async\" width=\"170\" height=\"115\" src=\"https:\/\/www.kloster-metten.com\/wp-content\/uploads\/2019\/06\/IMG_6361_-170x115.jpg\" class=\"attachment-thumbnail size-thumbnail\" alt=\"\" \/><\/a>\r\n\t\t\t<\/dt><\/dl><br style=\"clear: both\" \/>\r\n\t\t<\/div>\n\n","protected":false},"excerpt":{"rendered":"<p>Mettener Handballer werden Bayerischer Vizemeister bei Jugend trainiert f\u00fcr Olympia Coburg, 17.05.2019 \u2013 Mit einer 29:23-Niederlage gegen das Gymnasium Ernestium Coburg verpasste die Handballmannschaft der Wettkampfklasse Jungen IV des St.-Michaels-Gymnasiums zwar den Landessieg im Schulsportwettbewerb \u201eJugend trainiert f\u00fcr Olympia\u201c, kann aber trotzdem stolz auf den bayerischen Vizemeistertitel sein. \u201eEin unvergessliches Erlebnis f\u00fcr Spieler und Mitsch\u00fcler\u201c, [&hellip;]<\/p>\n","protected":false},"author":5,"featured_media":0,"parent":12589,"menu_order":18,"comment_status":"closed","ping_status":"closed","template":"","meta":{"footnotes":""},"class_list":["post-12380","page","type-page","status-publish","hentry"],"_links":{"self":[{"href":"https:\/\/www.kloster-metten.com\/index.php?rest_route=\/wp\/v2\/pages\/12380","targetHints":{"allow":["GET"]}}],"collection":[{"href":"https:\/\/www.kloster-metten.com\/index.php?rest_route=\/wp\/v2\/pages"}],"about":[{"href":"https:\/\/www.kloster-metten.com\/index.php?rest_route=\/wp\/v2\/types\/page"}],"author":[{"embeddable":true,"href":"https:\/\/www.kloster-metten.com\/index.php?rest_route=\/wp\/v2\/users\/5"}],"replies":[{"embeddable":true,"href":"https:\/\/www.kloster-metten.com\/index.php?rest_route=%2Fwp%2Fv2%2Fcomments&post=12380"}],"version-history":[{"count":2,"href":"https:\/\/www.kloster-metten.com\/index.php?rest_route=\/wp\/v2\/pages\/12380\/revisions"}],"predecessor-version":[{"id":14014,"href":"https:\/\/www.kloster-metten.com\/index.php?rest_route=\/wp\/v2\/pages\/12380\/revisions\/14014"}],"up":[{"embeddable":true,"href":"https:\/\/www.kloster-metten.com\/index.php?rest_route=\/wp\/v2\/pages\/12589"}],"wp:attachment":[{"href":"https:\/\/www.kloster-metten.com\/index.php?rest_route=%2Fwp%2Fv2%2Fmedia&parent=12380"}],"curies":[{"name":"wp","href":"https:\/\/api.w.org\/{rel}","templated":true}]}}