{"id":12456,"date":"2019-07-23T19:53:55","date_gmt":"2019-07-23T17:53:55","guid":{"rendered":"https:\/\/www.kloster-metten.de\/?page_id=12456"},"modified":"2022-09-17T11:28:45","modified_gmt":"2022-09-17T09:28:45","slug":"mettener-schulschachmeisterschaft-2019","status":"publish","type":"page","link":"https:\/\/www.kloster-metten.com\/?page_id=12456","title":{"rendered":"Mettener Schulschachmeisterschaft 2019"},"content":{"rendered":"<h2>Mettener Schulschachmeisterschaft 2019<\/h2>\r\n<div id=\"attachment_12457\" style=\"width: 510px\" class=\"wp-caption alignnone\"><a href=\"https:\/\/www.kloster-metten.com\/wp-content\/uploads\/2019\/07\/20190716_114318.jpg\"><img loading=\"lazy\" decoding=\"async\" aria-describedby=\"caption-attachment-12457\" class=\"wp-image-12457 size-medium\" title=\"20190716_114318\" src=\"https:\/\/www.kloster-metten.com\/wp-content\/uploads\/2019\/07\/20190716_114318-500x281.jpg\" alt=\"\" width=\"500\" height=\"281\" srcset=\"https:\/\/www.kloster-metten.com\/wp-content\/uploads\/2019\/07\/20190716_114318-500x281.jpg 500w, https:\/\/www.kloster-metten.com\/wp-content\/uploads\/2019\/07\/20190716_114318-768x432.jpg 768w, https:\/\/www.kloster-metten.com\/wp-content\/uploads\/2019\/07\/20190716_114318-1024x576.jpg 1024w\" sizes=\"auto, (max-width: 500px) 100vw, 500px\" \/><\/a><p id=\"caption-attachment-12457\" class=\"wp-caption-text\">Die Gewinner pr\u00e4sentieren stolz ihre hart erk\u00e4mpften Pokale<\/p><\/div>\r\n\r\n<p>Das Spiel der K\u00f6nige erfreut sich an unserer Schule weiterhin gr\u00f6\u00dfter Beliebtheit. Bei der Schulschachmeisterschaft 2019 war genauso wie im letzten Jahr ein sehr gro\u00dfer Andrang zu vermelden und die Organisatoren konnten insgesamt 46 schachbegeisterte Sch\u00fclerinnen und Sch\u00fcler aus den Jahrgangsstufen 5-12 begr\u00fc\u00dfen.<\/p>\r\n<p>In dem auf hohem Niveau stattfindenden Turnier entbrannte auf den vorderen Brettern ein bis zum letzten Zug spannender Kampf um die besten Pl\u00e4tze. Nach sechs hart umk\u00e4mpften Runden konnte sich schlie\u00dflich Simon Tannert (7b) ungeschlagen durchsetzen und damit erstmals den Titel des Mettener Schulmeisters gewinnen. Auf den Pl\u00e4tzen zwei und drei folgten Vorjahres-sieger Sebastian K\u00f6ck (10b) und punktgleich Mika Bachmeier (10b) sowie Thomas Gigler (Q12).<\/p>\r\n<p>In der neu eingef\u00fchrten M\u00e4dchenwertung konnte sich C\u00e4cilie Saller (5a) verdient durchsetzen.<\/p>\r\n<p>\u00a0 <a href=\"https:\/\/www.kloster-metten.com\/wp-content\/uploads\/2019\/07\/20190716_090749.jpg\"><img loading=\"lazy\" decoding=\"async\" class=\"alignleft size-medium wp-image-12458\" title=\"20190716_090749\" src=\"https:\/\/www.kloster-metten.com\/wp-content\/uploads\/2019\/07\/20190716_090749-500x281.jpg\" alt=\"\" width=\"500\" height=\"281\" srcset=\"https:\/\/www.kloster-metten.com\/wp-content\/uploads\/2019\/07\/20190716_090749-500x281.jpg 500w, https:\/\/www.kloster-metten.com\/wp-content\/uploads\/2019\/07\/20190716_090749-768x432.jpg 768w, https:\/\/www.kloster-metten.com\/wp-content\/uploads\/2019\/07\/20190716_090749-1024x576.jpg 1024w\" sizes=\"auto, (max-width: 500px) 100vw, 500px\" \/><br \/>\r\n<\/a>\u00a0\u00a0<\/p>\r\n<p>&nbsp;<\/p>\r\n<p>&nbsp;<\/p>\r\n","protected":false},"excerpt":{"rendered":"<p>Mettener Schulschachmeisterschaft 2019Das Spiel der K\u00f6nige erfreut sich an unserer Schule weiterhin gr\u00f6\u00dfter Beliebtheit. Bei der Schulschachmeisterschaft 2019 war genauso wie im letzten Jahr ein sehr gro\u00dfer Andrang zu vermelden und die Organisatoren konnten insgesamt 46 schachbegeisterte Sch\u00fclerinnen und Sch\u00fcler aus den Jahrgangsstufen 5-12 begr\u00fc\u00dfen. In dem auf hohem Niveau stattfindenden Turnier entbrannte auf den [&hellip;]<\/p>\n","protected":false},"author":5,"featured_media":0,"parent":12589,"menu_order":17,"comment_status":"closed","ping_status":"closed","template":"","meta":{"footnotes":""},"class_list":["post-12456","page","type-page","status-publish","hentry"],"_links":{"self":[{"href":"https:\/\/www.kloster-metten.com\/index.php?rest_route=\/wp\/v2\/pages\/12456","targetHints":{"allow":["GET"]}}],"collection":[{"href":"https:\/\/www.kloster-metten.com\/index.php?rest_route=\/wp\/v2\/pages"}],"about":[{"href":"https:\/\/www.kloster-metten.com\/index.php?rest_route=\/wp\/v2\/types\/page"}],"author":[{"embeddable":true,"href":"https:\/\/www.kloster-metten.com\/index.php?rest_route=\/wp\/v2\/users\/5"}],"replies":[{"embeddable":true,"href":"https:\/\/www.kloster-metten.com\/index.php?rest_route=%2Fwp%2Fv2%2Fcomments&post=12456"}],"version-history":[{"count":3,"href":"https:\/\/www.kloster-metten.com\/index.php?rest_route=\/wp\/v2\/pages\/12456\/revisions"}],"predecessor-version":[{"id":14015,"href":"https:\/\/www.kloster-metten.com\/index.php?rest_route=\/wp\/v2\/pages\/12456\/revisions\/14015"}],"up":[{"embeddable":true,"href":"https:\/\/www.kloster-metten.com\/index.php?rest_route=\/wp\/v2\/pages\/12589"}],"wp:attachment":[{"href":"https:\/\/www.kloster-metten.com\/index.php?rest_route=%2Fwp%2Fv2%2Fmedia&parent=12456"}],"curies":[{"name":"wp","href":"https:\/\/api.w.org\/{rel}","templated":true}]}}