{"id":12461,"date":"2019-07-23T19:59:16","date_gmt":"2019-07-23T17:59:16","guid":{"rendered":"https:\/\/www.kloster-metten.de\/?page_id=12461"},"modified":"2022-09-17T11:29:29","modified_gmt":"2022-09-17T09:29:29","slug":"inklusionssportfest-am-st-michaels-gymnasium-metten","status":"publish","type":"page","link":"https:\/\/www.kloster-metten.com\/?page_id=12461","title":{"rendered":"Inklusionssportfest am St.-Michaels-Gymnasium Metten"},"content":{"rendered":"<h2>Inklusionssportfest am St.-Michaels-Gymnasium Metten<\/h2>\r\n<div id=\"attachment_12463\" style=\"width: 510px\" class=\"wp-caption alignnone\"><a href=\"https:\/\/www.kloster-metten.com\/wp-content\/uploads\/2019\/07\/Integratives-Sportfest-1_.jpg\"><img loading=\"lazy\" decoding=\"async\" aria-describedby=\"caption-attachment-12463\" class=\"wp-image-12463 size-medium\" title=\"Integratives Sportfest 1_\" src=\"https:\/\/www.kloster-metten.com\/wp-content\/uploads\/2019\/07\/Integratives-Sportfest-1_-500x321.jpg\" alt=\"\" width=\"500\" height=\"321\" srcset=\"https:\/\/www.kloster-metten.com\/wp-content\/uploads\/2019\/07\/Integratives-Sportfest-1_-500x321.jpg 500w, https:\/\/www.kloster-metten.com\/wp-content\/uploads\/2019\/07\/Integratives-Sportfest-1_-768x493.jpg 768w, https:\/\/www.kloster-metten.com\/wp-content\/uploads\/2019\/07\/Integratives-Sportfest-1_-1024x657.jpg 1024w, https:\/\/www.kloster-metten.com\/wp-content\/uploads\/2019\/07\/Integratives-Sportfest-1_.jpg 2004w\" sizes=\"auto, (max-width: 500px) 100vw, 500px\" \/><\/a><p id=\"caption-attachment-12463\" class=\"wp-caption-text\">Nur mit Teamwork konnten die einzelnen Stationen erfolgreich absolviert werden<\/p><\/div>\r\n\r\n<p>Am vergangenen Montag fand am St.-Michaels-Gymnasium Metten das erste regionale integrative Sportfest unter dem Motto <strong>\u201cSpa\u00df! Erlebnis! Gemeinsamkeit!\u201d<\/strong> statt. \u00dcber 130 Sch\u00fcler der Mettener Unterstufe und 50 Sch\u00fcler der St.-Notker-Schule Deggendorf (F\u00f6rderzentrum mit dem F\u00f6rderschwerpunkt geistige Entwicklung) nahmen an diesem Ereignis teil, welches durch das P-Seminar Sport der Q11 organisiert wurde.<\/p>\r\n<p>Eingeteilt in gemischte Kleingruppen warteten auf die Kinder verschiedenste herausfordernde Stationen wie Torwandwerfen, Leitergolf, Bowling oder Wasserbombenschlacht, die sie gemeinsam absolvieren mussten, um f\u00fcr ihr Team m\u00f6glichst viele Punkte zu erringen.<\/p>\r\n<p>Neben den sportlichen Aufgaben gab es aber auch gen\u00fcgend Gelegenheit f\u00fcr die Sch\u00fcler der beiden Schulen, sich gegenseitig n\u00e4her kennenzulernen und Erfahrungen auszutauschen. Gest\u00e4rkt durch reichlich Verpflegung wurde der Vormittag gemeinsam in ausgelassener Stimmung verbracht.<\/p>\r\n<p>Getreu dem Motto \u201eDabei sein ist alles\u201c durften sich am Ende alle Teilnehmer \u00fcber eine Medaille und einen kleinen Preis f\u00fcr ihre hervorragenden Leistungen freuen.<\/p>\r\n<p>Aufgrund des hochmotivierten Einsatzes aller Sportlerinnen und Sportler und Dank der engagierten Mithilfe vieler Sch\u00fcler des St.-Michaels-Gymnasiums, welche die Aufgabe der Kampfrichter \u00fcbernahmen, wurde das Sportfest zu einem vollen Erfolg, da zudem auch das Wetter mitspielte und die Spiele mit strahlendem Sonnenschein begleitete. Und wer wei\u00df, vielleicht steht im n\u00e4chsten Schuljahr bereits die zweite Ausgabe des Inklusionssportfestes an.<\/p>\r\n\r\n<div id=\"attachment_12462\" style=\"width: 510px\" class=\"wp-caption alignnone\"><a href=\"https:\/\/www.kloster-metten.com\/wp-content\/uploads\/2019\/07\/Integratives-Sportfest-2_.jpg\"><img loading=\"lazy\" decoding=\"async\" aria-describedby=\"caption-attachment-12462\" class=\"wp-image-12462 size-medium\" title=\"Integratives Sportfest 2_\" src=\"https:\/\/www.kloster-metten.com\/wp-content\/uploads\/2019\/07\/Integratives-Sportfest-2_-500x387.jpg\" alt=\"\" width=\"500\" height=\"387\" srcset=\"https:\/\/www.kloster-metten.com\/wp-content\/uploads\/2019\/07\/Integratives-Sportfest-2_-500x387.jpg 500w, https:\/\/www.kloster-metten.com\/wp-content\/uploads\/2019\/07\/Integratives-Sportfest-2_-768x594.jpg 768w, https:\/\/www.kloster-metten.com\/wp-content\/uploads\/2019\/07\/Integratives-Sportfest-2_-1024x792.jpg 1024w, https:\/\/www.kloster-metten.com\/wp-content\/uploads\/2019\/07\/Integratives-Sportfest-2_.jpg 1569w\" sizes=\"auto, (max-width: 500px) 100vw, 500px\" \/><\/a><p id=\"caption-attachment-12462\" class=\"wp-caption-text\">Der sportliche Ehrgeiz der Kinder war schnell geweckt<\/p><\/div>\r\n\r\n\r\n\t\t<style type='text\/css'>\r\n\t\t\t#gallery-1 {\r\n\t\t\t\tmargin: auto;\r\n\t\t\t}\r\n\t\t\t#gallery-1 .gallery-item {\r\n\t\t\t\tfloat: left;\r\n\t\t\t\tmargin-top: 10px;\r\n\t\t\t\ttext-align: center;\r\n\t\t\t\twidth: 33%;\r\n\t\t\t}\r\n\t\t\t#gallery-1 hr {\r\n\t\t\t\theight: 1px;\r\n\t\t\t}\r\n\t\t\t#gallery-1 .gallery-caption {\r\n\t\t\t\tmargin-left: 0;\r\n\t\t\t}\r\n\t\t\t\/* see gallery_shortcode() in wp-includes\/media.php *\/\r\n\t\t<\/style>\n\t\t<div id='gallery-1' class='gallery galleryid-12461 gallery-columns-3 gallery-size-thumbnail'><hr class='null'><dl class='gallery-item'>\r\n\t\t\t<dt class='gallery-icon portrait'>\r\n\t\t\t\t<a title=\"SAM_5615_\"  href='https:\/\/www.kloster-metten.com\/?attachment_id=12469'><img loading=\"lazy\" decoding=\"async\" width=\"170\" height=\"115\" src=\"https:\/\/www.kloster-metten.com\/wp-content\/uploads\/2019\/07\/SAM_5615_-170x115.jpg\" class=\"attachment-thumbnail size-thumbnail\" alt=\"\" \/><\/a>\r\n\t\t\t<\/dt><\/dl><dl class='gallery-item'>\r\n\t\t\t<dt class='gallery-icon landscape'>\r\n\t\t\t\t<a title=\"SAM_5640_\"  href='https:\/\/www.kloster-metten.com\/?attachment_id=12470'><img loading=\"lazy\" decoding=\"async\" width=\"170\" height=\"115\" src=\"https:\/\/www.kloster-metten.com\/wp-content\/uploads\/2019\/07\/SAM_5640_-170x115.jpg\" class=\"attachment-thumbnail size-thumbnail\" alt=\"\" \/><\/a>\r\n\t\t\t<\/dt><\/dl><dl class='gallery-item'>\r\n\t\t\t<dt class='gallery-icon landscape'>\r\n\t\t\t\t<a title=\"SAM_5639_\"  href='https:\/\/www.kloster-metten.com\/?attachment_id=12471'><img loading=\"lazy\" decoding=\"async\" width=\"170\" height=\"115\" src=\"https:\/\/www.kloster-metten.com\/wp-content\/uploads\/2019\/07\/SAM_5639_-170x115.jpg\" class=\"attachment-thumbnail size-thumbnail\" alt=\"\" \/><\/a>\r\n\t\t\t<\/dt><\/dl><br style=\"clear: both\" \/><dl class='gallery-item'>\r\n\t\t\t<dt class='gallery-icon landscape'>\r\n\t\t\t\t<a title=\"SAM_5630_\"  href='https:\/\/www.kloster-metten.com\/?attachment_id=12472'><img loading=\"lazy\" decoding=\"async\" width=\"170\" height=\"115\" src=\"https:\/\/www.kloster-metten.com\/wp-content\/uploads\/2019\/07\/SAM_5630_-170x115.jpg\" class=\"attachment-thumbnail size-thumbnail\" alt=\"\" \/><\/a>\r\n\t\t\t<\/dt><\/dl><dl class='gallery-item'>\r\n\t\t\t<dt class='gallery-icon landscape'>\r\n\t\t\t\t<a title=\"SAM_5623_\"  href='https:\/\/www.kloster-metten.com\/?attachment_id=12473'><img loading=\"lazy\" decoding=\"async\" width=\"170\" height=\"115\" src=\"https:\/\/www.kloster-metten.com\/wp-content\/uploads\/2019\/07\/SAM_5623_-170x115.jpg\" class=\"attachment-thumbnail size-thumbnail\" alt=\"\" \/><\/a>\r\n\t\t\t<\/dt><\/dl><dl class='gallery-item'>\r\n\t\t\t<dt class='gallery-icon landscape'>\r\n\t\t\t\t<a title=\"SAM_5611_\"  href='https:\/\/www.kloster-metten.com\/?attachment_id=12474'><img loading=\"lazy\" decoding=\"async\" width=\"170\" height=\"115\" src=\"https:\/\/www.kloster-metten.com\/wp-content\/uploads\/2019\/07\/SAM_5611_-170x115.jpg\" class=\"attachment-thumbnail size-thumbnail\" alt=\"\" \/><\/a>\r\n\t\t\t<\/dt><\/dl><br style=\"clear: both\" \/><dl class='gallery-item'>\r\n\t\t\t<dt class='gallery-icon landscape'>\r\n\t\t\t\t<a title=\"SAM_5610_\"  href='https:\/\/www.kloster-metten.com\/?attachment_id=12475'><img loading=\"lazy\" decoding=\"async\" width=\"170\" height=\"115\" src=\"https:\/\/www.kloster-metten.com\/wp-content\/uploads\/2019\/07\/SAM_5610_-170x115.jpg\" class=\"attachment-thumbnail size-thumbnail\" alt=\"\" \/><\/a>\r\n\t\t\t<\/dt><\/dl><dl class='gallery-item'>\r\n\t\t\t<dt class='gallery-icon landscape'>\r\n\t\t\t\t<a title=\"SAM_5607_\"  href='https:\/\/www.kloster-metten.com\/?attachment_id=12476'><img loading=\"lazy\" decoding=\"async\" width=\"170\" height=\"115\" src=\"https:\/\/www.kloster-metten.com\/wp-content\/uploads\/2019\/07\/SAM_5607_-170x115.jpg\" class=\"attachment-thumbnail size-thumbnail\" alt=\"\" \/><\/a>\r\n\t\t\t<\/dt><\/dl><dl class='gallery-item'>\r\n\t\t\t<dt class='gallery-icon landscape'>\r\n\t\t\t\t<a title=\"SAM_5602_\"  href='https:\/\/www.kloster-metten.com\/?attachment_id=12477'><img loading=\"lazy\" decoding=\"async\" width=\"170\" height=\"115\" src=\"https:\/\/www.kloster-metten.com\/wp-content\/uploads\/2019\/07\/SAM_5602_-170x115.jpg\" class=\"attachment-thumbnail size-thumbnail\" alt=\"\" \/><\/a>\r\n\t\t\t<\/dt><\/dl><br style=\"clear: both\" \/>\r\n\t\t<\/div>\n\r\n<p>a\u00a0<\/p>\r\n","protected":false},"excerpt":{"rendered":"<p>Inklusionssportfest am St.-Michaels-Gymnasium MettenAm vergangenen Montag fand am St.-Michaels-Gymnasium Metten das erste regionale integrative Sportfest unter dem Motto \u201cSpa\u00df! Erlebnis! Gemeinsamkeit!\u201d statt. \u00dcber 130 Sch\u00fcler der Mettener Unterstufe und 50 Sch\u00fcler der St.-Notker-Schule Deggendorf (F\u00f6rderzentrum mit dem F\u00f6rderschwerpunkt geistige Entwicklung) nahmen an diesem Ereignis teil, welches durch das P-Seminar Sport der Q11 organisiert wurde. Eingeteilt [&hellip;]<\/p>\n","protected":false},"author":5,"featured_media":0,"parent":12589,"menu_order":16,"comment_status":"closed","ping_status":"closed","template":"","meta":{"footnotes":""},"class_list":["post-12461","page","type-page","status-publish","hentry"],"_links":{"self":[{"href":"https:\/\/www.kloster-metten.com\/index.php?rest_route=\/wp\/v2\/pages\/12461","targetHints":{"allow":["GET"]}}],"collection":[{"href":"https:\/\/www.kloster-metten.com\/index.php?rest_route=\/wp\/v2\/pages"}],"about":[{"href":"https:\/\/www.kloster-metten.com\/index.php?rest_route=\/wp\/v2\/types\/page"}],"author":[{"embeddable":true,"href":"https:\/\/www.kloster-metten.com\/index.php?rest_route=\/wp\/v2\/users\/5"}],"replies":[{"embeddable":true,"href":"https:\/\/www.kloster-metten.com\/index.php?rest_route=%2Fwp%2Fv2%2Fcomments&post=12461"}],"version-history":[{"count":4,"href":"https:\/\/www.kloster-metten.com\/index.php?rest_route=\/wp\/v2\/pages\/12461\/revisions"}],"predecessor-version":[{"id":12478,"href":"https:\/\/www.kloster-metten.com\/index.php?rest_route=\/wp\/v2\/pages\/12461\/revisions\/12478"}],"up":[{"embeddable":true,"href":"https:\/\/www.kloster-metten.com\/index.php?rest_route=\/wp\/v2\/pages\/12589"}],"wp:attachment":[{"href":"https:\/\/www.kloster-metten.com\/index.php?rest_route=%2Fwp%2Fv2%2Fmedia&parent=12461"}],"curies":[{"name":"wp","href":"https:\/\/api.w.org\/{rel}","templated":true}]}}