{"id":12498,"date":"2019-07-23T22:57:36","date_gmt":"2019-07-23T20:57:36","guid":{"rendered":"https:\/\/www.kloster-metten.de\/?page_id=12498"},"modified":"2022-09-17T11:30:08","modified_gmt":"2022-09-17T09:30:08","slug":"werte-als-fundament-der-gesellschaft-projekttag-am-st-michaels-gymmasium","status":"publish","type":"page","link":"https:\/\/www.kloster-metten.com\/?page_id=12498","title":{"rendered":"Werte als Fundament der Gesellschaft \u2013 Projekttag am St.-Michaels-Gymmasium"},"content":{"rendered":"<a href=\"https:\/\/www.kloster-metten.com\/wp-content\/uploads\/2019\/07\/Inklusion1_.jpg\"><img loading=\"lazy\" decoding=\"async\" class=\"size-medium wp-image-12506 alignnone\" title=\"Inklusion1_\" src=\"https:\/\/www.kloster-metten.com\/wp-content\/uploads\/2019\/07\/Inklusion1_-500x375.jpg\" alt=\"\" width=\"500\" height=\"375\" srcset=\"https:\/\/www.kloster-metten.com\/wp-content\/uploads\/2019\/07\/Inklusion1_-500x375.jpg 500w, https:\/\/www.kloster-metten.com\/wp-content\/uploads\/2019\/07\/Inklusion1_-768x576.jpg 768w, https:\/\/www.kloster-metten.com\/wp-content\/uploads\/2019\/07\/Inklusion1_-1024x768.jpg 1024w, https:\/\/www.kloster-metten.com\/wp-content\/uploads\/2019\/07\/Inklusion1_.jpg 1094w\" sizes=\"auto, (max-width: 500px) 100vw, 500px\" \/><\/a><h2>Werte als Fundament der Gesellschaft \u2013 Projekttag am St.-Michaels-Gymmasium<\/h2><p><\/p>\n<p>Was ist mit dem Begriff \u201eWerte\u201c gemeint? Warum sind Werte f\u00fcr den Zusammenhalt unserer Gesellschaft so wichtig? Mit diesen und weiteren Fragen besch\u00e4ftigten sich die Sch\u00fclerinnen und Sch\u00fcler des St.-Michaels-Gymnasiums am allj\u00e4hrlichen Wertetag.<\/p>\n<p>\u201eEs geht heute den ganzen Tag um Werte, also das, was im Leben f\u00fcr uns wichtig ist\u201c, so res\u00fcmiert ein Sch\u00fcler der Klasse 6a den heutigen Tag aus seiner Sicht. Am Freitag, den 19. 07.2019 steht am St.-Michaels-Gymnasium ein gesamter Schultag im Zeichen der Werteerziehung, die in allen Jahrgangsstufen eine individuelle Thematisierung und Vertiefung erf\u00e4hrt.<\/p>\n<p>So setzen sich beispielsweise die 5. Klassen mit dem Thema \u201eInklusion\u201c auseinander. In Zusammenarbeit mit Sch\u00fclern der St.-Notker-Schule kann nicht nur Raum f\u00fcr Begegnungen mit Peers, die k\u00f6rperlich oder geistig beeintr\u00e4chtigt sind, geschaffen, sondern im Rahmen von spielerischen bis kognitiven Erfahrungen auch ein Gef\u00fchl des Miteinanders und des gegenseitigen Respekts erlebt werden.<\/p>\n\r\n\t\t<style type='text\/css'>\r\n\t\t\t#gallery-1 {\r\n\t\t\t\tmargin: auto;\r\n\t\t\t}\r\n\t\t\t#gallery-1 .gallery-item {\r\n\t\t\t\tfloat: left;\r\n\t\t\t\tmargin-top: 10px;\r\n\t\t\t\ttext-align: center;\r\n\t\t\t\twidth: 33%;\r\n\t\t\t}\r\n\t\t\t#gallery-1 hr {\r\n\t\t\t\theight: 1px;\r\n\t\t\t}\r\n\t\t\t#gallery-1 .gallery-caption {\r\n\t\t\t\tmargin-left: 0;\r\n\t\t\t}\r\n\t\t\t\/* see gallery_shortcode() in wp-includes\/media.php *\/\r\n\t\t<\/style>\n\t\t<div id='gallery-1' class='gallery galleryid-12498 gallery-columns-3 gallery-size-thumbnail'><hr class='null'><dl class='gallery-item'>\r\n\t\t\t<dt class='gallery-icon portrait'>\r\n\t\t\t\t<a title=\"Inklusion 4_\"  href='https:\/\/www.kloster-metten.com\/?attachment_id=12505'><img loading=\"lazy\" decoding=\"async\" width=\"170\" height=\"115\" src=\"https:\/\/www.kloster-metten.com\/wp-content\/uploads\/2019\/07\/Inklusion-4_-170x115.jpg\" class=\"attachment-thumbnail size-thumbnail\" alt=\"\" \/><\/a>\r\n\t\t\t<\/dt><\/dl><dl class='gallery-item'>\r\n\t\t\t<dt class='gallery-icon landscape'>\r\n\t\t\t\t<a title=\"Inklusion 3_\"  href='https:\/\/www.kloster-metten.com\/?attachment_id=12504'><img loading=\"lazy\" decoding=\"async\" width=\"170\" height=\"115\" src=\"https:\/\/www.kloster-metten.com\/wp-content\/uploads\/2019\/07\/Inklusion-3_-170x115.jpg\" class=\"attachment-thumbnail size-thumbnail\" alt=\"\" \/><\/a>\r\n\t\t\t<\/dt><\/dl><dl class='gallery-item'>\r\n\t\t\t<dt class='gallery-icon landscape'>\r\n\t\t\t\t<a title=\"Inklusion 2_\"  href='https:\/\/www.kloster-metten.com\/?attachment_id=12503'><img loading=\"lazy\" decoding=\"async\" width=\"170\" height=\"115\" src=\"https:\/\/www.kloster-metten.com\/wp-content\/uploads\/2019\/07\/Inklusion-2_-170x115.jpg\" class=\"attachment-thumbnail size-thumbnail\" alt=\"\" \/><\/a>\r\n\t\t\t<\/dt><\/dl><br style=\"clear: both\" \/>\r\n\t\t<\/div>\n\n<p>W\u00e4hrend sich die Sch\u00fclerinnen der 6. Klassen mit dem Wert der \u201eNaturerfahrung\u201c an der Isarm\u00fcndung besch\u00e4ftigen, erfahren die Siebtkl\u00e4ssler am Recyclinghof in Metten im Rahmen der Nachhaltigkeitsdiskussion, was M\u00fcllvermeidung im Alltag bedeutet.<\/p>\n\r\n\t\t<style type='text\/css'>\r\n\t\t\t#gallery-2 {\r\n\t\t\t\tmargin: auto;\r\n\t\t\t}\r\n\t\t\t#gallery-2 .gallery-item {\r\n\t\t\t\tfloat: left;\r\n\t\t\t\tmargin-top: 10px;\r\n\t\t\t\ttext-align: center;\r\n\t\t\t\twidth: 33%;\r\n\t\t\t}\r\n\t\t\t#gallery-2 hr {\r\n\t\t\t\theight: 1px;\r\n\t\t\t}\r\n\t\t\t#gallery-2 .gallery-caption {\r\n\t\t\t\tmargin-left: 0;\r\n\t\t\t}\r\n\t\t\t\/* see gallery_shortcode() in wp-includes\/media.php *\/\r\n\t\t<\/style>\n\t\t<div id='gallery-2' class='gallery galleryid-12498 gallery-columns-3 gallery-size-thumbnail'><hr class='null'><dl class='gallery-item'>\r\n\t\t\t<dt class='gallery-icon landscape'>\r\n\t\t\t\t<a title=\"M\u00fcll sammeln\"  href='https:\/\/www.kloster-metten.com\/?attachment_id=12500'><img loading=\"lazy\" decoding=\"async\" width=\"170\" height=\"115\" src=\"https:\/\/www.kloster-metten.com\/wp-content\/uploads\/2019\/07\/M\u00fcll-sammeln-170x115.jpg\" class=\"attachment-thumbnail size-thumbnail\" alt=\"\" \/><\/a>\r\n\t\t\t<\/dt><\/dl><dl class='gallery-item'>\r\n\t\t\t<dt class='gallery-icon portrait'>\r\n\t\t\t\t<a title=\"M\u00fcll sammeln 2_\"  href='https:\/\/www.kloster-metten.com\/?attachment_id=12499'><img loading=\"lazy\" decoding=\"async\" width=\"170\" height=\"115\" src=\"https:\/\/www.kloster-metten.com\/wp-content\/uploads\/2019\/07\/M\u00fcll-sammeln-2_-170x115.jpg\" class=\"attachment-thumbnail size-thumbnail\" alt=\"\" \/><\/a>\r\n\t\t\t<\/dt><\/dl>\r\n\t\t\t<br style='clear: both' \/>\r\n\t\t<\/div>\n\n<p>Auch die Sch\u00fclerinnen und Sch\u00fcler der 9. und 10. Jahrgangsstufe verlassen das Schulhaus. Ersteren wird in einem handwerklichen Betrieb der eigenen Wahl der Wert des Handwerks n\u00e4her gebracht, w\u00e4hrend letztere bei einem feierlichen D\u00eener die Etikette bei Tisch und in Gesellschaft erlernen d\u00fcrfen.<\/p>\n\r\n\t\t<style type='text\/css'>\r\n\t\t\t#gallery-3 {\r\n\t\t\t\tmargin: auto;\r\n\t\t\t}\r\n\t\t\t#gallery-3 .gallery-item {\r\n\t\t\t\tfloat: left;\r\n\t\t\t\tmargin-top: 10px;\r\n\t\t\t\ttext-align: center;\r\n\t\t\t\twidth: 33%;\r\n\t\t\t}\r\n\t\t\t#gallery-3 hr {\r\n\t\t\t\theight: 1px;\r\n\t\t\t}\r\n\t\t\t#gallery-3 .gallery-caption {\r\n\t\t\t\tmargin-left: 0;\r\n\t\t\t}\r\n\t\t\t\/* see gallery_shortcode() in wp-includes\/media.php *\/\r\n\t\t<\/style>\n\t\t<div id='gallery-3' class='gallery galleryid-12498 gallery-columns-3 gallery-size-thumbnail'><hr class='null'><dl class='gallery-item'>\r\n\t\t\t<dt class='gallery-icon landscape'>\r\n\t\t\t\t<a title=\"Handwerk 2_\"  href='https:\/\/www.kloster-metten.com\/?attachment_id=12502'><img loading=\"lazy\" decoding=\"async\" width=\"170\" height=\"115\" src=\"https:\/\/www.kloster-metten.com\/wp-content\/uploads\/2019\/07\/Handwerk-2_-170x115.jpg\" class=\"attachment-thumbnail size-thumbnail\" alt=\"\" \/><\/a>\r\n\t\t\t<\/dt><\/dl><dl class='gallery-item'>\r\n\t\t\t<dt class='gallery-icon landscape'>\r\n\t\t\t\t<a title=\"Handwerk 1_\"  href='https:\/\/www.kloster-metten.com\/?attachment_id=12501'><img loading=\"lazy\" decoding=\"async\" width=\"170\" height=\"115\" src=\"https:\/\/www.kloster-metten.com\/wp-content\/uploads\/2019\/07\/Handwerk-1_-170x115.jpg\" class=\"attachment-thumbnail size-thumbnail\" alt=\"\" \/><\/a>\r\n\t\t\t<\/dt><\/dl><dl class='gallery-item'>\r\n\t\t\t<dt class='gallery-icon landscape'>\r\n\t\t\t\t<a title=\"Knigge-Essen 19_\"  href='https:\/\/www.kloster-metten.com\/?attachment_id=12507'><img loading=\"lazy\" decoding=\"async\" width=\"170\" height=\"115\" src=\"https:\/\/www.kloster-metten.com\/wp-content\/uploads\/2019\/07\/Knigge-Essen-19_-170x115.jpg\" class=\"attachment-thumbnail size-thumbnail\" alt=\"\" \/><\/a>\r\n\t\t\t<\/dt><\/dl><br style=\"clear: both\" \/>\r\n\t\t<\/div>\n\n<p>Besonderen Stellenwert nimmt zweifelsohne das Gewaltpr\u00e4ventionsprogramm \u201ePack ma\u2019s\u201c ein, das sich an die Sch\u00fclerinnen und Sch\u00fcler der 8. Jahrgangsstufe richtet. Hierbei steht nicht nur das Erlernen von Gewaltpr\u00e4vention, sondern auch Ma\u00dfnahmen zur Herausbildung von Selbstbehauptung und Zivilcourage im Mittelpunkt.<\/p>\n\r\n\t\t<style type='text\/css'>\r\n\t\t\t#gallery-4 {\r\n\t\t\t\tmargin: auto;\r\n\t\t\t}\r\n\t\t\t#gallery-4 .gallery-item {\r\n\t\t\t\tfloat: left;\r\n\t\t\t\tmargin-top: 10px;\r\n\t\t\t\ttext-align: center;\r\n\t\t\t\twidth: 33%;\r\n\t\t\t}\r\n\t\t\t#gallery-4 hr {\r\n\t\t\t\theight: 1px;\r\n\t\t\t}\r\n\t\t\t#gallery-4 .gallery-caption {\r\n\t\t\t\tmargin-left: 0;\r\n\t\t\t}\r\n\t\t\t\/* see gallery_shortcode() in wp-includes\/media.php *\/\r\n\t\t<\/style>\n\t\t<div id='gallery-4' class='gallery galleryid-12498 gallery-columns-3 gallery-size-thumbnail'><hr class='null'><dl class='gallery-item'>\r\n\t\t\t<dt class='gallery-icon landscape'>\r\n\t\t\t\t<a title=\"Pack mas_\"  href='https:\/\/www.kloster-metten.com\/?attachment_id=12508'><img loading=\"lazy\" decoding=\"async\" width=\"170\" height=\"115\" src=\"https:\/\/www.kloster-metten.com\/wp-content\/uploads\/2019\/07\/Pack-mas_-170x115.jpg\" class=\"attachment-thumbnail size-thumbnail\" alt=\"\" \/><\/a>\r\n\t\t\t<\/dt><\/dl>\r\n\t\t\t<br style='clear: both' \/>\r\n\t\t<\/div>\n\n<p>Mit den Sch\u00fclerinnen und Sch\u00fclern der 11. Jahrgangsstufe wird ein Workshop zum Thema \u201eWie helfe ich mir und anderen im Stra\u00dfenverkehr?\u201c durchgef\u00fchrt, bei dem neben praktischen \u00dcbungen zur Pannenhilfe auch die Selbsterfahrung mit Brillen, die einen bestimmten Promillegehalt simulieren, auf dem Programm steht.<\/p>\n\r\n\t\t<style type='text\/css'>\r\n\t\t\t#gallery-5 {\r\n\t\t\t\tmargin: auto;\r\n\t\t\t}\r\n\t\t\t#gallery-5 .gallery-item {\r\n\t\t\t\tfloat: left;\r\n\t\t\t\tmargin-top: 10px;\r\n\t\t\t\ttext-align: center;\r\n\t\t\t\twidth: 33%;\r\n\t\t\t}\r\n\t\t\t#gallery-5 hr {\r\n\t\t\t\theight: 1px;\r\n\t\t\t}\r\n\t\t\t#gallery-5 .gallery-caption {\r\n\t\t\t\tmargin-left: 0;\r\n\t\t\t}\r\n\t\t\t\/* see gallery_shortcode() in wp-includes\/media.php *\/\r\n\t\t<\/style>\n\t\t<div id='gallery-5' class='gallery galleryid-12498 gallery-columns-3 gallery-size-thumbnail'><hr class='null'><dl class='gallery-item'>\r\n\t\t\t<dt class='gallery-icon landscape'>\r\n\t\t\t\t<a title=\"Sicheheit im Stra\u00dfenverkehr_\"  href='https:\/\/www.kloster-metten.com\/?attachment_id=12511'><img loading=\"lazy\" decoding=\"async\" width=\"170\" height=\"115\" src=\"https:\/\/www.kloster-metten.com\/wp-content\/uploads\/2019\/07\/Sicheheit-im-Stra\u00dfenverkehr_-170x115.jpg\" class=\"attachment-thumbnail size-thumbnail\" alt=\"\" srcset=\"https:\/\/www.kloster-metten.com\/wp-content\/uploads\/2019\/07\/Sicheheit-im-Stra\u00dfenverkehr_-170x115.jpg 170w, https:\/\/www.kloster-metten.com\/wp-content\/uploads\/2019\/07\/Sicheheit-im-Stra\u00dfenverkehr_-500x335.jpg 500w, https:\/\/www.kloster-metten.com\/wp-content\/uploads\/2019\/07\/Sicheheit-im-Stra\u00dfenverkehr_-768x515.jpg 768w, https:\/\/www.kloster-metten.com\/wp-content\/uploads\/2019\/07\/Sicheheit-im-Stra\u00dfenverkehr_-1024x687.jpg 1024w, https:\/\/www.kloster-metten.com\/wp-content\/uploads\/2019\/07\/Sicheheit-im-Stra\u00dfenverkehr_.jpg 1048w\" sizes=\"auto, (max-width: 170px) 100vw, 170px\" \/><\/a>\r\n\t\t\t<\/dt><\/dl><dl class='gallery-item'>\r\n\t\t\t<dt class='gallery-icon landscape'>\r\n\t\t\t\t<a title=\"Pannenhilfe 2_\"  href='https:\/\/www.kloster-metten.com\/?attachment_id=12510'><img loading=\"lazy\" decoding=\"async\" width=\"170\" height=\"115\" src=\"https:\/\/www.kloster-metten.com\/wp-content\/uploads\/2019\/07\/Pannenhilfe-2_-170x115.jpg\" class=\"attachment-thumbnail size-thumbnail\" alt=\"\" \/><\/a>\r\n\t\t\t<\/dt><\/dl><dl class='gallery-item'>\r\n\t\t\t<dt class='gallery-icon landscape'>\r\n\t\t\t\t<a title=\"Pannenhilfe 1_\"  href='https:\/\/www.kloster-metten.com\/?attachment_id=12509'><img loading=\"lazy\" decoding=\"async\" width=\"170\" height=\"115\" src=\"https:\/\/www.kloster-metten.com\/wp-content\/uploads\/2019\/07\/Pannenhilfe-1_-170x115.jpg\" class=\"attachment-thumbnail size-thumbnail\" alt=\"\" \/><\/a>\r\n\t\t\t<\/dt><\/dl><br style=\"clear: both\" \/>\r\n\t\t<\/div>\n\n<p>Der Wertetag ist bereits seit langem eine feste Gr\u00f6\u00dfe im Jahreskalender des St.-Michaels-Gymnasiums. Das Schulprofil legt bereits die Vermittlung allt\u00e4glicher Werte wie \u201eFreundlichkeit\u201c, \u201eRespekt\u201c oder \u201eHilfsbereitschaft\u201c fest. Ein Wertekomitee arbeitet jedoch unabl\u00e4ssig daran, abstraktere und weniger leicht zug\u00e4ngliche Werte wie \u201eToleranz\u201c oder \u201eNachhaltigkeit\u201c den Sch\u00fclerinnen und Sch\u00fclern anhand von verschiedensten Aktionen, die auf die jeweilige Jahrgangsstufe zugeschnitten sind, n\u00e4her zu bringen.<\/p>\n<p>\u201eUnser Gymnasium legt in besonderer Weise einen Schwerpunkt auf Werteerziehung. Und der Wertetag bringt dies f\u00fcr die einzelnen Jahrgangsstufen gut zum Ausdruck\u201c, erkl\u00e4rt Schulleiter Pater Erhard Hinrainer. Somit reiht sich der Wertetag am St.-Michaels-Gymnasium in eine Vielzahl von Veranstaltungen ein, welche die Pers\u00f6nlichkeit der Sch\u00fclerinnen und Sch\u00fcler formen und sie somit zu m\u00fcndigen und reifen Mitgliedern unserer achtsamen Gesellschaft machen sollen.<\/p>\n","protected":false},"excerpt":{"rendered":"<p>Werte als Fundament der Gesellschaft \u2013 Projekttag am St.-Michaels-Gymmasium Was ist mit dem Begriff \u201eWerte\u201c gemeint? Warum sind Werte f\u00fcr den Zusammenhalt unserer Gesellschaft so wichtig? Mit diesen und weiteren Fragen besch\u00e4ftigten sich die Sch\u00fclerinnen und Sch\u00fcler des St.-Michaels-Gymnasiums am allj\u00e4hrlichen Wertetag. \u201eEs geht heute den ganzen Tag um Werte, also das, was im Leben [&hellip;]<\/p>\n","protected":false},"author":5,"featured_media":0,"parent":12589,"menu_order":15,"comment_status":"closed","ping_status":"closed","template":"","meta":{"footnotes":""},"class_list":["post-12498","page","type-page","status-publish","hentry"],"_links":{"self":[{"href":"https:\/\/www.kloster-metten.com\/index.php?rest_route=\/wp\/v2\/pages\/12498","targetHints":{"allow":["GET"]}}],"collection":[{"href":"https:\/\/www.kloster-metten.com\/index.php?rest_route=\/wp\/v2\/pages"}],"about":[{"href":"https:\/\/www.kloster-metten.com\/index.php?rest_route=\/wp\/v2\/types\/page"}],"author":[{"embeddable":true,"href":"https:\/\/www.kloster-metten.com\/index.php?rest_route=\/wp\/v2\/users\/5"}],"replies":[{"embeddable":true,"href":"https:\/\/www.kloster-metten.com\/index.php?rest_route=%2Fwp%2Fv2%2Fcomments&post=12498"}],"version-history":[{"count":4,"href":"https:\/\/www.kloster-metten.com\/index.php?rest_route=\/wp\/v2\/pages\/12498\/revisions"}],"predecessor-version":[{"id":14016,"href":"https:\/\/www.kloster-metten.com\/index.php?rest_route=\/wp\/v2\/pages\/12498\/revisions\/14016"}],"up":[{"embeddable":true,"href":"https:\/\/www.kloster-metten.com\/index.php?rest_route=\/wp\/v2\/pages\/12589"}],"wp:attachment":[{"href":"https:\/\/www.kloster-metten.com\/index.php?rest_route=%2Fwp%2Fv2%2Fmedia&parent=12498"}],"curies":[{"name":"wp","href":"https:\/\/api.w.org\/{rel}","templated":true}]}}