{"id":12515,"date":"2019-07-24T17:23:17","date_gmt":"2019-07-24T15:23:17","guid":{"rendered":"https:\/\/www.kloster-metten.de\/?page_id=12515"},"modified":"2022-09-17T11:30:43","modified_gmt":"2022-09-17T09:30:43","slug":"flying-lab-ein-high-tech-projekt","status":"publish","type":"page","link":"https:\/\/www.kloster-metten.com\/?page_id=12515","title":{"rendered":"Flying Lab \u2013 ein High-Tech Projekt"},"content":{"rendered":"<h2>Flying Lab \u2013 ein High-Tech Projekt<\/h2>\r\n<p>&nbsp;<\/p>\r\n<p><strong>am St.-Michaels-Gymnasium Metten<\/strong><\/p>\r\n<p><strong>\u201eHabe ich das Sportlergen, bekomme ich schon bald eine Glatze oder \u2026?\u201c<\/strong><\/p>\r\n<p><a href=\"https:\/\/www.kloster-metten.com\/wp-content\/uploads\/2019\/07\/02b_20190716_085629_.jpg\"><img loading=\"lazy\" decoding=\"async\" class=\"size-medium wp-image-12516 alignnone\" title=\"02b_20190716_085629_\" src=\"https:\/\/www.kloster-metten.com\/wp-content\/uploads\/2019\/07\/02b_20190716_085629_-500x281.jpg\" alt=\"\" width=\"500\" height=\"281\" srcset=\"https:\/\/www.kloster-metten.com\/wp-content\/uploads\/2019\/07\/02b_20190716_085629_-500x281.jpg 500w, https:\/\/www.kloster-metten.com\/wp-content\/uploads\/2019\/07\/02b_20190716_085629_-768x432.jpg 768w, https:\/\/www.kloster-metten.com\/wp-content\/uploads\/2019\/07\/02b_20190716_085629_-1024x576.jpg 1024w, https:\/\/www.kloster-metten.com\/wp-content\/uploads\/2019\/07\/02b_20190716_085629_.jpg 2016w\" sizes=\"auto, (max-width: 500px) 100vw, 500px\" \/><\/a><\/p>\r\n<p>Auf diese und vier weitere Fragen konnten die 28 Teilnehmerinnen und Teilnehmer der Biologiekurse aus der 11. Jahrgangsstufe des St.-Michaels-Gymnasiums Metten am Ende ihrer Experimente eine ganz pers\u00f6nliche Antwort finden. <br \/>\r\nSie isolierten dazu im ganzt\u00e4gigen Workshop zusammen mit dem Molekularbiologen Reinhard Nestelbacher im \u201eFlying Lab\u201c, einem mobilen Labor mit modernster High-Tech-Ausstattung (u.a. initiiert und unterst\u00fctzt von der Universit\u00e4t Salzburg) aus der DNA ihrer Mundschleimhautzellen das passende Gen oder den entsprechenden Rezeptor f\u00fcr ihre individuelle Fragestellung. Viele Arbeitsschritte waren notwendig und gaben dadurch einen umfassenden Einblick in das topaktuelle Thema Life Science. Ein eigenes Gen zu isolieren, zu reinigen und mittels PCR zu vervielf\u00e4ltigen und dann auch noch richtig auszuwerten war schon eine Besonderheit!<\/p>\r\n<p>Die Sch\u00fclerinnen und Sch\u00fcler waren von Herrn Nestelbacher durch seine humorvolle und h\u00f6chst kompetente Art der pr\u00e4sentierten wissenschaftlichen Hintergr\u00fcnde immer wieder stark gefordert sich einzubringen, Begriffe zu hinterfragen oder Fragestellungen zu diskutieren. Dann waren auch noch die Labort\u00e4tigkeiten sicher und kompetent durchzuf\u00fchren \u2013 ganz sch\u00f6n anstrengend f\u00fcr einen normalen Schultag! Dass High-Tech-Wissenschaft aber einfach sein kann, wenn sie spannend und ohne Leistungsdruck kommuniziert wird und dann sogar Spa\u00df macht, war f\u00fcr viele eine ganz neue Erkenntnis.<\/p>\r\n","protected":false},"excerpt":{"rendered":"<p>Flying Lab \u2013 ein High-Tech Projekt&nbsp; am St.-Michaels-Gymnasium Metten \u201eHabe ich das Sportlergen, bekomme ich schon bald eine Glatze oder \u2026?\u201c Auf diese und vier weitere Fragen konnten die 28 Teilnehmerinnen und Teilnehmer der Biologiekurse aus der 11. Jahrgangsstufe des St.-Michaels-Gymnasiums Metten am Ende ihrer Experimente eine ganz pers\u00f6nliche Antwort finden. Sie isolierten dazu im [&hellip;]<\/p>\n","protected":false},"author":5,"featured_media":0,"parent":12589,"menu_order":14,"comment_status":"closed","ping_status":"closed","template":"","meta":{"footnotes":""},"class_list":["post-12515","page","type-page","status-publish","hentry"],"_links":{"self":[{"href":"https:\/\/www.kloster-metten.com\/index.php?rest_route=\/wp\/v2\/pages\/12515","targetHints":{"allow":["GET"]}}],"collection":[{"href":"https:\/\/www.kloster-metten.com\/index.php?rest_route=\/wp\/v2\/pages"}],"about":[{"href":"https:\/\/www.kloster-metten.com\/index.php?rest_route=\/wp\/v2\/types\/page"}],"author":[{"embeddable":true,"href":"https:\/\/www.kloster-metten.com\/index.php?rest_route=\/wp\/v2\/users\/5"}],"replies":[{"embeddable":true,"href":"https:\/\/www.kloster-metten.com\/index.php?rest_route=%2Fwp%2Fv2%2Fcomments&post=12515"}],"version-history":[{"count":3,"href":"https:\/\/www.kloster-metten.com\/index.php?rest_route=\/wp\/v2\/pages\/12515\/revisions"}],"predecessor-version":[{"id":14017,"href":"https:\/\/www.kloster-metten.com\/index.php?rest_route=\/wp\/v2\/pages\/12515\/revisions\/14017"}],"up":[{"embeddable":true,"href":"https:\/\/www.kloster-metten.com\/index.php?rest_route=\/wp\/v2\/pages\/12589"}],"wp:attachment":[{"href":"https:\/\/www.kloster-metten.com\/index.php?rest_route=%2Fwp%2Fv2%2Fmedia&parent=12515"}],"curies":[{"name":"wp","href":"https:\/\/api.w.org\/{rel}","templated":true}]}}