{"id":12551,"date":"2019-08-22T21:15:31","date_gmt":"2019-08-22T19:15:31","guid":{"rendered":"https:\/\/www.kloster-metten.de\/?page_id=12551"},"modified":"2019-08-22T21:16:25","modified_gmt":"2019-08-22T19:16:25","slug":"regioforscha-niederbayern-die-mitmachmesse","status":"publish","type":"page","link":"https:\/\/www.kloster-metten.com\/?page_id=12551","title":{"rendered":"regioFORSCHA Niederbayern  &#8211; die Mitmachmesse"},"content":{"rendered":"<h2>regioFORSCHA Niederbayern  &#8211; die Mitmachmesse<\/h2><p style=\"text-align: left;\" align=\"CENTER\"><a href=\"https:\/\/www.kloster-metten.com\/wp-content\/uploads\/2019\/08\/2019-07-19-16.55.49_.jpg\"><img class=\"alignleft size-medium wp-image-12545\" title=\"2019-07-19 16.55.49_\" src=\"https:\/\/www.kloster-metten.com\/wp-content\/uploads\/2019\/08\/2019-07-19-16.55.49_-500x375.jpg\" alt=\"\" width=\"500\" height=\"375\" \/><\/a><span style=\"font-family: Arial, serif;\"><span style=\"font-size: large;\">St.-Michaels-Gymnasium Metten pr\u00e4sentiert Arduino und Virtual Reality<\/span><\/span><\/p>\n<p>Erstmalig fand die regioFORSCHA in Niederbayern statt. Am 19. und 20. Juli 2019 war die Deggendorfer Stadthalle Schauplatz des ersten \u201eAblegers\u201c der bekannten M\u00fcnchener Mitmachmesse und zog viele an MINT-Themen interessierte Besucher an.<\/p>\n<p>Das St.-Michaels-Gymnasium Metten beteiligte sich mit einem Infostand und gab den interessierten Jungforscherinnen und Jungforschern einen Einblick ins Programmieren mit ARDUINO. Zudem konnten gro\u00dfe und kleine \u201eMitmacher\u201c mit Hilfe von VR-Brillen hautnah erlebbare Achterbahnfahrten sowie Ausfl\u00fcge ins Weltall oder in die Tiefsee unternehmen. Gleichzeitig mit dem Donaufest in Deggendorf kamen am <i>schulFREItag<\/i> \u2013 das war Freitag, der 19.07.2019 \u2013 bereits am Vormittag sehr viele Schulklassen auch an den Stand des St.-Michaels-Gymnasiums. Am Nachmittag und dem darauffolgenden Samstag war die Stadthalle dann f\u00fcr Besucher jeden Alters ge\u00f6ffnet. Die Aktion der Schule wurde von der Technischen Hochschule Deggendorf unterst\u00fctzt.<\/p>\n<p>\r\n\t\t<style type='text\/css'>\r\n\t\t\t#gallery-1 {\r\n\t\t\t\tmargin: auto;\r\n\t\t\t}\r\n\t\t\t#gallery-1 .gallery-item {\r\n\t\t\t\tfloat: left;\r\n\t\t\t\tmargin-top: 10px;\r\n\t\t\t\ttext-align: center;\r\n\t\t\t\twidth: 33%;\r\n\t\t\t}\r\n\t\t\t#gallery-1 hr {\r\n\t\t\t\theight: 1px;\r\n\t\t\t}\r\n\t\t\t#gallery-1 .gallery-caption {\r\n\t\t\t\tmargin-left: 0;\r\n\t\t\t}\r\n\t\t\t\/* see gallery_shortcode() in wp-includes\/media.php *\/\r\n\t\t<\/style>\n\t\t<div id='gallery-1' class='gallery galleryid-12551 gallery-columns-3 gallery-size-thumbnail'><hr class='null'><dl class='gallery-item'>\r\n\t\t\t<dt class='gallery-icon landscape'>\r\n\t\t\t\t<a title=\"2019-07-19 17.02.00_\"  href='https:\/\/www.kloster-metten.com\/?attachment_id=12549'><img width=\"170\" height=\"115\" src=\"https:\/\/www.kloster-metten.com\/wp-content\/uploads\/2019\/08\/2019-07-19-17.02.00_-170x115.jpg\" class=\"attachment-thumbnail size-thumbnail\" alt=\"\" \/><\/a>\r\n\t\t\t<\/dt><\/dl><dl class='gallery-item'>\r\n\t\t\t<dt class='gallery-icon landscape'>\r\n\t\t\t\t<a title=\"2019-07-19 16.57.10_\"  href='https:\/\/www.kloster-metten.com\/?attachment_id=12547'><img width=\"170\" height=\"115\" src=\"https:\/\/www.kloster-metten.com\/wp-content\/uploads\/2019\/08\/2019-07-19-16.57.10_-170x115.jpg\" class=\"attachment-thumbnail size-thumbnail\" alt=\"\" \/><\/a>\r\n\t\t\t<\/dt><\/dl><dl class='gallery-item'>\r\n\t\t\t<dt class='gallery-icon landscape'>\r\n\t\t\t\t<a title=\"2019-07-19 16.55.30_\"  href='https:\/\/www.kloster-metten.com\/?attachment_id=12543'><img width=\"170\" height=\"115\" src=\"https:\/\/www.kloster-metten.com\/wp-content\/uploads\/2019\/08\/2019-07-19-16.55.30_-170x115.jpg\" class=\"attachment-thumbnail size-thumbnail\" alt=\"\" \/><\/a>\r\n\t\t\t<\/dt><\/dl><br style=\"clear: both\" \/>\r\n\t\t<\/div>\n<\/p>\n","protected":false},"excerpt":{"rendered":"<p>regioFORSCHA Niederbayern &#8211; die MitmachmesseSt.-Michaels-Gymnasium Metten pr\u00e4sentiert Arduino und Virtual Reality Erstmalig fand die regioFORSCHA in Niederbayern statt. Am 19. und 20. Juli 2019 war die Deggendorfer Stadthalle Schauplatz des ersten \u201eAblegers\u201c der bekannten M\u00fcnchener Mitmachmesse und zog viele an MINT-Themen interessierte Besucher an. Das St.-Michaels-Gymnasium Metten beteiligte sich mit einem Infostand und gab den [&hellip;]<\/p>\n","protected":false},"author":5,"featured_media":0,"parent":5394,"menu_order":-73,"comment_status":"closed","ping_status":"closed","template":"","meta":{"footnotes":""},"class_list":["post-12551","page","type-page","status-publish","hentry"],"_links":{"self":[{"href":"https:\/\/www.kloster-metten.com\/index.php?rest_route=\/wp\/v2\/pages\/12551","targetHints":{"allow":["GET"]}}],"collection":[{"href":"https:\/\/www.kloster-metten.com\/index.php?rest_route=\/wp\/v2\/pages"}],"about":[{"href":"https:\/\/www.kloster-metten.com\/index.php?rest_route=\/wp\/v2\/types\/page"}],"author":[{"embeddable":true,"href":"https:\/\/www.kloster-metten.com\/index.php?rest_route=\/wp\/v2\/users\/5"}],"replies":[{"embeddable":true,"href":"https:\/\/www.kloster-metten.com\/index.php?rest_route=%2Fwp%2Fv2%2Fcomments&post=12551"}],"version-history":[{"count":1,"href":"https:\/\/www.kloster-metten.com\/index.php?rest_route=\/wp\/v2\/pages\/12551\/revisions"}],"predecessor-version":[{"id":12552,"href":"https:\/\/www.kloster-metten.com\/index.php?rest_route=\/wp\/v2\/pages\/12551\/revisions\/12552"}],"up":[{"embeddable":true,"href":"https:\/\/www.kloster-metten.com\/index.php?rest_route=\/wp\/v2\/pages\/5394"}],"wp:attachment":[{"href":"https:\/\/www.kloster-metten.com\/index.php?rest_route=%2Fwp%2Fv2%2Fmedia&parent=12551"}],"curies":[{"name":"wp","href":"https:\/\/api.w.org\/{rel}","templated":true}]}}