{"id":12555,"date":"2019-09-17T20:28:46","date_gmt":"2019-09-17T18:28:46","guid":{"rendered":"https:\/\/www.kloster-metten.de\/?page_id=12555"},"modified":"2021-02-22T20:23:10","modified_gmt":"2021-02-22T19:23:10","slug":"starthilfe-am-schulanfang-kennenlerntag-am-st-michaels-gymnasium","status":"publish","type":"page","link":"https:\/\/www.kloster-metten.com\/?page_id=12555","title":{"rendered":"Starthilfe am Schulanfang \u2013 Kennenlerntag am St.-Michaels-Gymnasium"},"content":{"rendered":"<a href=\"https:\/\/www.kloster-metten.com\/wp-content\/uploads\/2019\/09\/Kennenlerntag-19-030_.jpg\"><img loading=\"lazy\" decoding=\"async\" class=\"size-medium wp-image-12560 alignnone\" title=\"Kennenlerntag 19 030_\" src=\"https:\/\/www.kloster-metten.com\/wp-content\/uploads\/2019\/09\/Kennenlerntag-19-030_-375x500.jpg\" alt=\"\" width=\"375\" height=\"500\" srcset=\"https:\/\/www.kloster-metten.com\/wp-content\/uploads\/2019\/09\/Kennenlerntag-19-030_-375x500.jpg 375w, https:\/\/www.kloster-metten.com\/wp-content\/uploads\/2019\/09\/Kennenlerntag-19-030_-768x1024.jpg 768w, https:\/\/www.kloster-metten.com\/wp-content\/uploads\/2019\/09\/Kennenlerntag-19-030_.jpg 900w\" sizes=\"auto, (max-width: 375px) 100vw, 375px\" \/><\/a><h2>Starthilfe am Schulanfang \u2013 Kennenlerntag am St.-Michaels-Gymnasium<\/h2><p><\/p>\n<p>Wenn man in einem Geb\u00e4ude alle wichtigen Ansprechpartner kennt und auch wei\u00df, wo sie zu finden sind, ist man schon ein bisschen zu Hause. Deshalb wurden am St.-Michaels-Gymnasium gleich in der ersten Woche des neuen Schuljahrs die Sch\u00fclerinnen und Sch\u00fcler der 5. Klassen mit den R\u00e4umlichkeiten des Gymnasiums vertraut gemacht. Daf\u00fcr hatten sich einige M\u00e4dchen aus der Tutorenmannschaft bereit erkl\u00e4rt und f\u00fcr die \u201eNeuen\u201c eine Schulhausralley geplant. Aber auch die Klassenkameraden sind f\u00fcr die Anf\u00e4nger am Gymnasium neu, daher wurden im Rahmen einer Klassenleiterstunde nicht nur Namen gelernt, sondern auch Klassenregeln vereinbart. Um die Sch\u00fclerinnen und Sch\u00fcler bei den Anforderungen des Gymnasiums zu unterst\u00fctzen, stand au\u00dferdem noch eine Stunde \u201eLernen lernen\u201c am Stundenplan dieses Kennenlerntages.<\/p>\n\r\n\t\t<style type='text\/css'>\r\n\t\t\t#gallery-1 {\r\n\t\t\t\tmargin: auto;\r\n\t\t\t}\r\n\t\t\t#gallery-1 .gallery-item {\r\n\t\t\t\tfloat: left;\r\n\t\t\t\tmargin-top: 10px;\r\n\t\t\t\ttext-align: center;\r\n\t\t\t\twidth: 33%;\r\n\t\t\t}\r\n\t\t\t#gallery-1 hr {\r\n\t\t\t\theight: 1px;\r\n\t\t\t}\r\n\t\t\t#gallery-1 .gallery-caption {\r\n\t\t\t\tmargin-left: 0;\r\n\t\t\t}\r\n\t\t\t\/* see gallery_shortcode() in wp-includes\/media.php *\/\r\n\t\t<\/style>\n\t\t<div id='gallery-1' class='gallery galleryid-12555 gallery-columns-3 gallery-size-thumbnail'><hr class='null'><dl class='gallery-item'>\r\n\t\t\t<dt class='gallery-icon landscape'>\r\n\t\t\t\t<a title=\"Kennenlerntag 19 033_\"  href='https:\/\/www.kloster-metten.com\/?attachment_id=12561'><img loading=\"lazy\" decoding=\"async\" width=\"170\" height=\"115\" src=\"https:\/\/www.kloster-metten.com\/wp-content\/uploads\/2019\/09\/Kennenlerntag-19-033_-170x115.jpg\" class=\"attachment-thumbnail size-thumbnail\" alt=\"\" \/><\/a>\r\n\t\t\t<\/dt><\/dl><dl class='gallery-item'>\r\n\t\t\t<dt class='gallery-icon landscape'>\r\n\t\t\t\t<a title=\"Kennenlerntag 19 014_\"  href='https:\/\/www.kloster-metten.com\/?attachment_id=12559'><img loading=\"lazy\" decoding=\"async\" width=\"170\" height=\"115\" src=\"https:\/\/www.kloster-metten.com\/wp-content\/uploads\/2019\/09\/Kennenlerntag-19-014_-170x115.jpg\" class=\"attachment-thumbnail size-thumbnail\" alt=\"\" \/><\/a>\r\n\t\t\t<\/dt><\/dl><dl class='gallery-item'>\r\n\t\t\t<dt class='gallery-icon landscape'>\r\n\t\t\t\t<a title=\"Kennenlerntag 19 011_\"  href='https:\/\/www.kloster-metten.com\/?attachment_id=12558'><img loading=\"lazy\" decoding=\"async\" width=\"170\" height=\"115\" src=\"https:\/\/www.kloster-metten.com\/wp-content\/uploads\/2019\/09\/Kennenlerntag-19-011_-170x115.jpg\" class=\"attachment-thumbnail size-thumbnail\" alt=\"\" \/><\/a>\r\n\t\t\t<\/dt><\/dl><br style=\"clear: both\" \/><dl class='gallery-item'>\r\n\t\t\t<dt class='gallery-icon landscape'>\r\n\t\t\t\t<a title=\"Kennenlerntag 19 006_\"  href='https:\/\/www.kloster-metten.com\/?attachment_id=12557'><img loading=\"lazy\" decoding=\"async\" width=\"170\" height=\"115\" src=\"https:\/\/www.kloster-metten.com\/wp-content\/uploads\/2019\/09\/Kennenlerntag-19-006_-170x115.jpg\" class=\"attachment-thumbnail size-thumbnail\" alt=\"\" \/><\/a>\r\n\t\t\t<\/dt><\/dl>\r\n\t\t\t<br style='clear: both' \/>\r\n\t\t<\/div>\n\n","protected":false},"excerpt":{"rendered":"<p>Starthilfe am Schulanfang \u2013 Kennenlerntag am St.-Michaels-Gymnasium Wenn man in einem Geb\u00e4ude alle wichtigen Ansprechpartner kennt und auch wei\u00df, wo sie zu finden sind, ist man schon ein bisschen zu Hause. Deshalb wurden am St.-Michaels-Gymnasium gleich in der ersten Woche des neuen Schuljahrs die Sch\u00fclerinnen und Sch\u00fcler der 5. Klassen mit den R\u00e4umlichkeiten des Gymnasiums [&hellip;]<\/p>\n","protected":false},"author":5,"featured_media":0,"parent":12589,"menu_order":9,"comment_status":"closed","ping_status":"closed","template":"","meta":{"footnotes":""},"class_list":["post-12555","page","type-page","status-publish","hentry"],"_links":{"self":[{"href":"https:\/\/www.kloster-metten.com\/index.php?rest_route=\/wp\/v2\/pages\/12555","targetHints":{"allow":["GET"]}}],"collection":[{"href":"https:\/\/www.kloster-metten.com\/index.php?rest_route=\/wp\/v2\/pages"}],"about":[{"href":"https:\/\/www.kloster-metten.com\/index.php?rest_route=\/wp\/v2\/types\/page"}],"author":[{"embeddable":true,"href":"https:\/\/www.kloster-metten.com\/index.php?rest_route=\/wp\/v2\/users\/5"}],"replies":[{"embeddable":true,"href":"https:\/\/www.kloster-metten.com\/index.php?rest_route=%2Fwp%2Fv2%2Fcomments&post=12555"}],"version-history":[{"count":3,"href":"https:\/\/www.kloster-metten.com\/index.php?rest_route=\/wp\/v2\/pages\/12555\/revisions"}],"predecessor-version":[{"id":12563,"href":"https:\/\/www.kloster-metten.com\/index.php?rest_route=\/wp\/v2\/pages\/12555\/revisions\/12563"}],"up":[{"embeddable":true,"href":"https:\/\/www.kloster-metten.com\/index.php?rest_route=\/wp\/v2\/pages\/12589"}],"wp:attachment":[{"href":"https:\/\/www.kloster-metten.com\/index.php?rest_route=%2Fwp%2Fv2%2Fmedia&parent=12555"}],"curies":[{"name":"wp","href":"https:\/\/api.w.org\/{rel}","templated":true}]}}