{"id":12648,"date":"2019-10-14T20:11:39","date_gmt":"2019-10-14T18:11:39","guid":{"rendered":"https:\/\/www.kloster-metten.de\/?page_id=12648"},"modified":"2022-09-17T11:32:24","modified_gmt":"2022-09-17T09:32:24","slug":"me-infotruck-zu-besuch-in-metten","status":"publish","type":"page","link":"https:\/\/www.kloster-metten.com\/?page_id=12648","title":{"rendered":"M&#038;E-Infotruck zu Besuch in Metten"},"content":{"rendered":"<a href=\"https:\/\/www.kloster-metten.com\/wp-content\/uploads\/2019\/10\/MuE-Infotruck02_.jpg\"><img loading=\"lazy\" decoding=\"async\" class=\"wp-image-12650 size-medium alignnone\" title=\"MuE-Infotruck02_\" src=\"https:\/\/www.kloster-metten.com\/wp-content\/uploads\/2019\/10\/MuE-Infotruck02_-500x280.jpg\" alt=\"\" width=\"500\" height=\"280\" srcset=\"https:\/\/www.kloster-metten.com\/wp-content\/uploads\/2019\/10\/MuE-Infotruck02_-500x280.jpg 500w, https:\/\/www.kloster-metten.com\/wp-content\/uploads\/2019\/10\/MuE-Infotruck02_-768x430.jpg 768w, https:\/\/www.kloster-metten.com\/wp-content\/uploads\/2019\/10\/MuE-Infotruck02_-1024x573.jpg 1024w\" sizes=\"auto, (max-width: 500px) 100vw, 500px\" \/><\/a><h2>M&#038;E-Infotruck zu Besuch in Metten<\/h2><p><\/p>\n<p>Vom Dienstag, den 8.10.2019, bis Freitag, den 11.10.2019, gastierte einer von deutschlandweit 10 Infotrucks der Metall- und Elektroindustrie an der Mittelschule in Metten.<\/p>\n<p>Die beiden 9. Klassen sowie eine Gruppe von Sch\u00fclerinnen und Sch\u00fclern der Q 11 des St.-Michaels-Gymnasiums Metten besuchten den Infotruck im Rahmen des Faches Wirtschaft und Recht. Hierbei erfuhren sie anhand multimedial gest\u00fctzter Vortr\u00e4ge einiges \u00fcber die gro\u00dfe Bedeutung der Metall- und Elektroindustrie als \u201eHerz der Wirtschaft\u201c f\u00fcr die deutsche Wirtschaft. Ebenso wurden ihnen m\u00f6gliche Berufsausbildungen sowie die Grunds\u00e4tze eines dualen Studiums in dieser Branche n\u00e4hergebracht.<\/p>\n<p>Abschlie\u00dfend konnten die Sch\u00fclerinnen und Sch\u00fcler unter Anleitung eine CNC-Fr\u00e4se programmieren, die Programmierung eines Aufzugs kennenlernen sowie an weiteren Stationen selbst\u00e4ndig einiges \u00fcber Kabel und Schaltkreise erkunden.<\/p>\n<p>Auf seinen auf zwei Stockwerke verteilten 75 m\u00b2 bot der Infotruck beeindruckend viele Informationsm\u00f6glichkeiten, die eine deutlich l\u00e4ngere Verweildauer als die zur Verf\u00fcgung gestandenen jeweils gut 70 Minuten erm\u00f6glicht h\u00e4tten. Auf alle F\u00e4lle war der Besuch sehr informativ und trug auch viel zur beruflichen Orientierung unserer Sch\u00fcler bei.<\/p>\n<p><a href=\"https:\/\/www.kloster-metten.com\/wp-content\/uploads\/2019\/10\/MuE-Infotruck01_.jpg\"><img loading=\"lazy\" decoding=\"async\" class=\"alignleft size-medium wp-image-12649\" title=\"MuE-Infotruck01_\" src=\"https:\/\/www.kloster-metten.com\/wp-content\/uploads\/2019\/10\/MuE-Infotruck01_-500x281.jpg\" alt=\"\" width=\"500\" height=\"281\" srcset=\"https:\/\/www.kloster-metten.com\/wp-content\/uploads\/2019\/10\/MuE-Infotruck01_-500x281.jpg 500w, https:\/\/www.kloster-metten.com\/wp-content\/uploads\/2019\/10\/MuE-Infotruck01_-768x432.jpg 768w, https:\/\/www.kloster-metten.com\/wp-content\/uploads\/2019\/10\/MuE-Infotruck01_-1024x575.jpg 1024w\" sizes=\"auto, (max-width: 500px) 100vw, 500px\" \/><\/a><\/p>\n","protected":false},"excerpt":{"rendered":"<p>M&#038;E-Infotruck zu Besuch in Metten Vom Dienstag, den 8.10.2019, bis Freitag, den 11.10.2019, gastierte einer von deutschlandweit 10 Infotrucks der Metall- und Elektroindustrie an der Mittelschule in Metten. Die beiden 9. Klassen sowie eine Gruppe von Sch\u00fclerinnen und Sch\u00fclern der Q 11 des St.-Michaels-Gymnasiums Metten besuchten den Infotruck im Rahmen des Faches Wirtschaft und Recht. [&hellip;]<\/p>\n","protected":false},"author":5,"featured_media":0,"parent":12589,"menu_order":6,"comment_status":"closed","ping_status":"closed","template":"","meta":{"footnotes":""},"class_list":["post-12648","page","type-page","status-publish","hentry"],"_links":{"self":[{"href":"https:\/\/www.kloster-metten.com\/index.php?rest_route=\/wp\/v2\/pages\/12648","targetHints":{"allow":["GET"]}}],"collection":[{"href":"https:\/\/www.kloster-metten.com\/index.php?rest_route=\/wp\/v2\/pages"}],"about":[{"href":"https:\/\/www.kloster-metten.com\/index.php?rest_route=\/wp\/v2\/types\/page"}],"author":[{"embeddable":true,"href":"https:\/\/www.kloster-metten.com\/index.php?rest_route=\/wp\/v2\/users\/5"}],"replies":[{"embeddable":true,"href":"https:\/\/www.kloster-metten.com\/index.php?rest_route=%2Fwp%2Fv2%2Fcomments&post=12648"}],"version-history":[{"count":3,"href":"https:\/\/www.kloster-metten.com\/index.php?rest_route=\/wp\/v2\/pages\/12648\/revisions"}],"predecessor-version":[{"id":12653,"href":"https:\/\/www.kloster-metten.com\/index.php?rest_route=\/wp\/v2\/pages\/12648\/revisions\/12653"}],"up":[{"embeddable":true,"href":"https:\/\/www.kloster-metten.com\/index.php?rest_route=\/wp\/v2\/pages\/12589"}],"wp:attachment":[{"href":"https:\/\/www.kloster-metten.com\/index.php?rest_route=%2Fwp%2Fv2%2Fmedia&parent=12648"}],"curies":[{"name":"wp","href":"https:\/\/api.w.org\/{rel}","templated":true}]}}