{"id":12657,"date":"2019-10-14T20:29:12","date_gmt":"2019-10-14T18:29:12","guid":{"rendered":"https:\/\/www.kloster-metten.de\/?page_id=12657"},"modified":"2021-02-22T20:21:06","modified_gmt":"2021-02-22T19:21:06","slug":"beginn-des-schuljahres-2019-2020","status":"publish","type":"page","link":"https:\/\/www.kloster-metten.com\/?page_id=12657","title":{"rendered":"Beginn des Schuljahres 2019\/2020"},"content":{"rendered":"<a href=\"https:\/\/www.kloster-metten.com\/wp-content\/uploads\/2019\/10\/metten_Logo_gym2.jpg\"><img loading=\"lazy\" decoding=\"async\" class=\"size-medium wp-image-12664 alignnone\" title=\"metten_Logo_gym2\" src=\"https:\/\/www.kloster-metten.com\/wp-content\/uploads\/2019\/10\/metten_Logo_gym2-500x322.jpg\" alt=\"\" width=\"500\" height=\"322\" srcset=\"https:\/\/www.kloster-metten.com\/wp-content\/uploads\/2019\/10\/metten_Logo_gym2-500x322.jpg 500w, https:\/\/www.kloster-metten.com\/wp-content\/uploads\/2019\/10\/metten_Logo_gym2-768x494.jpg 768w, https:\/\/www.kloster-metten.com\/wp-content\/uploads\/2019\/10\/metten_Logo_gym2-1024x658.jpg 1024w\" sizes=\"auto, (max-width: 500px) 100vw, 500px\" \/><\/a><h2>Beginn des Schuljahres 2019\/2020<\/h2><p><\/p>\n<p>&nbsp;<\/p>\n<p>Im Schuljahr 2019\/2020 besuchen 445 Sch\u00fclerinnen und Sch\u00fcler \u2013 220 M\u00e4dchen und 225 Jungen \u2013 den Unterricht am St.-Michaels-Gymnasium. Zum Lehrerkollegium geh\u00f6ren einundvierzig Lehrkr\u00e4fte.<\/p>\n<p>\u00a0Neben dem Pflichtunterricht, der ohne Stundenk\u00fcrzungen durchgef\u00fchrt werden kann, werden mehrere Unterrichtsstunden zur individuellen F\u00f6rderung der Sch\u00fclerinnen und Sch\u00fcler eingerichtet: \u201eLernb\u00fcros\u201c in den Kernf\u00e4chern, Pluskurse im MINT-Bereich, zus\u00e4tzliche Angebote in Musik und Sport sowie die Wahlkurse \u201eSpanisch f\u00fcr Anf\u00e4nger\u201c und \u201eSchach\u201c. Erstmals l\u00e4dt auch eine \u201eWander-Forscher-AG\u201c, eine Arbeitsgemeinschaft, die sich mit historischen Orten rund um Metten und Deggendorf besch\u00e4ftigen wird, zur Mitarbeit ein.<\/p>\n<p>Die Sch\u00fclerinnen und Sch\u00fcler der 8. und 9. Jahrgangsstufe haben wiederum die M\u00f6glichkeit, im Fach Geschichte den bilingualen Unterricht zu besuchen, in dem die Fremdsprache Englisch Arbeits- und Kommunikationsmittel ist.<\/p>\n<p>Ebenfalls fortgef\u00fchrt wird die erfolgreiche Zusammenarbeit mit der St.-Notker-Schule in Deggendorf. Die Sch\u00fclerinnen und Sch\u00fcler der Klasse 6a freuen sich, dass sie als Partnerklasse ausgew\u00e4hlt wurden.<\/p>\n<p>&nbsp;<\/p>\n","protected":false},"excerpt":{"rendered":"<p>Beginn des Schuljahres 2019\/2020 &nbsp; Im Schuljahr 2019\/2020 besuchen 445 Sch\u00fclerinnen und Sch\u00fcler \u2013 220 M\u00e4dchen und 225 Jungen \u2013 den Unterricht am St.-Michaels-Gymnasium. Zum Lehrerkollegium geh\u00f6ren einundvierzig Lehrkr\u00e4fte. \u00a0Neben dem Pflichtunterricht, der ohne Stundenk\u00fcrzungen durchgef\u00fchrt werden kann, werden mehrere Unterrichtsstunden zur individuellen F\u00f6rderung der Sch\u00fclerinnen und Sch\u00fcler eingerichtet: \u201eLernb\u00fcros\u201c in den Kernf\u00e4chern, Pluskurse im [&hellip;]<\/p>\n","protected":false},"author":5,"featured_media":0,"parent":12589,"menu_order":12,"comment_status":"closed","ping_status":"closed","template":"","meta":{"footnotes":""},"class_list":["post-12657","page","type-page","status-publish","hentry"],"_links":{"self":[{"href":"https:\/\/www.kloster-metten.com\/index.php?rest_route=\/wp\/v2\/pages\/12657","targetHints":{"allow":["GET"]}}],"collection":[{"href":"https:\/\/www.kloster-metten.com\/index.php?rest_route=\/wp\/v2\/pages"}],"about":[{"href":"https:\/\/www.kloster-metten.com\/index.php?rest_route=\/wp\/v2\/types\/page"}],"author":[{"embeddable":true,"href":"https:\/\/www.kloster-metten.com\/index.php?rest_route=\/wp\/v2\/users\/5"}],"replies":[{"embeddable":true,"href":"https:\/\/www.kloster-metten.com\/index.php?rest_route=%2Fwp%2Fv2%2Fcomments&post=12657"}],"version-history":[{"count":5,"href":"https:\/\/www.kloster-metten.com\/index.php?rest_route=\/wp\/v2\/pages\/12657\/revisions"}],"predecessor-version":[{"id":12665,"href":"https:\/\/www.kloster-metten.com\/index.php?rest_route=\/wp\/v2\/pages\/12657\/revisions\/12665"}],"up":[{"embeddable":true,"href":"https:\/\/www.kloster-metten.com\/index.php?rest_route=\/wp\/v2\/pages\/12589"}],"wp:attachment":[{"href":"https:\/\/www.kloster-metten.com\/index.php?rest_route=%2Fwp%2Fv2%2Fmedia&parent=12657"}],"curies":[{"name":"wp","href":"https:\/\/api.w.org\/{rel}","templated":true}]}}