{"id":12666,"date":"2019-10-14T20:47:46","date_gmt":"2019-10-14T18:47:46","guid":{"rendered":"https:\/\/www.kloster-metten.de\/?page_id=12666"},"modified":"2021-02-22T20:21:45","modified_gmt":"2021-02-22T19:21:45","slug":"neue-lehrkraefte-2","status":"publish","type":"page","link":"https:\/\/www.kloster-metten.com\/?page_id=12666","title":{"rendered":"Neue Lehrkr\u00e4fte"},"content":{"rendered":"<a href=\"https:\/\/www.kloster-metten.com\/wp-content\/uploads\/2019\/10\/SAM_6372.jpg\"><img loading=\"lazy\" decoding=\"async\" class=\"size-medium wp-image-12667 alignnone\" title=\"SAM_6372\" src=\"https:\/\/www.kloster-metten.com\/wp-content\/uploads\/2019\/10\/SAM_6372-500x375.jpg\" alt=\"\" width=\"500\" height=\"375\" srcset=\"https:\/\/www.kloster-metten.com\/wp-content\/uploads\/2019\/10\/SAM_6372-500x375.jpg 500w, https:\/\/www.kloster-metten.com\/wp-content\/uploads\/2019\/10\/SAM_6372-768x576.jpg 768w, https:\/\/www.kloster-metten.com\/wp-content\/uploads\/2019\/10\/SAM_6372-1024x768.jpg 1024w, https:\/\/www.kloster-metten.com\/wp-content\/uploads\/2019\/10\/SAM_6372.jpg 1094w\" sizes=\"auto, (max-width: 500px) 100vw, 500px\" \/><\/a><h2>Neue Lehrkr\u00e4fte<\/h2><p><\/p>\n<p>In der Sitzung des Lehrerkollegiums am 9. September 2019 begr\u00fc\u00dft Pater Erhard eine Kollegin und drei Kollegen, die ihre Unterrichtst\u00e4tigkeit am St.-Michaels-Gymnasium beginnen.<\/p>\n<p>Frau Isabella Wiedemann wird Unterrichtsstunden in Musik \u00fcbernehmen, Herr Dr. Wolfgang Eichinger den Oberstufenkurs in Arch\u00e4ologie. Unterrichtsstunden in den F\u00e4chern Latein, Katholische Religionslehre und Griechisch wird Herr Simon Fr\u00f6bus erteilen, Herr Michael Salmansberger in den F\u00e4chern Englisch, Geschichte und Sozialkunde.<\/p>\n<p>Der Schulleiter w\u00fcnscht der Kollegin und den Kollegen ein gutes Eingew\u00f6hnen sowie viel Freude und Erfolg bei ihrer Unterrichtst\u00e4tigkeit.<\/p>\n<p>&nbsp;<\/p>\n","protected":false},"excerpt":{"rendered":"<p>Neue Lehrkr\u00e4fte In der Sitzung des Lehrerkollegiums am 9. September 2019 begr\u00fc\u00dft Pater Erhard eine Kollegin und drei Kollegen, die ihre Unterrichtst\u00e4tigkeit am St.-Michaels-Gymnasium beginnen. Frau Isabella Wiedemann wird Unterrichtsstunden in Musik \u00fcbernehmen, Herr Dr. Wolfgang Eichinger den Oberstufenkurs in Arch\u00e4ologie. Unterrichtsstunden in den F\u00e4chern Latein, Katholische Religionslehre und Griechisch wird Herr Simon Fr\u00f6bus erteilen, [&hellip;]<\/p>\n","protected":false},"author":5,"featured_media":0,"parent":12589,"menu_order":11,"comment_status":"closed","ping_status":"closed","template":"","meta":{"footnotes":""},"class_list":["post-12666","page","type-page","status-publish","hentry"],"_links":{"self":[{"href":"https:\/\/www.kloster-metten.com\/index.php?rest_route=\/wp\/v2\/pages\/12666","targetHints":{"allow":["GET"]}}],"collection":[{"href":"https:\/\/www.kloster-metten.com\/index.php?rest_route=\/wp\/v2\/pages"}],"about":[{"href":"https:\/\/www.kloster-metten.com\/index.php?rest_route=\/wp\/v2\/types\/page"}],"author":[{"embeddable":true,"href":"https:\/\/www.kloster-metten.com\/index.php?rest_route=\/wp\/v2\/users\/5"}],"replies":[{"embeddable":true,"href":"https:\/\/www.kloster-metten.com\/index.php?rest_route=%2Fwp%2Fv2%2Fcomments&post=12666"}],"version-history":[{"count":1,"href":"https:\/\/www.kloster-metten.com\/index.php?rest_route=\/wp\/v2\/pages\/12666\/revisions"}],"predecessor-version":[{"id":12668,"href":"https:\/\/www.kloster-metten.com\/index.php?rest_route=\/wp\/v2\/pages\/12666\/revisions\/12668"}],"up":[{"embeddable":true,"href":"https:\/\/www.kloster-metten.com\/index.php?rest_route=\/wp\/v2\/pages\/12589"}],"wp:attachment":[{"href":"https:\/\/www.kloster-metten.com\/index.php?rest_route=%2Fwp%2Fv2%2Fmedia&parent=12666"}],"curies":[{"name":"wp","href":"https:\/\/api.w.org\/{rel}","templated":true}]}}