{"id":12669,"date":"2019-10-14T20:50:44","date_gmt":"2019-10-14T18:50:44","guid":{"rendered":"https:\/\/www.kloster-metten.de\/?page_id=12669"},"modified":"2021-02-22T20:22:31","modified_gmt":"2021-02-22T19:22:31","slug":"begruessung-der-schuelerinnen-und-schueler-der-5-klassen","status":"publish","type":"page","link":"https:\/\/www.kloster-metten.com\/?page_id=12669","title":{"rendered":"Begr\u00fc\u00dfung der Sch\u00fclerinnen und Sch\u00fcler der 5. Klassen"},"content":{"rendered":"<a href=\"https:\/\/www.kloster-metten.com\/wp-content\/uploads\/2019\/10\/SAM_6385_.jpg\"><img loading=\"lazy\" decoding=\"async\" class=\"size-medium wp-image-12670 alignnone\" title=\"SAM_6385_\" src=\"https:\/\/www.kloster-metten.com\/wp-content\/uploads\/2019\/10\/SAM_6385_-456x500.jpg\" alt=\"\" width=\"456\" height=\"500\" srcset=\"https:\/\/www.kloster-metten.com\/wp-content\/uploads\/2019\/10\/SAM_6385_-456x500.jpg 456w, https:\/\/www.kloster-metten.com\/wp-content\/uploads\/2019\/10\/SAM_6385_-768x842.jpg 768w, https:\/\/www.kloster-metten.com\/wp-content\/uploads\/2019\/10\/SAM_6385_-934x1024.jpg 934w, https:\/\/www.kloster-metten.com\/wp-content\/uploads\/2019\/10\/SAM_6385_.jpg 1094w\" sizes=\"auto, (max-width: 456px) 100vw, 456px\" \/><\/a><h2>Begr\u00fc\u00dfung der Sch\u00fclerinnen und Sch\u00fcler der 5. Klassen<\/h2><p>Gemeinsam mit ihren Eltern versammeln sich die 61 Sch\u00fclerinnen und Sch\u00fcler der beiden f\u00fcnften Klassen am ersten Schultag im Festsaal. Dort werden sie von Pater Erhard begr\u00fc\u00dft, der ihnen Frau Rauch als Klassenleiterin der Klasse 5b und Herrn Bartlick als Klassenleiter der Klasse 5a sowie weitere Lehrerinnen und Lehrer, die in den f\u00fcnften Klassen Unterricht erteilen werden, vorstellt.<\/p>\n<p>\u00a0Die Redakteure der Sch\u00fclerzeitung \u201eLibellus\u201c haben f\u00fcr ihre neuen Mitsch\u00fclerinnen und Mitsch\u00fcler eine Sonderausgabe \u201eMinibellus\u201c zusammengestellt, in der die M\u00e4dchen und Buben erste Informationen \u00fcber ihre Lehrkr\u00e4fte erhalten.<\/p>\n<p>&nbsp;<\/p>\n","protected":false},"excerpt":{"rendered":"<p>Begr\u00fc\u00dfung der Sch\u00fclerinnen und Sch\u00fcler der 5. KlassenGemeinsam mit ihren Eltern versammeln sich die 61 Sch\u00fclerinnen und Sch\u00fcler der beiden f\u00fcnften Klassen am ersten Schultag im Festsaal. Dort werden sie von Pater Erhard begr\u00fc\u00dft, der ihnen Frau Rauch als Klassenleiterin der Klasse 5b und Herrn Bartlick als Klassenleiter der Klasse 5a sowie weitere Lehrerinnen und [&hellip;]<\/p>\n","protected":false},"author":5,"featured_media":0,"parent":12589,"menu_order":10,"comment_status":"closed","ping_status":"closed","template":"","meta":{"footnotes":""},"class_list":["post-12669","page","type-page","status-publish","hentry"],"_links":{"self":[{"href":"https:\/\/www.kloster-metten.com\/index.php?rest_route=\/wp\/v2\/pages\/12669","targetHints":{"allow":["GET"]}}],"collection":[{"href":"https:\/\/www.kloster-metten.com\/index.php?rest_route=\/wp\/v2\/pages"}],"about":[{"href":"https:\/\/www.kloster-metten.com\/index.php?rest_route=\/wp\/v2\/types\/page"}],"author":[{"embeddable":true,"href":"https:\/\/www.kloster-metten.com\/index.php?rest_route=\/wp\/v2\/users\/5"}],"replies":[{"embeddable":true,"href":"https:\/\/www.kloster-metten.com\/index.php?rest_route=%2Fwp%2Fv2%2Fcomments&post=12669"}],"version-history":[{"count":1,"href":"https:\/\/www.kloster-metten.com\/index.php?rest_route=\/wp\/v2\/pages\/12669\/revisions"}],"predecessor-version":[{"id":12671,"href":"https:\/\/www.kloster-metten.com\/index.php?rest_route=\/wp\/v2\/pages\/12669\/revisions\/12671"}],"up":[{"embeddable":true,"href":"https:\/\/www.kloster-metten.com\/index.php?rest_route=\/wp\/v2\/pages\/12589"}],"wp:attachment":[{"href":"https:\/\/www.kloster-metten.com\/index.php?rest_route=%2Fwp%2Fv2%2Fmedia&parent=12669"}],"curies":[{"name":"wp","href":"https:\/\/api.w.org\/{rel}","templated":true}]}}