{"id":12672,"date":"2019-10-14T21:02:56","date_gmt":"2019-10-14T19:02:56","guid":{"rendered":"https:\/\/www.kloster-metten.de\/?page_id=12672"},"modified":"2021-02-22T20:23:46","modified_gmt":"2021-02-22T19:23:46","slug":"elternabend-am-27-september-2019","status":"publish","type":"page","link":"https:\/\/www.kloster-metten.com\/?page_id=12672","title":{"rendered":"Elternabend am 27. September 2019"},"content":{"rendered":"<a href=\"https:\/\/www.kloster-metten.com\/wp-content\/uploads\/2019\/10\/SAM_6402_.jpg\"><img loading=\"lazy\" decoding=\"async\" class=\"size-medium wp-image-12673 alignnone\" title=\"SAM_6402_\" src=\"https:\/\/www.kloster-metten.com\/wp-content\/uploads\/2019\/10\/SAM_6402_-500x375.jpg\" alt=\"\" width=\"500\" height=\"375\" srcset=\"https:\/\/www.kloster-metten.com\/wp-content\/uploads\/2019\/10\/SAM_6402_-500x375.jpg 500w, https:\/\/www.kloster-metten.com\/wp-content\/uploads\/2019\/10\/SAM_6402_-768x576.jpg 768w, https:\/\/www.kloster-metten.com\/wp-content\/uploads\/2019\/10\/SAM_6402_-1024x768.jpg 1024w, https:\/\/www.kloster-metten.com\/wp-content\/uploads\/2019\/10\/SAM_6402_.jpg 1094w\" sizes=\"auto, (max-width: 500px) 100vw, 500px\" \/><\/a><h2>Elternabend am 27. September 2019<\/h2><p><\/p>\n<p>Die Mitglieder des Elternbeirats laden die Eltern der Sch\u00fclerinnen und Sch\u00fcler der 5. bis 7. Jahrgangsstufe zu einem Informationsabend zum Thema \u201eDas neunj\u00e4hrige Gymnasium und sein LehrplanPLUS\u201c ein.<\/p>\n<p>Einhundertvierzig M\u00fctter und V\u00e4ter folgen der Einladung und werden von Pater Erhard und Herrn Sebastian Liebl \u00fcber Besonderheiten des neunj\u00e4hrigen Gymnasiums informiert. Herr Kritsch stellt den Eltern das Medienkonzept des St.-Michaels-Gymnasiums vor, Frau Rauch die Bausteine der Werteerziehung.<\/p>\n<p>Unter der Gespr\u00e4chsleitung von Herrn Gra\u00dfl und Herrn Zeitlh\u00f6fler beantworten die Mitglieder des Arbeitskreises \u201eSchulentwicklung\u201c anschlie\u00dfend die Fragen der Eltern.<\/p>\n<p>&nbsp;<\/p>\n","protected":false},"excerpt":{"rendered":"<p>Elternabend am 27. September 2019 Die Mitglieder des Elternbeirats laden die Eltern der Sch\u00fclerinnen und Sch\u00fcler der 5. bis 7. Jahrgangsstufe zu einem Informationsabend zum Thema \u201eDas neunj\u00e4hrige Gymnasium und sein LehrplanPLUS\u201c ein. Einhundertvierzig M\u00fctter und V\u00e4ter folgen der Einladung und werden von Pater Erhard und Herrn Sebastian Liebl \u00fcber Besonderheiten des neunj\u00e4hrigen Gymnasiums informiert. [&hellip;]<\/p>\n","protected":false},"author":5,"featured_media":0,"parent":12589,"menu_order":8,"comment_status":"closed","ping_status":"closed","template":"","meta":{"footnotes":""},"class_list":["post-12672","page","type-page","status-publish","hentry"],"_links":{"self":[{"href":"https:\/\/www.kloster-metten.com\/index.php?rest_route=\/wp\/v2\/pages\/12672","targetHints":{"allow":["GET"]}}],"collection":[{"href":"https:\/\/www.kloster-metten.com\/index.php?rest_route=\/wp\/v2\/pages"}],"about":[{"href":"https:\/\/www.kloster-metten.com\/index.php?rest_route=\/wp\/v2\/types\/page"}],"author":[{"embeddable":true,"href":"https:\/\/www.kloster-metten.com\/index.php?rest_route=\/wp\/v2\/users\/5"}],"replies":[{"embeddable":true,"href":"https:\/\/www.kloster-metten.com\/index.php?rest_route=%2Fwp%2Fv2%2Fcomments&post=12672"}],"version-history":[{"count":1,"href":"https:\/\/www.kloster-metten.com\/index.php?rest_route=\/wp\/v2\/pages\/12672\/revisions"}],"predecessor-version":[{"id":12674,"href":"https:\/\/www.kloster-metten.com\/index.php?rest_route=\/wp\/v2\/pages\/12672\/revisions\/12674"}],"up":[{"embeddable":true,"href":"https:\/\/www.kloster-metten.com\/index.php?rest_route=\/wp\/v2\/pages\/12589"}],"wp:attachment":[{"href":"https:\/\/www.kloster-metten.com\/index.php?rest_route=%2Fwp%2Fv2%2Fmedia&parent=12672"}],"curies":[{"name":"wp","href":"https:\/\/api.w.org\/{rel}","templated":true}]}}