{"id":12675,"date":"2019-10-19T10:57:05","date_gmt":"2019-10-19T08:57:05","guid":{"rendered":"https:\/\/www.kloster-metten.de\/?page_id=12675"},"modified":"2022-09-17T11:31:58","modified_gmt":"2022-09-17T09:31:58","slug":"w-seminar-geschichte-zu-besuch-in-der-unibibliothek-regensburg","status":"publish","type":"page","link":"https:\/\/www.kloster-metten.com\/?page_id=12675","title":{"rendered":"W-Seminar Geschichte zu Besuch in der Unibibliothek Regensburg"},"content":{"rendered":"<h2>W-Seminar Geschichte zu Besuch in der Unibibliothek Regensburg<\/h2><p><strong><a href=\"https:\/\/www.kloster-metten.com\/wp-content\/uploads\/2019\/10\/IMG_6759_.jpg\"><img loading=\"lazy\" decoding=\"async\" class=\"size-medium wp-image-12676 alignnone\" title=\"IMG_6759_\" src=\"https:\/\/www.kloster-metten.com\/wp-content\/uploads\/2019\/10\/IMG_6759_-500x375.jpg\" alt=\"\" width=\"500\" height=\"375\" srcset=\"https:\/\/www.kloster-metten.com\/wp-content\/uploads\/2019\/10\/IMG_6759_-500x375.jpg 500w, https:\/\/www.kloster-metten.com\/wp-content\/uploads\/2019\/10\/IMG_6759_-768x576.jpg 768w, https:\/\/www.kloster-metten.com\/wp-content\/uploads\/2019\/10\/IMG_6759_-1024x768.jpg 1024w, https:\/\/www.kloster-metten.com\/wp-content\/uploads\/2019\/10\/IMG_6759_.jpg 1613w\" sizes=\"auto, (max-width: 500px) 100vw, 500px\" \/><\/a><\/strong><\/p>\n<p>Am Montag, den 23.09.2019, machte sich das W-Seminar auf in Richtung Regensburg, um die dortige Unibibliothek zu besichtigen.<\/p>\n<p>Die acht Sch\u00fclerinnen und Sch\u00fcler bekamen zun\u00e4chst durch eine Mitarbeiterin der Infotheke eine Einf\u00fchrung in die Funktionsweise des Regensburger Katalogs und die verschiedenen M\u00f6glichkeiten der Literaturrecherche, bevor eine F\u00fchrung durch die einzelnen Magazine und Leses\u00e4le auf dem Programm stand.<\/p>\n<p>Dieses theoretisch erworbene Wissen musste das Seminar im Anschluss anhand verschiedenster Rechercheauftr\u00e4ge praktisch umsetzen (siehe Bild). Der Besuch bot den Sch\u00fclerinnen und Sch\u00fclern einen umfassenden Einblick in die wissenschaftliche Literaturrecherche, den sie sp\u00e4testens beim Anfertigen ihrer W-Seminararbeiten sehr gut gebrauchen k\u00f6nnen.<\/p>\n","protected":false},"excerpt":{"rendered":"<p>W-Seminar Geschichte zu Besuch in der Unibibliothek Regensburg Am Montag, den 23.09.2019, machte sich das W-Seminar auf in Richtung Regensburg, um die dortige Unibibliothek zu besichtigen. Die acht Sch\u00fclerinnen und Sch\u00fcler bekamen zun\u00e4chst durch eine Mitarbeiterin der Infotheke eine Einf\u00fchrung in die Funktionsweise des Regensburger Katalogs und die verschiedenen M\u00f6glichkeiten der Literaturrecherche, bevor eine F\u00fchrung [&hellip;]<\/p>\n","protected":false},"author":5,"featured_media":0,"parent":12589,"menu_order":7,"comment_status":"closed","ping_status":"closed","template":"","meta":{"footnotes":""},"class_list":["post-12675","page","type-page","status-publish","hentry"],"_links":{"self":[{"href":"https:\/\/www.kloster-metten.com\/index.php?rest_route=\/wp\/v2\/pages\/12675","targetHints":{"allow":["GET"]}}],"collection":[{"href":"https:\/\/www.kloster-metten.com\/index.php?rest_route=\/wp\/v2\/pages"}],"about":[{"href":"https:\/\/www.kloster-metten.com\/index.php?rest_route=\/wp\/v2\/types\/page"}],"author":[{"embeddable":true,"href":"https:\/\/www.kloster-metten.com\/index.php?rest_route=\/wp\/v2\/users\/5"}],"replies":[{"embeddable":true,"href":"https:\/\/www.kloster-metten.com\/index.php?rest_route=%2Fwp%2Fv2%2Fcomments&post=12675"}],"version-history":[{"count":1,"href":"https:\/\/www.kloster-metten.com\/index.php?rest_route=\/wp\/v2\/pages\/12675\/revisions"}],"predecessor-version":[{"id":12677,"href":"https:\/\/www.kloster-metten.com\/index.php?rest_route=\/wp\/v2\/pages\/12675\/revisions\/12677"}],"up":[{"embeddable":true,"href":"https:\/\/www.kloster-metten.com\/index.php?rest_route=\/wp\/v2\/pages\/12589"}],"wp:attachment":[{"href":"https:\/\/www.kloster-metten.com\/index.php?rest_route=%2Fwp%2Fv2%2Fmedia&parent=12675"}],"curies":[{"name":"wp","href":"https:\/\/api.w.org\/{rel}","templated":true}]}}