{"id":12678,"date":"2019-10-19T11:09:08","date_gmt":"2019-10-19T09:09:08","guid":{"rendered":"https:\/\/www.kloster-metten.de\/?page_id=12678"},"modified":"2022-09-17T11:32:54","modified_gmt":"2022-09-17T09:32:54","slug":"politische-bildungsreise-der-q12-nach-berlin","status":"publish","type":"page","link":"https:\/\/www.kloster-metten.com\/?page_id=12678","title":{"rendered":"Politische Bildungsreise der Q12 nach Berlin"},"content":{"rendered":"<h2>Politische Bildungsreise der Q12 nach Berlin<\/h2><p><strong><a href=\"https:\/\/www.kloster-metten.com\/wp-content\/uploads\/2019\/10\/Gespr\u00e4ch-mit-Thomas-Erndl-MdB-8.jpg\"><img loading=\"lazy\" decoding=\"async\" class=\"size-medium wp-image-12681 alignnone\" title=\"Gespr\u00e4ch mit Thomas Erndl MdB 8\" src=\"https:\/\/www.kloster-metten.com\/wp-content\/uploads\/2019\/10\/Gespr\u00e4ch-mit-Thomas-Erndl-MdB-8-500x375.jpg\" alt=\"\" width=\"500\" height=\"375\" srcset=\"https:\/\/www.kloster-metten.com\/wp-content\/uploads\/2019\/10\/Gespr\u00e4ch-mit-Thomas-Erndl-MdB-8-500x375.jpg 500w, https:\/\/www.kloster-metten.com\/wp-content\/uploads\/2019\/10\/Gespr\u00e4ch-mit-Thomas-Erndl-MdB-8-768x576.jpg 768w, https:\/\/www.kloster-metten.com\/wp-content\/uploads\/2019\/10\/Gespr\u00e4ch-mit-Thomas-Erndl-MdB-8-1024x768.jpg 1024w, https:\/\/www.kloster-metten.com\/wp-content\/uploads\/2019\/10\/Gespr\u00e4ch-mit-Thomas-Erndl-MdB-8.jpg 1600w\" sizes=\"auto, (max-width: 500px) 100vw, 500px\" \/><\/a><\/strong><\/p>\n<p>Vom Mittwoch, den 25.09.2019, bis Freitag, den 27.09.2019, gastierte die Q12 in der Bundeshauptstadt, um sich \u00fcber politische Abl\u00e4ufe und geschichtliche Eckpunkte zu informieren.<\/p>\n<p>Die Reise begann am Mittwoch bereits um 5:00 Uhr. Nach der Ankunft in Berlin stand nachmittags zuerst ein Besuch im Deutschen Dom auf dem Programm, wo die Ausstellung zum Bundestag interaktiv in Kleingruppen erschlossen wurde. Im Anschluss f\u00fchrte der Weg zu MdB Thomas Erndl, der die Sch\u00fclerinnen und Sch\u00fcler zu einem Gespr\u00e4ch ins Paul-L\u00f6be-Haus eingeladen hatte. Nach einer St\u00e4rkung in der Kantine ging der erste ereignisreiche Tag zu Ende.<\/p>\n<p>Der n\u00e4chste Tag begann mit einer zweist\u00fcndigen Stadtf\u00fchrung per Bus, wobei den Sch\u00fclern die wichtigsten Ecken Berlins auf sehr unterhaltsame Weise pr\u00e4sentiert wurden. Diese F\u00fchrung m\u00fcndete an der Bayerischen Vertretung in Berlin, wo sich die mettener Reisegruppe zun\u00e4chst mit einem Mittagessen st\u00e4rkte, bevor sie in zwei Vortr\u00e4gen \u00fcber die Aufgaben und die Geschichte des Geb\u00e4udes und \u00fcber die Arbeitsweisen des Bundesrates informiert wurde. Danach folgte ein Fu\u00dfmarsch zum Paul-L\u00f6be-Haus, da die Sch\u00fclerinnen und Sch\u00fcler dort an einem Planspiel zur Funktionsweise des Bundestages teilnahmen. Hierbei musste zun\u00e4chst aus verschiedenen Parteien eine Regierung gebildet werden, die sich im Anschluss in Aussch\u00fcssen und im Plenum mit politischen Problemen auseinandersetzen musste. Als Belohnung f\u00fcr die vorbildliche Mitarbeit erhielt die Gruppe Zugang zur Besuchertrib\u00fcne des Bundestags und konnte live den politischen Debatten folgen. Mit einem Blick \u00fcber das n\u00e4chtliche Berlin von der Reichstagskuppel aus endete der Besuch.<\/p>\n<p>Der letzte Tag stand ganz im Zeichen des Ministeriums f\u00fcr Staatssicherheit. Vormittags wurde das Stasimuseum mit den originalen B\u00fcror\u00e4umen von Erich Mielke besichtigt, bevor die Q12 nachmittags von einem ehemaligem H\u00e4ftling durch das Gef\u00e4ngnis Hohensch\u00f6nhausen gef\u00fchrt wurde. Mit vielen Eindr\u00fccken und Erlebnissen traten die Sch\u00fclerinnen und Sch\u00fcler leicht geschafft die R\u00fcckreise nach Metten an.<\/p>\n<p><strong><a href=\"https:\/\/www.kloster-metten.com\/wp-content\/uploads\/2019\/10\/20190926_133353_.jpg\"><img loading=\"lazy\" decoding=\"async\" class=\"alignleft size-medium wp-image-12679\" title=\"20190926_133353_\" src=\"https:\/\/www.kloster-metten.com\/wp-content\/uploads\/2019\/10\/20190926_133353_-375x500.jpg\" alt=\"\" width=\"375\" height=\"500\" srcset=\"https:\/\/www.kloster-metten.com\/wp-content\/uploads\/2019\/10\/20190926_133353_-375x500.jpg 375w, https:\/\/www.kloster-metten.com\/wp-content\/uploads\/2019\/10\/20190926_133353_-768x1024.jpg 768w, https:\/\/www.kloster-metten.com\/wp-content\/uploads\/2019\/10\/20190926_133353_.jpg 907w\" sizes=\"auto, (max-width: 375px) 100vw, 375px\" \/><br \/>\n<\/a><a href=\"https:\/\/www.kloster-metten.com\/wp-content\/uploads\/2019\/10\/20190926_112411_.jpg\"><img loading=\"lazy\" decoding=\"async\" class=\"alignleft size-medium wp-image-12680\" title=\"20190926_112411_\" src=\"https:\/\/www.kloster-metten.com\/wp-content\/uploads\/2019\/10\/20190926_112411_-500x375.jpg\" alt=\"\" width=\"500\" height=\"375\" srcset=\"https:\/\/www.kloster-metten.com\/wp-content\/uploads\/2019\/10\/20190926_112411_-500x375.jpg 500w, https:\/\/www.kloster-metten.com\/wp-content\/uploads\/2019\/10\/20190926_112411_-768x576.jpg 768w, https:\/\/www.kloster-metten.com\/wp-content\/uploads\/2019\/10\/20190926_112411_.jpg 1008w\" sizes=\"auto, (max-width: 500px) 100vw, 500px\" \/><br \/>\n<\/a><\/strong><\/p>\n<p>&nbsp;<\/p>\n","protected":false},"excerpt":{"rendered":"<p>Politische Bildungsreise der Q12 nach Berlin Vom Mittwoch, den 25.09.2019, bis Freitag, den 27.09.2019, gastierte die Q12 in der Bundeshauptstadt, um sich \u00fcber politische Abl\u00e4ufe und geschichtliche Eckpunkte zu informieren. Die Reise begann am Mittwoch bereits um 5:00 Uhr. Nach der Ankunft in Berlin stand nachmittags zuerst ein Besuch im Deutschen Dom auf dem Programm, [&hellip;]<\/p>\n","protected":false},"author":5,"featured_media":0,"parent":12589,"menu_order":5,"comment_status":"closed","ping_status":"closed","template":"","meta":{"footnotes":""},"class_list":["post-12678","page","type-page","status-publish","hentry"],"_links":{"self":[{"href":"https:\/\/www.kloster-metten.com\/index.php?rest_route=\/wp\/v2\/pages\/12678","targetHints":{"allow":["GET"]}}],"collection":[{"href":"https:\/\/www.kloster-metten.com\/index.php?rest_route=\/wp\/v2\/pages"}],"about":[{"href":"https:\/\/www.kloster-metten.com\/index.php?rest_route=\/wp\/v2\/types\/page"}],"author":[{"embeddable":true,"href":"https:\/\/www.kloster-metten.com\/index.php?rest_route=\/wp\/v2\/users\/5"}],"replies":[{"embeddable":true,"href":"https:\/\/www.kloster-metten.com\/index.php?rest_route=%2Fwp%2Fv2%2Fcomments&post=12678"}],"version-history":[{"count":2,"href":"https:\/\/www.kloster-metten.com\/index.php?rest_route=\/wp\/v2\/pages\/12678\/revisions"}],"predecessor-version":[{"id":12683,"href":"https:\/\/www.kloster-metten.com\/index.php?rest_route=\/wp\/v2\/pages\/12678\/revisions\/12683"}],"up":[{"embeddable":true,"href":"https:\/\/www.kloster-metten.com\/index.php?rest_route=\/wp\/v2\/pages\/12589"}],"wp:attachment":[{"href":"https:\/\/www.kloster-metten.com\/index.php?rest_route=%2Fwp%2Fv2%2Fmedia&parent=12678"}],"curies":[{"name":"wp","href":"https:\/\/api.w.org\/{rel}","templated":true}]}}