{"id":12687,"date":"2019-10-28T11:13:46","date_gmt":"2019-10-28T10:13:46","guid":{"rendered":"https:\/\/www.kloster-metten.de\/?page_id=12687"},"modified":"2022-09-17T11:33:24","modified_gmt":"2022-09-17T09:33:24","slug":"eine-starke-gemeinschaft-kennenlerntage-der-5-klassen","status":"publish","type":"page","link":"https:\/\/www.kloster-metten.com\/?page_id=12687","title":{"rendered":"Eine starke Gemeinschaft \u2013 Kennenlerntage der 5. Klassen"},"content":{"rendered":"<a href=\"https:\/\/www.kloster-metten.com\/wp-content\/uploads\/2019\/10\/DSC01207_.jpg\"><img loading=\"lazy\" decoding=\"async\" class=\"size-medium wp-image-12691 alignnone\" title=\"DSC01207_\" src=\"https:\/\/www.kloster-metten.com\/wp-content\/uploads\/2019\/10\/DSC01207_-500x375.jpg\" alt=\"\" width=\"500\" height=\"375\" srcset=\"https:\/\/www.kloster-metten.com\/wp-content\/uploads\/2019\/10\/DSC01207_-500x375.jpg 500w, https:\/\/www.kloster-metten.com\/wp-content\/uploads\/2019\/10\/DSC01207_-768x576.jpg 768w, https:\/\/www.kloster-metten.com\/wp-content\/uploads\/2019\/10\/DSC01207_-1024x768.jpg 1024w, https:\/\/www.kloster-metten.com\/wp-content\/uploads\/2019\/10\/DSC01207_.jpg 1224w\" sizes=\"auto, (max-width: 500px) 100vw, 500px\" \/><\/a><h2>Eine starke Gemeinschaft \u2013 Kennenlerntage der 5. Klassen<\/h2><p><\/p>\n<p>W\u00e4hrend die anderen Sch\u00fclerinnen und Sch\u00fcler noch die Schulbank dr\u00fccken mussten, machten sich die beiden 5. Klassen des St.-Michaels-Gymnasiums letzte Woche auf ins Schullandheim nach Lambach. Mit im Gep\u00e4ck waren Vorfreude auf sch\u00f6ne Erlebnisse, aber auch ein bisschen Unsicherheit: Wie wird es eine Woche ohne Eltern sein? Damit allzugro\u00dfes Heimweh gar nicht erst aufkommen konnte, wurde den 60 Kindern ein abwechslungsreiches Programm geboten: Spielen, Singen, Lesen, aber auch Workshops zum Lernen lernen, zur Stresspr\u00e4vention und zur H\u00f6flichkeit standen auf dem Plan. H\u00f6hepunkte waren sicherlich die Wanderung zum Osser, bei der wir bis \u00fcber die Wolken gelangten, und der Ausflug zum Tierpark Lohberg sowie zum kleinen Arbersee. Auch die Abende waren gef\u00fcllt: Etwas unheimlich war die Fackelwanderung im Wald, lustig der Kinoabend, besinnlich der gemeinsame Gottesdienst mit dem Schulseelsorger P. Thomas. Einen R\u00fcckblick auf die vergangenen Tage bot die Diashow am letzten Abend, an dem auch die Siegerehrung des Zimmerwettbewerbs durchgef\u00fchrt wurde. Die Sch\u00fclerinnen und Sch\u00fcler hatten aber auch Zeit, die vielf\u00e4ltigen Angebote des Ferienhauses auf eigene Faust zu nutzen: So wurde Minigolf, Tischtennis und Fu\u00dfball gespielt, einen besonderen Anreiz bot auch das Piratenschiff, auf dem sich die Kinder gerne tummelten, passte es doch gut zur Lekt\u00fcre, die im Schullandheim gemeinsam gelesen wurde. Eine gro\u00dfe Hilfe f\u00fcr die begleitenden Lehrkr\u00e4fte waren die vier Tutoren aus der 9. und 10. Jahrgangsstufe, die jederzeit zur Stelle waren, wenn getr\u00f6stet, aufgemuntert, gespielt oder vorgelesen werden musste. So fiel es den F\u00fcnftkl\u00e4sslern gar nicht so schwer, ein paar Tage auf das Handy und andere elektronische Unterhaltungsmedien zu verzichten, war doch immer \u201elive\u201c jemand da, mit dem man spielen oder sich unterhalten konnte. Nachdem auch das Wetter mitspielte und uns sonnige Tage bescherte, waren sich alle einig, dass der Aufenthalt im Schullandheim wundersch\u00f6n war und die Klassen zu einer starken Gemeinschaft zusammenwachsen lie\u00df.<\/p>\n\r\n\t\t<style type='text\/css'>\r\n\t\t\t#gallery-1 {\r\n\t\t\t\tmargin: auto;\r\n\t\t\t}\r\n\t\t\t#gallery-1 .gallery-item {\r\n\t\t\t\tfloat: left;\r\n\t\t\t\tmargin-top: 10px;\r\n\t\t\t\ttext-align: center;\r\n\t\t\t\twidth: 33%;\r\n\t\t\t}\r\n\t\t\t#gallery-1 hr {\r\n\t\t\t\theight: 1px;\r\n\t\t\t}\r\n\t\t\t#gallery-1 .gallery-caption {\r\n\t\t\t\tmargin-left: 0;\r\n\t\t\t}\r\n\t\t\t\/* see gallery_shortcode() in wp-includes\/media.php *\/\r\n\t\t<\/style>\n\t\t<div id='gallery-1' class='gallery galleryid-12687 gallery-columns-3 gallery-size-thumbnail'><hr class='null'><dl class='gallery-item'>\r\n\t\t\t<dt class='gallery-icon landscape'>\r\n\t\t\t\t<a title=\"DSCN2638_\"  href='https:\/\/www.kloster-metten.com\/?attachment_id=12692'><img loading=\"lazy\" decoding=\"async\" width=\"170\" height=\"115\" src=\"https:\/\/www.kloster-metten.com\/wp-content\/uploads\/2019\/10\/DSCN2638_-170x115.jpg\" class=\"attachment-thumbnail size-thumbnail\" alt=\"\" \/><\/a>\r\n\t\t\t<\/dt><\/dl><dl class='gallery-item'>\r\n\t\t\t<dt class='gallery-icon landscape'>\r\n\t\t\t\t<a title=\"DSC01179_\"  href='https:\/\/www.kloster-metten.com\/?attachment_id=12690'><img loading=\"lazy\" decoding=\"async\" width=\"170\" height=\"115\" src=\"https:\/\/www.kloster-metten.com\/wp-content\/uploads\/2019\/10\/DSC01179_-170x115.jpg\" class=\"attachment-thumbnail size-thumbnail\" alt=\"\" \/><\/a>\r\n\t\t\t<\/dt><\/dl><dl class='gallery-item'>\r\n\t\t\t<dt class='gallery-icon landscape'>\r\n\t\t\t\t<a title=\"DSC00547_\"  href='https:\/\/www.kloster-metten.com\/?attachment_id=12689'><img loading=\"lazy\" decoding=\"async\" width=\"170\" height=\"115\" src=\"https:\/\/www.kloster-metten.com\/wp-content\/uploads\/2019\/10\/DSC00547_-170x115.jpg\" class=\"attachment-thumbnail size-thumbnail\" alt=\"\" \/><\/a>\r\n\t\t\t<\/dt><\/dl><br style=\"clear: both\" \/><dl class='gallery-item'>\r\n\t\t\t<dt class='gallery-icon landscape'>\r\n\t\t\t\t<a title=\"DSC00381_\"  href='https:\/\/www.kloster-metten.com\/?attachment_id=12688'><img loading=\"lazy\" decoding=\"async\" width=\"170\" height=\"115\" src=\"https:\/\/www.kloster-metten.com\/wp-content\/uploads\/2019\/10\/DSC00381_-170x115.jpg\" class=\"attachment-thumbnail size-thumbnail\" alt=\"\" \/><\/a>\r\n\t\t\t<\/dt><\/dl>\r\n\t\t\t<br style='clear: both' \/>\r\n\t\t<\/div>\n\n","protected":false},"excerpt":{"rendered":"<p>Eine starke Gemeinschaft \u2013 Kennenlerntage der 5. Klassen W\u00e4hrend die anderen Sch\u00fclerinnen und Sch\u00fcler noch die Schulbank dr\u00fccken mussten, machten sich die beiden 5. Klassen des St.-Michaels-Gymnasiums letzte Woche auf ins Schullandheim nach Lambach. Mit im Gep\u00e4ck waren Vorfreude auf sch\u00f6ne Erlebnisse, aber auch ein bisschen Unsicherheit: Wie wird es eine Woche ohne Eltern sein? [&hellip;]<\/p>\n","protected":false},"author":5,"featured_media":0,"parent":12589,"menu_order":4,"comment_status":"closed","ping_status":"closed","template":"","meta":{"footnotes":""},"class_list":["post-12687","page","type-page","status-publish","hentry"],"_links":{"self":[{"href":"https:\/\/www.kloster-metten.com\/index.php?rest_route=\/wp\/v2\/pages\/12687","targetHints":{"allow":["GET"]}}],"collection":[{"href":"https:\/\/www.kloster-metten.com\/index.php?rest_route=\/wp\/v2\/pages"}],"about":[{"href":"https:\/\/www.kloster-metten.com\/index.php?rest_route=\/wp\/v2\/types\/page"}],"author":[{"embeddable":true,"href":"https:\/\/www.kloster-metten.com\/index.php?rest_route=\/wp\/v2\/users\/5"}],"replies":[{"embeddable":true,"href":"https:\/\/www.kloster-metten.com\/index.php?rest_route=%2Fwp%2Fv2%2Fcomments&post=12687"}],"version-history":[{"count":1,"href":"https:\/\/www.kloster-metten.com\/index.php?rest_route=\/wp\/v2\/pages\/12687\/revisions"}],"predecessor-version":[{"id":12693,"href":"https:\/\/www.kloster-metten.com\/index.php?rest_route=\/wp\/v2\/pages\/12687\/revisions\/12693"}],"up":[{"embeddable":true,"href":"https:\/\/www.kloster-metten.com\/index.php?rest_route=\/wp\/v2\/pages\/12589"}],"wp:attachment":[{"href":"https:\/\/www.kloster-metten.com\/index.php?rest_route=%2Fwp%2Fv2%2Fmedia&parent=12687"}],"curies":[{"name":"wp","href":"https:\/\/api.w.org\/{rel}","templated":true}]}}