{"id":127,"date":"2008-08-11T16:43:26","date_gmt":"2008-08-11T14:43:26","guid":{"rendered":"http:\/\/kloster-metten.de\/?page_id=127"},"modified":"2008-08-11T16:43:26","modified_gmt":"2008-08-11T14:43:26","slug":"profess","status":"publish","type":"page","link":"https:\/\/www.kloster-metten.com\/?page_id=127","title":{"rendered":"Profess"},"content":{"rendered":"<h2>Profess<\/h2><p>Mit der Profess (<em>professio<\/em>, lateinisch f\u00fcr Bekenntnis) legt der Bewerber \u00f6ffentlich sein Gel\u00fcbde ab, worin er versichert, nach den Grundprinzipien des Evangeliums und den Grunds\u00e4tzen der benediktinischen Ordensgemeinschaft leben zu wollen.<\/p>\n<p>Die Profess erfolgt in mehreren Phasen. Zuerst verpflichtet sich der M\u00f6nch auf drei Jahre. In dieser Zeit kann unter Umst\u00e4nden auch ein Theologiestudium aufgenommen werden. Nach dieser Phase, und wenn der M\u00f6nch mindestens 24 Jahre alt ist, legt er die ewige, feierliche Profess ab. Vergleichbar ist dieser Schritt mit einer katholischen Trauung, bei der sich Mann und Frau gegenseitig das Ehesakrament spenden und einander Liebe und Treue bis zum Tod versprechen.<\/p>\n","protected":false},"excerpt":{"rendered":"<p>ProfessMit der Profess (professio, lateinisch f\u00fcr Bekenntnis) legt der Bewerber \u00f6ffentlich sein Gel\u00fcbde ab, worin er versichert, nach den Grundprinzipien des Evangeliums und den Grunds\u00e4tzen der benediktinischen Ordensgemeinschaft leben zu wollen. Die Profess erfolgt in mehreren Phasen. Zuerst verpflichtet sich der M\u00f6nch auf drei Jahre. In dieser Zeit kann unter Umst\u00e4nden auch ein Theologiestudium aufgenommen [&hellip;]<\/p>\n","protected":false},"author":5,"featured_media":0,"parent":15,"menu_order":0,"comment_status":"closed","ping_status":"closed","template":"","meta":{"footnotes":""},"class_list":["post-127","page","type-page","status-publish","hentry"],"_links":{"self":[{"href":"https:\/\/www.kloster-metten.com\/index.php?rest_route=\/wp\/v2\/pages\/127","targetHints":{"allow":["GET"]}}],"collection":[{"href":"https:\/\/www.kloster-metten.com\/index.php?rest_route=\/wp\/v2\/pages"}],"about":[{"href":"https:\/\/www.kloster-metten.com\/index.php?rest_route=\/wp\/v2\/types\/page"}],"author":[{"embeddable":true,"href":"https:\/\/www.kloster-metten.com\/index.php?rest_route=\/wp\/v2\/users\/5"}],"replies":[{"embeddable":true,"href":"https:\/\/www.kloster-metten.com\/index.php?rest_route=%2Fwp%2Fv2%2Fcomments&post=127"}],"version-history":[{"count":0,"href":"https:\/\/www.kloster-metten.com\/index.php?rest_route=\/wp\/v2\/pages\/127\/revisions"}],"up":[{"embeddable":true,"href":"https:\/\/www.kloster-metten.com\/index.php?rest_route=\/wp\/v2\/pages\/15"}],"wp:attachment":[{"href":"https:\/\/www.kloster-metten.com\/index.php?rest_route=%2Fwp%2Fv2%2Fmedia&parent=127"}],"curies":[{"name":"wp","href":"https:\/\/api.w.org\/{rel}","templated":true}]}}