{"id":12719,"date":"2019-11-23T09:03:42","date_gmt":"2019-11-23T08:03:42","guid":{"rendered":"https:\/\/www.kloster-metten.de\/?page_id=12719"},"modified":"2022-09-17T11:33:51","modified_gmt":"2022-09-17T09:33:51","slug":"verdienter-applaus-fuer-junge-musiker","status":"publish","type":"page","link":"https:\/\/www.kloster-metten.com\/?page_id=12719","title":{"rendered":"Verdienter Applaus f\u00fcr junge Musiker"},"content":{"rendered":"<a href=\"https:\/\/www.kloster-metten.com\/wp-content\/uploads\/2019\/11\/SAM_6830_.jpg\"><img loading=\"lazy\" decoding=\"async\" class=\"size-medium wp-image-12729 alignnone\" title=\"SAM_6830_\" src=\"https:\/\/www.kloster-metten.com\/wp-content\/uploads\/2019\/11\/SAM_6830_-500x375.jpg\" alt=\"\" width=\"500\" height=\"375\" srcset=\"https:\/\/www.kloster-metten.com\/wp-content\/uploads\/2019\/11\/SAM_6830_-500x375.jpg 500w, https:\/\/www.kloster-metten.com\/wp-content\/uploads\/2019\/11\/SAM_6830_-768x576.jpg 768w, https:\/\/www.kloster-metten.com\/wp-content\/uploads\/2019\/11\/SAM_6830_-1024x768.jpg 1024w, https:\/\/www.kloster-metten.com\/wp-content\/uploads\/2019\/11\/SAM_6830_.jpg 1094w\" sizes=\"auto, (max-width: 500px) 100vw, 500px\" \/><\/a><h2>Verdienter Applaus f\u00fcr junge Musiker<\/h2><p><\/p>\n<p>Am traditionellen Hauskonzert des St.-Michaels-Gymnasiums beteiligte sich heuer wieder eine ganze Reihe Sch\u00fclerinnen und Sch\u00fcler, die trotz der schulischen Pflichten Zeit gefunden hatten, zu \u00fcben, St\u00fccke auszuw\u00e4hlen und sich gezielt auf den Vortrag vorzubereiten. Das hob Schulleiter P. Erhard auch bei seiner Begr\u00fc\u00dfung lobend hervor. Ist es doch keine Selbstverst\u00e4ndlichkeit, neben den Hausaufgaben t\u00e4glich Zeit in dieses Hobby zu investieren.<\/p>\n<p>P. Erhard dankte allen Instrumentallehrkr\u00e4ften, die sich um die musikalische Erziehung k\u00fcmmern, sowie den Sch\u00fclerinnen und Sch\u00fclern, die das musikalische Leben an der Schule aktiv mitgestalten. Dem interessierten Publikum aus Eltern, Lehrern und Freunden wurde ein abwechslungsreiches Programm pr\u00e4sentiert, teils solistisch, teils aber auch zu zweit, zu dritt oder im Ensemble. Neben Klassikern wie \u201eF\u00fcr Elise\u201c von Ludwig van Beethoven waren auch weniger bekannte St\u00fccke wie \u201eDie zerstreute Brillenschlange\u201c von Wilfried Hiller zu h\u00f6ren. F\u00fcr die jungen Musiker war es eine gute Gelegenheit, einen Auftritt vor wohlwollendem Publikum zu trainieren, denn Lampenfieber geh\u00f6rt bekanntlich dazu. \u201eEin wenig aufgeregt war ich schon, aber Spa\u00df macht mir das Musizieren auf jeden Fall\u201c, so Johanna Sappok aus der 8. Jahrgangsstufe. Dass es der M\u00fche auf jeden Fall Wert ist, betont auch Johanna G\u00e4tzschmann aus der Q 12: \u201eBesondere Freude bereitet das Musizieren im Ensemble und im Orchester\u201c. Wie etliche andere Sch\u00fclerinnen und Sch\u00fcler gibt sie aber auch zu, dass es nicht immer ganz leicht ist, lernen und \u00fcben \u201eunter einen Hut zu bringen\u201c. Daher freuten sich die Sch\u00fclerinnen und Sch\u00fcler besonders, dass sie am Tag nach dem Hauskonzert vom Ausfragen verschont wurden.<\/p>\n\r\n\t\t<style type='text\/css'>\r\n\t\t\t#gallery-1 {\r\n\t\t\t\tmargin: auto;\r\n\t\t\t}\r\n\t\t\t#gallery-1 .gallery-item {\r\n\t\t\t\tfloat: left;\r\n\t\t\t\tmargin-top: 10px;\r\n\t\t\t\ttext-align: center;\r\n\t\t\t\twidth: 33%;\r\n\t\t\t}\r\n\t\t\t#gallery-1 hr {\r\n\t\t\t\theight: 1px;\r\n\t\t\t}\r\n\t\t\t#gallery-1 .gallery-caption {\r\n\t\t\t\tmargin-left: 0;\r\n\t\t\t}\r\n\t\t\t\/* see gallery_shortcode() in wp-includes\/media.php *\/\r\n\t\t<\/style>\n\t\t<div id='gallery-1' class='gallery galleryid-12719 gallery-columns-3 gallery-size-thumbnail'><hr class='null'><dl class='gallery-item'>\r\n\t\t\t<dt class='gallery-icon landscape'>\r\n\t\t\t\t<a title=\"SAM_6837_\"  href='https:\/\/www.kloster-metten.com\/?attachment_id=12730'><img loading=\"lazy\" decoding=\"async\" width=\"170\" height=\"115\" src=\"https:\/\/www.kloster-metten.com\/wp-content\/uploads\/2019\/11\/SAM_6837_-170x115.jpg\" class=\"attachment-thumbnail size-thumbnail\" alt=\"\" \/><\/a>\r\n\t\t\t<\/dt><\/dl><dl class='gallery-item'>\r\n\t\t\t<dt class='gallery-icon landscape'>\r\n\t\t\t\t<a title=\"SAM_6841_\"  href='https:\/\/www.kloster-metten.com\/?attachment_id=12728'><img loading=\"lazy\" decoding=\"async\" width=\"170\" height=\"115\" src=\"https:\/\/www.kloster-metten.com\/wp-content\/uploads\/2019\/11\/SAM_6841_-170x115.jpg\" class=\"attachment-thumbnail size-thumbnail\" alt=\"\" \/><\/a>\r\n\t\t\t<\/dt><\/dl><dl class='gallery-item'>\r\n\t\t\t<dt class='gallery-icon landscape'>\r\n\t\t\t\t<a title=\"SAM_6850_\"  href='https:\/\/www.kloster-metten.com\/?attachment_id=12727'><img loading=\"lazy\" decoding=\"async\" width=\"170\" height=\"115\" src=\"https:\/\/www.kloster-metten.com\/wp-content\/uploads\/2019\/11\/SAM_6850_-170x115.jpg\" class=\"attachment-thumbnail size-thumbnail\" alt=\"\" \/><\/a>\r\n\t\t\t<\/dt><\/dl><br style=\"clear: both\" \/><dl class='gallery-item'>\r\n\t\t\t<dt class='gallery-icon landscape'>\r\n\t\t\t\t<a title=\"SAM_6863_\"  href='https:\/\/www.kloster-metten.com\/?attachment_id=12726'><img loading=\"lazy\" decoding=\"async\" width=\"170\" height=\"115\" src=\"https:\/\/www.kloster-metten.com\/wp-content\/uploads\/2019\/11\/SAM_6863_-170x115.jpg\" class=\"attachment-thumbnail size-thumbnail\" alt=\"\" \/><\/a>\r\n\t\t\t<\/dt><\/dl><dl class='gallery-item'>\r\n\t\t\t<dt class='gallery-icon landscape'>\r\n\t\t\t\t<a title=\"SAM_6869_\"  href='https:\/\/www.kloster-metten.com\/?attachment_id=12725'><img loading=\"lazy\" decoding=\"async\" width=\"170\" height=\"115\" src=\"https:\/\/www.kloster-metten.com\/wp-content\/uploads\/2019\/11\/SAM_6869_-170x115.jpg\" class=\"attachment-thumbnail size-thumbnail\" alt=\"\" \/><\/a>\r\n\t\t\t<\/dt><\/dl><dl class='gallery-item'>\r\n\t\t\t<dt class='gallery-icon portrait'>\r\n\t\t\t\t<a title=\"SAM_6862_\"  href='https:\/\/www.kloster-metten.com\/?attachment_id=12724'><img loading=\"lazy\" decoding=\"async\" width=\"170\" height=\"115\" src=\"https:\/\/www.kloster-metten.com\/wp-content\/uploads\/2019\/11\/SAM_6862_-e1574497285409-170x115.jpg\" class=\"attachment-thumbnail size-thumbnail\" alt=\"\" \/><\/a>\r\n\t\t\t<\/dt><\/dl><br style=\"clear: both\" \/>\r\n\t\t<\/div>\n\n","protected":false},"excerpt":{"rendered":"<p>Verdienter Applaus f\u00fcr junge Musiker Am traditionellen Hauskonzert des St.-Michaels-Gymnasiums beteiligte sich heuer wieder eine ganze Reihe Sch\u00fclerinnen und Sch\u00fcler, die trotz der schulischen Pflichten Zeit gefunden hatten, zu \u00fcben, St\u00fccke auszuw\u00e4hlen und sich gezielt auf den Vortrag vorzubereiten. Das hob Schulleiter P. Erhard auch bei seiner Begr\u00fc\u00dfung lobend hervor. Ist es doch keine Selbstverst\u00e4ndlichkeit, [&hellip;]<\/p>\n","protected":false},"author":5,"featured_media":0,"parent":12589,"menu_order":2,"comment_status":"closed","ping_status":"closed","template":"","meta":{"footnotes":""},"class_list":["post-12719","page","type-page","status-publish","hentry"],"_links":{"self":[{"href":"https:\/\/www.kloster-metten.com\/index.php?rest_route=\/wp\/v2\/pages\/12719","targetHints":{"allow":["GET"]}}],"collection":[{"href":"https:\/\/www.kloster-metten.com\/index.php?rest_route=\/wp\/v2\/pages"}],"about":[{"href":"https:\/\/www.kloster-metten.com\/index.php?rest_route=\/wp\/v2\/types\/page"}],"author":[{"embeddable":true,"href":"https:\/\/www.kloster-metten.com\/index.php?rest_route=\/wp\/v2\/users\/5"}],"replies":[{"embeddable":true,"href":"https:\/\/www.kloster-metten.com\/index.php?rest_route=%2Fwp%2Fv2%2Fcomments&post=12719"}],"version-history":[{"count":5,"href":"https:\/\/www.kloster-metten.com\/index.php?rest_route=\/wp\/v2\/pages\/12719\/revisions"}],"predecessor-version":[{"id":12731,"href":"https:\/\/www.kloster-metten.com\/index.php?rest_route=\/wp\/v2\/pages\/12719\/revisions\/12731"}],"up":[{"embeddable":true,"href":"https:\/\/www.kloster-metten.com\/index.php?rest_route=\/wp\/v2\/pages\/12589"}],"wp:attachment":[{"href":"https:\/\/www.kloster-metten.com\/index.php?rest_route=%2Fwp%2Fv2%2Fmedia&parent=12719"}],"curies":[{"name":"wp","href":"https:\/\/api.w.org\/{rel}","templated":true}]}}