{"id":12732,"date":"2019-11-23T09:24:19","date_gmt":"2019-11-23T08:24:19","guid":{"rendered":"https:\/\/www.kloster-metten.de\/?page_id=12732"},"modified":"2022-09-17T11:34:27","modified_gmt":"2022-09-17T09:34:27","slug":"lesen-ist-wie-kino-im-kopf","status":"publish","type":"page","link":"https:\/\/www.kloster-metten.com\/?page_id=12732","title":{"rendered":"Lesen ist wie Kino im Kopf"},"content":{"rendered":"<h2>Lesen ist wie Kino im Kopf<\/h2><h3>Nachtrag zu einer Veranstaltung des Zukunftsforums auf dem Michaelimarkt in Metten<\/h3>\n<p><a href=\"https:\/\/www.kloster-metten.com\/wp-content\/uploads\/2019\/11\/IMG_2721.jpg\"><img loading=\"lazy\" decoding=\"async\" class=\"size-medium wp-image-12736 alignnone\" title=\"IMG_2721\" src=\"https:\/\/www.kloster-metten.com\/wp-content\/uploads\/2019\/11\/IMG_2721-500x333.jpg\" alt=\"\" width=\"500\" height=\"333\" srcset=\"https:\/\/www.kloster-metten.com\/wp-content\/uploads\/2019\/11\/IMG_2721-500x333.jpg 500w, https:\/\/www.kloster-metten.com\/wp-content\/uploads\/2019\/11\/IMG_2721.jpg 600w\" sizes=\"auto, (max-width: 500px) 100vw, 500px\" \/><\/a><\/p>\n<p>Was war am letzten Septembersonntag tags\u00fcber f\u00fcr ein herrliches Wetter! Die Veranstalter des Michaelimarktes in Metten \u2013 und nat\u00fcrlich vor allem die Standbetreiber und die Besucher &#8211;\u00a0 hatten wirklich Gl\u00fcck. Nichts ist doch sch\u00f6ner als an einem warmen Herbsttag \u00fcber den Mettener Marktplatz zu schlendern, Bekannte zu treffen und mit ihnen zu plaudern und sich mit Mettener Klosterbier und Spezialit\u00e4ten der deutsch-t\u00fcrkischen Frauengruppe verw\u00f6hnen zu lassen. Auch der Herbstschmuck f\u00fcr Haus und Garten war vielf\u00e4ltig \u2013 vom bunten Kranz mit Erikaranken \u00fcber Stein- und Holzfiguren bis zu Duftkerzen und R\u00e4ucherm\u00e4nnchen. Zirben- und Kirschkernkissen, ein reichhaltiges Fleisch- und K\u00e4sesortiment aus biologischem Anbau und zahlreiche Kunstwerke erg\u00e4nzen das vielf\u00e4ltige Angebot.<\/p>\n<p>Und mittendrin entdeckt das Publikum einen ganz besonderen Stand und bleibt stehen, neugierig geworden durch bunte T\u00fcten an Stangen, flankiert von einem Strau\u00df Hortensien. Auf dem Tisch liegen zahlreiche Karten mit Mettener Ansichten, ein ganz besonderes Kochbuch mit wundersch\u00f6nen Zeichnungen und ein M\u00e4rchenbuch \u00fcber den Teufel mit der roten Nase. Was wohl in den T\u00fcten drin ist?\u00a0 \u201eKommen Sie n\u00e4her, kommen Sie n\u00e4her!\u201c \u201eUnser Zauberhut wird Sie \u00fcberraschen.\u201c Mit diesen aufmunternden Worten wird ein Besucher nach dem anderen \u2013 ganz gleich, welchen Alters &#8211; an den Stand gelockt. Neugierig ziehen Kinder und Erwachsene je eine Zahl; sie entspricht einer Zahl auf einer der T\u00fcten, die vorsichtig von der Stange gel\u00f6st und mit den besten W\u00fcnschen vom Standpersonal \u00fcberreicht werden.<\/p>\n<p>Und was enthalten die Wundert\u00fcten? F\u00fcr die Kinder eine Reise mit den f\u00fcnf Freunden oder den drei Fragezeichen oder Jim Knopf und Lukas dem Lokomotivf\u00fchrer, f\u00fcr die Jugendlichen Abenteuer auf fernen Kontinenten und f\u00fcr die Erwachsenen die Teilnahme an einer Weltumsegelung oder eine Wanderung durch den Bayerischen Wald oder durch die bayerische Geschichte.<\/p>\n<p>Und woher kommen die vielen B\u00fccher? Die Mitglieder des Zukunftsforums, einer Vereinigung Mettener B\u00fcrger und B\u00fcrgerinnen, haben ihre B\u00fccherschr\u00e4nke weit ge\u00f6ffnet und deren Inhalt in 120 selbst gefalteten T\u00fcten verstaut, die gegen ein geringes Entgelt zu erwerben waren und bereits nach wenigen Stunden ihre Abnehmer gefunden hatten. Eine gro\u00dfe Anzahl an B\u00fcchern hat eine Mettener B\u00fcrgerin gespendet, obwohl sie nicht dem Zukunftsforum angeh\u00f6rt. Ihr liegt die F\u00f6rderung des Lesens besonders am Herzen. Die wundersch\u00f6nen Original-Aquarelle auf den \u201eZaubert\u00fcten\u201c genauso wie die Zeichnungen im Koch- und M\u00e4rchenbuch stammen von der Mettener K\u00fcnstlerin Claudia Weigert.<\/p>\n\r\n\t\t<style type='text\/css'>\r\n\t\t\t#gallery-1 {\r\n\t\t\t\tmargin: auto;\r\n\t\t\t}\r\n\t\t\t#gallery-1 .gallery-item {\r\n\t\t\t\tfloat: left;\r\n\t\t\t\tmargin-top: 10px;\r\n\t\t\t\ttext-align: center;\r\n\t\t\t\twidth: 33%;\r\n\t\t\t}\r\n\t\t\t#gallery-1 hr {\r\n\t\t\t\theight: 1px;\r\n\t\t\t}\r\n\t\t\t#gallery-1 .gallery-caption {\r\n\t\t\t\tmargin-left: 0;\r\n\t\t\t}\r\n\t\t\t\/* see gallery_shortcode() in wp-includes\/media.php *\/\r\n\t\t<\/style>\n\t\t<div id='gallery-1' class='gallery galleryid-12732 gallery-columns-3 gallery-size-thumbnail'><hr class='null'><dl class='gallery-item'>\r\n\t\t\t<dt class='gallery-icon landscape'>\r\n\t\t\t\t<a title=\"Michaelimarkt\"  href='https:\/\/www.kloster-metten.com\/?attachment_id=12737'><img loading=\"lazy\" decoding=\"async\" width=\"170\" height=\"115\" src=\"https:\/\/www.kloster-metten.com\/wp-content\/uploads\/2019\/11\/Michaelimarkt-170x115.jpg\" class=\"attachment-thumbnail size-thumbnail\" alt=\"\" \/><\/a>\r\n\t\t\t<\/dt><\/dl><dl class='gallery-item'>\r\n\t\t\t<dt class='gallery-icon landscape'>\r\n\t\t\t\t<a title=\"IMG_2709\"  href='https:\/\/www.kloster-metten.com\/?attachment_id=12735'><img loading=\"lazy\" decoding=\"async\" width=\"170\" height=\"115\" src=\"https:\/\/www.kloster-metten.com\/wp-content\/uploads\/2019\/11\/IMG_2709-170x115.jpg\" class=\"attachment-thumbnail size-thumbnail\" alt=\"\" \/><\/a>\r\n\t\t\t<\/dt><\/dl><dl class='gallery-item'>\r\n\t\t\t<dt class='gallery-icon landscape'>\r\n\t\t\t\t<a title=\"IMG_2707\"  href='https:\/\/www.kloster-metten.com\/?attachment_id=12734'><img loading=\"lazy\" decoding=\"async\" width=\"170\" height=\"115\" src=\"https:\/\/www.kloster-metten.com\/wp-content\/uploads\/2019\/11\/IMG_2707-170x115.jpg\" class=\"attachment-thumbnail size-thumbnail\" alt=\"\" \/><\/a>\r\n\t\t\t<\/dt><\/dl><br style=\"clear: both\" \/>\r\n\t\t<\/div>\n\n<p>Der Erl\u00f6s der Veranstaltung wurde\u00a0 in diesem Jahr der Kooperation zwischen St.-Notker-Schule Deggendorf und St.-Michaels-Gymnasium Metten gespendet. In der zweiten Stunde am Montag, 04.11.2019, \u00fcberreichte ein Mitglied des Zukunftsforums, Frau Sch\u00e4fer, dem Klassensprecherteam der Klasse 6a in Anwesenheit von Frau Rauch, der Unterstufenbetreuerin, den Betreuerinnen der St.-Notker-Klasse und den Sch\u00fclerinnen und Sch\u00fclern eine Spende von 180.&#8211; Euro. Die Klasse 6a wird mit Sch\u00fclerinnen und Sch\u00fclern der St.-Notker-Schule zusammen unterrichtet und freut sich bereits darauf, die Spende f\u00fcr\u00a0 Projektarbeit einzusetzen. Am Stand des Zukunftsforums hat Frau Kallm\u00fcnzer, eine der Sonderschullehrkr\u00e4fte, mitgearbeitet und durch ihren tatkr\u00e4ftigen Einsatz den Umsatz gesteigert. Daf\u00fcr bedanken sich die Mitglieder des Zukunftsforums sehr herzlich und freuen sich \u00fcber die erfolgreiche gemeinsame Werbung f\u00fcr das Lesen. Denn Lesen ist schlie\u00dflich wie Kino im Kopf.<\/p>\n<p>Davon konnten sich die Klassen am Vorlesetag, 15.11.2019, \u00fcberzeugen, der unter dem Motto \u201eSport und Bewegung\u201c stand. Geplant ist in der zweiten H\u00e4lfte des Schuljahres ein Leseabend mit der Tutorengruppe unseres Gymnasiums. Man darf gespannt sein, f\u00fcr welche Lekt\u00fcre sich die Sch\u00fclerinnen und Sch\u00fcler gemeinsam mit ihren Deutsch-Lehrkr\u00e4ften entscheiden werden.<\/p>\n","protected":false},"excerpt":{"rendered":"<p>Lesen ist wie Kino im KopfNachtrag zu einer Veranstaltung des Zukunftsforums auf dem Michaelimarkt in Metten Was war am letzten Septembersonntag tags\u00fcber f\u00fcr ein herrliches Wetter! Die Veranstalter des Michaelimarktes in Metten \u2013 und nat\u00fcrlich vor allem die Standbetreiber und die Besucher &#8211;\u00a0 hatten wirklich Gl\u00fcck. Nichts ist doch sch\u00f6ner als an einem warmen Herbsttag [&hellip;]<\/p>\n","protected":false},"author":5,"featured_media":0,"parent":12589,"menu_order":2,"comment_status":"closed","ping_status":"closed","template":"","meta":{"footnotes":""},"class_list":["post-12732","page","type-page","status-publish","hentry"],"_links":{"self":[{"href":"https:\/\/www.kloster-metten.com\/index.php?rest_route=\/wp\/v2\/pages\/12732","targetHints":{"allow":["GET"]}}],"collection":[{"href":"https:\/\/www.kloster-metten.com\/index.php?rest_route=\/wp\/v2\/pages"}],"about":[{"href":"https:\/\/www.kloster-metten.com\/index.php?rest_route=\/wp\/v2\/types\/page"}],"author":[{"embeddable":true,"href":"https:\/\/www.kloster-metten.com\/index.php?rest_route=\/wp\/v2\/users\/5"}],"replies":[{"embeddable":true,"href":"https:\/\/www.kloster-metten.com\/index.php?rest_route=%2Fwp%2Fv2%2Fcomments&post=12732"}],"version-history":[{"count":3,"href":"https:\/\/www.kloster-metten.com\/index.php?rest_route=\/wp\/v2\/pages\/12732\/revisions"}],"predecessor-version":[{"id":12739,"href":"https:\/\/www.kloster-metten.com\/index.php?rest_route=\/wp\/v2\/pages\/12732\/revisions\/12739"}],"up":[{"embeddable":true,"href":"https:\/\/www.kloster-metten.com\/index.php?rest_route=\/wp\/v2\/pages\/12589"}],"wp:attachment":[{"href":"https:\/\/www.kloster-metten.com\/index.php?rest_route=%2Fwp%2Fv2%2Fmedia&parent=12732"}],"curies":[{"name":"wp","href":"https:\/\/api.w.org\/{rel}","templated":true}]}}