{"id":12747,"date":"2019-12-05T07:31:15","date_gmt":"2019-12-05T06:31:15","guid":{"rendered":"https:\/\/www.kloster-metten.de\/?page_id=12747"},"modified":"2022-09-17T11:35:03","modified_gmt":"2022-09-17T09:35:03","slug":"w-seminar-geschichte-auf-objektsuche-im-haus-der-bayerischen-geschichte-in-regensburg","status":"publish","type":"page","link":"https:\/\/www.kloster-metten.com\/?page_id=12747","title":{"rendered":"W-Seminar Geschichte auf \u201eObjektsuche\u201c im Haus der Bayerischen Geschichte in Regensburg"},"content":{"rendered":"<h2>W-Seminar Geschichte auf \u201eObjektsuche\u201c im Haus der Bayerischen Geschichte in Regensburg<\/h2><p>\u00a0\u00a0\u00a0 <a href=\"https:\/\/www.kloster-metten.com\/wp-content\/uploads\/2019\/12\/WSG1.jpg\"><img loading=\"lazy\" decoding=\"async\" class=\"size-medium wp-image-12752 alignnone\" title=\"WSG1\" src=\"https:\/\/www.kloster-metten.com\/wp-content\/uploads\/2019\/12\/WSG1-500x375.jpg\" alt=\"\" width=\"500\" height=\"375\" srcset=\"https:\/\/www.kloster-metten.com\/wp-content\/uploads\/2019\/12\/WSG1-500x375.jpg 500w, https:\/\/www.kloster-metten.com\/wp-content\/uploads\/2019\/12\/WSG1-768x576.jpg 768w, https:\/\/www.kloster-metten.com\/wp-content\/uploads\/2019\/12\/WSG1-1024x768.jpg 1024w, https:\/\/www.kloster-metten.com\/wp-content\/uploads\/2019\/12\/WSG1.jpg 1386w\" sizes=\"auto, (max-width: 500px) 100vw, 500px\" \/><\/a><\/p>\n<p>Am Donnerstag, den 17.10.2019, machte sich die Sch\u00fclerinnen und Sch\u00fcler des W-Seminars Geschichte auf in Richtung Regensburg, um sich im neugebauten Haus der Bayerischen Geschichte mit wichtigen Objekten ihres Bundeslandes vertraut zu machen.<\/p>\n<p>Dort wurde die Gruppe von Frau Dr. Christine Grieb vom Bayerischen Staatsministerium f\u00fcr Wissenschaft und Kunst fachkundig durch die Dauerausstellung gef\u00fchrt. Der Fokus lag hierbei, abweichend von einer normalen F\u00fchrung, auf speziell ausgew\u00e4hlten Objekten, die stellvertretend f\u00fcr markante Wendepunkte in der bayerischen Geschichte stehen und sich somit bestens f\u00fcr die Besch\u00e4ftigung im Rahmen einer Seminararbeit eignen.<\/p>\n<p>Da sich diese Ausstellung zeitlich schwerpunktm\u00e4\u00dfig zwischen dem 18. Jahrhundert und der Jetztzeit bewegt, ist zudem sichergestellt, dass gen\u00fcgend aktuelle Forschungsliteratur vorhanden ist. Durch eine sehr heterogene Objektauswahl, vom Staatsportrait von K\u00f6nig Maximilian I. Joseph \u00fcber die Verfassungslade der St\u00e4ndeversammlung bis hin zur Schreibmaschine der Widerstandsgruppe \u201eWei\u00dfe Rose\u201c, wurde den Seminarteilnehmern ein breites Spektrum angeboten, aus dem sich jeder Sch\u00fcler ganz individuell und seinen Interessen entsprechend ein Seminararbeitsthema zusammenstellen kann.\u00a0<\/p>\n<p>Besonders interessant war, dass einige Objekte, wie z.B. die Proklamation des Freistaates Bayern, selbsterkl\u00e4rend sind, wohingegen andere Gegenst\u00e4nde, wie z.B. die Linde K\u00e4ltemaschine, doch ein gewisses Hintergrundwissen erfordern, um eine ergiebige Themenstellung erkennen zu k\u00f6nnen. Am Ende waren es sehr lehrreiche Stunden, die den Seminarteilnehmern durch Einblicke in verschiedenste Bereiche dabei halfen, ihren geschichtlichen Horizont zu erweitern.<\/p>\n\r\n\t\t<style type='text\/css'>\r\n\t\t\t#gallery-1 {\r\n\t\t\t\tmargin: auto;\r\n\t\t\t}\r\n\t\t\t#gallery-1 .gallery-item {\r\n\t\t\t\tfloat: left;\r\n\t\t\t\tmargin-top: 10px;\r\n\t\t\t\ttext-align: center;\r\n\t\t\t\twidth: 33%;\r\n\t\t\t}\r\n\t\t\t#gallery-1 hr {\r\n\t\t\t\theight: 1px;\r\n\t\t\t}\r\n\t\t\t#gallery-1 .gallery-caption {\r\n\t\t\t\tmargin-left: 0;\r\n\t\t\t}\r\n\t\t\t\/* see gallery_shortcode() in wp-includes\/media.php *\/\r\n\t\t<\/style>\n\t\t<div id='gallery-1' class='gallery galleryid-12747 gallery-columns-3 gallery-size-thumbnail'><hr class='null'><dl class='gallery-item'>\r\n\t\t\t<dt class='gallery-icon portrait'>\r\n\t\t\t\t<a title=\"WSG2\"  href='https:\/\/www.kloster-metten.com\/?attachment_id=12751'><img loading=\"lazy\" decoding=\"async\" width=\"170\" height=\"115\" src=\"https:\/\/www.kloster-metten.com\/wp-content\/uploads\/2019\/12\/WSG2-170x115.jpg\" class=\"attachment-thumbnail size-thumbnail\" alt=\"\" \/><\/a>\r\n\t\t\t<\/dt><\/dl><dl class='gallery-item'>\r\n\t\t\t<dt class='gallery-icon landscape'>\r\n\t\t\t\t<a title=\"WSG3\"  href='https:\/\/www.kloster-metten.com\/?attachment_id=12750'><img loading=\"lazy\" decoding=\"async\" width=\"170\" height=\"115\" src=\"https:\/\/www.kloster-metten.com\/wp-content\/uploads\/2019\/12\/WSG3-170x115.jpg\" class=\"attachment-thumbnail size-thumbnail\" alt=\"\" \/><\/a>\r\n\t\t\t<\/dt><\/dl><dl class='gallery-item'>\r\n\t\t\t<dt class='gallery-icon landscape'>\r\n\t\t\t\t<a title=\"WSG4\"  href='https:\/\/www.kloster-metten.com\/?attachment_id=12749'><img loading=\"lazy\" decoding=\"async\" width=\"170\" height=\"115\" src=\"https:\/\/www.kloster-metten.com\/wp-content\/uploads\/2019\/12\/WSG4-170x115.jpg\" class=\"attachment-thumbnail size-thumbnail\" alt=\"\" \/><\/a>\r\n\t\t\t<\/dt><\/dl><br style=\"clear: both\" \/><dl class='gallery-item'>\r\n\t\t\t<dt class='gallery-icon portrait'>\r\n\t\t\t\t<a title=\"WSG5\"  href='https:\/\/www.kloster-metten.com\/?attachment_id=12748'><img loading=\"lazy\" decoding=\"async\" width=\"170\" height=\"115\" src=\"https:\/\/www.kloster-metten.com\/wp-content\/uploads\/2019\/12\/WSG5-170x115.jpg\" class=\"attachment-thumbnail size-thumbnail\" alt=\"\" \/><\/a>\r\n\t\t\t<\/dt><\/dl>\r\n\t\t\t<br style='clear: both' \/>\r\n\t\t<\/div>\n\n","protected":false},"excerpt":{"rendered":"<p>W-Seminar Geschichte auf \u201eObjektsuche\u201c im Haus der Bayerischen Geschichte in Regensburg\u00a0\u00a0\u00a0 Am Donnerstag, den 17.10.2019, machte sich die Sch\u00fclerinnen und Sch\u00fcler des W-Seminars Geschichte auf in Richtung Regensburg, um sich im neugebauten Haus der Bayerischen Geschichte mit wichtigen Objekten ihres Bundeslandes vertraut zu machen. Dort wurde die Gruppe von Frau Dr. Christine Grieb vom Bayerischen [&hellip;]<\/p>\n","protected":false},"author":5,"featured_media":0,"parent":12589,"menu_order":1,"comment_status":"closed","ping_status":"closed","template":"","meta":{"footnotes":""},"class_list":["post-12747","page","type-page","status-publish","hentry"],"_links":{"self":[{"href":"https:\/\/www.kloster-metten.com\/index.php?rest_route=\/wp\/v2\/pages\/12747","targetHints":{"allow":["GET"]}}],"collection":[{"href":"https:\/\/www.kloster-metten.com\/index.php?rest_route=\/wp\/v2\/pages"}],"about":[{"href":"https:\/\/www.kloster-metten.com\/index.php?rest_route=\/wp\/v2\/types\/page"}],"author":[{"embeddable":true,"href":"https:\/\/www.kloster-metten.com\/index.php?rest_route=\/wp\/v2\/users\/5"}],"replies":[{"embeddable":true,"href":"https:\/\/www.kloster-metten.com\/index.php?rest_route=%2Fwp%2Fv2%2Fcomments&post=12747"}],"version-history":[{"count":1,"href":"https:\/\/www.kloster-metten.com\/index.php?rest_route=\/wp\/v2\/pages\/12747\/revisions"}],"predecessor-version":[{"id":12753,"href":"https:\/\/www.kloster-metten.com\/index.php?rest_route=\/wp\/v2\/pages\/12747\/revisions\/12753"}],"up":[{"embeddable":true,"href":"https:\/\/www.kloster-metten.com\/index.php?rest_route=\/wp\/v2\/pages\/12589"}],"wp:attachment":[{"href":"https:\/\/www.kloster-metten.com\/index.php?rest_route=%2Fwp%2Fv2%2Fmedia&parent=12747"}],"curies":[{"name":"wp","href":"https:\/\/api.w.org\/{rel}","templated":true}]}}