{"id":12754,"date":"2019-12-05T07:33:24","date_gmt":"2019-12-05T06:33:24","guid":{"rendered":"https:\/\/www.kloster-metten.de\/?page_id=12754"},"modified":"2022-09-17T11:36:01","modified_gmt":"2022-09-17T09:36:01","slug":"alle-jahre-wieder","status":"publish","type":"page","link":"https:\/\/www.kloster-metten.com\/?page_id=12754","title":{"rendered":"Alle Jahre wieder\u2026"},"content":{"rendered":"<a href=\"https:\/\/www.kloster-metten.com\/wp-content\/uploads\/2019\/12\/IMG_9143_.jpg\"><img loading=\"lazy\" decoding=\"async\" class=\"size-medium wp-image-12755 alignnone\" title=\"IMG_9143_\" src=\"https:\/\/www.kloster-metten.com\/wp-content\/uploads\/2019\/12\/IMG_9143_-500x375.jpg\" alt=\"\" width=\"500\" height=\"375\" srcset=\"https:\/\/www.kloster-metten.com\/wp-content\/uploads\/2019\/12\/IMG_9143_-500x375.jpg 500w, https:\/\/www.kloster-metten.com\/wp-content\/uploads\/2019\/12\/IMG_9143_-768x576.jpg 768w, https:\/\/www.kloster-metten.com\/wp-content\/uploads\/2019\/12\/IMG_9143_-1024x768.jpg 1024w, https:\/\/www.kloster-metten.com\/wp-content\/uploads\/2019\/12\/IMG_9143_.jpg 1306w\" sizes=\"auto, (max-width: 500px) 100vw, 500px\" \/><\/a><h2>Alle Jahre wieder\u2026<\/h2><p><\/p>\n<p>\u2026 f\u00fchrt der Deggendorfer Lions Club am Christkindlmarkt einen Gl\u00fchwein- und Punschstand, an dem die Hei\u00dfgetr\u00e4nke unter anderem in besonderen K\u00fcnstlertassen ausgeschenkt werden. Dazu veranstalten die Lions j\u00e4hrlich einen Wettbewerb f\u00fcr die regionalen Schulen, \u00fcber den Motive f\u00fcr diese besonderen Tassen eingereicht werden k\u00f6nnen.<\/p>\n<p>Das St.-Michaels-Gymnasium Metten freut sich mit seinen beiden Sch\u00fclern \u2013 Annelie Deiml, 9B, und Thomas Zacher, Q11 \u2013 die mit ihren Entw\u00fcrfen unter den zahlreichen hervorragenden Einsendungen in die engere Auswahl gekommen sind. Daf\u00fcr wurden sie zusammen mit der diesj\u00e4hrigen Siegerin und weiteren Sch\u00fclern am 29.11.2019 bei der Er\u00f6ffnung des Christkindlmarktes ausgezeichnet. Unter lobenden Worten f\u00fcr ihr k\u00fcnstlerisches Geschick sowie ihre Teilnahme an diesem Wettbewerb wurde ihnen der von ihnen gestalteten Entwurf auf einer Tasse als pers\u00f6nliches Unikat \u00fcberreicht. Herzlichen Gl\u00fcckw\u00fcnsch!<\/p>\n","protected":false},"excerpt":{"rendered":"<p>Alle Jahre wieder\u2026 \u2026 f\u00fchrt der Deggendorfer Lions Club am Christkindlmarkt einen Gl\u00fchwein- und Punschstand, an dem die Hei\u00dfgetr\u00e4nke unter anderem in besonderen K\u00fcnstlertassen ausgeschenkt werden. Dazu veranstalten die Lions j\u00e4hrlich einen Wettbewerb f\u00fcr die regionalen Schulen, \u00fcber den Motive f\u00fcr diese besonderen Tassen eingereicht werden k\u00f6nnen. Das St.-Michaels-Gymnasium Metten freut sich mit seinen beiden [&hellip;]<\/p>\n","protected":false},"author":5,"featured_media":0,"parent":12589,"menu_order":0,"comment_status":"closed","ping_status":"closed","template":"","meta":{"footnotes":""},"class_list":["post-12754","page","type-page","status-publish","hentry"],"_links":{"self":[{"href":"https:\/\/www.kloster-metten.com\/index.php?rest_route=\/wp\/v2\/pages\/12754","targetHints":{"allow":["GET"]}}],"collection":[{"href":"https:\/\/www.kloster-metten.com\/index.php?rest_route=\/wp\/v2\/pages"}],"about":[{"href":"https:\/\/www.kloster-metten.com\/index.php?rest_route=\/wp\/v2\/types\/page"}],"author":[{"embeddable":true,"href":"https:\/\/www.kloster-metten.com\/index.php?rest_route=\/wp\/v2\/users\/5"}],"replies":[{"embeddable":true,"href":"https:\/\/www.kloster-metten.com\/index.php?rest_route=%2Fwp%2Fv2%2Fcomments&post=12754"}],"version-history":[{"count":1,"href":"https:\/\/www.kloster-metten.com\/index.php?rest_route=\/wp\/v2\/pages\/12754\/revisions"}],"predecessor-version":[{"id":12756,"href":"https:\/\/www.kloster-metten.com\/index.php?rest_route=\/wp\/v2\/pages\/12754\/revisions\/12756"}],"up":[{"embeddable":true,"href":"https:\/\/www.kloster-metten.com\/index.php?rest_route=\/wp\/v2\/pages\/12589"}],"wp:attachment":[{"href":"https:\/\/www.kloster-metten.com\/index.php?rest_route=%2Fwp%2Fv2%2Fmedia&parent=12754"}],"curies":[{"name":"wp","href":"https:\/\/api.w.org\/{rel}","templated":true}]}}