{"id":12768,"date":"2019-12-16T17:46:01","date_gmt":"2019-12-16T16:46:01","guid":{"rendered":"https:\/\/www.kloster-metten.de\/?page_id=12768"},"modified":"2022-09-17T11:35:28","modified_gmt":"2022-09-17T09:35:28","slug":"mettener-schueler-ueberraschen-schulleiter-zum-60-geburtstag","status":"publish","type":"page","link":"https:\/\/www.kloster-metten.com\/?page_id=12768","title":{"rendered":"Mettener Sch\u00fcler \u00fcberraschen Schulleiter zum 60. Geburtstag"},"content":{"rendered":"<a href=\"https:\/\/www.kloster-metten.com\/wp-content\/uploads\/2019\/12\/p.erhard2_.jpg\"><img loading=\"lazy\" decoding=\"async\" class=\"size-medium wp-image-12771 alignnone\" title=\"p.erhard2_\" src=\"https:\/\/www.kloster-metten.com\/wp-content\/uploads\/2019\/12\/p.erhard2_-500x392.jpg\" alt=\"\" width=\"500\" height=\"392\" srcset=\"https:\/\/www.kloster-metten.com\/wp-content\/uploads\/2019\/12\/p.erhard2_-500x392.jpg 500w, https:\/\/www.kloster-metten.com\/wp-content\/uploads\/2019\/12\/p.erhard2_-768x602.jpg 768w, https:\/\/www.kloster-metten.com\/wp-content\/uploads\/2019\/12\/p.erhard2_-1024x803.jpg 1024w, https:\/\/www.kloster-metten.com\/wp-content\/uploads\/2019\/12\/p.erhard2_.jpg 1261w\" sizes=\"auto, (max-width: 500px) 100vw, 500px\" \/><\/a><h2>Mettener Sch\u00fcler \u00fcberraschen Schulleiter zum 60. Geburtstag<\/h2><p><\/p>\n<p>Eigentlich hatte P. Erhard letzten Donnerstag gedacht, dass seine Sch\u00fcler nach der Pause wie gew\u00f6hnlich brav im Unterricht der vierten Stunde sitzen. Doch an diesem Tag war alles anders: Nachdem es der 60. Geburtstag des Schulleiters war, hatte die SMV die ganze Schule in der Turnhalle zusammengetrommelt und einen Festakt auf die Beine gestellt \u2013 alles ohne Wissen des Direktors, sogar die 5. Klasse, die er an diesem Tag noch in der ersten Stunde unterrichtet hatte, hatte dicht gehalten. Und so war P. Erhard dann sehr \u00fcberrascht, als er mit Applaus und standing ovations in der Turnhalle begr\u00fc\u00dft wurde, in der sich zusammen mit der ganzen Schulfamilie auch Abt Wolfgang und eine Vertreterin des Elternbeirats eingefunden hatten. Auf eine musikalische Einstimmung folgte die Begr\u00fc\u00dfung durch die Sch\u00fclersprecher und dann ein sehr pers\u00f6nliches Geschenk: Damit die ganze Schule gratulieren kann, hatten die Sch\u00fclersprecher ein Video gedreht, in dem jede Klasse ihre Gratulation auf verschiedene Art und Weise darbrachte: Auf Latein, mit Gesang, mit Zahlen oder Buchstaben auf Schildern, in den verschiedensten Sprachen oder mit einer Aufz\u00e4hlung der Eigenschaften des beliebten Schulleiters. Dieses Video wurde zuerst vorgef\u00fchrt, dann erhielt es P. Erhard als Geschenk, zusammen mit einer selbst gebackenen Torte und einem extra f\u00fcr ihn angefertigten Bild. Auch die Vorsitzende der Mitarbeitervertretung, Beate Scheubeck schloss sich im Namen des Lehrerkollegiums den W\u00fcnschen der Sch\u00fcler an \u2013 ein Geschenk der Lehrer war in der Pause schon \u00fcberreicht worden. Sichtlich erfreut bedankte sich P. Erhard bei den Sch\u00fclern f\u00fcr die gelungene \u00dcberraschung, bevor die Kalliope noch \u201eZum Geburtstag viel Gl\u00fcck\u201c intonierte und mit einem flotten Marsch den gelungenen Festakt beendete.<\/p>\n\r\n\t\t<style type='text\/css'>\r\n\t\t\t#gallery-1 {\r\n\t\t\t\tmargin: auto;\r\n\t\t\t}\r\n\t\t\t#gallery-1 .gallery-item {\r\n\t\t\t\tfloat: left;\r\n\t\t\t\tmargin-top: 10px;\r\n\t\t\t\ttext-align: center;\r\n\t\t\t\twidth: 33%;\r\n\t\t\t}\r\n\t\t\t#gallery-1 hr {\r\n\t\t\t\theight: 1px;\r\n\t\t\t}\r\n\t\t\t#gallery-1 .gallery-caption {\r\n\t\t\t\tmargin-left: 0;\r\n\t\t\t}\r\n\t\t\t\/* see gallery_shortcode() in wp-includes\/media.php *\/\r\n\t\t<\/style>\n\t\t<div id='gallery-1' class='gallery galleryid-12768 gallery-columns-3 gallery-size-thumbnail'><hr class='null'><dl class='gallery-item'>\r\n\t\t\t<dt class='gallery-icon landscape'>\r\n\t\t\t\t<a title=\"p.erhard5_\"  href='https:\/\/www.kloster-metten.com\/?attachment_id=12773'><img loading=\"lazy\" decoding=\"async\" width=\"170\" height=\"115\" src=\"https:\/\/www.kloster-metten.com\/wp-content\/uploads\/2019\/12\/p.erhard5_-170x115.jpg\" class=\"attachment-thumbnail size-thumbnail\" alt=\"\" \/><\/a>\r\n\t\t\t<\/dt><\/dl><dl class='gallery-item'>\r\n\t\t\t<dt class='gallery-icon landscape'>\r\n\t\t\t\t<a title=\"p.erhard4_\"  href='https:\/\/www.kloster-metten.com\/?attachment_id=12772'><img loading=\"lazy\" decoding=\"async\" width=\"170\" height=\"115\" src=\"https:\/\/www.kloster-metten.com\/wp-content\/uploads\/2019\/12\/p.erhard4_-170x115.jpg\" class=\"attachment-thumbnail size-thumbnail\" alt=\"\" \/><\/a>\r\n\t\t\t<\/dt><\/dl><dl class='gallery-item'>\r\n\t\t\t<dt class='gallery-icon landscape'>\r\n\t\t\t\t<a title=\"p.erhard1_\"  href='https:\/\/www.kloster-metten.com\/?attachment_id=12770'><img loading=\"lazy\" decoding=\"async\" width=\"170\" height=\"115\" src=\"https:\/\/www.kloster-metten.com\/wp-content\/uploads\/2019\/12\/p.erhard1_-170x115.jpg\" class=\"attachment-thumbnail size-thumbnail\" alt=\"\" \/><\/a>\r\n\t\t\t<\/dt><\/dl><br style=\"clear: both\" \/><dl class='gallery-item'>\r\n\t\t\t<dt class='gallery-icon landscape'>\r\n\t\t\t\t<a title=\"p. erhard3_\"  href='https:\/\/www.kloster-metten.com\/?attachment_id=12769'><img loading=\"lazy\" decoding=\"async\" width=\"170\" height=\"115\" src=\"https:\/\/www.kloster-metten.com\/wp-content\/uploads\/2019\/12\/p.-erhard3_-170x115.jpg\" class=\"attachment-thumbnail size-thumbnail\" alt=\"\" \/><\/a>\r\n\t\t\t<\/dt><\/dl>\r\n\t\t\t<br style='clear: both' \/>\r\n\t\t<\/div>\n\n","protected":false},"excerpt":{"rendered":"<p>Mettener Sch\u00fcler \u00fcberraschen Schulleiter zum 60. Geburtstag Eigentlich hatte P. Erhard letzten Donnerstag gedacht, dass seine Sch\u00fcler nach der Pause wie gew\u00f6hnlich brav im Unterricht der vierten Stunde sitzen. Doch an diesem Tag war alles anders: Nachdem es der 60. Geburtstag des Schulleiters war, hatte die SMV die ganze Schule in der Turnhalle zusammengetrommelt und [&hellip;]<\/p>\n","protected":false},"author":5,"featured_media":0,"parent":12589,"menu_order":0,"comment_status":"closed","ping_status":"closed","template":"","meta":{"footnotes":""},"class_list":["post-12768","page","type-page","status-publish","hentry"],"_links":{"self":[{"href":"https:\/\/www.kloster-metten.com\/index.php?rest_route=\/wp\/v2\/pages\/12768","targetHints":{"allow":["GET"]}}],"collection":[{"href":"https:\/\/www.kloster-metten.com\/index.php?rest_route=\/wp\/v2\/pages"}],"about":[{"href":"https:\/\/www.kloster-metten.com\/index.php?rest_route=\/wp\/v2\/types\/page"}],"author":[{"embeddable":true,"href":"https:\/\/www.kloster-metten.com\/index.php?rest_route=\/wp\/v2\/users\/5"}],"replies":[{"embeddable":true,"href":"https:\/\/www.kloster-metten.com\/index.php?rest_route=%2Fwp%2Fv2%2Fcomments&post=12768"}],"version-history":[{"count":1,"href":"https:\/\/www.kloster-metten.com\/index.php?rest_route=\/wp\/v2\/pages\/12768\/revisions"}],"predecessor-version":[{"id":12774,"href":"https:\/\/www.kloster-metten.com\/index.php?rest_route=\/wp\/v2\/pages\/12768\/revisions\/12774"}],"up":[{"embeddable":true,"href":"https:\/\/www.kloster-metten.com\/index.php?rest_route=\/wp\/v2\/pages\/12589"}],"wp:attachment":[{"href":"https:\/\/www.kloster-metten.com\/index.php?rest_route=%2Fwp%2Fv2%2Fmedia&parent=12768"}],"curies":[{"name":"wp","href":"https:\/\/api.w.org\/{rel}","templated":true}]}}