{"id":12804,"date":"2020-02-03T07:22:29","date_gmt":"2020-02-03T06:22:29","guid":{"rendered":"https:\/\/www.kloster-metten.de\/?page_id=12804"},"modified":"2022-09-17T11:37:04","modified_gmt":"2022-09-17T09:37:04","slug":"workshop","status":"publish","type":"page","link":"https:\/\/www.kloster-metten.com\/?page_id=12804","title":{"rendered":"Workshop"},"content":{"rendered":"<h2>Workshop<\/h2><p>&nbsp;<\/p>\n<p><a href=\"https:\/\/www.kloster-metten.com\/wp-content\/uploads\/2020\/02\/Workshop.jpg\"><img loading=\"lazy\" decoding=\"async\" class=\"size-medium wp-image-12805 alignnone\" title=\"Workshop\" src=\"https:\/\/www.kloster-metten.com\/wp-content\/uploads\/2020\/02\/Workshop-500x281.jpg\" alt=\"\" width=\"500\" height=\"281\" srcset=\"https:\/\/www.kloster-metten.com\/wp-content\/uploads\/2020\/02\/Workshop-500x281.jpg 500w, https:\/\/www.kloster-metten.com\/wp-content\/uploads\/2020\/02\/Workshop-768x432.jpg 768w, https:\/\/www.kloster-metten.com\/wp-content\/uploads\/2020\/02\/Workshop-1024x576.jpg 1024w, https:\/\/www.kloster-metten.com\/wp-content\/uploads\/2020\/02\/Workshop.jpg 1958w\" sizes=\"auto, (max-width: 500px) 100vw, 500px\" \/><\/a><\/p>\n<p>Am Donnerstag, den 23.01. war Philipp Gra\u00dfl, Chef der gleichnamigen Spedition mit Sitz in Plattling, zu Gast am St.-Michaels-Gymnasium. In seiner Funktion als Mitglied des Elternbeirats hatte er angeboten, f\u00fcr die SMV einen Workshop zum Thema Projektmanagement zu halten, und stie\u00df damit auf reges Interesse. Fast 30 Interessierte beteiligten sich an der 90min\u00fctigen Veranstaltung und vereinbarten am Ende des Nachmittags bereits Folgetermine mit Herrn Gra\u00dfl.<\/p>\n<p>&nbsp;<\/p>\n","protected":false},"excerpt":{"rendered":"<p>Workshop&nbsp; Am Donnerstag, den 23.01. war Philipp Gra\u00dfl, Chef der gleichnamigen Spedition mit Sitz in Plattling, zu Gast am St.-Michaels-Gymnasium. In seiner Funktion als Mitglied des Elternbeirats hatte er angeboten, f\u00fcr die SMV einen Workshop zum Thema Projektmanagement zu halten, und stie\u00df damit auf reges Interesse. Fast 30 Interessierte beteiligten sich an der 90min\u00fctigen Veranstaltung [&hellip;]<\/p>\n","protected":false},"author":5,"featured_media":0,"parent":12589,"menu_order":-2,"comment_status":"closed","ping_status":"closed","template":"","meta":{"footnotes":""},"class_list":["post-12804","page","type-page","status-publish","hentry"],"_links":{"self":[{"href":"https:\/\/www.kloster-metten.com\/index.php?rest_route=\/wp\/v2\/pages\/12804","targetHints":{"allow":["GET"]}}],"collection":[{"href":"https:\/\/www.kloster-metten.com\/index.php?rest_route=\/wp\/v2\/pages"}],"about":[{"href":"https:\/\/www.kloster-metten.com\/index.php?rest_route=\/wp\/v2\/types\/page"}],"author":[{"embeddable":true,"href":"https:\/\/www.kloster-metten.com\/index.php?rest_route=\/wp\/v2\/users\/5"}],"replies":[{"embeddable":true,"href":"https:\/\/www.kloster-metten.com\/index.php?rest_route=%2Fwp%2Fv2%2Fcomments&post=12804"}],"version-history":[{"count":3,"href":"https:\/\/www.kloster-metten.com\/index.php?rest_route=\/wp\/v2\/pages\/12804\/revisions"}],"predecessor-version":[{"id":12809,"href":"https:\/\/www.kloster-metten.com\/index.php?rest_route=\/wp\/v2\/pages\/12804\/revisions\/12809"}],"up":[{"embeddable":true,"href":"https:\/\/www.kloster-metten.com\/index.php?rest_route=\/wp\/v2\/pages\/12589"}],"wp:attachment":[{"href":"https:\/\/www.kloster-metten.com\/index.php?rest_route=%2Fwp%2Fv2%2Fmedia&parent=12804"}],"curies":[{"name":"wp","href":"https:\/\/api.w.org\/{rel}","templated":true}]}}