{"id":12856,"date":"2020-03-06T09:17:20","date_gmt":"2020-03-06T08:17:20","guid":{"rendered":"https:\/\/www.kloster-metten.de\/?page_id=12856"},"modified":"2022-09-17T11:37:56","modified_gmt":"2022-09-17T09:37:56","slug":"erfolgreich-geraetselt","status":"publish","type":"page","link":"https:\/\/www.kloster-metten.com\/?page_id=12856","title":{"rendered":"Erfolgreich ger\u00e4tselt"},"content":{"rendered":"<a href=\"https:\/\/www.kloster-metten.com\/wp-content\/uploads\/2020\/03\/20200219_101950_.jpg\"><img loading=\"lazy\" decoding=\"async\" class=\"size-medium wp-image-12857 alignnone\" title=\"20200219_101950_\" src=\"https:\/\/www.kloster-metten.com\/wp-content\/uploads\/2020\/03\/20200219_101950_-500x375.jpg\" alt=\"\" width=\"500\" height=\"375\" srcset=\"https:\/\/www.kloster-metten.com\/wp-content\/uploads\/2020\/03\/20200219_101950_-500x375.jpg 500w, https:\/\/www.kloster-metten.com\/wp-content\/uploads\/2020\/03\/20200219_101950_-768x576.jpg 768w, https:\/\/www.kloster-metten.com\/wp-content\/uploads\/2020\/03\/20200219_101950_-1024x768.jpg 1024w, https:\/\/www.kloster-metten.com\/wp-content\/uploads\/2020\/03\/20200219_101950_.jpg 1152w\" sizes=\"auto, (max-width: 500px) 100vw, 500px\" \/><\/a><h2>Erfolgreich ger\u00e4tselt<\/h2><p><\/p>\n<p>St.-Michaels-Gymnasiasten sahnen beim HEUREKA Wettbewerb viele Preise ab.<\/p>\n<p>Auch in diesem Schuljahr haben sich wieder zahlreiche Sch\u00fclerinnen und Sch\u00fcler aus den Jahrgangsstufen 5 bis 8 am Wettbewerb \u201eHEUREKA! &#8211; Mensch und Natur\u201c beteiligt.<\/p>\n<p>HEUREKA ist ein Multiple Choice Wettbewerb, der dem Alter der Teilnehmer entsprechend s\u00e4mtliche naturwissenschaftliche Themen behandelt. Es werden Fragen zum Thema \u201eDer Mensch und seine Umwelt\u201c gestellt, die sowohl Tiere und ihre Rekorde, wie auch Pflanzen beinhalten. Au\u00dferdem werden das Wetter und mit den Themen Technik, Energie und Fortschritt auch chemische und physikalische Ph\u00e4nomene behandelt.\u00a0<\/p>\n<p>Die verschiedenen Wertungsebenen auf Schul-, Landes- und Bundesebene werden jedem\/r einzelnen Sch\u00fcler\/in gerecht und f\u00f6rdern aber auch den Zusammenhalt und das Gemeinschaftsgef\u00fchl innerhalb einer Schule.<\/p>\n<p>Tolle Ergebnisse erzielten einige Sch\u00fcler\/innen aus der 6. Jahrgangsstufe auf Landesebene. Einen herausragenden 1. Platz belegte Raphael Falter aus der Klasse 6b. Er konnte sich \u00fcber den Sachpreis \u201eChallenge your mind &#8211; 32 in 1\u201c freuen. Knapp dahinter auf den 2. Platz folgten die punktgleichen Johanna Zellner, Lene Ammerer und Tristan Mahl. Den 3. Platz teilten sich Florian Brunner und Paul Brandl.<\/p>\n<p>Neben diesen besonderen Auszeichnungen wurden die Sch\u00fclerinnen und Sch\u00fcler mit den besten Ergebnissen in der jeweiligen Jahrgangsstufe geehrt, die sich \u00fcber Lernspiele und B\u00fccher als Preise freuen konnten. In dieser Wertung siegten Felix Pl\u00f6tz (Jahrgangsstufe 5), Maximilian Lehner (Jahrgangsstufe 6), Valentin Miedl (Jahrgangsstufe 7) und Simon Tannert (Jahrgangsstufe 8). Sie freuten sich \u00fcber das Buch der Logikr\u00e4tsel. Jeder Teilnehmer bekam eine Urkunde und ein Teilnahmegeschenk. Dieses Mal war es ein Kartenspiel mit dem Titel \u201eWissens-ABC\u201c mit mehreren Kategorien.<\/p>\n<p>Ins Leben gerufen wurde der HEUREKA Wettbewerb durch einen Zusammenschluss von einigen Eltern und Lehrer\/innen mit dem Ziel, weitere M\u00f6glichkeiten zu schaffen, den Unterrichtsalltag aufzulockern und die Sch\u00fclerinnen und Sch\u00fcler zu motivieren.<\/p>\n","protected":false},"excerpt":{"rendered":"<p>Erfolgreich ger\u00e4tselt St.-Michaels-Gymnasiasten sahnen beim HEUREKA Wettbewerb viele Preise ab. Auch in diesem Schuljahr haben sich wieder zahlreiche Sch\u00fclerinnen und Sch\u00fcler aus den Jahrgangsstufen 5 bis 8 am Wettbewerb \u201eHEUREKA! &#8211; Mensch und Natur\u201c beteiligt. HEUREKA ist ein Multiple Choice Wettbewerb, der dem Alter der Teilnehmer entsprechend s\u00e4mtliche naturwissenschaftliche Themen behandelt. Es werden Fragen zum [&hellip;]<\/p>\n","protected":false},"author":5,"featured_media":0,"parent":12589,"menu_order":-4,"comment_status":"closed","ping_status":"closed","template":"","meta":{"footnotes":""},"class_list":["post-12856","page","type-page","status-publish","hentry"],"_links":{"self":[{"href":"https:\/\/www.kloster-metten.com\/index.php?rest_route=\/wp\/v2\/pages\/12856","targetHints":{"allow":["GET"]}}],"collection":[{"href":"https:\/\/www.kloster-metten.com\/index.php?rest_route=\/wp\/v2\/pages"}],"about":[{"href":"https:\/\/www.kloster-metten.com\/index.php?rest_route=\/wp\/v2\/types\/page"}],"author":[{"embeddable":true,"href":"https:\/\/www.kloster-metten.com\/index.php?rest_route=\/wp\/v2\/users\/5"}],"replies":[{"embeddable":true,"href":"https:\/\/www.kloster-metten.com\/index.php?rest_route=%2Fwp%2Fv2%2Fcomments&post=12856"}],"version-history":[{"count":1,"href":"https:\/\/www.kloster-metten.com\/index.php?rest_route=\/wp\/v2\/pages\/12856\/revisions"}],"predecessor-version":[{"id":12858,"href":"https:\/\/www.kloster-metten.com\/index.php?rest_route=\/wp\/v2\/pages\/12856\/revisions\/12858"}],"up":[{"embeddable":true,"href":"https:\/\/www.kloster-metten.com\/index.php?rest_route=\/wp\/v2\/pages\/12589"}],"wp:attachment":[{"href":"https:\/\/www.kloster-metten.com\/index.php?rest_route=%2Fwp%2Fv2%2Fmedia&parent=12856"}],"curies":[{"name":"wp","href":"https:\/\/api.w.org\/{rel}","templated":true}]}}