{"id":13,"date":"2008-08-04T17:13:27","date_gmt":"2008-08-04T15:13:27","guid":{"rendered":"http:\/\/kloster-metten.de\/?page_id=13"},"modified":"2008-08-04T17:13:27","modified_gmt":"2008-08-04T15:13:27","slug":"leben-im-kloster","status":"publish","type":"page","link":"https:\/\/www.kloster-metten.com\/?page_id=13","title":{"rendered":"Leben im Kloster"},"content":{"rendered":"<a href=\"http:\/\/kloster-metten.de\/wp-content\/uploads\/2008\/09\/1_atk2123.jpg\"><img loading=\"lazy\" decoding=\"async\" class=\"alignleft size-medium wp-image-1235\" title=\"1_atk2123\" src=\"http:\/\/kloster-metten.de\/wp-content\/uploads\/2008\/09\/1_atk2123-500x332.jpg\" alt=\"\" width=\"240\" height=\"159\" srcset=\"https:\/\/www.kloster-metten.com\/wp-content\/uploads\/2008\/09\/1_atk2123-500x332.jpg 500w, https:\/\/www.kloster-metten.com\/wp-content\/uploads\/2008\/09\/1_atk2123.jpg 1000w\" sizes=\"auto, (max-width: 240px) 100vw, 240px\" \/><\/a><h2>Leben im Kloster<\/h2><p>Wer sich f\u00fcr ein Leben im Kloster entscheidet, begibt sich mit seinen Mitbr\u00fcdern auf die gemeinsame Suche nach Gott. Benedikt sieht das monastische Leben als Antwort auf den Ruf Gottes. Mit seinem &#8222;Ich bin da\u201c stellt sich der Mensch ganz in den Dienst des Herrn.<\/p>\n<p>Der M\u00f6nch vertraut in dieser Antwort auf die Kraft und Schw\u00e4che, die Gott ihm mitgegeben hat. Er muss zu sich selbst stehen und in dieser Selbstst\u00e4ndigkeit die Dynamik eines geistlichen Wachstums mittragen, f\u00fcr sich und eine Gemeinschaft. Er geht seinen Weg in der Spannung zwischen Einsamkeit und Gemeinschaft. Er erf\u00e4hrt sich selbst in seiner Beziehung zu Jesus Christus, in der Gemeinschaft der Kirche, in seinem Tun. Christus ist f\u00fcr ihn Kraftquelle, ist Weg, Wahrheit und Leben. Die Best\u00e4ndigkeit und die Dynamik in diesem Wachstum f\u00fchrt ihn zu mehr Menschsein, zu echterem Christsein, zu besserem M\u00f6nchsein und der Selbstvergessenheit.<\/p>\n<p><a href=\"http:\/\/kloster-metten.de\/wp-content\/uploads\/2008\/09\/2_atk1435.jpg\"><img loading=\"lazy\" decoding=\"async\" class=\"alignleft size-medium wp-image-1238\" title=\"2_atk1435\" src=\"http:\/\/kloster-metten.de\/wp-content\/uploads\/2008\/09\/2_atk1435-332x500.jpg\" alt=\"\" width=\"170\" height=\"257\" srcset=\"https:\/\/www.kloster-metten.com\/wp-content\/uploads\/2008\/09\/2_atk1435-332x500.jpg 332w, https:\/\/www.kloster-metten.com\/wp-content\/uploads\/2008\/09\/2_atk1435.jpg 665w\" sizes=\"auto, (max-width: 170px) 100vw, 170px\" \/><\/a>Mit den Worten \u201eOra et labora\u201c (lateinisch: Bete und arbeite) wird die Regel gerne zusammengefasst. Gebet und Arbeit sind auch die zwei Beine, auf denen das Leben der M\u00f6nche voranschreitet. <em>\u201eIm Gebet h\u00f6ren wir auf Gott, in der Arbeit versuchen wir eine Antwort zu geben.\u201c<\/em> Gerade in der Arbeit, sei es im Handwerk, der Seelsorge, Erziehung, werden jene Grenzen erfahren, die den Menschen gesetzt sind.<\/p>\n<p>Eine zentrale Losung des Ordenslebens neben der Demut ist auch der Gehorsam. Damit meint Benedikt aber nicht nur das einfache Abnicken von Anordnungen, die von den Vorgesetzten erteilt werden. Vielmehr ist es gerade die Kunst des Zuh\u00f6rens, die alle beherrschen sollten, um einander besser verstehen zu lernen.<\/p>\n<p>Der schwierigste Auftrag, den der Ordensgr\u00fcnder seinen Leuten mitgegeben hat, d\u00fcrfte wohl sein, das rechte Ma\u00df f\u00fcr alles zu finden. Diese Erf\u00fcllung der sogenannten \u201ediscretio\u201c ist eine Lebensaufgabe. Denn eine M\u00f6nchsgemeinschaft ist nie vollkommen. Sie sucht einen Weg durch ihre Unzul\u00e4nglichkeiten und Erfolge, durch die H\u00f6hen und Tiefen hin zu dem \u201eneuen Leben\u201c in Gott.<\/p>\n","protected":false},"excerpt":{"rendered":"<p>Leben im KlosterWer sich f\u00fcr ein Leben im Kloster entscheidet, begibt sich mit seinen Mitbr\u00fcdern auf die gemeinsame Suche nach Gott. Benedikt sieht das monastische Leben als Antwort auf den Ruf Gottes. Mit seinem &#8222;Ich bin da\u201c stellt sich der Mensch ganz in den Dienst des Herrn. Der M\u00f6nch vertraut in dieser Antwort auf die [&hellip;]<\/p>\n","protected":false},"author":5,"featured_media":0,"parent":6,"menu_order":2,"comment_status":"closed","ping_status":"closed","template":"","meta":{"footnotes":""},"class_list":["post-13","page","type-page","status-publish","hentry"],"_links":{"self":[{"href":"https:\/\/www.kloster-metten.com\/index.php?rest_route=\/wp\/v2\/pages\/13","targetHints":{"allow":["GET"]}}],"collection":[{"href":"https:\/\/www.kloster-metten.com\/index.php?rest_route=\/wp\/v2\/pages"}],"about":[{"href":"https:\/\/www.kloster-metten.com\/index.php?rest_route=\/wp\/v2\/types\/page"}],"author":[{"embeddable":true,"href":"https:\/\/www.kloster-metten.com\/index.php?rest_route=\/wp\/v2\/users\/5"}],"replies":[{"embeddable":true,"href":"https:\/\/www.kloster-metten.com\/index.php?rest_route=%2Fwp%2Fv2%2Fcomments&post=13"}],"version-history":[{"count":0,"href":"https:\/\/www.kloster-metten.com\/index.php?rest_route=\/wp\/v2\/pages\/13\/revisions"}],"up":[{"embeddable":true,"href":"https:\/\/www.kloster-metten.com\/index.php?rest_route=\/wp\/v2\/pages\/6"}],"wp:attachment":[{"href":"https:\/\/www.kloster-metten.com\/index.php?rest_route=%2Fwp%2Fv2%2Fmedia&parent=13"}],"curies":[{"name":"wp","href":"https:\/\/api.w.org\/{rel}","templated":true}]}}