{"id":13044,"date":"2020-07-30T09:55:26","date_gmt":"2020-07-30T07:55:26","guid":{"rendered":"https:\/\/www.kloster-metten.de\/?page_id=13044"},"modified":"2022-09-17T11:38:27","modified_gmt":"2022-09-17T09:38:27","slug":"mint-2019-2020-schwerpunkt-erschwert-oder-chance-erkannt","status":"publish","type":"page","link":"https:\/\/www.kloster-metten.com\/?page_id=13044","title":{"rendered":"MINT 2019\/2020 Schwerpunkt erschwert oder Chance erkannt?"},"content":{"rendered":"<h2>MINT 2019\/2020 Schwerpunkt erschwert oder Chance erkannt?<\/h2><p><strong>Besondere Auszeichnungen und Ehrungen<\/strong><\/p>\n<p><a href=\"https:\/\/www.kloster-metten.com\/wp-content\/uploads\/2020\/07\/SAMM_7345_.jpg\"><img loading=\"lazy\" decoding=\"async\" class=\"alignleft size-medium wp-image-13063\" title=\"SAMM_7345\" src=\"https:\/\/www.kloster-metten.com\/wp-content\/uploads\/2020\/07\/SAMM_7345_-500x361.jpg\" alt=\"\" width=\"500\" height=\"361\" srcset=\"https:\/\/www.kloster-metten.com\/wp-content\/uploads\/2020\/07\/SAMM_7345_-500x361.jpg 500w, https:\/\/www.kloster-metten.com\/wp-content\/uploads\/2020\/07\/SAMM_7345_-768x555.jpg 768w, https:\/\/www.kloster-metten.com\/wp-content\/uploads\/2020\/07\/SAMM_7345_.jpg 900w\" sizes=\"auto, (max-width: 500px) 100vw, 500px\" \/><\/a><a href=\"https:\/\/www.kloster-metten.com\/wp-content\/uploads\/2020\/08\/mint2020-e1597606023457.jpg\"><img loading=\"lazy\" decoding=\"async\" class=\"size-medium wp-image-13131 alignnone\" title=\"mint2020\" src=\"https:\/\/www.kloster-metten.com\/wp-content\/uploads\/2020\/08\/mint2020-500x313.jpg\" alt=\"\" width=\"500\" height=\"313\" \/><\/a><\/p>\n<p>Das <strong>\u201eMINT-EC Zertifikat\u201c<\/strong> wurde dieses Jahr an eine Abiturientin und einen Abiturenten ausgeh\u00e4ndigt und wir freuen uns zusammen mit Frau Laurena Primbs und Herrn Michael Wimmer \u00fcber die Auszeichnung f\u00fcr das besondere schulische und au\u00dferschulische Engagement im MINT-Bereich! Sie haben insbesondere ihre fachliche Kompetenz und das fachwissenschaftliche Arbeiten bestens unter Beweis gestellt.<\/p>\n<p>Frau Laurena Primbs kam noch eine weitere Ehrung des <strong>Vereins der Freunde des Benediktinerstifts Metten e.V.<\/strong> zuteil. Sie durfte den MINT-Preis des Vereins entgegennehmen. W\u00e4hrend der ganzen Schulzeit war sie an vielf\u00e4ltigen Aktivit\u00e4ten im MINT Bereich beteiligt, hat an zahlreichen Wettbewerben erfolgreich teilgenommen. Sie besuchte unter anderem auch das Informatikpraktikum der Fa. Rhode und Schwarz, sowie das einw\u00f6chige Sch\u00fclerpraktikum des JungChemikerForums in Regensburg.<\/p>\n<p>Die Ehrung f\u00fcr besondere Leistungen im Fach Biologie wurde mit dem <strong><em>biozukunftspreis<\/em> <\/strong>der Stiftung <em>natur-mensch-kultur<\/em> dieses Jahr an Frau Tanja Kraus und Herrn Simon Sixt vergeben. Das diesj\u00e4hrige Motto der Stiftung lautete: <em><strong>Die Zukunft ist die Zeit, die mich am meisten interessiert. Denn dort werde ich den Rest meines Lebens verbringen.<br \/>\n-Albert Einstein-<\/strong><\/em><\/p>\n<p>&nbsp;<\/p>\n","protected":false},"excerpt":{"rendered":"<p>MINT 2019\/2020 Schwerpunkt erschwert oder Chance erkannt?Besondere Auszeichnungen und Ehrungen Das \u201eMINT-EC Zertifikat\u201c wurde dieses Jahr an eine Abiturientin und einen Abiturenten ausgeh\u00e4ndigt und wir freuen uns zusammen mit Frau Laurena Primbs und Herrn Michael Wimmer \u00fcber die Auszeichnung f\u00fcr das besondere schulische und au\u00dferschulische Engagement im MINT-Bereich! Sie haben insbesondere ihre fachliche Kompetenz und [&hellip;]<\/p>\n","protected":false},"author":5,"featured_media":0,"parent":12589,"menu_order":-8,"comment_status":"closed","ping_status":"closed","template":"","meta":{"footnotes":""},"class_list":["post-13044","page","type-page","status-publish","hentry"],"_links":{"self":[{"href":"https:\/\/www.kloster-metten.com\/index.php?rest_route=\/wp\/v2\/pages\/13044","targetHints":{"allow":["GET"]}}],"collection":[{"href":"https:\/\/www.kloster-metten.com\/index.php?rest_route=\/wp\/v2\/pages"}],"about":[{"href":"https:\/\/www.kloster-metten.com\/index.php?rest_route=\/wp\/v2\/types\/page"}],"author":[{"embeddable":true,"href":"https:\/\/www.kloster-metten.com\/index.php?rest_route=\/wp\/v2\/users\/5"}],"replies":[{"embeddable":true,"href":"https:\/\/www.kloster-metten.com\/index.php?rest_route=%2Fwp%2Fv2%2Fcomments&post=13044"}],"version-history":[{"count":25,"href":"https:\/\/www.kloster-metten.com\/index.php?rest_route=\/wp\/v2\/pages\/13044\/revisions"}],"predecessor-version":[{"id":13460,"href":"https:\/\/www.kloster-metten.com\/index.php?rest_route=\/wp\/v2\/pages\/13044\/revisions\/13460"}],"up":[{"embeddable":true,"href":"https:\/\/www.kloster-metten.com\/index.php?rest_route=\/wp\/v2\/pages\/12589"}],"wp:attachment":[{"href":"https:\/\/www.kloster-metten.com\/index.php?rest_route=%2Fwp%2Fv2%2Fmedia&parent=13044"}],"curies":[{"name":"wp","href":"https:\/\/api.w.org\/{rel}","templated":true}]}}