{"id":131,"date":"2008-08-11T16:50:08","date_gmt":"2008-08-11T14:50:08","guid":{"rendered":"http:\/\/kloster-metten.de\/?page_id=131"},"modified":"2024-02-18T20:51:16","modified_gmt":"2024-02-18T19:51:16","slug":"als-gast","status":"publish","type":"page","link":"https:\/\/www.kloster-metten.com\/?page_id=131","title":{"rendered":"Als Gast"},"content":{"rendered":"<img loading=\"lazy\" decoding=\"async\" class=\"alignleft size-medium wp-image-956\" title=\"_atk2318\" src=\"http:\/\/kloster-metten.de\/wp-content\/uploads\/2008\/09\/_atk2318-500x332.jpg\" alt=\"\" width=\"357\" height=\"237\" srcset=\"https:\/\/www.kloster-metten.com\/wp-content\/uploads\/2008\/09\/_atk2318-500x332.jpg 500w, https:\/\/www.kloster-metten.com\/wp-content\/uploads\/2008\/09\/_atk2318.jpg 1000w\" sizes=\"auto, (max-width: 357px) 100vw, 357px\" \/><h2>Als Gast<\/h2><p>G\u00e4ste sind im Kloster herzlich willkommen. Das gilt f\u00fcr Katholiken genauso wie f\u00fcr Protestanten. \u201eDie Regel des heiligen Benedikt hat uns l\u00e4nger gemeinsam geh\u00f6rt, als dass sie uns trennt.\u201c Das Mitleben im Kloster, das immer auch das Wohnen in der Klausur einschlie\u00dft, bleibt ausschlie\u00dflich M\u00e4nnern vorbehalten. Wer als Gast eine Zeit lang mit der Gemeinschaft leben m\u00f6chte, sollte zun\u00e4chst um einen geeigneten Termin beim Abt anfragen.<br \/>\n\u201eIch m\u00f6chte wissen: Was will er, was sucht er?\u201c, erkl\u00e4rt der Abt . Im Gespr\u00e4ch kann ich besser die Beweggr\u00fcnde und Anliegen verstehen. Denn den Gast erwartet ein Rhythmus von Gebet und Arbeit. Er wird lernen m\u00fcssen, Stille auszuhalten. Erfahrungen haben gezeigt, dass nicht jeder damit fertig wird und dann unter Umst\u00e4nden die Flucht ins Treiben des n\u00e4chst gr\u00f6\u00dferen Ortes antritt. Das ist aber nicht Ziel eines solchen Klosteraufenthaltes, wie der Abt betont.<br \/>\nFrauen, die am Leben in einer M\u00f6nchsgemeinschaft teilnehmen m\u00f6chten, sind als G\u00e4ste beispielsweise bei den Benediktinerinnen und Zisterzienserinnen herzlich willkommen.<br \/>\nMit einem Gast werden individuelle Regelungen vereinbart. Der Tagesablauf der Benediktiner hat eine heilsame Struktur. \u201eWir d\u00fcrfen die Arbeit f\u00fcr das Gebet unterbrechen\u201c, betont der Abt. \u201eDas ist Luxus.\u201c<\/p>\n\r\n\t\t<style type='text\/css'>\r\n\t\t\t#gallery-1 {\r\n\t\t\t\tmargin: auto;\r\n\t\t\t}\r\n\t\t\t#gallery-1 .gallery-item {\r\n\t\t\t\tfloat: left;\r\n\t\t\t\tmargin-top: 10px;\r\n\t\t\t\ttext-align: center;\r\n\t\t\t\twidth: 33%;\r\n\t\t\t}\r\n\t\t\t#gallery-1 hr {\r\n\t\t\t\theight: 1px;\r\n\t\t\t}\r\n\t\t\t#gallery-1 .gallery-caption {\r\n\t\t\t\tmargin-left: 0;\r\n\t\t\t}\r\n\t\t\t\/* see gallery_shortcode() in wp-includes\/media.php *\/\r\n\t\t<\/style>\n\t\t<div id='gallery-1' class='gallery galleryid-131 gallery-columns-3 gallery-size-thumbnail'><hr class='null'><dl class='gallery-item'>\r\n\t\t\t<dt class='gallery-icon landscape'>\r\n\t\t\t\t<a title=\"_atk2336\"  href='https:\/\/www.kloster-metten.com\/?attachment_id=1528'><img loading=\"lazy\" decoding=\"async\" width=\"170\" height=\"115\" src=\"https:\/\/www.kloster-metten.com\/wp-content\/uploads\/2008\/09\/_atk2336-170x115.jpg\" class=\"attachment-thumbnail size-thumbnail\" alt=\"\" \/><\/a>\r\n\t\t\t<\/dt><\/dl><dl class='gallery-item'>\r\n\t\t\t<dt class='gallery-icon landscape'>\r\n\t\t\t\t<a title=\"_atk2324\"  href='https:\/\/www.kloster-metten.com\/?attachment_id=1530'><img loading=\"lazy\" decoding=\"async\" width=\"170\" height=\"115\" src=\"https:\/\/www.kloster-metten.com\/wp-content\/uploads\/2008\/09\/_atk2324-170x115.jpg\" class=\"attachment-thumbnail size-thumbnail\" alt=\"\" \/><\/a>\r\n\t\t\t<\/dt><\/dl><dl class='gallery-item'>\r\n\t\t\t<dt class='gallery-icon landscape'>\r\n\t\t\t\t<a title=\"_atk2340\"  href='https:\/\/www.kloster-metten.com\/?attachment_id=1531'><img loading=\"lazy\" decoding=\"async\" width=\"170\" height=\"115\" src=\"https:\/\/www.kloster-metten.com\/wp-content\/uploads\/2008\/09\/_atk2340-170x115.jpg\" class=\"attachment-thumbnail size-thumbnail\" alt=\"\" \/><\/a>\r\n\t\t\t<\/dt><\/dl><br style=\"clear: both\" \/><dl class='gallery-item'>\r\n\t\t\t<dt class='gallery-icon portrait'>\r\n\t\t\t\t<a title=\"_atk2345\"  href='https:\/\/www.kloster-metten.com\/?attachment_id=1532'><img loading=\"lazy\" decoding=\"async\" width=\"170\" height=\"115\" src=\"https:\/\/www.kloster-metten.com\/wp-content\/uploads\/2008\/09\/_atk2345-170x115.jpg\" class=\"attachment-thumbnail size-thumbnail\" alt=\"\" \/><\/a>\r\n\t\t\t<\/dt><\/dl><dl class='gallery-item'>\r\n\t\t\t<dt class='gallery-icon portrait'>\r\n\t\t\t\t<a title=\"_atk2344\"  href='https:\/\/www.kloster-metten.com\/?attachment_id=1525'><img loading=\"lazy\" decoding=\"async\" width=\"170\" height=\"115\" src=\"https:\/\/www.kloster-metten.com\/wp-content\/uploads\/2008\/09\/_atk2344-170x115.jpg\" class=\"attachment-thumbnail size-thumbnail\" alt=\"\" \/><\/a>\r\n\t\t\t<\/dt><\/dl><dl class='gallery-item'>\r\n\t\t\t<dt class='gallery-icon landscape'>\r\n\t\t\t\t<a title=\"_atk2339\"  href='https:\/\/www.kloster-metten.com\/?attachment_id=1526'><img loading=\"lazy\" decoding=\"async\" width=\"170\" height=\"115\" src=\"https:\/\/www.kloster-metten.com\/wp-content\/uploads\/2008\/09\/_atk2339-170x115.jpg\" class=\"attachment-thumbnail size-thumbnail\" alt=\"\" \/><\/a>\r\n\t\t\t<\/dt><\/dl><br style=\"clear: both\" \/><dl class='gallery-item'>\r\n\t\t\t<dt class='gallery-icon portrait'>\r\n\t\t\t\t<a title=\"_atk2354\"  href='https:\/\/www.kloster-metten.com\/?attachment_id=1533'><img loading=\"lazy\" decoding=\"async\" width=\"170\" height=\"115\" src=\"https:\/\/www.kloster-metten.com\/wp-content\/uploads\/2008\/09\/_atk2354-170x115.jpg\" class=\"attachment-thumbnail size-thumbnail\" alt=\"\" \/><\/a>\r\n\t\t\t<\/dt><\/dl>\r\n\t\t\t<br style='clear: both' \/>\r\n\t\t<\/div>\n\n","protected":false},"excerpt":{"rendered":"<p>Als GastG\u00e4ste sind im Kloster herzlich willkommen. Das gilt f\u00fcr Katholiken genauso wie f\u00fcr Protestanten. \u201eDie Regel des heiligen Benedikt hat uns l\u00e4nger gemeinsam geh\u00f6rt, als dass sie uns trennt.\u201c Das Mitleben im Kloster, das immer auch das Wohnen in der Klausur einschlie\u00dft, bleibt ausschlie\u00dflich M\u00e4nnern vorbehalten. Wer als Gast eine Zeit lang mit der [&hellip;]<\/p>\n","protected":false},"author":5,"featured_media":0,"parent":17,"menu_order":0,"comment_status":"closed","ping_status":"closed","template":"","meta":{"footnotes":""},"class_list":["post-131","page","type-page","status-publish","hentry"],"_links":{"self":[{"href":"https:\/\/www.kloster-metten.com\/index.php?rest_route=\/wp\/v2\/pages\/131","targetHints":{"allow":["GET"]}}],"collection":[{"href":"https:\/\/www.kloster-metten.com\/index.php?rest_route=\/wp\/v2\/pages"}],"about":[{"href":"https:\/\/www.kloster-metten.com\/index.php?rest_route=\/wp\/v2\/types\/page"}],"author":[{"embeddable":true,"href":"https:\/\/www.kloster-metten.com\/index.php?rest_route=\/wp\/v2\/users\/5"}],"replies":[{"embeddable":true,"href":"https:\/\/www.kloster-metten.com\/index.php?rest_route=%2Fwp%2Fv2%2Fcomments&post=131"}],"version-history":[{"count":2,"href":"https:\/\/www.kloster-metten.com\/index.php?rest_route=\/wp\/v2\/pages\/131\/revisions"}],"predecessor-version":[{"id":48382,"href":"https:\/\/www.kloster-metten.com\/index.php?rest_route=\/wp\/v2\/pages\/131\/revisions\/48382"}],"up":[{"embeddable":true,"href":"https:\/\/www.kloster-metten.com\/index.php?rest_route=\/wp\/v2\/pages\/17"}],"wp:attachment":[{"href":"https:\/\/www.kloster-metten.com\/index.php?rest_route=%2Fwp%2Fv2%2Fmedia&parent=131"}],"curies":[{"name":"wp","href":"https:\/\/api.w.org\/{rel}","templated":true}]}}