{"id":13201,"date":"2020-09-07T18:24:54","date_gmt":"2020-09-07T16:24:54","guid":{"rendered":"https:\/\/www.kloster-metten.de\/?page_id=13201"},"modified":"2022-09-17T11:39:13","modified_gmt":"2022-09-17T09:39:13","slug":"beginn-des-schuljahres-2020-2021","status":"publish","type":"page","link":"https:\/\/www.kloster-metten.com\/?page_id=13201","title":{"rendered":"Beginn des Schuljahres 2020\/2021"},"content":{"rendered":"<h2>Beginn des Schuljahres 2020\/2021<\/h2><p>&nbsp;<\/p>\n<p><a href=\"https:\/\/www.kloster-metten.com\/wp-content\/uploads\/2019\/10\/metten_Logo_gym2.jpg\"><img loading=\"lazy\" decoding=\"async\" class=\"size-medium wp-image-12664 alignnone\" title=\"metten_Logo_gym2\" src=\"https:\/\/www.kloster-metten.com\/wp-content\/uploads\/2019\/10\/metten_Logo_gym2-500x322.jpg\" alt=\"\" width=\"500\" height=\"322\" srcset=\"https:\/\/www.kloster-metten.com\/wp-content\/uploads\/2019\/10\/metten_Logo_gym2-500x322.jpg 500w, https:\/\/www.kloster-metten.com\/wp-content\/uploads\/2019\/10\/metten_Logo_gym2-768x494.jpg 768w, https:\/\/www.kloster-metten.com\/wp-content\/uploads\/2019\/10\/metten_Logo_gym2-1024x658.jpg 1024w\" sizes=\"auto, (max-width: 500px) 100vw, 500px\" \/><\/a><\/p>\n<p>Im Schuljahr 2020\/2021 besuchen 460 Sch\u00fclerinnen und Sch\u00fcler \u2013 228 M\u00e4dchen und 232 Jungen \u2013 den Unterricht am St.-Michaels-Gymnasium. Zum Lehrerkollegium geh\u00f6ren vierzig Lehrkr\u00e4fte.<\/p>\n<p>Neben dem Pflichtunterricht, der ohne Stundenk\u00fcrzungen durchgef\u00fchrt werden kann, werden mehrere Unterrichtsstunden zur individuellen F\u00f6rderung der Sch\u00fclerinnen und Sch\u00fcler eingerichtet: \u201eLernb\u00fcros\u201c in den Kernf\u00e4chern, Pluskurse im MINT-Bereich, zus\u00e4tzliche Angebote in Musik und Sport, die Wahlkurse \u201eSchach\u201c und \u201eTheater\u201c sowie die \u201eWander-Forscher-Arbeitsgemeinschaft\u201c, die sich mit historischen Orten rund um Metten und Deggendorf besch\u00e4ftigt, laden zur Mitarbeit ein.<\/p>\n<p>Die Sch\u00fclerinnen und Sch\u00fcler der 9. Jahrgangsstufe haben wiederum die M\u00f6glichkeit, im Fach Geschichte den bilingualen Unterricht zu besuchen, in dem die Fremdsprache Englisch Arbeits- und Kommunikationsmittel ist.<\/p>\n<p>Ebenfalls fortgef\u00fchrt wird die erfolgreiche Zusammenarbeit mit der St.-Notker-Schule in Deggendorf.<\/p>\n","protected":false},"excerpt":{"rendered":"<p>Beginn des Schuljahres 2020\/2021&nbsp; Im Schuljahr 2020\/2021 besuchen 460 Sch\u00fclerinnen und Sch\u00fcler \u2013 228 M\u00e4dchen und 232 Jungen \u2013 den Unterricht am St.-Michaels-Gymnasium. Zum Lehrerkollegium geh\u00f6ren vierzig Lehrkr\u00e4fte. Neben dem Pflichtunterricht, der ohne Stundenk\u00fcrzungen durchgef\u00fchrt werden kann, werden mehrere Unterrichtsstunden zur individuellen F\u00f6rderung der Sch\u00fclerinnen und Sch\u00fcler eingerichtet: \u201eLernb\u00fcros\u201c in den Kernf\u00e4chern, Pluskurse im MINT-Bereich, [&hellip;]<\/p>\n","protected":false},"author":5,"featured_media":0,"parent":12589,"menu_order":-10,"comment_status":"closed","ping_status":"closed","template":"","meta":{"footnotes":""},"class_list":["post-13201","page","type-page","status-publish","hentry"],"_links":{"self":[{"href":"https:\/\/www.kloster-metten.com\/index.php?rest_route=\/wp\/v2\/pages\/13201","targetHints":{"allow":["GET"]}}],"collection":[{"href":"https:\/\/www.kloster-metten.com\/index.php?rest_route=\/wp\/v2\/pages"}],"about":[{"href":"https:\/\/www.kloster-metten.com\/index.php?rest_route=\/wp\/v2\/types\/page"}],"author":[{"embeddable":true,"href":"https:\/\/www.kloster-metten.com\/index.php?rest_route=\/wp\/v2\/users\/5"}],"replies":[{"embeddable":true,"href":"https:\/\/www.kloster-metten.com\/index.php?rest_route=%2Fwp%2Fv2%2Fcomments&post=13201"}],"version-history":[{"count":2,"href":"https:\/\/www.kloster-metten.com\/index.php?rest_route=\/wp\/v2\/pages\/13201\/revisions"}],"predecessor-version":[{"id":13203,"href":"https:\/\/www.kloster-metten.com\/index.php?rest_route=\/wp\/v2\/pages\/13201\/revisions\/13203"}],"up":[{"embeddable":true,"href":"https:\/\/www.kloster-metten.com\/index.php?rest_route=\/wp\/v2\/pages\/12589"}],"wp:attachment":[{"href":"https:\/\/www.kloster-metten.com\/index.php?rest_route=%2Fwp%2Fv2%2Fmedia&parent=13201"}],"curies":[{"name":"wp","href":"https:\/\/api.w.org\/{rel}","templated":true}]}}