{"id":13204,"date":"2020-09-09T20:49:45","date_gmt":"2020-09-09T18:49:45","guid":{"rendered":"https:\/\/www.kloster-metten.de\/?page_id=13204"},"modified":"2022-09-17T11:39:58","modified_gmt":"2022-09-17T09:39:58","slug":"neue-lehrkraefte-2-2","status":"publish","type":"page","link":"https:\/\/www.kloster-metten.com\/?page_id=13204","title":{"rendered":"Neue Lehrkr\u00e4fte"},"content":{"rendered":"<a href=\"https:\/\/www.kloster-metten.com\/wp-content\/uploads\/2020\/09\/Neue-Lehrkraefte-07.09.2020_.jpg\"><img loading=\"lazy\" decoding=\"async\" class=\"size-medium wp-image-13205 alignnone\" title=\"Neue Lehrkr\u00e4fte 07.09.2020_\" src=\"https:\/\/www.kloster-metten.com\/wp-content\/uploads\/2020\/09\/Neue-Lehrkraefte-07.09.2020_-500x375.jpg\" alt=\"\" width=\"500\" height=\"375\" srcset=\"https:\/\/www.kloster-metten.com\/wp-content\/uploads\/2020\/09\/Neue-Lehrkraefte-07.09.2020_-500x375.jpg 500w, https:\/\/www.kloster-metten.com\/wp-content\/uploads\/2020\/09\/Neue-Lehrkraefte-07.09.2020_-1024x768.jpg 1024w, https:\/\/www.kloster-metten.com\/wp-content\/uploads\/2020\/09\/Neue-Lehrkraefte-07.09.2020_-768x576.jpg 768w, https:\/\/www.kloster-metten.com\/wp-content\/uploads\/2020\/09\/Neue-Lehrkraefte-07.09.2020_.jpg 1296w\" sizes=\"auto, (max-width: 500px) 100vw, 500px\" \/><\/a><h2>Neue Lehrkr\u00e4fte<\/h2><p><\/p>\n<p>In der Sitzung des Lehrerkollegiums am 7. September 2020 begr\u00fc\u00dft Pater Erhard vier Kolleginnen und zwei Kollegen, die ihre Unterrichtst\u00e4tigkeit am St.-Michaels-Gymnasium beginnen: Frau Stefanie Costiuk (Deutsch und Geographie), Frau Stefanie Eibl (Katholische Religionslehre und Sport), Frau Jasmin Fr\u00f6schl (Englisch und Franz\u00f6sisch), Frau Kerstin Mayer (Mathematik und Sport), Herrn Christian Kellner (Kunst) und Herrn Roman Lehner (Englisch und Mathematik).<\/p>\n<p>Der Schulleiter w\u00fcnscht den Kolleginnen und Kollegen ein gutes Eingew\u00f6hnen sowie viel Freude und Erfolg bei ihrer Unterrichtst\u00e4tigkeit.<\/p>\n","protected":false},"excerpt":{"rendered":"<p>Neue Lehrkr\u00e4fte In der Sitzung des Lehrerkollegiums am 7. September 2020 begr\u00fc\u00dft Pater Erhard vier Kolleginnen und zwei Kollegen, die ihre Unterrichtst\u00e4tigkeit am St.-Michaels-Gymnasium beginnen: Frau Stefanie Costiuk (Deutsch und Geographie), Frau Stefanie Eibl (Katholische Religionslehre und Sport), Frau Jasmin Fr\u00f6schl (Englisch und Franz\u00f6sisch), Frau Kerstin Mayer (Mathematik und Sport), Herrn Christian Kellner (Kunst) und [&hellip;]<\/p>\n","protected":false},"author":5,"featured_media":0,"parent":12589,"menu_order":-11,"comment_status":"closed","ping_status":"closed","template":"","meta":{"footnotes":""},"class_list":["post-13204","page","type-page","status-publish","hentry"],"_links":{"self":[{"href":"https:\/\/www.kloster-metten.com\/index.php?rest_route=\/wp\/v2\/pages\/13204","targetHints":{"allow":["GET"]}}],"collection":[{"href":"https:\/\/www.kloster-metten.com\/index.php?rest_route=\/wp\/v2\/pages"}],"about":[{"href":"https:\/\/www.kloster-metten.com\/index.php?rest_route=\/wp\/v2\/types\/page"}],"author":[{"embeddable":true,"href":"https:\/\/www.kloster-metten.com\/index.php?rest_route=\/wp\/v2\/users\/5"}],"replies":[{"embeddable":true,"href":"https:\/\/www.kloster-metten.com\/index.php?rest_route=%2Fwp%2Fv2%2Fcomments&post=13204"}],"version-history":[{"count":1,"href":"https:\/\/www.kloster-metten.com\/index.php?rest_route=\/wp\/v2\/pages\/13204\/revisions"}],"predecessor-version":[{"id":13206,"href":"https:\/\/www.kloster-metten.com\/index.php?rest_route=\/wp\/v2\/pages\/13204\/revisions\/13206"}],"up":[{"embeddable":true,"href":"https:\/\/www.kloster-metten.com\/index.php?rest_route=\/wp\/v2\/pages\/12589"}],"wp:attachment":[{"href":"https:\/\/www.kloster-metten.com\/index.php?rest_route=%2Fwp%2Fv2%2Fmedia&parent=13204"}],"curies":[{"name":"wp","href":"https:\/\/api.w.org\/{rel}","templated":true}]}}