{"id":13208,"date":"2020-09-11T22:27:58","date_gmt":"2020-09-11T20:27:58","guid":{"rendered":"https:\/\/www.kloster-metten.de\/?page_id=13208"},"modified":"2022-09-17T11:40:27","modified_gmt":"2022-09-17T09:40:27","slug":"begruessung-der-schuelerinnen-und-schueler-der-fuenften-klassen","status":"publish","type":"page","link":"https:\/\/www.kloster-metten.com\/?page_id=13208","title":{"rendered":"Begr\u00fc\u00dfung der Sch\u00fclerinnen und Sch\u00fcler der f\u00fcnften Klassen"},"content":{"rendered":"<a href=\"https:\/\/www.kloster-metten.com\/wp-content\/uploads\/2020\/09\/Klasse-5a-Festsaal-08.09.2020_.jpg\"><img loading=\"lazy\" decoding=\"async\" class=\"size-medium wp-image-13215 alignnone\" title=\"Klasse 5a Festsaal 08.09.2020_\" src=\"https:\/\/www.kloster-metten.com\/wp-content\/uploads\/2020\/09\/Klasse-5a-Festsaal-08.09.2020_-500x375.jpg\" alt=\"\" width=\"500\" height=\"375\" srcset=\"https:\/\/www.kloster-metten.com\/wp-content\/uploads\/2020\/09\/Klasse-5a-Festsaal-08.09.2020_-500x375.jpg 500w, https:\/\/www.kloster-metten.com\/wp-content\/uploads\/2020\/09\/Klasse-5a-Festsaal-08.09.2020_-1024x768.jpg 1024w, https:\/\/www.kloster-metten.com\/wp-content\/uploads\/2020\/09\/Klasse-5a-Festsaal-08.09.2020_-768x576.jpg 768w, https:\/\/www.kloster-metten.com\/wp-content\/uploads\/2020\/09\/Klasse-5a-Festsaal-08.09.2020_.jpg 1296w\" sizes=\"auto, (max-width: 500px) 100vw, 500px\" \/><\/a><h2>Begr\u00fc\u00dfung der Sch\u00fclerinnen und Sch\u00fcler der f\u00fcnften Klassen<\/h2><p><\/p>\n<p>In diesem Schuljahr konnte der erste Schultag f\u00fcr die neuen Sch\u00fclerinnen und Sch\u00fcler nicht wie in den zur\u00fcckliegenden Schuljahren ablaufen. Aufgrund der Regelungen im Rahmen der Corona-Pandemie wurden nicht alle M\u00e4dchen und Jungen der 5. Jahrgangsstufe gleichzeitig im Festsaal begr\u00fc\u00dft, sondern die Klassen im zeitlichen Abstand von einer halben Stunde zum Schulbeginn eingeladen. Im Sudhaus erhielten die Sch\u00fclerinnen und Sch\u00fcler ihre Ausweise und Schulb\u00fccher. Anschlie\u00dfend ermutigte sie Pater Erhard in seiner Begr\u00fc\u00dfungsansprache dazu, keine Angst vor dem Neustart am Gymnasium zu haben und von Anfang an gut mitzulernen. Die 63 Sch\u00fclerinnen und Sch\u00fcler sowie ihre Eltern freuten sich, dass drei kleine Klassen gebildet wurden. Das Redaktionsteam der Sch\u00fclerzeitung hatte eine Sonderausgabe \u201eMinibellus\u201c zusammengestellt, in der alle Lehrerinnen und Lehrer, die die f\u00fcnften Klassen unterrichten werden, kurz vorgestellt werden.<\/p>\n\r\n\t\t<style type='text\/css'>\r\n\t\t\t#gallery-1 {\r\n\t\t\t\tmargin: auto;\r\n\t\t\t}\r\n\t\t\t#gallery-1 .gallery-item {\r\n\t\t\t\tfloat: left;\r\n\t\t\t\tmargin-top: 10px;\r\n\t\t\t\ttext-align: center;\r\n\t\t\t\twidth: 33%;\r\n\t\t\t}\r\n\t\t\t#gallery-1 hr {\r\n\t\t\t\theight: 1px;\r\n\t\t\t}\r\n\t\t\t#gallery-1 .gallery-caption {\r\n\t\t\t\tmargin-left: 0;\r\n\t\t\t}\r\n\t\t\t\/* see gallery_shortcode() in wp-includes\/media.php *\/\r\n\t\t<\/style>\n\t\t<div id='gallery-1' class='gallery galleryid-13208 gallery-columns-3 gallery-size-thumbnail'><hr class='null'><dl class='gallery-item'>\r\n\t\t\t<dt class='gallery-icon landscape'>\r\n\t\t\t\t<a title=\"Klasse 5b Festsaal 08.09.2020_\"  href='https:\/\/www.kloster-metten.com\/?attachment_id=13214'><img loading=\"lazy\" decoding=\"async\" width=\"170\" height=\"115\" src=\"https:\/\/www.kloster-metten.com\/wp-content\/uploads\/2020\/09\/Klasse-5b-Festsaal-08.09.2020_-170x115.jpg\" class=\"attachment-thumbnail size-thumbnail\" alt=\"\" \/><\/a>\r\n\t\t\t<\/dt><\/dl><dl class='gallery-item'>\r\n\t\t\t<dt class='gallery-icon landscape'>\r\n\t\t\t\t<a title=\"Klasse 5c Festsaal 08.09.2020_\"  href='https:\/\/www.kloster-metten.com\/?attachment_id=13213'><img loading=\"lazy\" decoding=\"async\" width=\"170\" height=\"115\" src=\"https:\/\/www.kloster-metten.com\/wp-content\/uploads\/2020\/09\/Klasse-5c-Festsaal-08.09.2020_-170x115.jpg\" class=\"attachment-thumbnail size-thumbnail\" alt=\"\" \/><\/a>\r\n\t\t\t<\/dt><\/dl><dl class='gallery-item'>\r\n\t\t\t<dt class='gallery-icon landscape'>\r\n\t\t\t\t<a title=\"Sudhaus I 08.09.2020_\"  href='https:\/\/www.kloster-metten.com\/?attachment_id=13212'><img loading=\"lazy\" decoding=\"async\" width=\"170\" height=\"115\" src=\"https:\/\/www.kloster-metten.com\/wp-content\/uploads\/2020\/09\/Sudhaus-I-08.09.2020_-170x115.jpg\" class=\"attachment-thumbnail size-thumbnail\" alt=\"\" \/><\/a>\r\n\t\t\t<\/dt><\/dl><br style=\"clear: both\" \/><dl class='gallery-item'>\r\n\t\t\t<dt class='gallery-icon landscape'>\r\n\t\t\t\t<a title=\"Sudhaus II 08.09.2020_\"  href='https:\/\/www.kloster-metten.com\/?attachment_id=13211'><img loading=\"lazy\" decoding=\"async\" width=\"170\" height=\"115\" src=\"https:\/\/www.kloster-metten.com\/wp-content\/uploads\/2020\/09\/Sudhaus-II-08.09.2020_-170x115.jpg\" class=\"attachment-thumbnail size-thumbnail\" alt=\"\" \/><\/a>\r\n\t\t\t<\/dt><\/dl><dl class='gallery-item'>\r\n\t\t\t<dt class='gallery-icon landscape'>\r\n\t\t\t\t<a title=\"Sudhaus III 08.09.2020_\"  href='https:\/\/www.kloster-metten.com\/?attachment_id=13210'><img loading=\"lazy\" decoding=\"async\" width=\"170\" height=\"115\" src=\"https:\/\/www.kloster-metten.com\/wp-content\/uploads\/2020\/09\/Sudhaus-III-08.09.2020_-170x115.jpg\" class=\"attachment-thumbnail size-thumbnail\" alt=\"\" \/><\/a>\r\n\t\t\t<\/dt><\/dl>\r\n\t\t\t<br style='clear: both' \/>\r\n\t\t<\/div>\n\n","protected":false},"excerpt":{"rendered":"<p>Begr\u00fc\u00dfung der Sch\u00fclerinnen und Sch\u00fcler der f\u00fcnften Klassen In diesem Schuljahr konnte der erste Schultag f\u00fcr die neuen Sch\u00fclerinnen und Sch\u00fcler nicht wie in den zur\u00fcckliegenden Schuljahren ablaufen. Aufgrund der Regelungen im Rahmen der Corona-Pandemie wurden nicht alle M\u00e4dchen und Jungen der 5. Jahrgangsstufe gleichzeitig im Festsaal begr\u00fc\u00dft, sondern die Klassen im zeitlichen Abstand von [&hellip;]<\/p>\n","protected":false},"author":5,"featured_media":0,"parent":12589,"menu_order":-12,"comment_status":"closed","ping_status":"closed","template":"","meta":{"footnotes":""},"class_list":["post-13208","page","type-page","status-publish","hentry"],"_links":{"self":[{"href":"https:\/\/www.kloster-metten.com\/index.php?rest_route=\/wp\/v2\/pages\/13208","targetHints":{"allow":["GET"]}}],"collection":[{"href":"https:\/\/www.kloster-metten.com\/index.php?rest_route=\/wp\/v2\/pages"}],"about":[{"href":"https:\/\/www.kloster-metten.com\/index.php?rest_route=\/wp\/v2\/types\/page"}],"author":[{"embeddable":true,"href":"https:\/\/www.kloster-metten.com\/index.php?rest_route=\/wp\/v2\/users\/5"}],"replies":[{"embeddable":true,"href":"https:\/\/www.kloster-metten.com\/index.php?rest_route=%2Fwp%2Fv2%2Fcomments&post=13208"}],"version-history":[{"count":3,"href":"https:\/\/www.kloster-metten.com\/index.php?rest_route=\/wp\/v2\/pages\/13208\/revisions"}],"predecessor-version":[{"id":13217,"href":"https:\/\/www.kloster-metten.com\/index.php?rest_route=\/wp\/v2\/pages\/13208\/revisions\/13217"}],"up":[{"embeddable":true,"href":"https:\/\/www.kloster-metten.com\/index.php?rest_route=\/wp\/v2\/pages\/12589"}],"wp:attachment":[{"href":"https:\/\/www.kloster-metten.com\/index.php?rest_route=%2Fwp%2Fv2%2Fmedia&parent=13208"}],"curies":[{"name":"wp","href":"https:\/\/api.w.org\/{rel}","templated":true}]}}