{"id":13219,"date":"2020-09-28T16:54:57","date_gmt":"2020-09-28T14:54:57","guid":{"rendered":"https:\/\/www.kloster-metten.de\/?page_id=13219"},"modified":"2022-09-17T11:40:53","modified_gmt":"2022-09-17T09:40:53","slug":"schuelersprecherwahl","status":"publish","type":"page","link":"https:\/\/www.kloster-metten.com\/?page_id=13219","title":{"rendered":"Sch\u00fclersprecherwahl"},"content":{"rendered":"<a href=\"https:\/\/www.kloster-metten.com\/wp-content\/uploads\/2020\/09\/DSC00112_.jpg\"><img loading=\"lazy\" decoding=\"async\" class=\"size-medium wp-image-13222 alignnone\" title=\"DSC00112_\" src=\"https:\/\/www.kloster-metten.com\/wp-content\/uploads\/2020\/09\/DSC00112_-500x375.jpg\" alt=\"\" width=\"500\" height=\"375\" srcset=\"https:\/\/www.kloster-metten.com\/wp-content\/uploads\/2020\/09\/DSC00112_-500x375.jpg 500w, https:\/\/www.kloster-metten.com\/wp-content\/uploads\/2020\/09\/DSC00112_-1024x768.jpg 1024w, https:\/\/www.kloster-metten.com\/wp-content\/uploads\/2020\/09\/DSC00112_-768x576.jpg 768w, https:\/\/www.kloster-metten.com\/wp-content\/uploads\/2020\/09\/DSC00112_.jpg 1296w\" sizes=\"auto, (max-width: 500px) 100vw, 500px\" \/><\/a><h2>Sch\u00fclersprecherwahl<\/h2><p><\/p>\n<p>Da die Kandidatinnen und Kandidaten f\u00fcr die anstehende Sch\u00fclersprecherwahl in diesem Schuljahr nicht wie sonst \u00fcblich die einzelnen Klassen aufsuchen k\u00f6nnen, um sich vorzustellen, war rasch eine andere L\u00f6sung gefunden. Paula Gei\u00df (Q11), Francesca Helmel (10a), Jana Liebich (10a), Benedikt Sibler (10b), Benedikt Weinberger (Q11) und Melanie Worm (10b) fanden sich im &#8222;Filmstudio&#8220; von Paul K\u00f6rber (Q12) ein und drehten dort einen kurzen Vorstellungs- bzw. Bewerbungsclip. Sie alle zeigten sich kameratauglich und hoffen nun, bei der Wahl am Donnerstag, den 01.10. mit Hilfe ihrer Videos die Gunst der W\u00e4hler zu gewinnen.<\/p>\n<p><a href=\"https:\/\/www.kloster-metten.com\/wp-content\/uploads\/2020\/09\/DSC00102_.jpg\"><img loading=\"lazy\" decoding=\"async\" class=\"alignleft size-medium wp-image-13221\" title=\"DSC00102_\" src=\"https:\/\/www.kloster-metten.com\/wp-content\/uploads\/2020\/09\/DSC00102_-374x500.jpg\" alt=\"\" width=\"374\" height=\"500\" srcset=\"https:\/\/www.kloster-metten.com\/wp-content\/uploads\/2020\/09\/DSC00102_-374x500.jpg 374w, https:\/\/www.kloster-metten.com\/wp-content\/uploads\/2020\/09\/DSC00102_-765x1024.jpg 765w, https:\/\/www.kloster-metten.com\/wp-content\/uploads\/2020\/09\/DSC00102_-768x1028.jpg 768w, https:\/\/www.kloster-metten.com\/wp-content\/uploads\/2020\/09\/DSC00102_-1148x1536.jpg 1148w, https:\/\/www.kloster-metten.com\/wp-content\/uploads\/2020\/09\/DSC00102_.jpg 1390w\" sizes=\"auto, (max-width: 374px) 100vw, 374px\" \/><\/a><\/p>\n","protected":false},"excerpt":{"rendered":"<p>Sch\u00fclersprecherwahl Da die Kandidatinnen und Kandidaten f\u00fcr die anstehende Sch\u00fclersprecherwahl in diesem Schuljahr nicht wie sonst \u00fcblich die einzelnen Klassen aufsuchen k\u00f6nnen, um sich vorzustellen, war rasch eine andere L\u00f6sung gefunden. Paula Gei\u00df (Q11), Francesca Helmel (10a), Jana Liebich (10a), Benedikt Sibler (10b), Benedikt Weinberger (Q11) und Melanie Worm (10b) fanden sich im &#8222;Filmstudio&#8220; von [&hellip;]<\/p>\n","protected":false},"author":5,"featured_media":0,"parent":12589,"menu_order":-13,"comment_status":"closed","ping_status":"closed","template":"","meta":{"footnotes":""},"class_list":["post-13219","page","type-page","status-publish","hentry"],"_links":{"self":[{"href":"https:\/\/www.kloster-metten.com\/index.php?rest_route=\/wp\/v2\/pages\/13219","targetHints":{"allow":["GET"]}}],"collection":[{"href":"https:\/\/www.kloster-metten.com\/index.php?rest_route=\/wp\/v2\/pages"}],"about":[{"href":"https:\/\/www.kloster-metten.com\/index.php?rest_route=\/wp\/v2\/types\/page"}],"author":[{"embeddable":true,"href":"https:\/\/www.kloster-metten.com\/index.php?rest_route=\/wp\/v2\/users\/5"}],"replies":[{"embeddable":true,"href":"https:\/\/www.kloster-metten.com\/index.php?rest_route=%2Fwp%2Fv2%2Fcomments&post=13219"}],"version-history":[{"count":3,"href":"https:\/\/www.kloster-metten.com\/index.php?rest_route=\/wp\/v2\/pages\/13219\/revisions"}],"predecessor-version":[{"id":13224,"href":"https:\/\/www.kloster-metten.com\/index.php?rest_route=\/wp\/v2\/pages\/13219\/revisions\/13224"}],"up":[{"embeddable":true,"href":"https:\/\/www.kloster-metten.com\/index.php?rest_route=\/wp\/v2\/pages\/12589"}],"wp:attachment":[{"href":"https:\/\/www.kloster-metten.com\/index.php?rest_route=%2Fwp%2Fv2%2Fmedia&parent=13219"}],"curies":[{"name":"wp","href":"https:\/\/api.w.org\/{rel}","templated":true}]}}