{"id":13235,"date":"2020-10-07T15:52:08","date_gmt":"2020-10-07T13:52:08","guid":{"rendered":"https:\/\/www.kloster-metten.de\/?page_id=13235"},"modified":"2022-09-17T11:41:19","modified_gmt":"2022-09-17T09:41:19","slug":"30-jahre-tag-der-deutschen-einheit-ausstellung-im-st-michaels-gymnasium","status":"publish","type":"page","link":"https:\/\/www.kloster-metten.com\/?page_id=13235","title":{"rendered":"30 Jahre Tag der deutschen Einheit: Ausstellung im St.-Michaels-Gymnasium"},"content":{"rendered":"<h2>30 Jahre Tag der deutschen Einheit: Ausstellung im St.-Michaels-Gymnasium<\/h2><p><strong><a href=\"https:\/\/www.kloster-metten.com\/wp-content\/uploads\/2020\/10\/Foto-Ausstellung-2_.jpg\"><img loading=\"lazy\" decoding=\"async\" class=\"size-medium wp-image-13237 alignnone\" title=\"Foto Ausstellung 2_\" src=\"https:\/\/www.kloster-metten.com\/wp-content\/uploads\/2020\/10\/Foto-Ausstellung-2_-500x375.jpg\" alt=\"\" width=\"500\" height=\"375\" srcset=\"https:\/\/www.kloster-metten.com\/wp-content\/uploads\/2020\/10\/Foto-Ausstellung-2_-500x375.jpg 500w, https:\/\/www.kloster-metten.com\/wp-content\/uploads\/2020\/10\/Foto-Ausstellung-2_-768x576.jpg 768w, https:\/\/www.kloster-metten.com\/wp-content\/uploads\/2020\/10\/Foto-Ausstellung-2_.jpg 816w\" sizes=\"auto, (max-width: 500px) 100vw, 500px\" \/><\/a><\/strong><\/p>\n<p><strong>Anl\u00e4sslich des 30. Jahrestages der Wiedervereinigung organisierte die Fachschaft Geschichte eine Ausstellung in der Pausenhalle des St.-Michaels-Gymnasiums.<\/strong><\/p>\n<p>Die Ausstellung \u201eVon der friedlichen Revolution zur deutschen Einheit\u201c wurde von der Fachschaft Geschichte im Beisein von Schulleiter Pater Erhard und Mitarbeitern aus dem Direktorat zusammen mit den beiden 10. Klassen er\u00f6ffnet. Nach einem Protestsong wurden Zitate von Augenzeugen und Opfern des DDR-Regimes in der Zeit vor dem Mauerfall vorgetragen, danach wurden Filmszenen aus den Jahren 1989 und 1990 gezeigt. Neben der Plakatausstellung, die \u00fcber die einzelnen Stationen der Jahre 1989-1990 informiert, sind auch ein Originalst\u00fcck der Berliner Mauer sowie weitere Objekte der bewegten Geschichte des geteilten Deutschlands zu sehen.<\/p>\n<p>Jeder Besucher der Ausstellung soll nachvollziehen k\u00f6nnen, dass sich nach dem Mauerfall am 09. November 1989 Weltgeschichte in Deutschland abgespielt hat. Die DDR existierte danach nicht einmal mehr f\u00fcr ein Jahr.<\/p>\n<p>Was sich vor 30 Jahren in Deutschland ereignet hat, kann getrost als ein Wunder bezeichnet werden. Es war eine friedliche Revolution, die ohne Blutvergie\u00dfen in der Mitte Europas stattgefunden hat. Durch die Ausstellung haben nun alle Sch\u00fcler*innen die M\u00f6glichkeit, dieses Wunder besser nachvollziehen zu k\u00f6nnen.<\/p>\n<p><a href=\"https:\/\/www.kloster-metten.com\/wp-content\/uploads\/2020\/10\/Foto-Ausstellung-3_.jpg\"><img loading=\"lazy\" decoding=\"async\" class=\"alignleft size-medium wp-image-13236\" title=\"Foto Ausstellung 3_\" src=\"https:\/\/www.kloster-metten.com\/wp-content\/uploads\/2020\/10\/Foto-Ausstellung-3_-500x375.jpg\" alt=\"\" width=\"500\" height=\"375\" srcset=\"https:\/\/www.kloster-metten.com\/wp-content\/uploads\/2020\/10\/Foto-Ausstellung-3_-500x375.jpg 500w, https:\/\/www.kloster-metten.com\/wp-content\/uploads\/2020\/10\/Foto-Ausstellung-3_-768x576.jpg 768w, https:\/\/www.kloster-metten.com\/wp-content\/uploads\/2020\/10\/Foto-Ausstellung-3_.jpg 816w\" sizes=\"auto, (max-width: 500px) 100vw, 500px\" \/><\/a><\/p>\n","protected":false},"excerpt":{"rendered":"<p>30 Jahre Tag der deutschen Einheit: Ausstellung im St.-Michaels-Gymnasium Anl\u00e4sslich des 30. Jahrestages der Wiedervereinigung organisierte die Fachschaft Geschichte eine Ausstellung in der Pausenhalle des St.-Michaels-Gymnasiums. Die Ausstellung \u201eVon der friedlichen Revolution zur deutschen Einheit\u201c wurde von der Fachschaft Geschichte im Beisein von Schulleiter Pater Erhard und Mitarbeitern aus dem Direktorat zusammen mit den beiden [&hellip;]<\/p>\n","protected":false},"author":5,"featured_media":0,"parent":12589,"menu_order":-14,"comment_status":"closed","ping_status":"closed","template":"","meta":{"footnotes":""},"class_list":["post-13235","page","type-page","status-publish","hentry"],"_links":{"self":[{"href":"https:\/\/www.kloster-metten.com\/index.php?rest_route=\/wp\/v2\/pages\/13235","targetHints":{"allow":["GET"]}}],"collection":[{"href":"https:\/\/www.kloster-metten.com\/index.php?rest_route=\/wp\/v2\/pages"}],"about":[{"href":"https:\/\/www.kloster-metten.com\/index.php?rest_route=\/wp\/v2\/types\/page"}],"author":[{"embeddable":true,"href":"https:\/\/www.kloster-metten.com\/index.php?rest_route=\/wp\/v2\/users\/5"}],"replies":[{"embeddable":true,"href":"https:\/\/www.kloster-metten.com\/index.php?rest_route=%2Fwp%2Fv2%2Fcomments&post=13235"}],"version-history":[{"count":2,"href":"https:\/\/www.kloster-metten.com\/index.php?rest_route=\/wp\/v2\/pages\/13235\/revisions"}],"predecessor-version":[{"id":13239,"href":"https:\/\/www.kloster-metten.com\/index.php?rest_route=\/wp\/v2\/pages\/13235\/revisions\/13239"}],"up":[{"embeddable":true,"href":"https:\/\/www.kloster-metten.com\/index.php?rest_route=\/wp\/v2\/pages\/12589"}],"wp:attachment":[{"href":"https:\/\/www.kloster-metten.com\/index.php?rest_route=%2Fwp%2Fv2%2Fmedia&parent=13235"}],"curies":[{"name":"wp","href":"https:\/\/api.w.org\/{rel}","templated":true}]}}