{"id":13258,"date":"2020-11-04T08:56:16","date_gmt":"2020-11-04T07:56:16","guid":{"rendered":"https:\/\/www.kloster-metten.de\/?page_id=13258"},"modified":"2022-09-17T11:42:20","modified_gmt":"2022-09-17T09:42:20","slug":"erfolge-bei-wettbewerben-fuer-humanistische-gymnasien","status":"publish","type":"page","link":"https:\/\/www.kloster-metten.com\/?page_id=13258","title":{"rendered":"Erfolge bei Wettbewerben f\u00fcr humanistische Gymnasien"},"content":{"rendered":"<h2>Erfolge bei Wettbewerben f\u00fcr humanistische Gymnasien<\/h2><p><strong><a href=\"https:\/\/www.kloster-metten.com\/wp-content\/uploads\/2020\/11\/Comic-Wettbewerb_.jpg\"><img loading=\"lazy\" decoding=\"async\" class=\"size-medium wp-image-13252 alignnone\" title=\"Comic-Wettbewerb_\" src=\"https:\/\/www.kloster-metten.com\/wp-content\/uploads\/2020\/11\/Comic-Wettbewerb_-500x195.jpg\" alt=\"\" width=\"500\" height=\"195\" srcset=\"https:\/\/www.kloster-metten.com\/wp-content\/uploads\/2020\/11\/Comic-Wettbewerb_-500x195.jpg 500w, https:\/\/www.kloster-metten.com\/wp-content\/uploads\/2020\/11\/Comic-Wettbewerb_.jpg 706w\" sizes=\"auto, (max-width: 500px) 100vw, 500px\" \/><\/a><\/strong><\/p>\n<p>Die Griechisch-Sch\u00fcler unseres Gymnasiums k\u00f6nnen sich gleich \u00fcber zwei Erfolge bei Wettbewerben aus dem Bereich der Klassischen Philologie freuen: So erreichte Franziska Nothaft beim Landeswettbewerb Alte Sprachen die zweite Runde. Daf\u00fcr musste sie eine \u00dcbersetzungsaufgabe mit kniffligen Zusatzaufgaben l\u00f6sen. F\u00fcr die besten f\u00fcnfzig Teilnehmer Bayerns galt es dann Anfang Oktober, eine Textstelle zu interpretieren und ausgehend von der Interpretation eine kreative Aufgabe zu l\u00f6sen. In diesem Jahr war es ein Textauszug aus Homers Odyssee, der mit einer modernen Heimkehrergeschichte zu vergleichen war. F\u00fcr ihre herausragende Leistung bekam Franziska von der Schule einen Buchpreis \u00fcberreicht, die Ergebnisse der zweiten Runde stehen noch aus. Die Sch\u00fclerinnen und Sch\u00fcler der 10. Jahrgangsstufe hatten sich im letzten Schuljahr am Pegalogos Wettbewerb des Arbeitskreises Humanistisches Gymnasium beteiligt. F\u00fcr ihren Beitrag, einen Comic, in dem sie die Ausbreitung des Coronavirus durch einen antiken Mythos erkl\u00e4rten, erhielten sie eine Urkunde, die ihnen gro\u00dfen Erfolg im Wettbewerb best\u00e4tigt. Als Preis f\u00fcr den \u201esehr sch\u00f6nen und kreativen Beitrag\u201c werden sie zu einer exklusiven F\u00fchrung in die Antikensammlung nach M\u00fcnchen eingeladen.<\/p>\n\r\n\t\t<style type='text\/css'>\r\n\t\t\t#gallery-1 {\r\n\t\t\t\tmargin: auto;\r\n\t\t\t}\r\n\t\t\t#gallery-1 .gallery-item {\r\n\t\t\t\tfloat: left;\r\n\t\t\t\tmargin-top: 10px;\r\n\t\t\t\ttext-align: center;\r\n\t\t\t\twidth: 33%;\r\n\t\t\t}\r\n\t\t\t#gallery-1 hr {\r\n\t\t\t\theight: 1px;\r\n\t\t\t}\r\n\t\t\t#gallery-1 .gallery-caption {\r\n\t\t\t\tmargin-left: 0;\r\n\t\t\t}\r\n\t\t\t\/* see gallery_shortcode() in wp-includes\/media.php *\/\r\n\t\t<\/style>\n\t\t<div id='gallery-1' class='gallery galleryid-13258 gallery-columns-3 gallery-size-thumbnail'><hr class='null'><dl class='gallery-item'>\r\n\t\t\t<dt class='gallery-icon landscape'>\r\n\t\t\t\t<a title=\"DSC00151_\"  href='https:\/\/www.kloster-metten.com\/?attachment_id=13251'><img loading=\"lazy\" decoding=\"async\" width=\"170\" height=\"115\" src=\"https:\/\/www.kloster-metten.com\/wp-content\/uploads\/2020\/11\/DSC00151_-170x115.jpg\" class=\"attachment-thumbnail size-thumbnail\" alt=\"\" \/><\/a>\r\n\t\t\t<\/dt><\/dl><dl class='gallery-item'>\r\n\t\t\t<dt class='gallery-icon landscape'>\r\n\t\t\t\t<a title=\"DSC00157_\"  href='https:\/\/www.kloster-metten.com\/?attachment_id=13250'><img loading=\"lazy\" decoding=\"async\" width=\"170\" height=\"115\" src=\"https:\/\/www.kloster-metten.com\/wp-content\/uploads\/2020\/11\/DSC00157_-170x115.jpg\" class=\"attachment-thumbnail size-thumbnail\" alt=\"\" \/><\/a>\r\n\t\t\t<\/dt><\/dl>\r\n\t\t\t<br style='clear: both' \/>\r\n\t\t<\/div>\n\n","protected":false},"excerpt":{"rendered":"<p>Erfolge bei Wettbewerben f\u00fcr humanistische Gymnasien Die Griechisch-Sch\u00fcler unseres Gymnasiums k\u00f6nnen sich gleich \u00fcber zwei Erfolge bei Wettbewerben aus dem Bereich der Klassischen Philologie freuen: So erreichte Franziska Nothaft beim Landeswettbewerb Alte Sprachen die zweite Runde. Daf\u00fcr musste sie eine \u00dcbersetzungsaufgabe mit kniffligen Zusatzaufgaben l\u00f6sen. F\u00fcr die besten f\u00fcnfzig Teilnehmer Bayerns galt es dann Anfang [&hellip;]<\/p>\n","protected":false},"author":5,"featured_media":0,"parent":12589,"menu_order":-16,"comment_status":"closed","ping_status":"closed","template":"","meta":{"footnotes":""},"class_list":["post-13258","page","type-page","status-publish","hentry"],"_links":{"self":[{"href":"https:\/\/www.kloster-metten.com\/index.php?rest_route=\/wp\/v2\/pages\/13258","targetHints":{"allow":["GET"]}}],"collection":[{"href":"https:\/\/www.kloster-metten.com\/index.php?rest_route=\/wp\/v2\/pages"}],"about":[{"href":"https:\/\/www.kloster-metten.com\/index.php?rest_route=\/wp\/v2\/types\/page"}],"author":[{"embeddable":true,"href":"https:\/\/www.kloster-metten.com\/index.php?rest_route=\/wp\/v2\/users\/5"}],"replies":[{"embeddable":true,"href":"https:\/\/www.kloster-metten.com\/index.php?rest_route=%2Fwp%2Fv2%2Fcomments&post=13258"}],"version-history":[{"count":1,"href":"https:\/\/www.kloster-metten.com\/index.php?rest_route=\/wp\/v2\/pages\/13258\/revisions"}],"predecessor-version":[{"id":13259,"href":"https:\/\/www.kloster-metten.com\/index.php?rest_route=\/wp\/v2\/pages\/13258\/revisions\/13259"}],"up":[{"embeddable":true,"href":"https:\/\/www.kloster-metten.com\/index.php?rest_route=\/wp\/v2\/pages\/12589"}],"wp:attachment":[{"href":"https:\/\/www.kloster-metten.com\/index.php?rest_route=%2Fwp%2Fv2%2Fmedia&parent=13258"}],"curies":[{"name":"wp","href":"https:\/\/api.w.org\/{rel}","templated":true}]}}