{"id":13269,"date":"2020-11-19T14:36:38","date_gmt":"2020-11-19T13:36:38","guid":{"rendered":"https:\/\/www.kloster-metten.de\/?page_id=13269"},"modified":"2020-12-29T13:10:44","modified_gmt":"2020-12-29T12:10:44","slug":"p-stephan","status":"publish","type":"page","link":"https:\/\/www.kloster-metten.com\/?page_id=13269","title":{"rendered":"+ P. Stephan"},"content":{"rendered":"<a href=\"https:\/\/www.kloster-metten.com\/wp-content\/uploads\/2020\/11\/Stephan2-1.jpg\"><img loading=\"lazy\" decoding=\"async\" class=\"alignleft size-medium wp-image-13267\" title=\"Stephan2\" src=\"https:\/\/www.kloster-metten.com\/wp-content\/uploads\/2020\/11\/Stephan2-1-374x500.jpg\" alt=\"\" width=\"374\" height=\"500\" srcset=\"https:\/\/www.kloster-metten.com\/wp-content\/uploads\/2020\/11\/Stephan2-1-374x500.jpg 374w, https:\/\/www.kloster-metten.com\/wp-content\/uploads\/2020\/11\/Stephan2-1-767x1024.jpg 767w, https:\/\/www.kloster-metten.com\/wp-content\/uploads\/2020\/11\/Stephan2-1-768x1026.jpg 768w, https:\/\/www.kloster-metten.com\/wp-content\/uploads\/2020\/11\/Stephan2-1.jpg 1135w\" sizes=\"auto, (max-width: 374px) 100vw, 374px\" \/><\/a><h2>+ P. Stephan<\/h2><p>P. Stephan Haering verstarb v\u00f6llig \u00fcberraschend am 18. 11. 2020 in M\u00fcnchen.<\/p>\n<p><a href=\"https:\/\/www.kloster-metten.com\/wp-content\/uploads\/2020\/12\/P.-Stephan-Haering-Totenrotel.pdf\">P. Stephan Haering &#8211; Totenrotel<\/a><\/p>\n<p>Bayerische Benediktinerakademie: <a href=\"http:\/\/benediktinerakademie.org\/wp-content\/uploads\/2020\/11\/Nachruf_StephanHaering.pdf\">Nachruf auf Pater Stephan Haering OSB.<\/a><\/p>\n","protected":false},"excerpt":{"rendered":"<p>+ P. StephanP. Stephan Haering verstarb v\u00f6llig \u00fcberraschend am 18. 11. 2020 in M\u00fcnchen. P. Stephan Haering &#8211; Totenrotel Bayerische Benediktinerakademie: Nachruf auf Pater Stephan Haering OSB.<\/p>\n","protected":false},"author":5,"featured_media":0,"parent":1120,"menu_order":-66,"comment_status":"closed","ping_status":"closed","template":"","meta":{"footnotes":""},"class_list":["post-13269","page","type-page","status-publish","hentry"],"_links":{"self":[{"href":"https:\/\/www.kloster-metten.com\/index.php?rest_route=\/wp\/v2\/pages\/13269","targetHints":{"allow":["GET"]}}],"collection":[{"href":"https:\/\/www.kloster-metten.com\/index.php?rest_route=\/wp\/v2\/pages"}],"about":[{"href":"https:\/\/www.kloster-metten.com\/index.php?rest_route=\/wp\/v2\/types\/page"}],"author":[{"embeddable":true,"href":"https:\/\/www.kloster-metten.com\/index.php?rest_route=\/wp\/v2\/users\/5"}],"replies":[{"embeddable":true,"href":"https:\/\/www.kloster-metten.com\/index.php?rest_route=%2Fwp%2Fv2%2Fcomments&post=13269"}],"version-history":[{"count":4,"href":"https:\/\/www.kloster-metten.com\/index.php?rest_route=\/wp\/v2\/pages\/13269\/revisions"}],"predecessor-version":[{"id":13384,"href":"https:\/\/www.kloster-metten.com\/index.php?rest_route=\/wp\/v2\/pages\/13269\/revisions\/13384"}],"up":[{"embeddable":true,"href":"https:\/\/www.kloster-metten.com\/index.php?rest_route=\/wp\/v2\/pages\/1120"}],"wp:attachment":[{"href":"https:\/\/www.kloster-metten.com\/index.php?rest_route=%2Fwp%2Fv2%2Fmedia&parent=13269"}],"curies":[{"name":"wp","href":"https:\/\/api.w.org\/{rel}","templated":true}]}}