{"id":13275,"date":"2020-11-24T23:21:47","date_gmt":"2020-11-24T22:21:47","guid":{"rendered":"https:\/\/www.kloster-metten.de\/?page_id=13275"},"modified":"2022-09-17T11:42:46","modified_gmt":"2022-09-17T09:42:46","slug":"vortrag-strukturelle-arbeitslosigkeit-von-prof-dr-wolfgang-nagl","status":"publish","type":"page","link":"https:\/\/www.kloster-metten.com\/?page_id=13275","title":{"rendered":"Vortrag \u201eStrukturelle Arbeitslosigkeit\u201c von Prof. Dr. Wolfgang Nagl"},"content":{"rendered":"<a href=\"https:\/\/www.kloster-metten.com\/wp-content\/uploads\/2020\/11\/20201116_103432_.jpg\"><img loading=\"lazy\" decoding=\"async\" class=\"size-medium wp-image-13274 alignnone\" title=\"20201116_103432_\" src=\"https:\/\/www.kloster-metten.com\/wp-content\/uploads\/2020\/11\/20201116_103432_-500x375.jpg\" alt=\"\" width=\"500\" height=\"375\" srcset=\"https:\/\/www.kloster-metten.com\/wp-content\/uploads\/2020\/11\/20201116_103432_-500x375.jpg 500w, https:\/\/www.kloster-metten.com\/wp-content\/uploads\/2020\/11\/20201116_103432_-1024x768.jpg 1024w, https:\/\/www.kloster-metten.com\/wp-content\/uploads\/2020\/11\/20201116_103432_-768x576.jpg 768w, https:\/\/www.kloster-metten.com\/wp-content\/uploads\/2020\/11\/20201116_103432_.jpg 1210w\" sizes=\"auto, (max-width: 500px) 100vw, 500px\" \/><\/a><h2>Vortrag \u201eStrukturelle Arbeitslosigkeit\u201c von Prof. Dr. Wolfgang Nagl<\/h2><p><\/p>\n<p>Die verschiedenen Definitionen und Berechnungsmodelle der Arbeitslosenquote sowie die unterschiedlichen Arten der Arbeitslosigkeit bildeten den Einstieg in Prof. Dr. Nagls Vortrag zur strukturellen Arbeitslosigkeit.<\/p>\n<p>Ausgehend von historischen Beispielen verschiedener L\u00e4nder veranschaulichte er, wie der strukturelle Wandel der Wirtschaft eine Verschiebung der Arbeitskr\u00e4fte vom landwirtschaftlichen Sektor in andere Wirtschaftsbereiche mit sich brachte. Anschlie\u00dfend zeigte Herr Prof. Dr. Nagl anhand einiger Karten, wie stark ausgepr\u00e4gt der Fachkr\u00e4ftemangel in vielen Bereichen deutschlandweit ist. Insbesondere die Bereiche der Pflege und medizinischen Versorgung, aber auch Bereiche des Handwerks wie Klempnerei oder Tiefbau sowie Fachkr\u00e4fte f\u00fcr Automatisierungstechnik im industriellen Bereich haben einen gro\u00dfen Engpass, wie aktuelle Zahlen belegen.<\/p>\n<p>Die Anwendung des klassischen Marktmodells auf den Arbeitsmarkt diente als Wiederholung zu den Grundlagen der Arbeitslosigkeit. An diesem Modell wurde die Effizienzlohntheorie erkl\u00e4rt und die damit verbundene Arbeitslosigkeit. Sie stellt eine weitere Ursache der Arbeitslosigkeit neben den Lohnforderungen der Gewerkschaften und staatlich verordneten Mindestl\u00f6hnen dar.<\/p>\n<p>Abgerundet wurde der Vortrag durch einen Ausblick auf die Auswirkungen der Digitalisierung auf die Arbeitswelt. Ein Blick auf die gr\u00f6\u00dften B\u00f6rsenwerte zeigt die Unternehmen, die mit der Digitalisierung zu tun haben, vermehrt unter den ersten zehn weltweit. Ebenso beschleunigt die Digitalisierung die Verbreitung neuer Technologien sehr stark wie anhand einer 50-Millionen-Nutzer-Statistik aufgezeigt wurde. Deshalb wird das zuk\u00fcnftige Arbeitsleben stark von neuem Lernen gepr\u00e4gt sein. Stellt man sich dieser Herausforderung, wird die Digitalisierung zwar in einer ver\u00e4nderten Arbeitswelt eingebunden aufgefunden werden, aber sie ist dann eine Chance und Bereicherung statt einer Bedrohung von Arbeitspl\u00e4tzen.<\/p>\n<p>F\u00fcr seinen sehr anregenden und informativen Vortrag, der den Sch\u00fclern Mut machte, die neuen Herausforderungen der Arbeitswelt anzugehen, danke ich Herrn Professor Dr. Nagl herzlich im Namen der Fachschaft Wirtschaft und Recht.<\/p>\n<p><a href=\"https:\/\/www.kloster-metten.com\/wp-content\/uploads\/2020\/11\/20201116_103931_.jpg\"><img loading=\"lazy\" decoding=\"async\" class=\"alignleft size-medium wp-image-13273\" title=\"20201116_103931_\" src=\"https:\/\/www.kloster-metten.com\/wp-content\/uploads\/2020\/11\/20201116_103931_-500x375.jpg\" alt=\"\" width=\"500\" height=\"375\" srcset=\"https:\/\/www.kloster-metten.com\/wp-content\/uploads\/2020\/11\/20201116_103931_-500x375.jpg 500w, https:\/\/www.kloster-metten.com\/wp-content\/uploads\/2020\/11\/20201116_103931_-1024x768.jpg 1024w, https:\/\/www.kloster-metten.com\/wp-content\/uploads\/2020\/11\/20201116_103931_-768x576.jpg 768w, https:\/\/www.kloster-metten.com\/wp-content\/uploads\/2020\/11\/20201116_103931_.jpg 1382w\" sizes=\"auto, (max-width: 500px) 100vw, 500px\" \/><\/a><\/p>\n<p>Benno Ibrom<\/p>\n","protected":false},"excerpt":{"rendered":"<p>Vortrag \u201eStrukturelle Arbeitslosigkeit\u201c von Prof. Dr. Wolfgang Nagl Die verschiedenen Definitionen und Berechnungsmodelle der Arbeitslosenquote sowie die unterschiedlichen Arten der Arbeitslosigkeit bildeten den Einstieg in Prof. Dr. Nagls Vortrag zur strukturellen Arbeitslosigkeit. Ausgehend von historischen Beispielen verschiedener L\u00e4nder veranschaulichte er, wie der strukturelle Wandel der Wirtschaft eine Verschiebung der Arbeitskr\u00e4fte vom landwirtschaftlichen Sektor in andere [&hellip;]<\/p>\n","protected":false},"author":5,"featured_media":0,"parent":12589,"menu_order":-17,"comment_status":"closed","ping_status":"closed","template":"","meta":{"footnotes":""},"class_list":["post-13275","page","type-page","status-publish","hentry"],"_links":{"self":[{"href":"https:\/\/www.kloster-metten.com\/index.php?rest_route=\/wp\/v2\/pages\/13275","targetHints":{"allow":["GET"]}}],"collection":[{"href":"https:\/\/www.kloster-metten.com\/index.php?rest_route=\/wp\/v2\/pages"}],"about":[{"href":"https:\/\/www.kloster-metten.com\/index.php?rest_route=\/wp\/v2\/types\/page"}],"author":[{"embeddable":true,"href":"https:\/\/www.kloster-metten.com\/index.php?rest_route=\/wp\/v2\/users\/5"}],"replies":[{"embeddable":true,"href":"https:\/\/www.kloster-metten.com\/index.php?rest_route=%2Fwp%2Fv2%2Fcomments&post=13275"}],"version-history":[{"count":1,"href":"https:\/\/www.kloster-metten.com\/index.php?rest_route=\/wp\/v2\/pages\/13275\/revisions"}],"predecessor-version":[{"id":13276,"href":"https:\/\/www.kloster-metten.com\/index.php?rest_route=\/wp\/v2\/pages\/13275\/revisions\/13276"}],"up":[{"embeddable":true,"href":"https:\/\/www.kloster-metten.com\/index.php?rest_route=\/wp\/v2\/pages\/12589"}],"wp:attachment":[{"href":"https:\/\/www.kloster-metten.com\/index.php?rest_route=%2Fwp%2Fv2%2Fmedia&parent=13275"}],"curies":[{"name":"wp","href":"https:\/\/api.w.org\/{rel}","templated":true}]}}