{"id":133,"date":"2008-08-11T16:50:21","date_gmt":"2008-08-11T14:50:21","guid":{"rendered":"http:\/\/kloster-metten.de\/?page_id=133"},"modified":"2008-08-11T16:50:21","modified_gmt":"2008-08-11T14:50:21","slug":"als-oblate","status":"publish","type":"page","link":"https:\/\/www.kloster-metten.com\/?page_id=133","title":{"rendered":"Als Oblate"},"content":{"rendered":"<h2>Als Oblate<\/h2><p>Unter Oblaten (<em>oblatus<\/em>, lateinisch f\u00fcr: dargebracht) versteht man Laienbr\u00fcdern oder Laienschwestern in einem Orden. Dabei gibt es die Unterscheidung zwischen:<\/p>\n<p><strong>a) weltlicher Oblate:<\/strong><br \/>\nDieser f\u00fchlt sich der Regel des heiligen Benedikt verbunden. Er m\u00f6chte nach dem Tagesrhythmus der M\u00f6nche leben und nimmt soviel wie m\u00f6glich an den Gebeten der Gemeinschaft teil. Ein solcher Oblate, der auch verheiratet sein kann, gestaltet sein Leben im Geist des heiligen Benedikt.<\/p>\n<p><strong>b) regul\u00e4rer Oblate:<\/strong><br \/>\nDieser lebt mit dem Konvent im Kloster nach dem Rhythmus von Gebet und Arbeit. Ihn unterscheidet jedoch von den Ordensangeh\u00f6rigen, dass er keine bindenden Gel\u00fcbde (Profess) abgelegt hat und sein Verm\u00f6gen beh\u00e4lt.<\/p>\n","protected":false},"excerpt":{"rendered":"<p>Als OblateUnter Oblaten (oblatus, lateinisch f\u00fcr: dargebracht) versteht man Laienbr\u00fcdern oder Laienschwestern in einem Orden. Dabei gibt es die Unterscheidung zwischen: a) weltlicher Oblate: Dieser f\u00fchlt sich der Regel des heiligen Benedikt verbunden. Er m\u00f6chte nach dem Tagesrhythmus der M\u00f6nche leben und nimmt soviel wie m\u00f6glich an den Gebeten der Gemeinschaft teil. Ein solcher Oblate, [&hellip;]<\/p>\n","protected":false},"author":5,"featured_media":0,"parent":17,"menu_order":0,"comment_status":"closed","ping_status":"closed","template":"","meta":{"footnotes":""},"class_list":["post-133","page","type-page","status-publish","hentry"],"_links":{"self":[{"href":"https:\/\/www.kloster-metten.com\/index.php?rest_route=\/wp\/v2\/pages\/133","targetHints":{"allow":["GET"]}}],"collection":[{"href":"https:\/\/www.kloster-metten.com\/index.php?rest_route=\/wp\/v2\/pages"}],"about":[{"href":"https:\/\/www.kloster-metten.com\/index.php?rest_route=\/wp\/v2\/types\/page"}],"author":[{"embeddable":true,"href":"https:\/\/www.kloster-metten.com\/index.php?rest_route=\/wp\/v2\/users\/5"}],"replies":[{"embeddable":true,"href":"https:\/\/www.kloster-metten.com\/index.php?rest_route=%2Fwp%2Fv2%2Fcomments&post=133"}],"version-history":[{"count":0,"href":"https:\/\/www.kloster-metten.com\/index.php?rest_route=\/wp\/v2\/pages\/133\/revisions"}],"up":[{"embeddable":true,"href":"https:\/\/www.kloster-metten.com\/index.php?rest_route=\/wp\/v2\/pages\/17"}],"wp:attachment":[{"href":"https:\/\/www.kloster-metten.com\/index.php?rest_route=%2Fwp%2Fv2%2Fmedia&parent=133"}],"curies":[{"name":"wp","href":"https:\/\/api.w.org\/{rel}","templated":true}]}}