{"id":13317,"date":"2020-12-01T20:51:54","date_gmt":"2020-12-01T19:51:54","guid":{"rendered":"https:\/\/www.kloster-metten.de\/?page_id=13317"},"modified":"2020-12-01T20:56:25","modified_gmt":"2020-12-01T19:56:25","slug":"13317-2","status":"publish","type":"page","link":"https:\/\/www.kloster-metten.com\/?page_id=13317","title":{"rendered":"Sieben Fragen und Antworten zum Advent"},"content":{"rendered":"<h2>Sieben Fragen und Antworten zum Advent<\/h2><p>Mit dem ersten Adventsonntag am 29. November beginnt nicht nur die vierw\u00f6chige Vorbereitungszeit auf Weihnachten, sondern auch ein neues Kirchenjahr.<\/p>\n<p><strong> <a href=\"https:\/\/www.kloster-metten.com\/wp-content\/uploads\/2020\/12\/SAM_7626_.jpg\"><img loading=\"lazy\" decoding=\"async\" class=\"size-medium wp-image-13320 alignnone\" title=\"SAM_7626_.jpg\" src=\"https:\/\/www.kloster-metten.com\/wp-content\/uploads\/2020\/12\/SAM_7626_-500x402.jpg\" alt=\"\" width=\"500\" height=\"402\" srcset=\"https:\/\/www.kloster-metten.com\/wp-content\/uploads\/2020\/12\/SAM_7626_-500x402.jpg 500w, https:\/\/www.kloster-metten.com\/wp-content\/uploads\/2020\/12\/SAM_7626_-768x617.jpg 768w, https:\/\/www.kloster-metten.com\/wp-content\/uploads\/2020\/12\/SAM_7626_.jpg 927w\" sizes=\"auto, (max-width: 500px) 100vw, 500px\" \/><\/a><\/strong><\/p>\n<ol>\n<li><strong>Was hei\u00dft Advent?<\/strong><\/li>\n<\/ol>\n<p>Das Wort \u201eAdvent\u201c kommt vom lateinischen \u201eadventus\u201c und bedeutet \u201eAnkunft\u201c. Im christlichen Verst\u00e4ndnis ist der Advent ein bewusstes Hingehen auf das Fest der Geburt Jesu. Der Advent ist auch mit dem Erwarten der Wiederkunft Jesu am Ende der Zeiten verbunden. In den Gottesdiensten werden h\u00e4ufig Texte aus dem Alten Testament verwendet, die diese Ankunft des Erl\u00f6sers prophezeien.\u00a0In der katholischen und auch in der evangelischen Kirche beginnt mit dem ersten Adventsonntag auch ein neues Kirchenjahr.<\/p>\n<ol start=\"2\">\n<li>\u00a0 \u00a0 \u00a0<strong>Wie lange dauert die Adventzeit?<\/strong><\/li>\n<\/ol>\n<p>Die Adventzeit beginnt immer am vierten Sonntag vor dem ersten Weihnachtstag (25. Dezember). Der Beginn der Festzeit liegt somit immer zwischen dem 27. November und dem 3. Dezember. Im l\u00e4ngsten Fall kann die Adventzeit 28 Tage, im k\u00fcrzesten Fall 22 Tage dauern. Der diesj\u00e4hrige Advent dauert 26 Tage.<\/p>\n<p>Die vierw\u00f6chige Form der Adventzeit geht auf Papst Gregor den Gro\u00dfen (590-604) zur\u00fcck, der die Zahl der Adventsonntage auf vier festlegte. Allgemein verbindlich wurde die sich \u00fcber vier Sonntage erstreckende Adventzeit erst im Jahr 1570 durch Papst Pius V. Dessen Regelung hat, bis auf wenige Ausnahmen, bis heute ihre G\u00fcltigkeit.<br \/>\nIm Laufe der Liturgiegeschichte hat sich die Dauer der Adventzeit jedoch mehrmals ge\u00e4ndert.\u00a0Im 5. und 6. Jahrhundert umfasste die Adventszeit \u00a0\u2013 in Anlehnung an die \u00f6sterliche Bu\u00dfzeit \u2013 40 Tage bzw. sechs Sonntage. Sie begann am Tag nach dem Martinsfest, das am 11. November gefeiert wird, und dauerte sechs Wochen.\u00a0Diese sechsw\u00f6chige Adventzeit hat sich bis heute noch in einigen wenigen Di\u00f6zesen wie zum Beispiel in der Erzdi\u00f6zese Mailand oder dem Bistum Lugano in der Schweiz gehalten, ebenso in der orthodoxen Kirche.<\/p>\n<ol start=\"3\">\n<li>\u00a0 \u00a0 \u00a0<strong>Warum ist \u201eviolett\u201c die Farbe des Advents \u2013 in der Liturgie sowie bei den Kerzen und B\u00e4ndern des Adventkranzes?<\/strong><\/li>\n<\/ol>\n<p>Da die Adventzeit nach urspr\u00fcnglichem christlichen Verst\u00e4ndnis wie die Fastenzeit als Bu\u00dfzeit galt und auch 40 Tage lang dauerte (<em>siehe 2<\/em>),\u00a0ist auch die liturgische Farbe dieselbe wie in der Fastenzeit, n\u00e4mlich violett. Der Charakter der Bu\u00dfe und Umkehr dr\u00fcckt sich deshalb auch heute noch in den adventlichen Messfeiern aus, so zum Beispiel in den violetten Messgew\u00e4ndern sowie im Entfall des \u201eGloria\u201c. So hei\u00dft es in einer alten Bauernregel auch: \u201eKathrein sperrt den Tanz ein\u201c (25. November). Deshalb fanden in der Regel in der Adventzeit keine B\u00e4lle statt, auch Hochzeiten wurden keine gefeiert.<\/p>\n<ol start=\"4\">\n<li>\n\u00a0 \u00a0 \u00a0<strong>Warum ist die dritte Kerze am liturgischen Adventkranz rosa?<\/strong><\/li>\n<\/ol>\n<p>Der dritte Adventsonntag bildet bez\u00fcglich der liturgischen Farbe \u201eviolett\u201c eine Ausnahme. Der sogenannte \u201eGaudete-Sonntag\u201c (lat. \u201egaudete\u201c = freut euch!), benannt nach dem Er\u00f6ffnungsvers der Liturgie dieses Sonntags \u201eFreut euch im Herrn zu jeder Zeit! Noch einmal sage ich: Freut euch!\u201c (Phil 4,4), bringt diese Freude in der Farbe rosa zum\u00a0Ausdruck.\u00a0Deshalb sind an diesem Sonntag die Messgew\u00e4nder der Priester und ebenso die dritte Kerze am Adventkranz rosafarben.<\/p>\n<p>5.\u00a0\u00a0 \u00a0 \u00a0 \u00a0<strong>Seit wann gibt es Adventkranz und Adventkerzen?<\/strong><\/p>\n<p>Der Adventkranz, wohl das bekannteste Symbol des Advents, ist ein Brauch aus dem 19. Jh. und geht auf den norddeutschen evangelischen Theologen und P\u00e4dagogen Johann Wichern (1808-1881) zur\u00fcck. Wichern, der auch als Begr\u00fcnder der evangelischen \u201eInneren Mission\u201c und damit der Vorl\u00e4uferin der heutigen evangelischen Diakonie gilt, stellte 1839 in Hamburg den ersten Adventkranz auf, und zwar in Form eines h\u00f6lzernen, wagengro\u00dfen Leuchters mit Kerzen f\u00fcr jeden Tag des Advents. Mit diesem \u201eLichterkranz\u201c wollte Wichern \u00a0den Kindern die Wartezeit auf Weihnachten verk\u00fcrzen. Von Norddeutschland ausgehend verbreitete sich der Adventkranz nach und nach in der evangelischen Kirche und fand allm\u00e4hlich auch seinen Weg in die Wohnzimmer \u2013 allerdings wesentlich kleiner und nur noch mit vier Kerzen f\u00fcr die Sonntage best\u00fcckt.<br \/>\nDer erste Adventkranz in einer katholischen Kirche ist in K\u00f6ln im Jahr 1925 nachweisbar. In \u00d6sterreich verbreitete sich der Brauch endg\u00fcltig erst nach 1945. Der Adventkranz wird aus Tannen- oder Fichtenzweigen geflochten. Das Tannengr\u00fcn soll Symbol f\u00fcr Leben, Hoffnung und Gemeinschaft sein. Die vier Kerzen des Adventkranzes sind ein Hinweis auf das Licht, das zu Weihnachten durch die Geburt Jesu der Welt geschenkt wird.<\/p>\n<ol start=\"6\">\n<li>\u00a0 \u00a0 \u00a0<strong>Welche Bedeutung hat der Adventkalender?<\/strong><\/li>\n<\/ol>\n<p>Der Adventkalender, der sich vor allem bei Kindern gro\u00dfer Beliebtheit erfreut, z\u00e4hlt die Tage des Dezembers bis zum Weihnachtsfest und war urspr\u00fcnglich eine religi\u00f6se Hinf\u00fchrung auf Weihnachten. So befanden sich hinter den T\u00fcrchen beispielsweise Bibelworte, religi\u00f6se Bilder oder Anregungen zum Gebet. Verschiedene Vorformen des Adventkalenders finden sich bereits im 19. Jh. 1908 druckte der M\u00fcnchner Verleger Gerhard Lang den ersten Adventkalender mit dem Titel \u201eIm Lande des Christkinds\u201c.<\/p>\n<ol start=\"7\">\n<li>\u00a0 \u00a0 \u00a0<strong>Was sind Rorate-Messen?<\/strong><\/li>\n<\/ol>\n<p>Die \u201eRorate-Messen\u201c &#8211; \u201eRorate\u201c ist das Anfangswort des Er\u00f6ffnungsverses der Messe vom vierten Adventsonntag \u201eRorate caeli desuper\u2026\u201c \/ \u201eTauet, Himmel, den Gerechten&#8230;\u201c (Jesaja 45,8) \u2013 sind besondere Advent-Gottesdienste, die an den Werktagen des Advent in den fr\u00fchen Morgenstunden gefeiert werden. Seit dem Zweiten Vatikanischen Konzil stehen die Erwartung der Geburt des Gottessohnes sowie Maria, die Mutter Jesu, im Mittelpunkt der Rorate-Messen.<\/p>\n<p>&nbsp;<\/p>\n","protected":false},"excerpt":{"rendered":"<p>Sieben Fragen und Antworten zum AdventMit dem ersten Adventsonntag am 29. November beginnt nicht nur die vierw\u00f6chige Vorbereitungszeit auf Weihnachten, sondern auch ein neues Kirchenjahr. Was hei\u00dft Advent? Das Wort \u201eAdvent\u201c kommt vom lateinischen \u201eadventus\u201c und bedeutet \u201eAnkunft\u201c. Im christlichen Verst\u00e4ndnis ist der Advent ein bewusstes Hingehen auf das Fest der Geburt Jesu. Der Advent [&hellip;]<\/p>\n","protected":false},"author":5,"featured_media":0,"parent":1120,"menu_order":-67,"comment_status":"closed","ping_status":"closed","template":"","meta":{"footnotes":""},"class_list":["post-13317","page","type-page","status-publish","hentry"],"_links":{"self":[{"href":"https:\/\/www.kloster-metten.com\/index.php?rest_route=\/wp\/v2\/pages\/13317","targetHints":{"allow":["GET"]}}],"collection":[{"href":"https:\/\/www.kloster-metten.com\/index.php?rest_route=\/wp\/v2\/pages"}],"about":[{"href":"https:\/\/www.kloster-metten.com\/index.php?rest_route=\/wp\/v2\/types\/page"}],"author":[{"embeddable":true,"href":"https:\/\/www.kloster-metten.com\/index.php?rest_route=\/wp\/v2\/users\/5"}],"replies":[{"embeddable":true,"href":"https:\/\/www.kloster-metten.com\/index.php?rest_route=%2Fwp%2Fv2%2Fcomments&post=13317"}],"version-history":[{"count":3,"href":"https:\/\/www.kloster-metten.com\/index.php?rest_route=\/wp\/v2\/pages\/13317\/revisions"}],"predecessor-version":[{"id":13323,"href":"https:\/\/www.kloster-metten.com\/index.php?rest_route=\/wp\/v2\/pages\/13317\/revisions\/13323"}],"up":[{"embeddable":true,"href":"https:\/\/www.kloster-metten.com\/index.php?rest_route=\/wp\/v2\/pages\/1120"}],"wp:attachment":[{"href":"https:\/\/www.kloster-metten.com\/index.php?rest_route=%2Fwp%2Fv2%2Fmedia&parent=13317"}],"curies":[{"name":"wp","href":"https:\/\/api.w.org\/{rel}","templated":true}]}}